{"id":14120,"date":"2024-06-21T20:28:06","date_gmt":"2024-06-21T18:28:06","guid":{"rendered":"https:\/\/betoff.eu\/?page_id=14120"},"modified":"2024-06-22T08:29:25","modified_gmt":"2024-06-22T06:29:25","slug":"resi-e-reclami","status":"publish","type":"page","link":"https:\/\/betoff.eu\/it\/resi-e-reclami\/","title":{"rendered":"Resi e reclami"},"content":{"rendered":"\n\n\n<p>Resi e reclami:<br>I reclami relativi ai liquidi acquistati nel negozio online betoff.eu possono essere presentati solo via e-mail, al seguente indirizzo: betoff@betoff.eu Si prega di indicare il numero dell&#8217;ordine generato al momento dell&#8217;acquisto, nonch\u00e9 il motivo per cui si sceglie per restituire il prodotto.<\/p>\n\n\n\n<p>Il prodotto deve essere sigillato in fabbrica. Dopo averci restituito il prodotto, lo verificheremo e poi, se il tappo non \u00e8 stato rotto, ti rimborseremo l&#8217;importo per il quale \u00e8 stato acquistato il prodotto. Il cliente ha diritto di reso entro 14 giorni dalla data di acquisto.<\/p>\n\n\n\n<p>Il reclamo verr\u00e0 trattato entro 5 giorni lavorativi dal giorno del ricevimento. Innanzitutto la denuncia verr\u00e0 letta e considerata nel merito. Verr\u00e0 poi redatto un modulo contenente i tuoi dati e il motivo del reclamo, che indicherai nella email che ci invierai. Il cliente ricever\u00e0 una email di reso con un modulo compilato da firmare e restituire.<\/p>\n","protected":false},"excerpt":{"rendered":"<p>Resi e reclami:I reclami relativi ai liquidi acquistati nel negozio online betoff.eu possono essere presentati solo via e-mail, al seguente indirizzo: betoff@betoff.eu Si prega di indicare il numero dell&#8217;ordine generato al momento dell&#8217;acquisto, nonch\u00e9 il motivo per cui si sceglie per restituire il prodotto. Il prodotto deve essere sigillato in fabbrica. Dopo averci restituito il [&#8230;]\n","protected":false},"author":1,"featured_media":0,"parent":0,"menu_order":0,"comment_status":"closed","ping_status":"closed","template":"","meta":{"om_disable_all_campaigns":false,"footnotes":""},"class_list":["post-14120","page","type-page","status-publish","hentry"],"yoast_head":"<!-- This site is optimized with the Yoast SEO plugin v25.9 - https:\/\/yoast.com\/wordpress\/plugins\/seo\/ -->\n<title>Resi e reclami - BETOFF-Prodotti per il mondo del cemento e non solo!<\/title>\n<meta name=\"robots\" content=\"index, follow, max-snippet:-1, max-image-preview:large, max-video-preview:-1\" \/>\n<link rel=\"canonical\" href=\"https:\/\/betoff.eu\/it\/resi-e-reclami\/\" \/>\n<meta property=\"og:locale\" content=\"it_IT\" \/>\n<meta property=\"og:type\" content=\"article\" \/>\n<meta property=\"og:title\" content=\"Resi e reclami - BETOFF-Prodotti per il mondo del cemento e non solo!\" \/>\n<meta property=\"og:description\" content=\"Resi e reclami:I reclami relativi ai liquidi acquistati nel negozio online betoff.eu possono essere presentati solo via e-mail, al seguente indirizzo: betoff@betoff.eu Si prega di indicare il numero dell&#8217;ordine generato al momento dell&#8217;acquisto, nonch\u00e9 il motivo per cui si sceglie per restituire il prodotto. Il prodotto deve essere sigillato in fabbrica. Dopo averci restituito il [...]\" \/>\n<meta property=\"og:url\" content=\"https:\/\/betoff.eu\/it\/resi-e-reclami\/\" \/>\n<meta property=\"og:site_name\" content=\"BETOFF-Prodotti per il mondo del cemento e non solo!\" \/>\n<meta property=\"article:modified_time\" content=\"2024-06-22T06:29:25+00:00\" \/>\n<meta name=\"twitter:card\" content=\"summary_large_image\" \/>\n<meta name=\"twitter:label1\" content=\"Tempo di lettura stimato\" \/>\n\t<meta name=\"twitter:data1\" content=\"1 minuto\" \/>\n<script type=\"application\/ld+json\" class=\"yoast-schema-graph\">{\"@context\":\"https:\/\/schema.org\",\"@graph\":[{\"@type\":\"WebPage\",\"@id\":\"https:\/\/betoff.eu\/it\/resi-e-reclami\/\",\"url\":\"https:\/\/betoff.eu\/it\/resi-e-reclami\/\",\"name\":\"Resi e reclami - BETOFF-Prodotti per il mondo del cemento e non solo!\",\"isPartOf\":{\"@id\":\"https:\/\/betoff.eu\/#website\"},\"datePublished\":\"2024-06-21T18:28:06+00:00\",\"dateModified\":\"2024-06-22T06:29:25+00:00\",\"breadcrumb\":{\"@id\":\"https:\/\/betoff.eu\/it\/resi-e-reclami\/#breadcrumb\"},\"inLanguage\":\"it-IT\",\"potentialAction\":[{\"@type\":\"ReadAction\",\"target\":[\"https:\/\/betoff.eu\/it\/resi-e-reclami\/\"]}]},{\"@type\":\"BreadcrumbList\",\"@id\":\"https:\/\/betoff.eu\/it\/resi-e-reclami\/#breadcrumb\",\"itemListElement\":[{\"@type\":\"ListItem\",\"position\":1,\"name\":\"Hem\",\"item\":\"https:\/\/betoff.eu\/it\/\"},{\"@type\":\"ListItem\",\"position\":2,\"name\":\"Resi e reclami\"}]},{\"@type\":\"WebSite\",\"@id\":\"https:\/\/betoff.eu\/#website\",\"url\":\"https:\/\/betoff.eu\/\",\"name\":\"BETOFF-Products for the world of concrete and beyond!\",\"description\":\"Betoff - Fluido per la rimozione del calcestruzzo\",\"publisher\":{\"@id\":\"https:\/\/betoff.eu\/#\/schema\/person\/cded67f1acad0c68af8dcc171137512c\"},\"potentialAction\":[{\"@type\":\"SearchAction\",\"target\":{\"@type\":\"EntryPoint\",\"urlTemplate\":\"https:\/\/betoff.eu\/?s={search_term_string}\"},\"query-input\":{\"@type\":\"PropertyValueSpecification\",\"valueRequired\":true,\"valueName\":\"search_term_string\"}}],\"inLanguage\":\"it-IT\"},{\"@type\":[\"Person\",\"Organization\"],\"@id\":\"https:\/\/betoff.eu\/#\/schema\/person\/cded67f1acad0c68af8dcc171137512c\",\"name\":\"admin\",\"image\":{\"@type\":\"ImageObject\",\"inLanguage\":\"it-IT\",\"@id\":\"https:\/\/betoff.eu\/#\/schema\/person\/image\/\",\"url\":\"https:\/\/betoff.eu\/wp-content\/uploads\/2021\/02\/betoff-logo.png\",\"contentUrl\":\"https:\/\/betoff.eu\/wp-content\/uploads\/2021\/02\/betoff-logo.png\",\"width\":1024,\"height\":258,\"caption\":\"admin\"},\"logo\":{\"@id\":\"https:\/\/betoff.eu\/#\/schema\/person\/image\/\"}}]}<\/script>\n<!-- \/ Yoast SEO plugin. -->","yoast_head_json":{"title":"Resi e reclami - BETOFF-Prodotti per il mondo del cemento e non solo!","robots":{"index":"index","follow":"follow","max-snippet":"max-snippet:-1","max-image-preview":"max-image-preview:large","max-video-preview":"max-video-preview:-1"},"canonical":"https:\/\/betoff.eu\/it\/resi-e-reclami\/","og_locale":"it_IT","og_type":"article","og_title":"Resi e reclami - BETOFF-Prodotti per il mondo del cemento e non solo!","og_description":"Resi e reclami:I reclami relativi ai liquidi acquistati nel negozio online betoff.eu possono essere presentati solo via e-mail, al seguente indirizzo: betoff@betoff.eu Si prega di indicare il numero dell&#8217;ordine generato al momento dell&#8217;acquisto, nonch\u00e9 il motivo per cui si sceglie per restituire il prodotto. Il prodotto deve essere sigillato in fabbrica. Dopo averci restituito il [...]","og_url":"https:\/\/betoff.eu\/it\/resi-e-reclami\/","og_site_name":"BETOFF-Prodotti per il mondo del cemento e non solo!","article_modified_time":"2024-06-22T06:29:25+00:00","twitter_card":"summary_large_image","twitter_misc":{"Tempo di lettura stimato":"1 minuto"},"schema":{"@context":"https:\/\/schema.org","@graph":[{"@type":"WebPage","@id":"https:\/\/betoff.eu\/it\/resi-e-reclami\/","url":"https:\/\/betoff.eu\/it\/resi-e-reclami\/","name":"Resi e reclami - BETOFF-Prodotti per il mondo del cemento e non solo!","isPartOf":{"@id":"https:\/\/betoff.eu\/#website"},"datePublished":"2024-06-21T18:28:06+00:00","dateModified":"2024-06-22T06:29:25+00:00","breadcrumb":{"@id":"https:\/\/betoff.eu\/it\/resi-e-reclami\/#breadcrumb"},"inLanguage":"it-IT","potentialAction":[{"@type":"ReadAction","target":["https:\/\/betoff.eu\/it\/resi-e-reclami\/"]}]},{"@type":"BreadcrumbList","@id":"https:\/\/betoff.eu\/it\/resi-e-reclami\/#breadcrumb","itemListElement":[{"@type":"ListItem","position":1,"name":"Hem","item":"https:\/\/betoff.eu\/it\/"},{"@type":"ListItem","position":2,"name":"Resi e reclami"}]},{"@type":"WebSite","@id":"https:\/\/betoff.eu\/#website","url":"https:\/\/betoff.eu\/","name":"BETOFF-Products for the world of concrete and beyond!","description":"Betoff - Fluido per la rimozione del calcestruzzo","publisher":{"@id":"https:\/\/betoff.eu\/#\/schema\/person\/cded67f1acad0c68af8dcc171137512c"},"potentialAction":[{"@type":"SearchAction","target":{"@type":"EntryPoint","urlTemplate":"https:\/\/betoff.eu\/?s={search_term_string}"},"query-input":{"@type":"PropertyValueSpecification","valueRequired":true,"valueName":"search_term_string"}}],"inLanguage":"it-IT"},{"@type":["Person","Organization"],"@id":"https:\/\/betoff.eu\/#\/schema\/person\/cded67f1acad0c68af8dcc171137512c","name":"admin","image":{"@type":"ImageObject","inLanguage":"it-IT","@id":"https:\/\/betoff.eu\/#\/schema\/person\/image\/","url":"https:\/\/betoff.eu\/wp-content\/uploads\/2021\/02\/betoff-logo.png","contentUrl":"https:\/\/betoff.eu\/wp-content\/uploads\/2021\/02\/betoff-logo.png","width":1024,"height":258,"caption":"admin"},"logo":{"@id":"https:\/\/betoff.eu\/#\/schema\/person\/image\/"}}]}},"_links":{"self":[{"href":"https:\/\/betoff.eu\/it\/wp-json\/wp\/v2\/pages\/14120","targetHints":{"allow":["GET"]}}],"collection":[{"href":"https:\/\/betoff.eu\/it\/wp-json\/wp\/v2\/pages"}],"about":[{"href":"https:\/\/betoff.eu\/it\/wp-json\/wp\/v2\/types\/page"}],"author":[{"embeddable":true,"href":"https:\/\/betoff.eu\/it\/wp-json\/wp\/v2\/users\/1"}],"replies":[{"embeddable":true,"href":"https:\/\/betoff.eu\/it\/wp-json\/wp\/v2\/comments?post=14120"}],"version-history":[{"count":0,"href":"https:\/\/betoff.eu\/it\/wp-json\/wp\/v2\/pages\/14120\/revisions"}],"wp:attachment":[{"href":"https:\/\/betoff.eu\/it\/wp-json\/wp\/v2\/media?parent=14120"}],"curies":[{"name":"wp","href":"https:\/\/api.w.org\/{rel}","templated":true}]}}