{"id":39979,"date":"2024-09-20T08:54:38","date_gmt":"2024-09-20T06:54:38","guid":{"rendered":"https:\/\/betoff.eu\/?post_type=product&#038;p=39979"},"modified":"2024-09-20T08:55:20","modified_gmt":"2024-09-20T06:55:20","slug":"betoff-bio-5l-rozpuszczalnik-do-betonu-do-cienkich-i-swiezych-zabrudzen","status":"publish","type":"product","link":"https:\/\/betoff.eu\/hu\/produkt\/betoff-bio-5l-rozpuszczalnik-do-betonu-do-cienkich-i-swiezych-zabrudzen\/","title":{"rendered":"BETOFF-BIO &#8211; 5L &#8211; Rozpuszczalnik do betonu (do cienkich i \u015bwie\u017cych zabrudze\u0144)"},"content":{"rendered":"","protected":false},"excerpt":{"rendered":"","protected":false},"featured_media":38576,"template":"","meta":{"om_disable_all_campaigns":false},"product_brand":[],"product_cat":[549],"product_tag":[],"class_list":{"0":"post-39979","1":"product","2":"type-product","3":"status-publish","4":"has-post-thumbnail","6":"product_cat-rozpuszczanie-betonu","8":"first","9":"instock","10":"taxable","11":"shipping-taxable","12":"product-type-simple"},"yoast_head":"<!-- This site is optimized with the Yoast SEO plugin v25.9 - https:\/\/yoast.com\/wordpress\/plugins\/seo\/ -->\n<title>BETOFF-BIO - 5L - Rozpuszczalnik do betonu (do cienkich i \u015bwie\u017cych zabrudze\u0144) - BETOFF-Term\u00e9kek a beton vil\u00e1g\u00e1ba \u00e9s azon t\u00fal is!<\/title>\n<meta name=\"description\" content=\"Jak rozpu\u015bci\u0107 cienki i \u015bwie\u017cy beton? U\u017cywaj do tego specjalistycznych \u015brodk\u00f3w czyszcz\u0105cych BETOFF! Bardzo szybkie i skuteczne! To ma moc, dlatego dzia\u0142a!\" \/>\n<meta name=\"robots\" content=\"index, follow, max-snippet:-1, max-image-preview:large, max-video-preview:-1\" \/>\n<link rel=\"canonical\" href=\"https:\/\/betoff.eu\/produkt\/betoff-bio-5l-rozpuszczalnik-do-betonu-do-cienkich-i-swiezych-zabrudzen\/\" \/>\n<meta property=\"og:locale\" content=\"hu_HU\" \/>\n<meta property=\"og:type\" content=\"article\" \/>\n<meta property=\"og:title\" content=\"BETOFF-BIO - 5L - Rozpuszczalnik do betonu (do cienkich i \u015bwie\u017cych zabrudze\u0144) - BETOFF-Term\u00e9kek a beton vil\u00e1g\u00e1ba \u00e9s azon t\u00fal is!\" \/>\n<meta property=\"og:description\" content=\"Jak rozpu\u015bci\u0107 cienki i \u015bwie\u017cy beton? U\u017cywaj do tego specjalistycznych \u015brodk\u00f3w czyszcz\u0105cych BETOFF! Bardzo szybkie i skuteczne! To ma moc, dlatego dzia\u0142a!\" \/>\n<meta property=\"og:url\" content=\"https:\/\/betoff.eu\/produkt\/betoff-bio-5l-rozpuszczalnik-do-betonu-do-cienkich-i-swiezych-zabrudzen\/\" \/>\n<meta property=\"og:site_name\" content=\"BETOFF-Term\u00e9kek a beton vil\u00e1g\u00e1ba \u00e9s azon t\u00fal is!\" \/>\n<meta property=\"article:modified_time\" content=\"2024-09-20T06:55:20+00:00\" \/>\n<meta property=\"og:image\" content=\"https:\/\/betoff.eu\/wp-content\/uploads\/2024\/08\/Betoff-Bio-5-L-neu-430x538-3.png\" \/>\n\t<meta property=\"og:image:width\" content=\"430\" \/>\n\t<meta property=\"og:image:height\" content=\"538\" \/>\n\t<meta property=\"og:image:type\" content=\"image\/png\" \/>\n<meta name=\"twitter:card\" content=\"summary_large_image\" \/>\n<meta name=\"twitter:label1\" content=\"Becs\u00fclt olvas\u00e1si id\u0151\" \/>\n\t<meta name=\"twitter:data1\" content=\"1 perc\" \/>\n<script type=\"application\/ld+json\" class=\"yoast-schema-graph\">{\"@context\":\"https:\/\/schema.org\",\"@graph\":[{\"@type\":\"WebPage\",\"@id\":\"https:\/\/betoff.eu\/produkt\/betoff-bio-5l-rozpuszczalnik-do-betonu-do-cienkich-i-swiezych-zabrudzen\/\",\"url\":\"https:\/\/betoff.eu\/produkt\/betoff-bio-5l-rozpuszczalnik-do-betonu-do-cienkich-i-swiezych-zabrudzen\/\",\"name\":\"BETOFF-BIO - 5L - Rozpuszczalnik do betonu (do cienkich i \u015bwie\u017cych zabrudze\u0144) - BETOFF-Term\u00e9kek a beton vil\u00e1g\u00e1ba \u00e9s azon t\u00fal is!\",\"isPartOf\":{\"@id\":\"https:\/\/betoff.eu\/#website\"},\"primaryImageOfPage\":{\"@id\":\"https:\/\/betoff.eu\/produkt\/betoff-bio-5l-rozpuszczalnik-do-betonu-do-cienkich-i-swiezych-zabrudzen\/#primaryimage\"},\"image\":{\"@id\":\"https:\/\/betoff.eu\/produkt\/betoff-bio-5l-rozpuszczalnik-do-betonu-do-cienkich-i-swiezych-zabrudzen\/#primaryimage\"},\"thumbnailUrl\":\"https:\/\/betoff.eu\/wp-content\/uploads\/2024\/08\/Betoff-Bio-5-L-neu-430x538-3.png\",\"datePublished\":\"2024-09-20T06:54:38+00:00\",\"dateModified\":\"2024-09-20T06:55:20+00:00\",\"description\":\"Jak rozpu\u015bci\u0107 cienki i \u015bwie\u017cy beton? U\u017cywaj do tego specjalistycznych \u015brodk\u00f3w czyszcz\u0105cych BETOFF! Bardzo szybkie i skuteczne! To ma moc, dlatego dzia\u0142a!\",\"breadcrumb\":{\"@id\":\"https:\/\/betoff.eu\/produkt\/betoff-bio-5l-rozpuszczalnik-do-betonu-do-cienkich-i-swiezych-zabrudzen\/#breadcrumb\"},\"inLanguage\":\"hu\",\"potentialAction\":[{\"@type\":\"ReadAction\",\"target\":[\"https:\/\/betoff.eu\/produkt\/betoff-bio-5l-rozpuszczalnik-do-betonu-do-cienkich-i-swiezych-zabrudzen\/\"]}]},{\"@type\":\"ImageObject\",\"inLanguage\":\"hu\",\"@id\":\"https:\/\/betoff.eu\/produkt\/betoff-bio-5l-rozpuszczalnik-do-betonu-do-cienkich-i-swiezych-zabrudzen\/#primaryimage\",\"url\":\"https:\/\/betoff.eu\/wp-content\/uploads\/2024\/08\/Betoff-Bio-5-L-neu-430x538-3.png\",\"contentUrl\":\"https:\/\/betoff.eu\/wp-content\/uploads\/2024\/08\/Betoff-Bio-5-L-neu-430x538-3.png\",\"width\":430,\"height\":538,\"caption\":\"BIO - Concrete dissolver\"},{\"@type\":\"BreadcrumbList\",\"@id\":\"https:\/\/betoff.eu\/produkt\/betoff-bio-5l-rozpuszczalnik-do-betonu-do-cienkich-i-swiezych-zabrudzen\/#breadcrumb\",\"itemListElement\":[{\"@type\":\"ListItem\",\"position\":1,\"name\":\"Hem\",\"item\":\"https:\/\/betoff.eu\/hu\/\"},{\"@type\":\"ListItem\",\"position\":2,\"name\":\"Shop\",\"item\":\"https:\/\/betoff.eu\/sklep-2\/\"},{\"@type\":\"ListItem\",\"position\":3,\"name\":\"BETOFF-BIO &#8211; 5L &#8211; Rozpuszczalnik do betonu (do cienkich i \u015bwie\u017cych zabrudze\u0144)\"}]},{\"@type\":\"WebSite\",\"@id\":\"https:\/\/betoff.eu\/#website\",\"url\":\"https:\/\/betoff.eu\/\",\"name\":\"BETOFF-Products for the world of concrete and beyond!\",\"description\":\"Betoff - Betonelt\u00e1vol\u00edt\u00f3 folyad\u00e9k\",\"publisher\":{\"@id\":\"https:\/\/betoff.eu\/#\/schema\/person\/cded67f1acad0c68af8dcc171137512c\"},\"potentialAction\":[{\"@type\":\"SearchAction\",\"target\":{\"@type\":\"EntryPoint\",\"urlTemplate\":\"https:\/\/betoff.eu\/?s={search_term_string}\"},\"query-input\":{\"@type\":\"PropertyValueSpecification\",\"valueRequired\":true,\"valueName\":\"search_term_string\"}}],\"inLanguage\":\"hu\"},{\"@type\":[\"Person\",\"Organization\"],\"@id\":\"https:\/\/betoff.eu\/#\/schema\/person\/cded67f1acad0c68af8dcc171137512c\",\"name\":\"admin\",\"image\":{\"@type\":\"ImageObject\",\"inLanguage\":\"hu\",\"@id\":\"https:\/\/betoff.eu\/#\/schema\/person\/image\/\",\"url\":\"https:\/\/betoff.eu\/wp-content\/uploads\/2021\/02\/betoff-logo.png\",\"contentUrl\":\"https:\/\/betoff.eu\/wp-content\/uploads\/2021\/02\/betoff-logo.png\",\"width\":1024,\"height\":258,\"caption\":\"admin\"},\"logo\":{\"@id\":\"https:\/\/betoff.eu\/#\/schema\/person\/image\/\"}}]}<\/script>\n<!-- \/ Yoast SEO plugin. -->","yoast_head_json":{"title":"BETOFF-BIO - 5L - Rozpuszczalnik do betonu (do cienkich i \u015bwie\u017cych zabrudze\u0144) - BETOFF-Term\u00e9kek a beton vil\u00e1g\u00e1ba \u00e9s azon t\u00fal is!","description":"Jak rozpu\u015bci\u0107 cienki i \u015bwie\u017cy beton? U\u017cywaj do tego specjalistycznych \u015brodk\u00f3w czyszcz\u0105cych BETOFF! Bardzo szybkie i skuteczne! To ma moc, dlatego dzia\u0142a!","robots":{"index":"index","follow":"follow","max-snippet":"max-snippet:-1","max-image-preview":"max-image-preview:large","max-video-preview":"max-video-preview:-1"},"canonical":"https:\/\/betoff.eu\/produkt\/betoff-bio-5l-rozpuszczalnik-do-betonu-do-cienkich-i-swiezych-zabrudzen\/","og_locale":"hu_HU","og_type":"article","og_title":"BETOFF-BIO - 5L - Rozpuszczalnik do betonu (do cienkich i \u015bwie\u017cych zabrudze\u0144) - BETOFF-Term\u00e9kek a beton vil\u00e1g\u00e1ba \u00e9s azon t\u00fal is!","og_description":"Jak rozpu\u015bci\u0107 cienki i \u015bwie\u017cy beton? U\u017cywaj do tego specjalistycznych \u015brodk\u00f3w czyszcz\u0105cych BETOFF! Bardzo szybkie i skuteczne! To ma moc, dlatego dzia\u0142a!","og_url":"https:\/\/betoff.eu\/produkt\/betoff-bio-5l-rozpuszczalnik-do-betonu-do-cienkich-i-swiezych-zabrudzen\/","og_site_name":"BETOFF-Term\u00e9kek a beton vil\u00e1g\u00e1ba \u00e9s azon t\u00fal is!","article_modified_time":"2024-09-20T06:55:20+00:00","og_image":[{"width":430,"height":538,"url":"https:\/\/betoff.eu\/wp-content\/uploads\/2024\/08\/Betoff-Bio-5-L-neu-430x538-3.png","type":"image\/png"}],"twitter_card":"summary_large_image","twitter_misc":{"Becs\u00fclt olvas\u00e1si id\u0151":"1 perc"},"schema":{"@context":"https:\/\/schema.org","@graph":[{"@type":"WebPage","@id":"https:\/\/betoff.eu\/produkt\/betoff-bio-5l-rozpuszczalnik-do-betonu-do-cienkich-i-swiezych-zabrudzen\/","url":"https:\/\/betoff.eu\/produkt\/betoff-bio-5l-rozpuszczalnik-do-betonu-do-cienkich-i-swiezych-zabrudzen\/","name":"BETOFF-BIO - 5L - Rozpuszczalnik do betonu (do cienkich i \u015bwie\u017cych zabrudze\u0144) - BETOFF-Term\u00e9kek a beton vil\u00e1g\u00e1ba \u00e9s azon t\u00fal is!","isPartOf":{"@id":"https:\/\/betoff.eu\/#website"},"primaryImageOfPage":{"@id":"https:\/\/betoff.eu\/produkt\/betoff-bio-5l-rozpuszczalnik-do-betonu-do-cienkich-i-swiezych-zabrudzen\/#primaryimage"},"image":{"@id":"https:\/\/betoff.eu\/produkt\/betoff-bio-5l-rozpuszczalnik-do-betonu-do-cienkich-i-swiezych-zabrudzen\/#primaryimage"},"thumbnailUrl":"https:\/\/betoff.eu\/wp-content\/uploads\/2024\/08\/Betoff-Bio-5-L-neu-430x538-3.png","datePublished":"2024-09-20T06:54:38+00:00","dateModified":"2024-09-20T06:55:20+00:00","description":"Jak rozpu\u015bci\u0107 cienki i \u015bwie\u017cy beton? U\u017cywaj do tego specjalistycznych \u015brodk\u00f3w czyszcz\u0105cych BETOFF! Bardzo szybkie i skuteczne! To ma moc, dlatego dzia\u0142a!","breadcrumb":{"@id":"https:\/\/betoff.eu\/produkt\/betoff-bio-5l-rozpuszczalnik-do-betonu-do-cienkich-i-swiezych-zabrudzen\/#breadcrumb"},"inLanguage":"hu","potentialAction":[{"@type":"ReadAction","target":["https:\/\/betoff.eu\/produkt\/betoff-bio-5l-rozpuszczalnik-do-betonu-do-cienkich-i-swiezych-zabrudzen\/"]}]},{"@type":"ImageObject","inLanguage":"hu","@id":"https:\/\/betoff.eu\/produkt\/betoff-bio-5l-rozpuszczalnik-do-betonu-do-cienkich-i-swiezych-zabrudzen\/#primaryimage","url":"https:\/\/betoff.eu\/wp-content\/uploads\/2024\/08\/Betoff-Bio-5-L-neu-430x538-3.png","contentUrl":"https:\/\/betoff.eu\/wp-content\/uploads\/2024\/08\/Betoff-Bio-5-L-neu-430x538-3.png","width":430,"height":538,"caption":"BIO - Concrete dissolver"},{"@type":"BreadcrumbList","@id":"https:\/\/betoff.eu\/produkt\/betoff-bio-5l-rozpuszczalnik-do-betonu-do-cienkich-i-swiezych-zabrudzen\/#breadcrumb","itemListElement":[{"@type":"ListItem","position":1,"name":"Hem","item":"https:\/\/betoff.eu\/hu\/"},{"@type":"ListItem","position":2,"name":"Shop","item":"https:\/\/betoff.eu\/sklep-2\/"},{"@type":"ListItem","position":3,"name":"BETOFF-BIO &#8211; 5L &#8211; Rozpuszczalnik do betonu (do cienkich i \u015bwie\u017cych zabrudze\u0144)"}]},{"@type":"WebSite","@id":"https:\/\/betoff.eu\/#website","url":"https:\/\/betoff.eu\/","name":"BETOFF-Products for the world of concrete and beyond!","description":"Betoff - Betonelt\u00e1vol\u00edt\u00f3 folyad\u00e9k","publisher":{"@id":"https:\/\/betoff.eu\/#\/schema\/person\/cded67f1acad0c68af8dcc171137512c"},"potentialAction":[{"@type":"SearchAction","target":{"@type":"EntryPoint","urlTemplate":"https:\/\/betoff.eu\/?s={search_term_string}"},"query-input":{"@type":"PropertyValueSpecification","valueRequired":true,"valueName":"search_term_string"}}],"inLanguage":"hu"},{"@type":["Person","Organization"],"@id":"https:\/\/betoff.eu\/#\/schema\/person\/cded67f1acad0c68af8dcc171137512c","name":"admin","image":{"@type":"ImageObject","inLanguage":"hu","@id":"https:\/\/betoff.eu\/#\/schema\/person\/image\/","url":"https:\/\/betoff.eu\/wp-content\/uploads\/2021\/02\/betoff-logo.png","contentUrl":"https:\/\/betoff.eu\/wp-content\/uploads\/2021\/02\/betoff-logo.png","width":1024,"height":258,"caption":"admin"},"logo":{"@id":"https:\/\/betoff.eu\/#\/schema\/person\/image\/"}}]}},"_links":{"self":[{"href":"https:\/\/betoff.eu\/hu\/wp-json\/wp\/v2\/product\/39979","targetHints":{"allow":["GET"]}}],"collection":[{"href":"https:\/\/betoff.eu\/hu\/wp-json\/wp\/v2\/product"}],"about":[{"href":"https:\/\/betoff.eu\/hu\/wp-json\/wp\/v2\/types\/product"}],"wp:featuredmedia":[{"embeddable":true,"href":"https:\/\/betoff.eu\/hu\/wp-json\/wp\/v2\/media\/38576"}],"wp:attachment":[{"href":"https:\/\/betoff.eu\/hu\/wp-json\/wp\/v2\/media?parent=39979"}],"wp:term":[{"taxonomy":"product_brand","embeddable":true,"href":"https:\/\/betoff.eu\/hu\/wp-json\/wp\/v2\/product_brand?post=39979"},{"taxonomy":"product_cat","embeddable":true,"href":"https:\/\/betoff.eu\/hu\/wp-json\/wp\/v2\/product_cat?post=39979"},{"taxonomy":"product_tag","embeddable":true,"href":"https:\/\/betoff.eu\/hu\/wp-json\/wp\/v2\/product_tag?post=39979"}],"curies":[{"name":"wp","href":"https:\/\/api.w.org\/{rel}","templated":true}]}}