{"id":3354,"date":"2024-04-22T16:33:45","date_gmt":"2024-04-22T14:33:45","guid":{"rendered":"https:\/\/betoff.eu\/?post_type=product&#038;p=3354"},"modified":"2024-04-22T16:36:55","modified_gmt":"2024-04-22T14:36:55","slug":"betoff-u-4l-univerzalis-tisztitofolyadek","status":"publish","type":"product","link":"https:\/\/betoff.eu\/hu\/produkt\/betoff-u-4l-univerzalis-tisztitofolyadek\/","title":{"rendered":"BETOFF-U &#8211; 4L &#8211; Univerz\u00e1lis tiszt\u00edt\u00f3folyad\u00e9k"},"content":{"rendered":"<p>A BETOFF-U egy innovat\u00edv tiszt\u00edt\u00f3szer, amely k\u00f6nnyen elt\u00e1vol\u00edtja a zuhanykabinb\u00f3l a megsz\u00e1radt cementet, pen\u00e9szt, moh\u00e1t, v\u00edzk\u00f6vet, r\u00e9gi zs\u00edr-, vakolat- \u00e9s fest\u00e9kfoltokat. Tiszt\u00edtja a f\u00e1t, m\u0171anyagot, sz\u00f6veteket, sz\u0151nyegeket, alum\u00edniumot, rezet \u00e9s sok m\u00e1s fel\u00fcletet.<\/p>\n","protected":false},"excerpt":{"rendered":"<p>A BETOFF-U egy innovat\u00edv tiszt\u00edt\u00f3szer, amely k\u00f6nnyen elt\u00e1vol\u00edtja a zuhanykabinb\u00f3l a megsz\u00e1radt cementet, pen\u00e9szt, moh\u00e1t, v\u00edzk\u00f6vet, r\u00e9gi zs\u00edr-, vakolat- \u00e9s fest\u00e9kfoltokat. Tiszt\u00edtja a f\u00e1t, m\u0171anyagot, sz\u00f6veteket, sz\u0151nyegeket, alum\u00edniumot, rezet \u00e9s sok m\u00e1s fel\u00fcletet.<\/p>\n","protected":false},"featured_media":3296,"template":"","meta":{"om_disable_all_campaigns":false},"product_brand":[],"product_cat":[277],"product_tag":[],"class_list":{"0":"post-3354","1":"product","2":"type-product","3":"status-publish","4":"has-post-thumbnail","6":"product_cat-univerzalis-tisztitofolyadek","8":"first","9":"instock","10":"taxable","11":"shipping-taxable","12":"product-type-simple"},"yoast_head":"<!-- This site is optimized with the Yoast SEO plugin v25.9 - https:\/\/yoast.com\/wordpress\/plugins\/seo\/ -->\n<title>BETOFF-U - 4L - Univerz\u00e1lis tiszt\u00edt\u00f3folyad\u00e9k - BETOFF-Term\u00e9kek a beton vil\u00e1g\u00e1ba \u00e9s azon t\u00fal is!<\/title>\n<meta name=\"description\" content=\"Univerz\u00e1lis k\u00e9sz\u00edtm\u00e9ny k\u00fcl\u00f6nf\u00e9le fel\u00fcletek tiszt\u00edt\u00e1s\u00e1ra. K\u00f6nnyen elt\u00e1vol\u00edtja a v\u00edzk\u00f6vet, a cementtejt, a pen\u00e9szgomb\u00e1t, a moh\u00e1t \u00e9s sok m\u00e1s nagyon nehezen elt\u00e1vol\u00edthat\u00f3 szennyez\u0151d\u00e9st.\" \/>\n<meta name=\"robots\" content=\"index, follow, max-snippet:-1, max-image-preview:large, max-video-preview:-1\" \/>\n<link rel=\"canonical\" href=\"https:\/\/betoff.eu\/hu\/produkt\/betoff-u-4l-univerzalis-tisztitofolyadek\/\" \/>\n<meta property=\"og:locale\" content=\"hu_HU\" \/>\n<meta property=\"og:type\" content=\"article\" \/>\n<meta property=\"og:title\" content=\"BETOFF-U - 4L - Univerz\u00e1lis tiszt\u00edt\u00f3folyad\u00e9k - BETOFF-Term\u00e9kek a beton vil\u00e1g\u00e1ba \u00e9s azon t\u00fal is!\" \/>\n<meta property=\"og:description\" content=\"Univerz\u00e1lis k\u00e9sz\u00edtm\u00e9ny k\u00fcl\u00f6nf\u00e9le fel\u00fcletek tiszt\u00edt\u00e1s\u00e1ra. K\u00f6nnyen elt\u00e1vol\u00edtja a v\u00edzk\u00f6vet, a cementtejt, a pen\u00e9szgomb\u00e1t, a moh\u00e1t \u00e9s sok m\u00e1s nagyon nehezen elt\u00e1vol\u00edthat\u00f3 szennyez\u0151d\u00e9st.\" \/>\n<meta property=\"og:url\" content=\"https:\/\/betoff.eu\/hu\/produkt\/betoff-u-4l-univerzalis-tisztitofolyadek\/\" \/>\n<meta property=\"og:site_name\" content=\"BETOFF-Term\u00e9kek a beton vil\u00e1g\u00e1ba \u00e9s azon t\u00fal is!\" \/>\n<meta property=\"article:modified_time\" content=\"2024-04-22T14:36:55+00:00\" \/>\n<meta property=\"og:image\" content=\"https:\/\/betoff.eu\/wp-content\/uploads\/2024\/04\/Betoff-U-x4-1.png\" \/>\n\t<meta property=\"og:image:width\" content=\"1530\" \/>\n\t<meta property=\"og:image:height\" content=\"2080\" \/>\n\t<meta property=\"og:image:type\" content=\"image\/png\" \/>\n<meta name=\"twitter:card\" content=\"summary_large_image\" \/>\n<meta name=\"twitter:label1\" content=\"Becs\u00fclt olvas\u00e1si id\u0151\" \/>\n\t<meta name=\"twitter:data1\" content=\"1 perc\" \/>\n<script type=\"application\/ld+json\" class=\"yoast-schema-graph\">{\"@context\":\"https:\/\/schema.org\",\"@graph\":[{\"@type\":\"WebPage\",\"@id\":\"https:\/\/betoff.eu\/hu\/produkt\/betoff-u-4l-univerzalis-tisztitofolyadek\/\",\"url\":\"https:\/\/betoff.eu\/hu\/produkt\/betoff-u-4l-univerzalis-tisztitofolyadek\/\",\"name\":\"BETOFF-U - 4L - Univerz\u00e1lis tiszt\u00edt\u00f3folyad\u00e9k - BETOFF-Term\u00e9kek a beton vil\u00e1g\u00e1ba \u00e9s azon t\u00fal is!\",\"isPartOf\":{\"@id\":\"https:\/\/betoff.eu\/#website\"},\"primaryImageOfPage\":{\"@id\":\"https:\/\/betoff.eu\/hu\/produkt\/betoff-u-4l-univerzalis-tisztitofolyadek\/#primaryimage\"},\"image\":{\"@id\":\"https:\/\/betoff.eu\/hu\/produkt\/betoff-u-4l-univerzalis-tisztitofolyadek\/#primaryimage\"},\"thumbnailUrl\":\"https:\/\/betoff.eu\/wp-content\/uploads\/2024\/04\/Betoff-U-x4-1.png\",\"datePublished\":\"2024-04-22T14:33:45+00:00\",\"dateModified\":\"2024-04-22T14:36:55+00:00\",\"description\":\"Univerz\u00e1lis k\u00e9sz\u00edtm\u00e9ny k\u00fcl\u00f6nf\u00e9le fel\u00fcletek tiszt\u00edt\u00e1s\u00e1ra. K\u00f6nnyen elt\u00e1vol\u00edtja a v\u00edzk\u00f6vet, a cementtejt, a pen\u00e9szgomb\u00e1t, a moh\u00e1t \u00e9s sok m\u00e1s nagyon nehezen elt\u00e1vol\u00edthat\u00f3 szennyez\u0151d\u00e9st.\",\"breadcrumb\":{\"@id\":\"https:\/\/betoff.eu\/hu\/produkt\/betoff-u-4l-univerzalis-tisztitofolyadek\/#breadcrumb\"},\"inLanguage\":\"hu\",\"potentialAction\":[{\"@type\":\"ReadAction\",\"target\":[\"https:\/\/betoff.eu\/hu\/produkt\/betoff-u-4l-univerzalis-tisztitofolyadek\/\"]}]},{\"@type\":\"ImageObject\",\"inLanguage\":\"hu\",\"@id\":\"https:\/\/betoff.eu\/hu\/produkt\/betoff-u-4l-univerzalis-tisztitofolyadek\/#primaryimage\",\"url\":\"https:\/\/betoff.eu\/wp-content\/uploads\/2024\/04\/Betoff-U-x4-1.png\",\"contentUrl\":\"https:\/\/betoff.eu\/wp-content\/uploads\/2024\/04\/Betoff-U-x4-1.png\",\"width\":1530,\"height\":2080,\"caption\":\"Univerz\u00e1lis tiszt\u00edt\u00f3folyad\u00e9k\"},{\"@type\":\"BreadcrumbList\",\"@id\":\"https:\/\/betoff.eu\/hu\/produkt\/betoff-u-4l-univerzalis-tisztitofolyadek\/#breadcrumb\",\"itemListElement\":[{\"@type\":\"ListItem\",\"position\":1,\"name\":\"Hem\",\"item\":\"https:\/\/betoff.eu\/hu\/\"},{\"@type\":\"ListItem\",\"position\":2,\"name\":\"Shop\",\"item\":\"https:\/\/betoff.eu\/sklep-2\/\"},{\"@type\":\"ListItem\",\"position\":3,\"name\":\"BETOFF-U &#8211; 4L &#8211; Univerz\u00e1lis tiszt\u00edt\u00f3folyad\u00e9k\"}]},{\"@type\":\"WebSite\",\"@id\":\"https:\/\/betoff.eu\/#website\",\"url\":\"https:\/\/betoff.eu\/\",\"name\":\"BETOFF-Products for the world of concrete and beyond!\",\"description\":\"Betoff - Betonelt\u00e1vol\u00edt\u00f3 folyad\u00e9k\",\"publisher\":{\"@id\":\"https:\/\/betoff.eu\/#\/schema\/person\/cded67f1acad0c68af8dcc171137512c\"},\"potentialAction\":[{\"@type\":\"SearchAction\",\"target\":{\"@type\":\"EntryPoint\",\"urlTemplate\":\"https:\/\/betoff.eu\/?s={search_term_string}\"},\"query-input\":{\"@type\":\"PropertyValueSpecification\",\"valueRequired\":true,\"valueName\":\"search_term_string\"}}],\"inLanguage\":\"hu\"},{\"@type\":[\"Person\",\"Organization\"],\"@id\":\"https:\/\/betoff.eu\/#\/schema\/person\/cded67f1acad0c68af8dcc171137512c\",\"name\":\"admin\",\"image\":{\"@type\":\"ImageObject\",\"inLanguage\":\"hu\",\"@id\":\"https:\/\/betoff.eu\/#\/schema\/person\/image\/\",\"url\":\"https:\/\/betoff.eu\/wp-content\/uploads\/2021\/02\/betoff-logo.png\",\"contentUrl\":\"https:\/\/betoff.eu\/wp-content\/uploads\/2021\/02\/betoff-logo.png\",\"width\":1024,\"height\":258,\"caption\":\"admin\"},\"logo\":{\"@id\":\"https:\/\/betoff.eu\/#\/schema\/person\/image\/\"}}]}<\/script>\n<!-- \/ Yoast SEO plugin. -->","yoast_head_json":{"title":"BETOFF-U - 4L - Univerz\u00e1lis tiszt\u00edt\u00f3folyad\u00e9k - BETOFF-Term\u00e9kek a beton vil\u00e1g\u00e1ba \u00e9s azon t\u00fal is!","description":"Univerz\u00e1lis k\u00e9sz\u00edtm\u00e9ny k\u00fcl\u00f6nf\u00e9le fel\u00fcletek tiszt\u00edt\u00e1s\u00e1ra. K\u00f6nnyen elt\u00e1vol\u00edtja a v\u00edzk\u00f6vet, a cementtejt, a pen\u00e9szgomb\u00e1t, a moh\u00e1t \u00e9s sok m\u00e1s nagyon nehezen elt\u00e1vol\u00edthat\u00f3 szennyez\u0151d\u00e9st.","robots":{"index":"index","follow":"follow","max-snippet":"max-snippet:-1","max-image-preview":"max-image-preview:large","max-video-preview":"max-video-preview:-1"},"canonical":"https:\/\/betoff.eu\/hu\/produkt\/betoff-u-4l-univerzalis-tisztitofolyadek\/","og_locale":"hu_HU","og_type":"article","og_title":"BETOFF-U - 4L - Univerz\u00e1lis tiszt\u00edt\u00f3folyad\u00e9k - BETOFF-Term\u00e9kek a beton vil\u00e1g\u00e1ba \u00e9s azon t\u00fal is!","og_description":"Univerz\u00e1lis k\u00e9sz\u00edtm\u00e9ny k\u00fcl\u00f6nf\u00e9le fel\u00fcletek tiszt\u00edt\u00e1s\u00e1ra. K\u00f6nnyen elt\u00e1vol\u00edtja a v\u00edzk\u00f6vet, a cementtejt, a pen\u00e9szgomb\u00e1t, a moh\u00e1t \u00e9s sok m\u00e1s nagyon nehezen elt\u00e1vol\u00edthat\u00f3 szennyez\u0151d\u00e9st.","og_url":"https:\/\/betoff.eu\/hu\/produkt\/betoff-u-4l-univerzalis-tisztitofolyadek\/","og_site_name":"BETOFF-Term\u00e9kek a beton vil\u00e1g\u00e1ba \u00e9s azon t\u00fal is!","article_modified_time":"2024-04-22T14:36:55+00:00","og_image":[{"width":1530,"height":2080,"url":"https:\/\/betoff.eu\/wp-content\/uploads\/2024\/04\/Betoff-U-x4-1.png","type":"image\/png"}],"twitter_card":"summary_large_image","twitter_misc":{"Becs\u00fclt olvas\u00e1si id\u0151":"1 perc"},"schema":{"@context":"https:\/\/schema.org","@graph":[{"@type":"WebPage","@id":"https:\/\/betoff.eu\/hu\/produkt\/betoff-u-4l-univerzalis-tisztitofolyadek\/","url":"https:\/\/betoff.eu\/hu\/produkt\/betoff-u-4l-univerzalis-tisztitofolyadek\/","name":"BETOFF-U - 4L - Univerz\u00e1lis tiszt\u00edt\u00f3folyad\u00e9k - BETOFF-Term\u00e9kek a beton vil\u00e1g\u00e1ba \u00e9s azon t\u00fal is!","isPartOf":{"@id":"https:\/\/betoff.eu\/#website"},"primaryImageOfPage":{"@id":"https:\/\/betoff.eu\/hu\/produkt\/betoff-u-4l-univerzalis-tisztitofolyadek\/#primaryimage"},"image":{"@id":"https:\/\/betoff.eu\/hu\/produkt\/betoff-u-4l-univerzalis-tisztitofolyadek\/#primaryimage"},"thumbnailUrl":"https:\/\/betoff.eu\/wp-content\/uploads\/2024\/04\/Betoff-U-x4-1.png","datePublished":"2024-04-22T14:33:45+00:00","dateModified":"2024-04-22T14:36:55+00:00","description":"Univerz\u00e1lis k\u00e9sz\u00edtm\u00e9ny k\u00fcl\u00f6nf\u00e9le fel\u00fcletek tiszt\u00edt\u00e1s\u00e1ra. K\u00f6nnyen elt\u00e1vol\u00edtja a v\u00edzk\u00f6vet, a cementtejt, a pen\u00e9szgomb\u00e1t, a moh\u00e1t \u00e9s sok m\u00e1s nagyon nehezen elt\u00e1vol\u00edthat\u00f3 szennyez\u0151d\u00e9st.","breadcrumb":{"@id":"https:\/\/betoff.eu\/hu\/produkt\/betoff-u-4l-univerzalis-tisztitofolyadek\/#breadcrumb"},"inLanguage":"hu","potentialAction":[{"@type":"ReadAction","target":["https:\/\/betoff.eu\/hu\/produkt\/betoff-u-4l-univerzalis-tisztitofolyadek\/"]}]},{"@type":"ImageObject","inLanguage":"hu","@id":"https:\/\/betoff.eu\/hu\/produkt\/betoff-u-4l-univerzalis-tisztitofolyadek\/#primaryimage","url":"https:\/\/betoff.eu\/wp-content\/uploads\/2024\/04\/Betoff-U-x4-1.png","contentUrl":"https:\/\/betoff.eu\/wp-content\/uploads\/2024\/04\/Betoff-U-x4-1.png","width":1530,"height":2080,"caption":"Univerz\u00e1lis tiszt\u00edt\u00f3folyad\u00e9k"},{"@type":"BreadcrumbList","@id":"https:\/\/betoff.eu\/hu\/produkt\/betoff-u-4l-univerzalis-tisztitofolyadek\/#breadcrumb","itemListElement":[{"@type":"ListItem","position":1,"name":"Hem","item":"https:\/\/betoff.eu\/hu\/"},{"@type":"ListItem","position":2,"name":"Shop","item":"https:\/\/betoff.eu\/sklep-2\/"},{"@type":"ListItem","position":3,"name":"BETOFF-U &#8211; 4L &#8211; Univerz\u00e1lis tiszt\u00edt\u00f3folyad\u00e9k"}]},{"@type":"WebSite","@id":"https:\/\/betoff.eu\/#website","url":"https:\/\/betoff.eu\/","name":"BETOFF-Products for the world of concrete and beyond!","description":"Betoff - Betonelt\u00e1vol\u00edt\u00f3 folyad\u00e9k","publisher":{"@id":"https:\/\/betoff.eu\/#\/schema\/person\/cded67f1acad0c68af8dcc171137512c"},"potentialAction":[{"@type":"SearchAction","target":{"@type":"EntryPoint","urlTemplate":"https:\/\/betoff.eu\/?s={search_term_string}"},"query-input":{"@type":"PropertyValueSpecification","valueRequired":true,"valueName":"search_term_string"}}],"inLanguage":"hu"},{"@type":["Person","Organization"],"@id":"https:\/\/betoff.eu\/#\/schema\/person\/cded67f1acad0c68af8dcc171137512c","name":"admin","image":{"@type":"ImageObject","inLanguage":"hu","@id":"https:\/\/betoff.eu\/#\/schema\/person\/image\/","url":"https:\/\/betoff.eu\/wp-content\/uploads\/2021\/02\/betoff-logo.png","contentUrl":"https:\/\/betoff.eu\/wp-content\/uploads\/2021\/02\/betoff-logo.png","width":1024,"height":258,"caption":"admin"},"logo":{"@id":"https:\/\/betoff.eu\/#\/schema\/person\/image\/"}}]}},"_links":{"self":[{"href":"https:\/\/betoff.eu\/hu\/wp-json\/wp\/v2\/product\/3354","targetHints":{"allow":["GET"]}}],"collection":[{"href":"https:\/\/betoff.eu\/hu\/wp-json\/wp\/v2\/product"}],"about":[{"href":"https:\/\/betoff.eu\/hu\/wp-json\/wp\/v2\/types\/product"}],"wp:featuredmedia":[{"embeddable":true,"href":"https:\/\/betoff.eu\/hu\/wp-json\/wp\/v2\/media\/3296"}],"wp:attachment":[{"href":"https:\/\/betoff.eu\/hu\/wp-json\/wp\/v2\/media?parent=3354"}],"wp:term":[{"taxonomy":"product_brand","embeddable":true,"href":"https:\/\/betoff.eu\/hu\/wp-json\/wp\/v2\/product_brand?post=3354"},{"taxonomy":"product_cat","embeddable":true,"href":"https:\/\/betoff.eu\/hu\/wp-json\/wp\/v2\/product_cat?post=3354"},{"taxonomy":"product_tag","embeddable":true,"href":"https:\/\/betoff.eu\/hu\/wp-json\/wp\/v2\/product_tag?post=3354"}],"curies":[{"name":"wp","href":"https:\/\/api.w.org\/{rel}","templated":true}]}}