{"id":3336,"date":"2024-04-22T15:55:26","date_gmt":"2024-04-22T13:55:26","guid":{"rendered":"https:\/\/betoff.eu\/?post_type=product&#038;p=3336"},"modified":"2024-04-22T16:04:32","modified_gmt":"2024-04-22T14:04:32","slug":"betoff-f-1l-fugatisztito-folyadek","status":"publish","type":"product","link":"https:\/\/betoff.eu\/hu\/produkt\/betoff-f-1l-fugatisztito-folyadek\/","title":{"rendered":"BETOFF-F &#8211; 1L &#8211; Fugatiszt\u00edt\u00f3 folyad\u00e9k (s\u00farol\u00e1s n\u00e9lk\u00fcl)"},"content":{"rendered":"<p>Innovat\u00edv habarcstiszt\u00edt\u00f3. Nem ig\u00e9nyel fogkef\u00e9vel val\u00f3 d\u00f6rzs\u00f6l\u00e9st. Csak annyit kell tennie, hogy a folyad\u00e9kot a piszkos fug\u00e1ra kell felhordani. V\u00e1rjon k\u00f6r\u00fclbel\u00fcl 3 percet, \u00e9s mossa le a szennyez\u0151d\u00e9st ruh\u00e1val vagy nedves szivaccsal!<\/p>\n","protected":false},"excerpt":{"rendered":"<p>Innovat\u00edv habarcstiszt\u00edt\u00f3. Nem ig\u00e9nyel fogkef\u00e9vel val\u00f3 d\u00f6rzs\u00f6l\u00e9st. Csak annyit kell tennie, hogy a folyad\u00e9kot a piszkos fug\u00e1ra kell felhordani. V\u00e1rjon k\u00f6r\u00fclbel\u00fcl 3 percet, \u00e9s mossa le a szennyez\u0151d\u00e9st ruh\u00e1val vagy nedves szivaccsal!<\/p>\n","protected":false},"featured_media":3337,"template":"","meta":{"om_disable_all_campaigns":false},"product_brand":[],"product_cat":[275],"product_tag":[],"class_list":{"0":"post-3336","1":"product","2":"type-product","3":"status-publish","4":"has-post-thumbnail","6":"product_cat-fugatisztito-folyadek","8":"first","9":"instock","10":"taxable","11":"shipping-taxable","12":"purchasable","13":"product-type-simple"},"yoast_head":"<!-- This site is optimized with the Yoast SEO plugin v25.9 - https:\/\/yoast.com\/wordpress\/plugins\/seo\/ -->\n<title>BETOFF-F - 1L - Fugatiszt\u00edt\u00f3 folyad\u00e9k (s\u00farol\u00e1s n\u00e9lk\u00fcl) - BETOFF-Term\u00e9kek a beton vil\u00e1g\u00e1ba \u00e9s azon t\u00fal is!<\/title>\n<meta name=\"description\" content=\"A BETOFF-F habarcstiszt\u00edt\u00f3 folyad\u00e9k nem ig\u00e9nyel s\u00farol\u00e1st! Csak vigye fel a folyad\u00e9kot a piszkos fug\u00e1ra, v\u00e1rjon n\u00e9h\u00e1ny percet \u00e9s mossa le a szennyez\u0151d\u00e9st szivaccsal vagy ruh\u00e1val!\" \/>\n<meta name=\"robots\" content=\"index, follow, max-snippet:-1, max-image-preview:large, max-video-preview:-1\" \/>\n<link rel=\"canonical\" href=\"https:\/\/betoff.eu\/hu\/produkt\/betoff-f-1l-fugatisztito-folyadek\/\" \/>\n<meta property=\"og:locale\" content=\"hu_HU\" \/>\n<meta property=\"og:type\" content=\"article\" \/>\n<meta property=\"og:title\" content=\"BETOFF-F - 1L - Fugatiszt\u00edt\u00f3 folyad\u00e9k (s\u00farol\u00e1s n\u00e9lk\u00fcl) - BETOFF-Term\u00e9kek a beton vil\u00e1g\u00e1ba \u00e9s azon t\u00fal is!\" \/>\n<meta property=\"og:description\" content=\"A BETOFF-F habarcstiszt\u00edt\u00f3 folyad\u00e9k nem ig\u00e9nyel s\u00farol\u00e1st! Csak vigye fel a folyad\u00e9kot a piszkos fug\u00e1ra, v\u00e1rjon n\u00e9h\u00e1ny percet \u00e9s mossa le a szennyez\u0151d\u00e9st szivaccsal vagy ruh\u00e1val!\" \/>\n<meta property=\"og:url\" content=\"https:\/\/betoff.eu\/hu\/produkt\/betoff-f-1l-fugatisztito-folyadek\/\" \/>\n<meta property=\"og:site_name\" content=\"BETOFF-Term\u00e9kek a beton vil\u00e1g\u00e1ba \u00e9s azon t\u00fal is!\" \/>\n<meta property=\"article:modified_time\" content=\"2024-04-22T14:04:32+00:00\" \/>\n<meta property=\"og:image\" content=\"https:\/\/betoff.eu\/wp-content\/uploads\/2024\/04\/BETOFF-F-czechy-2.png\" \/>\n\t<meta property=\"og:image:width\" content=\"1530\" \/>\n\t<meta property=\"og:image:height\" content=\"2080\" \/>\n\t<meta property=\"og:image:type\" content=\"image\/png\" \/>\n<meta name=\"twitter:card\" content=\"summary_large_image\" \/>\n<meta name=\"twitter:label1\" content=\"Becs\u00fclt olvas\u00e1si id\u0151\" \/>\n\t<meta name=\"twitter:data1\" content=\"1 perc\" \/>\n<script type=\"application\/ld+json\" class=\"yoast-schema-graph\">{\"@context\":\"https:\/\/schema.org\",\"@graph\":[{\"@type\":\"WebPage\",\"@id\":\"https:\/\/betoff.eu\/hu\/produkt\/betoff-f-1l-fugatisztito-folyadek\/\",\"url\":\"https:\/\/betoff.eu\/hu\/produkt\/betoff-f-1l-fugatisztito-folyadek\/\",\"name\":\"BETOFF-F - 1L - Fugatiszt\u00edt\u00f3 folyad\u00e9k (s\u00farol\u00e1s n\u00e9lk\u00fcl) - BETOFF-Term\u00e9kek a beton vil\u00e1g\u00e1ba \u00e9s azon t\u00fal is!\",\"isPartOf\":{\"@id\":\"https:\/\/betoff.eu\/#website\"},\"primaryImageOfPage\":{\"@id\":\"https:\/\/betoff.eu\/hu\/produkt\/betoff-f-1l-fugatisztito-folyadek\/#primaryimage\"},\"image\":{\"@id\":\"https:\/\/betoff.eu\/hu\/produkt\/betoff-f-1l-fugatisztito-folyadek\/#primaryimage\"},\"thumbnailUrl\":\"https:\/\/betoff.eu\/wp-content\/uploads\/2024\/04\/BETOFF-F-czechy-2.png\",\"datePublished\":\"2024-04-22T13:55:26+00:00\",\"dateModified\":\"2024-04-22T14:04:32+00:00\",\"description\":\"A BETOFF-F habarcstiszt\u00edt\u00f3 folyad\u00e9k nem ig\u00e9nyel s\u00farol\u00e1st! Csak vigye fel a folyad\u00e9kot a piszkos fug\u00e1ra, v\u00e1rjon n\u00e9h\u00e1ny percet \u00e9s mossa le a szennyez\u0151d\u00e9st szivaccsal vagy ruh\u00e1val!\",\"breadcrumb\":{\"@id\":\"https:\/\/betoff.eu\/hu\/produkt\/betoff-f-1l-fugatisztito-folyadek\/#breadcrumb\"},\"inLanguage\":\"hu\",\"potentialAction\":[{\"@type\":\"ReadAction\",\"target\":[\"https:\/\/betoff.eu\/hu\/produkt\/betoff-f-1l-fugatisztito-folyadek\/\"]}]},{\"@type\":\"ImageObject\",\"inLanguage\":\"hu\",\"@id\":\"https:\/\/betoff.eu\/hu\/produkt\/betoff-f-1l-fugatisztito-folyadek\/#primaryimage\",\"url\":\"https:\/\/betoff.eu\/wp-content\/uploads\/2024\/04\/BETOFF-F-czechy-2.png\",\"contentUrl\":\"https:\/\/betoff.eu\/wp-content\/uploads\/2024\/04\/BETOFF-F-czechy-2.png\",\"width\":1530,\"height\":2080,\"caption\":\"Fugatiszt\u00edt\u00f3 folyad\u00e9k\"},{\"@type\":\"BreadcrumbList\",\"@id\":\"https:\/\/betoff.eu\/hu\/produkt\/betoff-f-1l-fugatisztito-folyadek\/#breadcrumb\",\"itemListElement\":[{\"@type\":\"ListItem\",\"position\":1,\"name\":\"Hem\",\"item\":\"https:\/\/betoff.eu\/hu\/\"},{\"@type\":\"ListItem\",\"position\":2,\"name\":\"Shop\",\"item\":\"https:\/\/betoff.eu\/sklep-2\/\"},{\"@type\":\"ListItem\",\"position\":3,\"name\":\"BETOFF-F &#8211; 1L &#8211; Fugatiszt\u00edt\u00f3 folyad\u00e9k (s\u00farol\u00e1s n\u00e9lk\u00fcl)\"}]},{\"@type\":\"WebSite\",\"@id\":\"https:\/\/betoff.eu\/#website\",\"url\":\"https:\/\/betoff.eu\/\",\"name\":\"BETOFF-Products for the world of concrete and beyond!\",\"description\":\"Betoff - Betonelt\u00e1vol\u00edt\u00f3 folyad\u00e9k\",\"publisher\":{\"@id\":\"https:\/\/betoff.eu\/#\/schema\/person\/cded67f1acad0c68af8dcc171137512c\"},\"potentialAction\":[{\"@type\":\"SearchAction\",\"target\":{\"@type\":\"EntryPoint\",\"urlTemplate\":\"https:\/\/betoff.eu\/?s={search_term_string}\"},\"query-input\":{\"@type\":\"PropertyValueSpecification\",\"valueRequired\":true,\"valueName\":\"search_term_string\"}}],\"inLanguage\":\"hu\"},{\"@type\":[\"Person\",\"Organization\"],\"@id\":\"https:\/\/betoff.eu\/#\/schema\/person\/cded67f1acad0c68af8dcc171137512c\",\"name\":\"admin\",\"image\":{\"@type\":\"ImageObject\",\"inLanguage\":\"hu\",\"@id\":\"https:\/\/betoff.eu\/#\/schema\/person\/image\/\",\"url\":\"https:\/\/betoff.eu\/wp-content\/uploads\/2021\/02\/betoff-logo.png\",\"contentUrl\":\"https:\/\/betoff.eu\/wp-content\/uploads\/2021\/02\/betoff-logo.png\",\"width\":1024,\"height\":258,\"caption\":\"admin\"},\"logo\":{\"@id\":\"https:\/\/betoff.eu\/#\/schema\/person\/image\/\"}}]}<\/script>\n<!-- \/ Yoast SEO plugin. -->","yoast_head_json":{"title":"BETOFF-F - 1L - Fugatiszt\u00edt\u00f3 folyad\u00e9k (s\u00farol\u00e1s n\u00e9lk\u00fcl) - BETOFF-Term\u00e9kek a beton vil\u00e1g\u00e1ba \u00e9s azon t\u00fal is!","description":"A BETOFF-F habarcstiszt\u00edt\u00f3 folyad\u00e9k nem ig\u00e9nyel s\u00farol\u00e1st! Csak vigye fel a folyad\u00e9kot a piszkos fug\u00e1ra, v\u00e1rjon n\u00e9h\u00e1ny percet \u00e9s mossa le a szennyez\u0151d\u00e9st szivaccsal vagy ruh\u00e1val!","robots":{"index":"index","follow":"follow","max-snippet":"max-snippet:-1","max-image-preview":"max-image-preview:large","max-video-preview":"max-video-preview:-1"},"canonical":"https:\/\/betoff.eu\/hu\/produkt\/betoff-f-1l-fugatisztito-folyadek\/","og_locale":"hu_HU","og_type":"article","og_title":"BETOFF-F - 1L - Fugatiszt\u00edt\u00f3 folyad\u00e9k (s\u00farol\u00e1s n\u00e9lk\u00fcl) - BETOFF-Term\u00e9kek a beton vil\u00e1g\u00e1ba \u00e9s azon t\u00fal is!","og_description":"A BETOFF-F habarcstiszt\u00edt\u00f3 folyad\u00e9k nem ig\u00e9nyel s\u00farol\u00e1st! Csak vigye fel a folyad\u00e9kot a piszkos fug\u00e1ra, v\u00e1rjon n\u00e9h\u00e1ny percet \u00e9s mossa le a szennyez\u0151d\u00e9st szivaccsal vagy ruh\u00e1val!","og_url":"https:\/\/betoff.eu\/hu\/produkt\/betoff-f-1l-fugatisztito-folyadek\/","og_site_name":"BETOFF-Term\u00e9kek a beton vil\u00e1g\u00e1ba \u00e9s azon t\u00fal is!","article_modified_time":"2024-04-22T14:04:32+00:00","og_image":[{"width":1530,"height":2080,"url":"https:\/\/betoff.eu\/wp-content\/uploads\/2024\/04\/BETOFF-F-czechy-2.png","type":"image\/png"}],"twitter_card":"summary_large_image","twitter_misc":{"Becs\u00fclt olvas\u00e1si id\u0151":"1 perc"},"schema":{"@context":"https:\/\/schema.org","@graph":[{"@type":"WebPage","@id":"https:\/\/betoff.eu\/hu\/produkt\/betoff-f-1l-fugatisztito-folyadek\/","url":"https:\/\/betoff.eu\/hu\/produkt\/betoff-f-1l-fugatisztito-folyadek\/","name":"BETOFF-F - 1L - Fugatiszt\u00edt\u00f3 folyad\u00e9k (s\u00farol\u00e1s n\u00e9lk\u00fcl) - BETOFF-Term\u00e9kek a beton vil\u00e1g\u00e1ba \u00e9s azon t\u00fal is!","isPartOf":{"@id":"https:\/\/betoff.eu\/#website"},"primaryImageOfPage":{"@id":"https:\/\/betoff.eu\/hu\/produkt\/betoff-f-1l-fugatisztito-folyadek\/#primaryimage"},"image":{"@id":"https:\/\/betoff.eu\/hu\/produkt\/betoff-f-1l-fugatisztito-folyadek\/#primaryimage"},"thumbnailUrl":"https:\/\/betoff.eu\/wp-content\/uploads\/2024\/04\/BETOFF-F-czechy-2.png","datePublished":"2024-04-22T13:55:26+00:00","dateModified":"2024-04-22T14:04:32+00:00","description":"A BETOFF-F habarcstiszt\u00edt\u00f3 folyad\u00e9k nem ig\u00e9nyel s\u00farol\u00e1st! Csak vigye fel a folyad\u00e9kot a piszkos fug\u00e1ra, v\u00e1rjon n\u00e9h\u00e1ny percet \u00e9s mossa le a szennyez\u0151d\u00e9st szivaccsal vagy ruh\u00e1val!","breadcrumb":{"@id":"https:\/\/betoff.eu\/hu\/produkt\/betoff-f-1l-fugatisztito-folyadek\/#breadcrumb"},"inLanguage":"hu","potentialAction":[{"@type":"ReadAction","target":["https:\/\/betoff.eu\/hu\/produkt\/betoff-f-1l-fugatisztito-folyadek\/"]}]},{"@type":"ImageObject","inLanguage":"hu","@id":"https:\/\/betoff.eu\/hu\/produkt\/betoff-f-1l-fugatisztito-folyadek\/#primaryimage","url":"https:\/\/betoff.eu\/wp-content\/uploads\/2024\/04\/BETOFF-F-czechy-2.png","contentUrl":"https:\/\/betoff.eu\/wp-content\/uploads\/2024\/04\/BETOFF-F-czechy-2.png","width":1530,"height":2080,"caption":"Fugatiszt\u00edt\u00f3 folyad\u00e9k"},{"@type":"BreadcrumbList","@id":"https:\/\/betoff.eu\/hu\/produkt\/betoff-f-1l-fugatisztito-folyadek\/#breadcrumb","itemListElement":[{"@type":"ListItem","position":1,"name":"Hem","item":"https:\/\/betoff.eu\/hu\/"},{"@type":"ListItem","position":2,"name":"Shop","item":"https:\/\/betoff.eu\/sklep-2\/"},{"@type":"ListItem","position":3,"name":"BETOFF-F &#8211; 1L &#8211; Fugatiszt\u00edt\u00f3 folyad\u00e9k (s\u00farol\u00e1s n\u00e9lk\u00fcl)"}]},{"@type":"WebSite","@id":"https:\/\/betoff.eu\/#website","url":"https:\/\/betoff.eu\/","name":"BETOFF-Products for the world of concrete and beyond!","description":"Betoff - Betonelt\u00e1vol\u00edt\u00f3 folyad\u00e9k","publisher":{"@id":"https:\/\/betoff.eu\/#\/schema\/person\/cded67f1acad0c68af8dcc171137512c"},"potentialAction":[{"@type":"SearchAction","target":{"@type":"EntryPoint","urlTemplate":"https:\/\/betoff.eu\/?s={search_term_string}"},"query-input":{"@type":"PropertyValueSpecification","valueRequired":true,"valueName":"search_term_string"}}],"inLanguage":"hu"},{"@type":["Person","Organization"],"@id":"https:\/\/betoff.eu\/#\/schema\/person\/cded67f1acad0c68af8dcc171137512c","name":"admin","image":{"@type":"ImageObject","inLanguage":"hu","@id":"https:\/\/betoff.eu\/#\/schema\/person\/image\/","url":"https:\/\/betoff.eu\/wp-content\/uploads\/2021\/02\/betoff-logo.png","contentUrl":"https:\/\/betoff.eu\/wp-content\/uploads\/2021\/02\/betoff-logo.png","width":1024,"height":258,"caption":"admin"},"logo":{"@id":"https:\/\/betoff.eu\/#\/schema\/person\/image\/"}}]}},"_links":{"self":[{"href":"https:\/\/betoff.eu\/hu\/wp-json\/wp\/v2\/product\/3336","targetHints":{"allow":["GET"]}}],"collection":[{"href":"https:\/\/betoff.eu\/hu\/wp-json\/wp\/v2\/product"}],"about":[{"href":"https:\/\/betoff.eu\/hu\/wp-json\/wp\/v2\/types\/product"}],"wp:featuredmedia":[{"embeddable":true,"href":"https:\/\/betoff.eu\/hu\/wp-json\/wp\/v2\/media\/3337"}],"wp:attachment":[{"href":"https:\/\/betoff.eu\/hu\/wp-json\/wp\/v2\/media?parent=3336"}],"wp:term":[{"taxonomy":"product_brand","embeddable":true,"href":"https:\/\/betoff.eu\/hu\/wp-json\/wp\/v2\/product_brand?post=3336"},{"taxonomy":"product_cat","embeddable":true,"href":"https:\/\/betoff.eu\/hu\/wp-json\/wp\/v2\/product_cat?post=3336"},{"taxonomy":"product_tag","embeddable":true,"href":"https:\/\/betoff.eu\/hu\/wp-json\/wp\/v2\/product_tag?post=3336"}],"curies":[{"name":"wp","href":"https:\/\/api.w.org\/{rel}","templated":true}]}}