{"id":3329,"date":"2024-04-22T15:44:25","date_gmt":"2024-04-22T13:44:25","guid":{"rendered":"https:\/\/betoff.eu\/?post_type=product&#038;p=3329"},"modified":"2024-04-22T15:46:10","modified_gmt":"2024-04-22T13:46:10","slug":"betoff-bio-5l-biologiailag-lebomlo-folyadek-beton-oldasara","status":"publish","type":"product","link":"https:\/\/betoff.eu\/hu\/produkt\/betoff-bio-5l-biologiailag-lebomlo-folyadek-beton-oldasara\/","title":{"rendered":"BETOFF-BIO &#8211; 5L &#8211; Biol\u00f3giailag leboml\u00f3 folyad\u00e9k beton old\u00e1s\u00e1ra"},"content":{"rendered":"<p>Ha k\u00f6zepes m\u00e9ret\u0171 cement- \u00e9s betonszennyez\u0151d\u00e9st szeretne elt\u00e1vol\u00edtani, a BETOFF-BIO t\u00f6k\u00e9letes v\u00e1laszt\u00e1s. Ez az innovat\u00edv k\u00e9sz\u00edtm\u00e9ny a betonon \u00e9s a sz\u00e1r\u00edtott cementen k\u00edv\u00fcl a cementtej \u00e9s a v\u00edzk\u0151 felold\u00e1s\u00e1ra is k\u00e9pes.<\/p>\n","protected":false},"excerpt":{"rendered":"<p>Ha k\u00f6zepes m\u00e9ret\u0171 cement- \u00e9s betonszennyez\u0151d\u00e9st szeretne elt\u00e1vol\u00edtani, a BETOFF-BIO t\u00f6k\u00e9letes v\u00e1laszt\u00e1s. Ez az innovat\u00edv k\u00e9sz\u00edtm\u00e9ny a betonon \u00e9s a sz\u00e1r\u00edtott cementen k\u00edv\u00fcl a cementtej \u00e9s a v\u00edzk\u0151 felold\u00e1s\u00e1ra is k\u00e9pes.<\/p>\n","protected":false},"featured_media":3330,"template":"","meta":{"om_disable_all_campaigns":false},"product_brand":[],"product_cat":[273],"product_tag":[],"class_list":{"0":"post-3329","1":"product","2":"type-product","3":"status-publish","4":"has-post-thumbnail","6":"product_cat-folyadek-beton-oldasara","8":"first","9":"instock","10":"taxable","11":"shipping-taxable","12":"purchasable","13":"product-type-simple"},"yoast_head":"<!-- This site is optimized with the Yoast SEO plugin v25.9 - https:\/\/yoast.com\/wordpress\/plugins\/seo\/ -->\n<title>BETOFF-BIO - 5L - Biol\u00f3giailag leboml\u00f3 folyad\u00e9k beton old\u00e1s\u00e1ra - BETOFF-Term\u00e9kek a beton vil\u00e1g\u00e1ba \u00e9s azon t\u00fal is!<\/title>\n<meta name=\"description\" content=\"Hogyan t\u00e1vol\u00edtsuk el a megsz\u00e1radt betont az aut\u00f3 karossz\u00e9ri\u00e1j\u00e1r\u00f3l? Ehhez haszn\u00e1ljon BETOFF-BIO folyad\u00e9kot! Nagyon k\u00edm\u00e9letes sok \u00e9rz\u00e9keny fel\u00fclethez!\" \/>\n<meta name=\"robots\" content=\"index, follow, max-snippet:-1, max-image-preview:large, max-video-preview:-1\" \/>\n<link rel=\"canonical\" href=\"https:\/\/betoff.eu\/hu\/produkt\/betoff-bio-5l-biologiailag-lebomlo-folyadek-beton-oldasara\/\" \/>\n<meta property=\"og:locale\" content=\"hu_HU\" \/>\n<meta property=\"og:type\" content=\"article\" \/>\n<meta property=\"og:title\" content=\"BETOFF-BIO - 5L - Biol\u00f3giailag leboml\u00f3 folyad\u00e9k beton old\u00e1s\u00e1ra - BETOFF-Term\u00e9kek a beton vil\u00e1g\u00e1ba \u00e9s azon t\u00fal is!\" \/>\n<meta property=\"og:description\" content=\"Hogyan t\u00e1vol\u00edtsuk el a megsz\u00e1radt betont az aut\u00f3 karossz\u00e9ri\u00e1j\u00e1r\u00f3l? Ehhez haszn\u00e1ljon BETOFF-BIO folyad\u00e9kot! Nagyon k\u00edm\u00e9letes sok \u00e9rz\u00e9keny fel\u00fclethez!\" \/>\n<meta property=\"og:url\" content=\"https:\/\/betoff.eu\/hu\/produkt\/betoff-bio-5l-biologiailag-lebomlo-folyadek-beton-oldasara\/\" \/>\n<meta property=\"og:site_name\" content=\"BETOFF-Term\u00e9kek a beton vil\u00e1g\u00e1ba \u00e9s azon t\u00fal is!\" \/>\n<meta property=\"article:modified_time\" content=\"2024-04-22T13:46:10+00:00\" \/>\n<meta property=\"og:image\" content=\"https:\/\/betoff.eu\/wp-content\/uploads\/2024\/04\/Betoff-Bio-5-L-neu-1.png\" \/>\n\t<meta property=\"og:image:width\" content=\"1596\" \/>\n\t<meta property=\"og:image:height\" content=\"2171\" \/>\n\t<meta property=\"og:image:type\" content=\"image\/png\" \/>\n<meta name=\"twitter:card\" content=\"summary_large_image\" \/>\n<meta name=\"twitter:label1\" content=\"Becs\u00fclt olvas\u00e1si id\u0151\" \/>\n\t<meta name=\"twitter:data1\" content=\"1 perc\" \/>\n<script type=\"application\/ld+json\" class=\"yoast-schema-graph\">{\"@context\":\"https:\/\/schema.org\",\"@graph\":[{\"@type\":\"WebPage\",\"@id\":\"https:\/\/betoff.eu\/hu\/produkt\/betoff-bio-5l-biologiailag-lebomlo-folyadek-beton-oldasara\/\",\"url\":\"https:\/\/betoff.eu\/hu\/produkt\/betoff-bio-5l-biologiailag-lebomlo-folyadek-beton-oldasara\/\",\"name\":\"BETOFF-BIO - 5L - Biol\u00f3giailag leboml\u00f3 folyad\u00e9k beton old\u00e1s\u00e1ra - BETOFF-Term\u00e9kek a beton vil\u00e1g\u00e1ba \u00e9s azon t\u00fal is!\",\"isPartOf\":{\"@id\":\"https:\/\/betoff.eu\/#website\"},\"primaryImageOfPage\":{\"@id\":\"https:\/\/betoff.eu\/hu\/produkt\/betoff-bio-5l-biologiailag-lebomlo-folyadek-beton-oldasara\/#primaryimage\"},\"image\":{\"@id\":\"https:\/\/betoff.eu\/hu\/produkt\/betoff-bio-5l-biologiailag-lebomlo-folyadek-beton-oldasara\/#primaryimage\"},\"thumbnailUrl\":\"https:\/\/betoff.eu\/wp-content\/uploads\/2024\/04\/Betoff-Bio-5-L-neu-1.png\",\"datePublished\":\"2024-04-22T13:44:25+00:00\",\"dateModified\":\"2024-04-22T13:46:10+00:00\",\"description\":\"Hogyan t\u00e1vol\u00edtsuk el a megsz\u00e1radt betont az aut\u00f3 karossz\u00e9ri\u00e1j\u00e1r\u00f3l? Ehhez haszn\u00e1ljon BETOFF-BIO folyad\u00e9kot! Nagyon k\u00edm\u00e9letes sok \u00e9rz\u00e9keny fel\u00fclethez!\",\"breadcrumb\":{\"@id\":\"https:\/\/betoff.eu\/hu\/produkt\/betoff-bio-5l-biologiailag-lebomlo-folyadek-beton-oldasara\/#breadcrumb\"},\"inLanguage\":\"hu\",\"potentialAction\":[{\"@type\":\"ReadAction\",\"target\":[\"https:\/\/betoff.eu\/hu\/produkt\/betoff-bio-5l-biologiailag-lebomlo-folyadek-beton-oldasara\/\"]}]},{\"@type\":\"ImageObject\",\"inLanguage\":\"hu\",\"@id\":\"https:\/\/betoff.eu\/hu\/produkt\/betoff-bio-5l-biologiailag-lebomlo-folyadek-beton-oldasara\/#primaryimage\",\"url\":\"https:\/\/betoff.eu\/wp-content\/uploads\/2024\/04\/Betoff-Bio-5-L-neu-1.png\",\"contentUrl\":\"https:\/\/betoff.eu\/wp-content\/uploads\/2024\/04\/Betoff-Bio-5-L-neu-1.png\",\"width\":1596,\"height\":2171,\"caption\":\"Biol\u00f3giailag leboml\u00f3 k\u00e9sz\u00edtm\u00e9ny a megsz\u00e1radt beton elt\u00e1vol\u00edt\u00e1s\u00e1ra\"},{\"@type\":\"BreadcrumbList\",\"@id\":\"https:\/\/betoff.eu\/hu\/produkt\/betoff-bio-5l-biologiailag-lebomlo-folyadek-beton-oldasara\/#breadcrumb\",\"itemListElement\":[{\"@type\":\"ListItem\",\"position\":1,\"name\":\"Hem\",\"item\":\"https:\/\/betoff.eu\/hu\/\"},{\"@type\":\"ListItem\",\"position\":2,\"name\":\"Shop\",\"item\":\"https:\/\/betoff.eu\/sklep-2\/\"},{\"@type\":\"ListItem\",\"position\":3,\"name\":\"BETOFF-BIO &#8211; 5L &#8211; Biol\u00f3giailag leboml\u00f3 folyad\u00e9k beton old\u00e1s\u00e1ra\"}]},{\"@type\":\"WebSite\",\"@id\":\"https:\/\/betoff.eu\/#website\",\"url\":\"https:\/\/betoff.eu\/\",\"name\":\"BETOFF-Products for the world of concrete and beyond!\",\"description\":\"Betoff - Betonelt\u00e1vol\u00edt\u00f3 folyad\u00e9k\",\"publisher\":{\"@id\":\"https:\/\/betoff.eu\/#\/schema\/person\/cded67f1acad0c68af8dcc171137512c\"},\"potentialAction\":[{\"@type\":\"SearchAction\",\"target\":{\"@type\":\"EntryPoint\",\"urlTemplate\":\"https:\/\/betoff.eu\/?s={search_term_string}\"},\"query-input\":{\"@type\":\"PropertyValueSpecification\",\"valueRequired\":true,\"valueName\":\"search_term_string\"}}],\"inLanguage\":\"hu\"},{\"@type\":[\"Person\",\"Organization\"],\"@id\":\"https:\/\/betoff.eu\/#\/schema\/person\/cded67f1acad0c68af8dcc171137512c\",\"name\":\"admin\",\"image\":{\"@type\":\"ImageObject\",\"inLanguage\":\"hu\",\"@id\":\"https:\/\/betoff.eu\/#\/schema\/person\/image\/\",\"url\":\"https:\/\/betoff.eu\/wp-content\/uploads\/2021\/02\/betoff-logo.png\",\"contentUrl\":\"https:\/\/betoff.eu\/wp-content\/uploads\/2021\/02\/betoff-logo.png\",\"width\":1024,\"height\":258,\"caption\":\"admin\"},\"logo\":{\"@id\":\"https:\/\/betoff.eu\/#\/schema\/person\/image\/\"}}]}<\/script>\n<!-- \/ Yoast SEO plugin. -->","yoast_head_json":{"title":"BETOFF-BIO - 5L - Biol\u00f3giailag leboml\u00f3 folyad\u00e9k beton old\u00e1s\u00e1ra - BETOFF-Term\u00e9kek a beton vil\u00e1g\u00e1ba \u00e9s azon t\u00fal is!","description":"Hogyan t\u00e1vol\u00edtsuk el a megsz\u00e1radt betont az aut\u00f3 karossz\u00e9ri\u00e1j\u00e1r\u00f3l? Ehhez haszn\u00e1ljon BETOFF-BIO folyad\u00e9kot! Nagyon k\u00edm\u00e9letes sok \u00e9rz\u00e9keny fel\u00fclethez!","robots":{"index":"index","follow":"follow","max-snippet":"max-snippet:-1","max-image-preview":"max-image-preview:large","max-video-preview":"max-video-preview:-1"},"canonical":"https:\/\/betoff.eu\/hu\/produkt\/betoff-bio-5l-biologiailag-lebomlo-folyadek-beton-oldasara\/","og_locale":"hu_HU","og_type":"article","og_title":"BETOFF-BIO - 5L - Biol\u00f3giailag leboml\u00f3 folyad\u00e9k beton old\u00e1s\u00e1ra - BETOFF-Term\u00e9kek a beton vil\u00e1g\u00e1ba \u00e9s azon t\u00fal is!","og_description":"Hogyan t\u00e1vol\u00edtsuk el a megsz\u00e1radt betont az aut\u00f3 karossz\u00e9ri\u00e1j\u00e1r\u00f3l? Ehhez haszn\u00e1ljon BETOFF-BIO folyad\u00e9kot! Nagyon k\u00edm\u00e9letes sok \u00e9rz\u00e9keny fel\u00fclethez!","og_url":"https:\/\/betoff.eu\/hu\/produkt\/betoff-bio-5l-biologiailag-lebomlo-folyadek-beton-oldasara\/","og_site_name":"BETOFF-Term\u00e9kek a beton vil\u00e1g\u00e1ba \u00e9s azon t\u00fal is!","article_modified_time":"2024-04-22T13:46:10+00:00","og_image":[{"width":1596,"height":2171,"url":"https:\/\/betoff.eu\/wp-content\/uploads\/2024\/04\/Betoff-Bio-5-L-neu-1.png","type":"image\/png"}],"twitter_card":"summary_large_image","twitter_misc":{"Becs\u00fclt olvas\u00e1si id\u0151":"1 perc"},"schema":{"@context":"https:\/\/schema.org","@graph":[{"@type":"WebPage","@id":"https:\/\/betoff.eu\/hu\/produkt\/betoff-bio-5l-biologiailag-lebomlo-folyadek-beton-oldasara\/","url":"https:\/\/betoff.eu\/hu\/produkt\/betoff-bio-5l-biologiailag-lebomlo-folyadek-beton-oldasara\/","name":"BETOFF-BIO - 5L - Biol\u00f3giailag leboml\u00f3 folyad\u00e9k beton old\u00e1s\u00e1ra - BETOFF-Term\u00e9kek a beton vil\u00e1g\u00e1ba \u00e9s azon t\u00fal is!","isPartOf":{"@id":"https:\/\/betoff.eu\/#website"},"primaryImageOfPage":{"@id":"https:\/\/betoff.eu\/hu\/produkt\/betoff-bio-5l-biologiailag-lebomlo-folyadek-beton-oldasara\/#primaryimage"},"image":{"@id":"https:\/\/betoff.eu\/hu\/produkt\/betoff-bio-5l-biologiailag-lebomlo-folyadek-beton-oldasara\/#primaryimage"},"thumbnailUrl":"https:\/\/betoff.eu\/wp-content\/uploads\/2024\/04\/Betoff-Bio-5-L-neu-1.png","datePublished":"2024-04-22T13:44:25+00:00","dateModified":"2024-04-22T13:46:10+00:00","description":"Hogyan t\u00e1vol\u00edtsuk el a megsz\u00e1radt betont az aut\u00f3 karossz\u00e9ri\u00e1j\u00e1r\u00f3l? Ehhez haszn\u00e1ljon BETOFF-BIO folyad\u00e9kot! Nagyon k\u00edm\u00e9letes sok \u00e9rz\u00e9keny fel\u00fclethez!","breadcrumb":{"@id":"https:\/\/betoff.eu\/hu\/produkt\/betoff-bio-5l-biologiailag-lebomlo-folyadek-beton-oldasara\/#breadcrumb"},"inLanguage":"hu","potentialAction":[{"@type":"ReadAction","target":["https:\/\/betoff.eu\/hu\/produkt\/betoff-bio-5l-biologiailag-lebomlo-folyadek-beton-oldasara\/"]}]},{"@type":"ImageObject","inLanguage":"hu","@id":"https:\/\/betoff.eu\/hu\/produkt\/betoff-bio-5l-biologiailag-lebomlo-folyadek-beton-oldasara\/#primaryimage","url":"https:\/\/betoff.eu\/wp-content\/uploads\/2024\/04\/Betoff-Bio-5-L-neu-1.png","contentUrl":"https:\/\/betoff.eu\/wp-content\/uploads\/2024\/04\/Betoff-Bio-5-L-neu-1.png","width":1596,"height":2171,"caption":"Biol\u00f3giailag leboml\u00f3 k\u00e9sz\u00edtm\u00e9ny a megsz\u00e1radt beton elt\u00e1vol\u00edt\u00e1s\u00e1ra"},{"@type":"BreadcrumbList","@id":"https:\/\/betoff.eu\/hu\/produkt\/betoff-bio-5l-biologiailag-lebomlo-folyadek-beton-oldasara\/#breadcrumb","itemListElement":[{"@type":"ListItem","position":1,"name":"Hem","item":"https:\/\/betoff.eu\/hu\/"},{"@type":"ListItem","position":2,"name":"Shop","item":"https:\/\/betoff.eu\/sklep-2\/"},{"@type":"ListItem","position":3,"name":"BETOFF-BIO &#8211; 5L &#8211; Biol\u00f3giailag leboml\u00f3 folyad\u00e9k beton old\u00e1s\u00e1ra"}]},{"@type":"WebSite","@id":"https:\/\/betoff.eu\/#website","url":"https:\/\/betoff.eu\/","name":"BETOFF-Products for the world of concrete and beyond!","description":"Betoff - Betonelt\u00e1vol\u00edt\u00f3 folyad\u00e9k","publisher":{"@id":"https:\/\/betoff.eu\/#\/schema\/person\/cded67f1acad0c68af8dcc171137512c"},"potentialAction":[{"@type":"SearchAction","target":{"@type":"EntryPoint","urlTemplate":"https:\/\/betoff.eu\/?s={search_term_string}"},"query-input":{"@type":"PropertyValueSpecification","valueRequired":true,"valueName":"search_term_string"}}],"inLanguage":"hu"},{"@type":["Person","Organization"],"@id":"https:\/\/betoff.eu\/#\/schema\/person\/cded67f1acad0c68af8dcc171137512c","name":"admin","image":{"@type":"ImageObject","inLanguage":"hu","@id":"https:\/\/betoff.eu\/#\/schema\/person\/image\/","url":"https:\/\/betoff.eu\/wp-content\/uploads\/2021\/02\/betoff-logo.png","contentUrl":"https:\/\/betoff.eu\/wp-content\/uploads\/2021\/02\/betoff-logo.png","width":1024,"height":258,"caption":"admin"},"logo":{"@id":"https:\/\/betoff.eu\/#\/schema\/person\/image\/"}}]}},"_links":{"self":[{"href":"https:\/\/betoff.eu\/hu\/wp-json\/wp\/v2\/product\/3329","targetHints":{"allow":["GET"]}}],"collection":[{"href":"https:\/\/betoff.eu\/hu\/wp-json\/wp\/v2\/product"}],"about":[{"href":"https:\/\/betoff.eu\/hu\/wp-json\/wp\/v2\/types\/product"}],"wp:featuredmedia":[{"embeddable":true,"href":"https:\/\/betoff.eu\/hu\/wp-json\/wp\/v2\/media\/3330"}],"wp:attachment":[{"href":"https:\/\/betoff.eu\/hu\/wp-json\/wp\/v2\/media?parent=3329"}],"wp:term":[{"taxonomy":"product_brand","embeddable":true,"href":"https:\/\/betoff.eu\/hu\/wp-json\/wp\/v2\/product_brand?post=3329"},{"taxonomy":"product_cat","embeddable":true,"href":"https:\/\/betoff.eu\/hu\/wp-json\/wp\/v2\/product_cat?post=3329"},{"taxonomy":"product_tag","embeddable":true,"href":"https:\/\/betoff.eu\/hu\/wp-json\/wp\/v2\/product_tag?post=3329"}],"curies":[{"name":"wp","href":"https:\/\/api.w.org\/{rel}","templated":true}]}}