{"id":14094,"date":"2024-06-21T20:28:06","date_gmt":"2024-06-21T18:28:06","guid":{"rendered":"https:\/\/betoff.eu\/?page_id=14094"},"modified":"2024-06-22T08:10:41","modified_gmt":"2024-06-22T06:10:41","slug":"visszakuldesek-es-reklamaciok","status":"publish","type":"page","link":"https:\/\/betoff.eu\/hu\/visszakuldesek-es-reklamaciok\/","title":{"rendered":"Visszak\u00fcld\u00e9sek \u00e9s reklam\u00e1ci\u00f3k"},"content":{"rendered":"\n\n\n<p>Visszak\u00fcld\u00e9s \u00e9s reklam\u00e1ci\u00f3:<br>A betoff.eu web\u00e1ruh\u00e1zban v\u00e1s\u00e1rolt folyad\u00e9kkal kapcsolatos reklam\u00e1ci\u00f3t kiz\u00e1r\u00f3lag e-mailben, a k\u00f6vetkez\u0151 c\u00edmre lehet beny\u00fajtani: betoff@betoff.eu K\u00e9rj\u00fck, adja meg a v\u00e1s\u00e1rl\u00e1skor gener\u00e1lt rendel\u00e9si sz\u00e1mot, valamint a v\u00e1laszt\u00e1s ok\u00e1t a term\u00e9k visszak\u00fcld\u00e9s\u00e9hez.<\/p>\n\n\n\n<p>A term\u00e9ket gy\u00e1rilag le kell z\u00e1rni. A term\u00e9k hozz\u00e1nk val\u00f3 visszajuttat\u00e1sa ut\u00e1n azt ellen\u0151rzik, majd ha nem t\u00f6rt\u00e9k le a kupakot, visszat\u00e9r\u00edtj\u00fck azt az \u00f6sszeget, ami\u00e9rt a term\u00e9ket v\u00e1s\u00e1rolt\u00e1k. A v\u00e1s\u00e1rl\u00f3nak joga van visszak\u00fcldeni a v\u00e1s\u00e1rl\u00e1st\u00f3l sz\u00e1m\u00edtott 14 napon bel\u00fcl.<\/p>\n\n\n\n<p>A panaszt a be\u00e9rkez\u00e9st\u0151l sz\u00e1m\u00edtott 5 munkanapon bel\u00fcl feldolgozzuk. El\u0151sz\u00f6r a panaszt elolvass\u00e1k \u00e9s \u00e9rdemben megvizsg\u00e1lj\u00e1k. Ezt k\u00f6vet\u0151en egy \u0171rlapot k\u00e9sz\u00edt\u00fcnk, amely tartalmazza az \u00d6n adatait \u00e9s a panasz ok\u00e1t, amelyet \u00d6n a nek\u00fcnk k\u00fcld\u00f6tt e-mailben jelez. Az \u00fcgyf\u00e9l visszak\u00fcld\u0151 e-mailt kap egy kit\u00f6lt\u00f6tt \u0171rlappal, amelyet al\u00e1 kell \u00edrni \u00e9s vissza kell k\u00fcldeni.<\/p>\n","protected":false},"excerpt":{"rendered":"<p>Visszak\u00fcld\u00e9s \u00e9s reklam\u00e1ci\u00f3:A betoff.eu web\u00e1ruh\u00e1zban v\u00e1s\u00e1rolt folyad\u00e9kkal kapcsolatos reklam\u00e1ci\u00f3t kiz\u00e1r\u00f3lag e-mailben, a k\u00f6vetkez\u0151 c\u00edmre lehet beny\u00fajtani: betoff@betoff.eu K\u00e9rj\u00fck, adja meg a v\u00e1s\u00e1rl\u00e1skor gener\u00e1lt rendel\u00e9si sz\u00e1mot, valamint a v\u00e1laszt\u00e1s ok\u00e1t a term\u00e9k visszak\u00fcld\u00e9s\u00e9hez. A term\u00e9ket gy\u00e1rilag le kell z\u00e1rni. A term\u00e9k hozz\u00e1nk val\u00f3 visszajuttat\u00e1sa ut\u00e1n azt ellen\u0151rzik, majd ha nem t\u00f6rt\u00e9k le a kupakot, visszat\u00e9r\u00edtj\u00fck azt [&#8230;]\n","protected":false},"author":1,"featured_media":0,"parent":0,"menu_order":0,"comment_status":"closed","ping_status":"closed","template":"","meta":{"om_disable_all_campaigns":false,"footnotes":""},"class_list":["post-14094","page","type-page","status-publish","hentry"],"yoast_head":"<!-- This site is optimized with the Yoast SEO plugin v25.9 - https:\/\/yoast.com\/wordpress\/plugins\/seo\/ -->\n<title>Visszak\u00fcld\u00e9sek \u00e9s reklam\u00e1ci\u00f3k - BETOFF-Term\u00e9kek a beton vil\u00e1g\u00e1ba \u00e9s azon t\u00fal is!<\/title>\n<meta name=\"robots\" content=\"index, follow, max-snippet:-1, max-image-preview:large, max-video-preview:-1\" \/>\n<link rel=\"canonical\" href=\"https:\/\/betoff.eu\/hu\/visszakuldesek-es-reklamaciok\/\" \/>\n<meta property=\"og:locale\" content=\"hu_HU\" \/>\n<meta property=\"og:type\" content=\"article\" \/>\n<meta property=\"og:title\" content=\"Visszak\u00fcld\u00e9sek \u00e9s reklam\u00e1ci\u00f3k - BETOFF-Term\u00e9kek a beton vil\u00e1g\u00e1ba \u00e9s azon t\u00fal is!\" \/>\n<meta property=\"og:description\" content=\"Visszak\u00fcld\u00e9s \u00e9s reklam\u00e1ci\u00f3:A betoff.eu web\u00e1ruh\u00e1zban v\u00e1s\u00e1rolt folyad\u00e9kkal kapcsolatos reklam\u00e1ci\u00f3t kiz\u00e1r\u00f3lag e-mailben, a k\u00f6vetkez\u0151 c\u00edmre lehet beny\u00fajtani: betoff@betoff.eu K\u00e9rj\u00fck, adja meg a v\u00e1s\u00e1rl\u00e1skor gener\u00e1lt rendel\u00e9si sz\u00e1mot, valamint a v\u00e1laszt\u00e1s ok\u00e1t a term\u00e9k visszak\u00fcld\u00e9s\u00e9hez. A term\u00e9ket gy\u00e1rilag le kell z\u00e1rni. A term\u00e9k hozz\u00e1nk val\u00f3 visszajuttat\u00e1sa ut\u00e1n azt ellen\u0151rzik, majd ha nem t\u00f6rt\u00e9k le a kupakot, visszat\u00e9r\u00edtj\u00fck azt [...]\" \/>\n<meta property=\"og:url\" content=\"https:\/\/betoff.eu\/hu\/visszakuldesek-es-reklamaciok\/\" \/>\n<meta property=\"og:site_name\" content=\"BETOFF-Term\u00e9kek a beton vil\u00e1g\u00e1ba \u00e9s azon t\u00fal is!\" \/>\n<meta property=\"article:modified_time\" content=\"2024-06-22T06:10:41+00:00\" \/>\n<meta name=\"twitter:card\" content=\"summary_large_image\" \/>\n<meta name=\"twitter:label1\" content=\"Becs\u00fclt olvas\u00e1si id\u0151\" \/>\n\t<meta name=\"twitter:data1\" content=\"1 perc\" \/>\n<script type=\"application\/ld+json\" class=\"yoast-schema-graph\">{\"@context\":\"https:\/\/schema.org\",\"@graph\":[{\"@type\":\"WebPage\",\"@id\":\"https:\/\/betoff.eu\/hu\/visszakuldesek-es-reklamaciok\/\",\"url\":\"https:\/\/betoff.eu\/hu\/visszakuldesek-es-reklamaciok\/\",\"name\":\"Visszak\u00fcld\u00e9sek \u00e9s reklam\u00e1ci\u00f3k - BETOFF-Term\u00e9kek a beton vil\u00e1g\u00e1ba \u00e9s azon t\u00fal is!\",\"isPartOf\":{\"@id\":\"https:\/\/betoff.eu\/#website\"},\"datePublished\":\"2024-06-21T18:28:06+00:00\",\"dateModified\":\"2024-06-22T06:10:41+00:00\",\"breadcrumb\":{\"@id\":\"https:\/\/betoff.eu\/hu\/visszakuldesek-es-reklamaciok\/#breadcrumb\"},\"inLanguage\":\"hu\",\"potentialAction\":[{\"@type\":\"ReadAction\",\"target\":[\"https:\/\/betoff.eu\/hu\/visszakuldesek-es-reklamaciok\/\"]}]},{\"@type\":\"BreadcrumbList\",\"@id\":\"https:\/\/betoff.eu\/hu\/visszakuldesek-es-reklamaciok\/#breadcrumb\",\"itemListElement\":[{\"@type\":\"ListItem\",\"position\":1,\"name\":\"Hem\",\"item\":\"https:\/\/betoff.eu\/hu\/\"},{\"@type\":\"ListItem\",\"position\":2,\"name\":\"Visszak\u00fcld\u00e9sek \u00e9s reklam\u00e1ci\u00f3k\"}]},{\"@type\":\"WebSite\",\"@id\":\"https:\/\/betoff.eu\/#website\",\"url\":\"https:\/\/betoff.eu\/\",\"name\":\"BETOFF-Products for the world of concrete and beyond!\",\"description\":\"Betoff - Betonelt\u00e1vol\u00edt\u00f3 folyad\u00e9k\",\"publisher\":{\"@id\":\"https:\/\/betoff.eu\/#\/schema\/person\/cded67f1acad0c68af8dcc171137512c\"},\"potentialAction\":[{\"@type\":\"SearchAction\",\"target\":{\"@type\":\"EntryPoint\",\"urlTemplate\":\"https:\/\/betoff.eu\/?s={search_term_string}\"},\"query-input\":{\"@type\":\"PropertyValueSpecification\",\"valueRequired\":true,\"valueName\":\"search_term_string\"}}],\"inLanguage\":\"hu\"},{\"@type\":[\"Person\",\"Organization\"],\"@id\":\"https:\/\/betoff.eu\/#\/schema\/person\/cded67f1acad0c68af8dcc171137512c\",\"name\":\"admin\",\"image\":{\"@type\":\"ImageObject\",\"inLanguage\":\"hu\",\"@id\":\"https:\/\/betoff.eu\/#\/schema\/person\/image\/\",\"url\":\"https:\/\/betoff.eu\/wp-content\/uploads\/2021\/02\/betoff-logo.png\",\"contentUrl\":\"https:\/\/betoff.eu\/wp-content\/uploads\/2021\/02\/betoff-logo.png\",\"width\":1024,\"height\":258,\"caption\":\"admin\"},\"logo\":{\"@id\":\"https:\/\/betoff.eu\/#\/schema\/person\/image\/\"}}]}<\/script>\n<!-- \/ Yoast SEO plugin. -->","yoast_head_json":{"title":"Visszak\u00fcld\u00e9sek \u00e9s reklam\u00e1ci\u00f3k - BETOFF-Term\u00e9kek a beton vil\u00e1g\u00e1ba \u00e9s azon t\u00fal is!","robots":{"index":"index","follow":"follow","max-snippet":"max-snippet:-1","max-image-preview":"max-image-preview:large","max-video-preview":"max-video-preview:-1"},"canonical":"https:\/\/betoff.eu\/hu\/visszakuldesek-es-reklamaciok\/","og_locale":"hu_HU","og_type":"article","og_title":"Visszak\u00fcld\u00e9sek \u00e9s reklam\u00e1ci\u00f3k - BETOFF-Term\u00e9kek a beton vil\u00e1g\u00e1ba \u00e9s azon t\u00fal is!","og_description":"Visszak\u00fcld\u00e9s \u00e9s reklam\u00e1ci\u00f3:A betoff.eu web\u00e1ruh\u00e1zban v\u00e1s\u00e1rolt folyad\u00e9kkal kapcsolatos reklam\u00e1ci\u00f3t kiz\u00e1r\u00f3lag e-mailben, a k\u00f6vetkez\u0151 c\u00edmre lehet beny\u00fajtani: betoff@betoff.eu K\u00e9rj\u00fck, adja meg a v\u00e1s\u00e1rl\u00e1skor gener\u00e1lt rendel\u00e9si sz\u00e1mot, valamint a v\u00e1laszt\u00e1s ok\u00e1t a term\u00e9k visszak\u00fcld\u00e9s\u00e9hez. A term\u00e9ket gy\u00e1rilag le kell z\u00e1rni. A term\u00e9k hozz\u00e1nk val\u00f3 visszajuttat\u00e1sa ut\u00e1n azt ellen\u0151rzik, majd ha nem t\u00f6rt\u00e9k le a kupakot, visszat\u00e9r\u00edtj\u00fck azt [...]","og_url":"https:\/\/betoff.eu\/hu\/visszakuldesek-es-reklamaciok\/","og_site_name":"BETOFF-Term\u00e9kek a beton vil\u00e1g\u00e1ba \u00e9s azon t\u00fal is!","article_modified_time":"2024-06-22T06:10:41+00:00","twitter_card":"summary_large_image","twitter_misc":{"Becs\u00fclt olvas\u00e1si id\u0151":"1 perc"},"schema":{"@context":"https:\/\/schema.org","@graph":[{"@type":"WebPage","@id":"https:\/\/betoff.eu\/hu\/visszakuldesek-es-reklamaciok\/","url":"https:\/\/betoff.eu\/hu\/visszakuldesek-es-reklamaciok\/","name":"Visszak\u00fcld\u00e9sek \u00e9s reklam\u00e1ci\u00f3k - BETOFF-Term\u00e9kek a beton vil\u00e1g\u00e1ba \u00e9s azon t\u00fal is!","isPartOf":{"@id":"https:\/\/betoff.eu\/#website"},"datePublished":"2024-06-21T18:28:06+00:00","dateModified":"2024-06-22T06:10:41+00:00","breadcrumb":{"@id":"https:\/\/betoff.eu\/hu\/visszakuldesek-es-reklamaciok\/#breadcrumb"},"inLanguage":"hu","potentialAction":[{"@type":"ReadAction","target":["https:\/\/betoff.eu\/hu\/visszakuldesek-es-reklamaciok\/"]}]},{"@type":"BreadcrumbList","@id":"https:\/\/betoff.eu\/hu\/visszakuldesek-es-reklamaciok\/#breadcrumb","itemListElement":[{"@type":"ListItem","position":1,"name":"Hem","item":"https:\/\/betoff.eu\/hu\/"},{"@type":"ListItem","position":2,"name":"Visszak\u00fcld\u00e9sek \u00e9s reklam\u00e1ci\u00f3k"}]},{"@type":"WebSite","@id":"https:\/\/betoff.eu\/#website","url":"https:\/\/betoff.eu\/","name":"BETOFF-Products for the world of concrete and beyond!","description":"Betoff - Betonelt\u00e1vol\u00edt\u00f3 folyad\u00e9k","publisher":{"@id":"https:\/\/betoff.eu\/#\/schema\/person\/cded67f1acad0c68af8dcc171137512c"},"potentialAction":[{"@type":"SearchAction","target":{"@type":"EntryPoint","urlTemplate":"https:\/\/betoff.eu\/?s={search_term_string}"},"query-input":{"@type":"PropertyValueSpecification","valueRequired":true,"valueName":"search_term_string"}}],"inLanguage":"hu"},{"@type":["Person","Organization"],"@id":"https:\/\/betoff.eu\/#\/schema\/person\/cded67f1acad0c68af8dcc171137512c","name":"admin","image":{"@type":"ImageObject","inLanguage":"hu","@id":"https:\/\/betoff.eu\/#\/schema\/person\/image\/","url":"https:\/\/betoff.eu\/wp-content\/uploads\/2021\/02\/betoff-logo.png","contentUrl":"https:\/\/betoff.eu\/wp-content\/uploads\/2021\/02\/betoff-logo.png","width":1024,"height":258,"caption":"admin"},"logo":{"@id":"https:\/\/betoff.eu\/#\/schema\/person\/image\/"}}]}},"_links":{"self":[{"href":"https:\/\/betoff.eu\/hu\/wp-json\/wp\/v2\/pages\/14094","targetHints":{"allow":["GET"]}}],"collection":[{"href":"https:\/\/betoff.eu\/hu\/wp-json\/wp\/v2\/pages"}],"about":[{"href":"https:\/\/betoff.eu\/hu\/wp-json\/wp\/v2\/types\/page"}],"author":[{"embeddable":true,"href":"https:\/\/betoff.eu\/hu\/wp-json\/wp\/v2\/users\/1"}],"replies":[{"embeddable":true,"href":"https:\/\/betoff.eu\/hu\/wp-json\/wp\/v2\/comments?post=14094"}],"version-history":[{"count":0,"href":"https:\/\/betoff.eu\/hu\/wp-json\/wp\/v2\/pages\/14094\/revisions"}],"wp:attachment":[{"href":"https:\/\/betoff.eu\/hu\/wp-json\/wp\/v2\/media?parent=14094"}],"curies":[{"name":"wp","href":"https:\/\/api.w.org\/{rel}","templated":true}]}}