{"id":14018,"date":"2024-06-21T20:03:18","date_gmt":"2024-06-21T18:03:18","guid":{"rendered":"https:\/\/betoff.eu\/?page_id=14018"},"modified":"2024-06-21T20:03:20","modified_gmt":"2024-06-21T18:03:20","slug":"a-webaruhaz-szabalyai","status":"publish","type":"page","link":"https:\/\/betoff.eu\/hu\/a-webaruhaz-szabalyai\/","title":{"rendered":"A web\u00e1ruh\u00e1z szab\u00e1lyai"},"content":{"rendered":"\n\n\n<p>A betoff.eu web\u00e1ruh\u00e1z szab\u00e1lyai<\/p>\n\n\n\n<p>Ezek a szab\u00e1lyzatok r\u00f6gz\u00edtik a v\u00e9grehajt\u00e1s felt\u00e9teleit<br>v\u00e1s\u00e1rl\u00e1s a betoff.eu web\u00e1ruh\u00e1zban<\/p>\n\n\n\n<p>Az elad\u00f3 az Innovachem Krystian Grzyb z<br>sz\u00e9khelye Vars\u00f3ban, az ul. Sarmacka 21\/8<br>(NIP 762-176-43-06).<\/p>\n\n\n\n<p>A rendel\u00e9seket a betoix.pl web\u00e1ruh\u00e1zban lehet leadni<br>k\u00fcldd be a nap 24 \u00f3r\u00e1j\u00e1ban, \u00e9s regisztr\u00e1lj itt<br>Az \u00fczlet teljesen ingyenes \u00e9s \u00f6nk\u00e9ntes. Az \u00e1ruh\u00e1zban<br>rendelhet online a betoix.pl oldalon<br>csak azok a feln\u0151ttek, akiknek tele van<br>szerz\u0151d\u00e9sk\u00f6t\u00e9si jogk\u00e9pess\u00e9g<br>\u00e1ruk \u00e9s szolg\u00e1ltat\u00e1sok v\u00e1s\u00e1rl\u00e1s\u00e1ra vonatkoz\u00f3 meg\u00e1llapod\u00e1s.<\/p>\n\n\n\n<p>Az \u00fczlet honlapj\u00e1n k\u00f6z\u00f6lt inform\u00e1ci\u00f3k nem<br>a Ptk. \u00e9rtelm\u00e9ben vett aj\u00e1nlatnak min\u0151s\u00fcl.<br>A megrendel\u00e9s lead\u00e1sa v\u00e9teli aj\u00e1nlatnak min\u0151s\u00fcl<br>pontj\u00e1ban meghat\u00e1rozott felt\u00e9telekkel kiv\u00e1lasztott \u00e1rukat<br>Term\u00e9kle\u00edr\u00e1s.<\/p>\n\n\n\n<p>A rendel\u00e9s visszaigazol\u00e1sa e-mailben t\u00f6rt\u00e9nik<br>Elad\u00f3 e-mailben \u00fczenetben<br>elektronikus. A rendel\u00e9s feldolgoz\u00e1sa ezt k\u00f6vet\u0151en t\u00f6rt\u00e9nik<br>pontj\u00e1ban meghat\u00e1rozott \u00e1ruk kifizet\u00e9s\u00e9t r\u00f6gz\u00edti<br>rendel\u00e9s.<\/p>\n\n\n\n<p>Az \u00e1rut a megrendel\u00e9sben megadott c\u00edmre k\u00fcldj\u00fck<br>V\u00e1s\u00e1rl\u00f3 a d\u00e1tumt\u00f3l sz\u00e1m\u00edtott 2-3 munkanapon bel\u00fcl<br>k\u00fcldje el a fizet\u00e9st az elad\u00f3 sz\u00e1ml\u00e1j\u00e1ra.<\/p>\n\n\n\n<p>Az online \u00e1ruh\u00e1zban k\u00edn\u00e1lt term\u00e9kek leg\u00e1lisak<br>bevezett\u00e9k a lengyel piacra, teljesen \u00faj \u00e9s<br>jogi \u00e9s fizikai hib\u00e1kt\u00f3l mentes<\/p>\n","protected":false},"excerpt":{"rendered":"<p>A betoff.eu web\u00e1ruh\u00e1z szab\u00e1lyai Ezek a szab\u00e1lyzatok r\u00f6gz\u00edtik a v\u00e9grehajt\u00e1s felt\u00e9teleitv\u00e1s\u00e1rl\u00e1s a betoff.eu web\u00e1ruh\u00e1zban Az elad\u00f3 az Innovachem Krystian Grzyb zsz\u00e9khelye Vars\u00f3ban, az ul. Sarmacka 21\/8(NIP 762-176-43-06). A rendel\u00e9seket a betoix.pl web\u00e1ruh\u00e1zban lehet leadnik\u00fcldd be a nap 24 \u00f3r\u00e1j\u00e1ban, \u00e9s regisztr\u00e1lj ittAz \u00fczlet teljesen ingyenes \u00e9s \u00f6nk\u00e9ntes. Az \u00e1ruh\u00e1zbanrendelhet online a betoix.pl oldaloncsak azok a [&#8230;]\n","protected":false},"author":1,"featured_media":0,"parent":0,"menu_order":0,"comment_status":"closed","ping_status":"closed","template":"","meta":{"om_disable_all_campaigns":false,"footnotes":""},"class_list":["post-14018","page","type-page","status-publish","hentry"],"yoast_head":"<!-- This site is optimized with the Yoast SEO plugin v25.9 - https:\/\/yoast.com\/wordpress\/plugins\/seo\/ -->\n<title>A web\u00e1ruh\u00e1z szab\u00e1lyai - BETOFF-Term\u00e9kek a beton vil\u00e1g\u00e1ba \u00e9s azon t\u00fal is!<\/title>\n<meta name=\"robots\" content=\"index, follow, max-snippet:-1, max-image-preview:large, max-video-preview:-1\" \/>\n<link rel=\"canonical\" href=\"https:\/\/betoff.eu\/hu\/a-webaruhaz-szabalyai\/\" \/>\n<meta property=\"og:locale\" content=\"hu_HU\" \/>\n<meta property=\"og:type\" content=\"article\" \/>\n<meta property=\"og:title\" content=\"A web\u00e1ruh\u00e1z szab\u00e1lyai - BETOFF-Term\u00e9kek a beton vil\u00e1g\u00e1ba \u00e9s azon t\u00fal is!\" \/>\n<meta property=\"og:description\" content=\"A betoff.eu web\u00e1ruh\u00e1z szab\u00e1lyai Ezek a szab\u00e1lyzatok r\u00f6gz\u00edtik a v\u00e9grehajt\u00e1s felt\u00e9teleitv\u00e1s\u00e1rl\u00e1s a betoff.eu web\u00e1ruh\u00e1zban Az elad\u00f3 az Innovachem Krystian Grzyb zsz\u00e9khelye Vars\u00f3ban, az ul. Sarmacka 21\/8(NIP 762-176-43-06). A rendel\u00e9seket a betoix.pl web\u00e1ruh\u00e1zban lehet leadnik\u00fcldd be a nap 24 \u00f3r\u00e1j\u00e1ban, \u00e9s regisztr\u00e1lj ittAz \u00fczlet teljesen ingyenes \u00e9s \u00f6nk\u00e9ntes. Az \u00e1ruh\u00e1zbanrendelhet online a betoix.pl oldaloncsak azok a [...]\" \/>\n<meta property=\"og:url\" content=\"https:\/\/betoff.eu\/hu\/a-webaruhaz-szabalyai\/\" \/>\n<meta property=\"og:site_name\" content=\"BETOFF-Term\u00e9kek a beton vil\u00e1g\u00e1ba \u00e9s azon t\u00fal is!\" \/>\n<meta property=\"article:modified_time\" content=\"2024-06-21T18:03:20+00:00\" \/>\n<meta name=\"twitter:card\" content=\"summary_large_image\" \/>\n<meta name=\"twitter:label1\" content=\"Becs\u00fclt olvas\u00e1si id\u0151\" \/>\n\t<meta name=\"twitter:data1\" content=\"1 perc\" \/>\n<script type=\"application\/ld+json\" class=\"yoast-schema-graph\">{\"@context\":\"https:\/\/schema.org\",\"@graph\":[{\"@type\":\"WebPage\",\"@id\":\"https:\/\/betoff.eu\/hu\/a-webaruhaz-szabalyai\/\",\"url\":\"https:\/\/betoff.eu\/hu\/a-webaruhaz-szabalyai\/\",\"name\":\"A web\u00e1ruh\u00e1z szab\u00e1lyai - BETOFF-Term\u00e9kek a beton vil\u00e1g\u00e1ba \u00e9s azon t\u00fal is!\",\"isPartOf\":{\"@id\":\"https:\/\/betoff.eu\/#website\"},\"datePublished\":\"2024-06-21T18:03:18+00:00\",\"dateModified\":\"2024-06-21T18:03:20+00:00\",\"breadcrumb\":{\"@id\":\"https:\/\/betoff.eu\/hu\/a-webaruhaz-szabalyai\/#breadcrumb\"},\"inLanguage\":\"hu\",\"potentialAction\":[{\"@type\":\"ReadAction\",\"target\":[\"https:\/\/betoff.eu\/hu\/a-webaruhaz-szabalyai\/\"]}]},{\"@type\":\"BreadcrumbList\",\"@id\":\"https:\/\/betoff.eu\/hu\/a-webaruhaz-szabalyai\/#breadcrumb\",\"itemListElement\":[{\"@type\":\"ListItem\",\"position\":1,\"name\":\"Hem\",\"item\":\"https:\/\/betoff.eu\/hu\/\"},{\"@type\":\"ListItem\",\"position\":2,\"name\":\"A web\u00e1ruh\u00e1z szab\u00e1lyai\"}]},{\"@type\":\"WebSite\",\"@id\":\"https:\/\/betoff.eu\/#website\",\"url\":\"https:\/\/betoff.eu\/\",\"name\":\"BETOFF-Products for the world of concrete and beyond!\",\"description\":\"Betoff - Betonelt\u00e1vol\u00edt\u00f3 folyad\u00e9k\",\"publisher\":{\"@id\":\"https:\/\/betoff.eu\/#\/schema\/person\/cded67f1acad0c68af8dcc171137512c\"},\"potentialAction\":[{\"@type\":\"SearchAction\",\"target\":{\"@type\":\"EntryPoint\",\"urlTemplate\":\"https:\/\/betoff.eu\/?s={search_term_string}\"},\"query-input\":{\"@type\":\"PropertyValueSpecification\",\"valueRequired\":true,\"valueName\":\"search_term_string\"}}],\"inLanguage\":\"hu\"},{\"@type\":[\"Person\",\"Organization\"],\"@id\":\"https:\/\/betoff.eu\/#\/schema\/person\/cded67f1acad0c68af8dcc171137512c\",\"name\":\"admin\",\"image\":{\"@type\":\"ImageObject\",\"inLanguage\":\"hu\",\"@id\":\"https:\/\/betoff.eu\/#\/schema\/person\/image\/\",\"url\":\"https:\/\/betoff.eu\/wp-content\/uploads\/2021\/02\/betoff-logo.png\",\"contentUrl\":\"https:\/\/betoff.eu\/wp-content\/uploads\/2021\/02\/betoff-logo.png\",\"width\":1024,\"height\":258,\"caption\":\"admin\"},\"logo\":{\"@id\":\"https:\/\/betoff.eu\/#\/schema\/person\/image\/\"}}]}<\/script>\n<!-- \/ Yoast SEO plugin. -->","yoast_head_json":{"title":"A web\u00e1ruh\u00e1z szab\u00e1lyai - BETOFF-Term\u00e9kek a beton vil\u00e1g\u00e1ba \u00e9s azon t\u00fal is!","robots":{"index":"index","follow":"follow","max-snippet":"max-snippet:-1","max-image-preview":"max-image-preview:large","max-video-preview":"max-video-preview:-1"},"canonical":"https:\/\/betoff.eu\/hu\/a-webaruhaz-szabalyai\/","og_locale":"hu_HU","og_type":"article","og_title":"A web\u00e1ruh\u00e1z szab\u00e1lyai - BETOFF-Term\u00e9kek a beton vil\u00e1g\u00e1ba \u00e9s azon t\u00fal is!","og_description":"A betoff.eu web\u00e1ruh\u00e1z szab\u00e1lyai Ezek a szab\u00e1lyzatok r\u00f6gz\u00edtik a v\u00e9grehajt\u00e1s felt\u00e9teleitv\u00e1s\u00e1rl\u00e1s a betoff.eu web\u00e1ruh\u00e1zban Az elad\u00f3 az Innovachem Krystian Grzyb zsz\u00e9khelye Vars\u00f3ban, az ul. Sarmacka 21\/8(NIP 762-176-43-06). A rendel\u00e9seket a betoix.pl web\u00e1ruh\u00e1zban lehet leadnik\u00fcldd be a nap 24 \u00f3r\u00e1j\u00e1ban, \u00e9s regisztr\u00e1lj ittAz \u00fczlet teljesen ingyenes \u00e9s \u00f6nk\u00e9ntes. Az \u00e1ruh\u00e1zbanrendelhet online a betoix.pl oldaloncsak azok a [...]","og_url":"https:\/\/betoff.eu\/hu\/a-webaruhaz-szabalyai\/","og_site_name":"BETOFF-Term\u00e9kek a beton vil\u00e1g\u00e1ba \u00e9s azon t\u00fal is!","article_modified_time":"2024-06-21T18:03:20+00:00","twitter_card":"summary_large_image","twitter_misc":{"Becs\u00fclt olvas\u00e1si id\u0151":"1 perc"},"schema":{"@context":"https:\/\/schema.org","@graph":[{"@type":"WebPage","@id":"https:\/\/betoff.eu\/hu\/a-webaruhaz-szabalyai\/","url":"https:\/\/betoff.eu\/hu\/a-webaruhaz-szabalyai\/","name":"A web\u00e1ruh\u00e1z szab\u00e1lyai - BETOFF-Term\u00e9kek a beton vil\u00e1g\u00e1ba \u00e9s azon t\u00fal is!","isPartOf":{"@id":"https:\/\/betoff.eu\/#website"},"datePublished":"2024-06-21T18:03:18+00:00","dateModified":"2024-06-21T18:03:20+00:00","breadcrumb":{"@id":"https:\/\/betoff.eu\/hu\/a-webaruhaz-szabalyai\/#breadcrumb"},"inLanguage":"hu","potentialAction":[{"@type":"ReadAction","target":["https:\/\/betoff.eu\/hu\/a-webaruhaz-szabalyai\/"]}]},{"@type":"BreadcrumbList","@id":"https:\/\/betoff.eu\/hu\/a-webaruhaz-szabalyai\/#breadcrumb","itemListElement":[{"@type":"ListItem","position":1,"name":"Hem","item":"https:\/\/betoff.eu\/hu\/"},{"@type":"ListItem","position":2,"name":"A web\u00e1ruh\u00e1z szab\u00e1lyai"}]},{"@type":"WebSite","@id":"https:\/\/betoff.eu\/#website","url":"https:\/\/betoff.eu\/","name":"BETOFF-Products for the world of concrete and beyond!","description":"Betoff - Betonelt\u00e1vol\u00edt\u00f3 folyad\u00e9k","publisher":{"@id":"https:\/\/betoff.eu\/#\/schema\/person\/cded67f1acad0c68af8dcc171137512c"},"potentialAction":[{"@type":"SearchAction","target":{"@type":"EntryPoint","urlTemplate":"https:\/\/betoff.eu\/?s={search_term_string}"},"query-input":{"@type":"PropertyValueSpecification","valueRequired":true,"valueName":"search_term_string"}}],"inLanguage":"hu"},{"@type":["Person","Organization"],"@id":"https:\/\/betoff.eu\/#\/schema\/person\/cded67f1acad0c68af8dcc171137512c","name":"admin","image":{"@type":"ImageObject","inLanguage":"hu","@id":"https:\/\/betoff.eu\/#\/schema\/person\/image\/","url":"https:\/\/betoff.eu\/wp-content\/uploads\/2021\/02\/betoff-logo.png","contentUrl":"https:\/\/betoff.eu\/wp-content\/uploads\/2021\/02\/betoff-logo.png","width":1024,"height":258,"caption":"admin"},"logo":{"@id":"https:\/\/betoff.eu\/#\/schema\/person\/image\/"}}]}},"_links":{"self":[{"href":"https:\/\/betoff.eu\/hu\/wp-json\/wp\/v2\/pages\/14018","targetHints":{"allow":["GET"]}}],"collection":[{"href":"https:\/\/betoff.eu\/hu\/wp-json\/wp\/v2\/pages"}],"about":[{"href":"https:\/\/betoff.eu\/hu\/wp-json\/wp\/v2\/types\/page"}],"author":[{"embeddable":true,"href":"https:\/\/betoff.eu\/hu\/wp-json\/wp\/v2\/users\/1"}],"replies":[{"embeddable":true,"href":"https:\/\/betoff.eu\/hu\/wp-json\/wp\/v2\/comments?post=14018"}],"version-history":[{"count":0,"href":"https:\/\/betoff.eu\/hu\/wp-json\/wp\/v2\/pages\/14018\/revisions"}],"wp:attachment":[{"href":"https:\/\/betoff.eu\/hu\/wp-json\/wp\/v2\/media?parent=14018"}],"curies":[{"name":"wp","href":"https:\/\/api.w.org\/{rel}","templated":true}]}}