{"id":13958,"date":"2024-06-21T07:44:05","date_gmt":"2024-06-21T05:44:05","guid":{"rendered":"https:\/\/betoff.eu\/?page_id=13958"},"modified":"2024-06-21T08:45:05","modified_gmt":"2024-06-21T06:45:05","slug":"adatvedelmi-iranyelvek","status":"publish","type":"page","link":"https:\/\/betoff.eu\/hu\/adatvedelmi-iranyelvek\/","title":{"rendered":"Adatv\u00e9delmi ir\u00e1nyelvek"},"content":{"rendered":"\n<p>A webhely adatv\u00e9delmi szab\u00e1lyzata. https:\/\/betoff.eu<\/p>\n\n\n\n<ol class=\"wp-block-list\">\n<li>F\u0151 inform\u00e1ci\u00f3k<\/li>\n<\/ol>\n\n\n\n<p>Jelen szem\u00e9lyes adatv\u00e9delmi szab\u00e1lyzat r\u00f6gz\u00edti a Felhaszn\u00e1l\u00f3k \u00e1ltal a weboldalon kereszt\u00fcl t\u00f6rt\u00e9n\u0151 \u00e9rt\u00e9kes\u00edt\u00e9si szolg\u00e1ltat\u00e1sok ig\u00e9nybev\u00e9tel\u00e9vel \u00f6sszef\u00fcgg\u00e9sben megadott szem\u00e9lyes adatok kezel\u00e9s\u00e9nek \u00e9s v\u00e9delm\u00e9nek szab\u00e1lyait.<\/p>\n\n\n\n<ol class=\"wp-block-list\" start=\"2\">\n<li>A weboldalon szerepl\u0151 szem\u00e9lyes adatok kezel\u0151je a<\/li>\n<\/ol>\n\n\n\n<p>Innovachem Krystian Grzyb \u00fcl\u00e9ssel ul. Sarmacka 21\/8 Varssavi Eur\u00f3pai ad\u00f3sz\u00e1m PL7621764306<\/p>\n\n\n\n<p>A r\u00e1nk b\u00edzott adatok biztons\u00e1ga \u00e9rdek\u00e9ben bels\u0151 v\u00e1llalati elj\u00e1r\u00e1sokat \u00e9s aj\u00e1nl\u00e1sokat dolgoztunk ki az adatokhoz val\u00f3 jogosulatlan hozz\u00e1f\u00e9r\u00e9s megakad\u00e1lyoz\u00e1s\u00e1ra. Ellen\u0151rizz\u00fck azok teljes\u00fcl\u00e9s\u00e9t, \u00e9s folyamatosan ellen\u0151rizz\u00fck a vonatkoz\u00f3 jogszab\u00e1lyoknak &#8211; a szem\u00e9lyes adatok v\u00e9delm\u00e9r\u0151l sz\u00f3l\u00f3 t\u00f6rv\u00e9nynek, az elektronikus szolg\u00e1ltat\u00e1sokr\u00f3l sz\u00f3l\u00f3 t\u00f6rv\u00e9nynek, valamint mindenf\u00e9le v\u00e9grehajt\u00e1si \u00e9s k\u00f6z\u00f6ss\u00e9gi jogszab\u00e1lynak val\u00f3 megfelel\u00e9st.<\/p>\n\n\n\n<p>Szem\u00e9lyes adatok kezel\u00e9se a Felhaszn\u00e1l\u00f3 kifejezett hozz\u00e1j\u00e1rul\u00e1sa alapj\u00e1n t\u00f6rt\u00e9nik, valamint olyan esetekben, amikor jogszab\u00e1ly felhatalmazza az adatkezel\u0151t szem\u00e9lyes adatok kezel\u00e9s\u00e9re, vagy a szerz\u0151d\u0151 felek k\u00f6z\u00f6tt l\u00e9trej\u00f6tt szerz\u0151d\u00e9s teljes\u00edt\u00e9s\u00e9re.<\/p>\n\n\n\n<p>A weboldal az al\u00e1bbi m\u00f3don v\u00e9gez inform\u00e1ci\u00f3t a felhaszn\u00e1l\u00f3kr\u00f3l \u00e9s viselked\u00e9s\u00fckr\u0151l:<\/p>\n\n\n\n<p>A r\u00e1nk b\u00edzott adatok biztons\u00e1ga \u00e9rdek\u00e9ben bels\u0151 elj\u00e1r\u00e1sokat \u00e9s aj\u00e1nl\u00e1sokat dolgoztunk ki az adatokhoz val\u00f3 jogosulatlan hozz\u00e1f\u00e9r\u00e9s megakad\u00e1lyoz\u00e1s\u00e1ra. Ellen\u0151rizz\u00fck azok teljes\u00fcl\u00e9s\u00e9t, \u00e9s folyamatosan ellen\u0151rizz\u00fck, hogy megfelelnek-e a vonatkoz\u00f3 jogszab\u00e1lyoknak &#8211; a szem\u00e9lyes adatok v\u00e9delm\u00e9r\u0151l sz\u00f3l\u00f3 t\u00f6rv\u00e9nynek, az elektronikus szolg\u00e1ltat\u00e1sny\u00fajt\u00e1sr\u00f3l sz\u00f3l\u00f3 t\u00f6rv\u00e9nynek, valamint mindenf\u00e9le v\u00e9grehajt\u00e1si \u00e9s k\u00f6z\u00f6ss\u00e9gi jogszab\u00e1lynak.<\/p>\n\n\n\n<p>A szem\u00e9lyes adatok kezel\u00e9se a Felhaszn\u00e1l\u00f3 kifejezett hozz\u00e1j\u00e1rul\u00e1sa alapj\u00e1n t\u00f6rt\u00e9nik, valamint olyan esetekben, amikor jogszab\u00e1ly felhatalmazza az adatkezel\u0151t a szem\u00e9lyes adatok kezel\u00e9s\u00e9re, vagy a felek k\u00f6z\u00f6tt l\u00e9trej\u00f6tt szerz\u0151d\u00e9s teljes\u00edt\u00e9s\u00e9re.<\/p>\n\n\n\n<p>A weboldal az al\u00e1bbi m\u00f3don v\u00e9gez inform\u00e1ci\u00f3kat a felhaszn\u00e1l\u00f3kr\u00f3l \u00e9s viselked\u00e9s\u00fckr\u0151l:<\/p>\n\n\n\n<p>a) az \u0171rlapokba \u00f6nk\u00e9nt megadott inform\u00e1ci\u00f3k felhaszn\u00e1l\u00e1s\u00e1val<\/p>\n\n\n\n<p>b) cookie-k gy\u0171jt\u00e9se [l\u00e1sd a cookie szab\u00e1lyzatot]\n\n\n\n<h3 class=\"wp-block-heading\">Cookie-szab\u00e1lyzat<\/h3>\n\n\n\n<p>Weboldal Cookie-szab\u00e1lyzat https:\/\/betoff.eu<\/p>\n\n\n\n<p>A &#8222;cookie-k&#8221; olyan informatikai adatok, amelyeket a felhaszn\u00e1l\u00f3k v\u00e9gberendez\u00e9sein t\u00e1rolnak a weboldal haszn\u00e1lat\u00e1nak c\u00e9lj\u00e1b\u00f3l. Ezek f\u0151leg sz\u00f6veges f\u00e1jlok, amelyek tartalmazz\u00e1k annak a webhelynek a nev\u00e9t, amelyr\u0151l l\u00e9trehozt\u00e1k, a v\u00e9geszk\u00f6z\u00f6n val\u00f3 t\u00e1rol\u00e1s idej\u00e9t \u00e9s egy egyedi sz\u00e1mot.<\/p>\n\n\n\n<p>Az oldal nem gy\u0171jt automatikusan a s\u00fctikben szerepl\u0151 inform\u00e1ci\u00f3kon k\u00edv\u00fcl m\u00e1s inform\u00e1ci\u00f3kat.<\/p>\n\n\n\n<p>A s\u00fctik weboldalak haszn\u00e1lat\u00e1ra szolg\u00e1lnak. Az oper\u00e1tor ezeket a f\u00e1jlokat a k\u00f6vetkez\u0151kre haszn\u00e1lja:<\/p>\n\n\n\n<p>a) a bejelentkez\u00e9s \u00e9s a felhaszn\u00e1l\u00f3i munkamenet fenntart\u00e1s\u00e1nak lehet\u0151s\u00e9ge a weboldal minden tov\u00e1bbi oldal\u00e1n<\/p>\n\n\n\n<p>b) a weboldal tartalm\u00e1t a felhaszn\u00e1l\u00f3 egy\u00e9ni preferenci\u00e1ihoz igaz\u00edtsa, mivel ezek a f\u00e1jlok k\u00fcl\u00f6n\u00f6sen felismerik a k\u00e9sz\u00fcl\u00e9k\u00e9t, hogy a weboldalt az \u0151 preferenci\u00e1inak megfelel\u0151en jelen\u00edts\u00e9k meg<\/p>\n\n\n\n<p>c) anonim statisztik\u00e1k k\u00e9sz\u00edt\u00e9se, amelyek kiz\u00e1rj\u00e1k a felhaszn\u00e1l\u00f3 azonos\u00edt\u00e1s\u00e1nak lehet\u0151s\u00e9g\u00e9t.<\/p>\n\n\n\n<p>A weboldal \u00fczemeltet\u0151 partnerei \u00e1ltal haszn\u00e1lt cookie-kra, bele\u00e9rtve k\u00fcl\u00f6n\u00f6sen a webhely felhaszn\u00e1l\u00f3it, az adatv\u00e9delmi szab\u00e1lyzatuk vonatkozik.<\/p>\n\n\n\n<p>A r\u00e1nk b\u00edzott adatok biztons\u00e1ga \u00e9rdek\u00e9ben bels\u0151 v\u00e1llalati elj\u00e1r\u00e1sokat \u00e9s aj\u00e1nl\u00e1sokat dolgoztunk ki az adatokhoz val\u00f3 jogosulatlan hozz\u00e1f\u00e9r\u00e9s megakad\u00e1lyoz\u00e1s\u00e1ra. Ellen\u0151rizz\u00fck azok teljes\u00fcl\u00e9s\u00e9t, \u00e9s folyamatosan ellen\u0151rizz\u00fck a vonatkoz\u00f3 jogszab\u00e1lyoknak &#8211; a szem\u00e9lyes adatok v\u00e9delm\u00e9r\u0151l sz\u00f3l\u00f3 t\u00f6rv\u00e9nynek, az elektronikus szolg\u00e1ltat\u00e1sokr\u00f3l sz\u00f3l\u00f3 t\u00f6rv\u00e9nynek, valamint mindenf\u00e9le v\u00e9grehajt\u00e1si \u00e9s k\u00f6z\u00f6ss\u00e9gi jogszab\u00e1lynak val\u00f3 megfelel\u00e9st.<\/p>\n\n\n\n<p>A weboldal b\u00f6ng\u00e9sz\u00e9s\u00e9hez haszn\u00e1lt szoftver alap\u00e9rtelmez\u00e9s szerint lehet\u0151v\u00e9 teszi a cookie-k elhelyez\u00e9s\u00e9t a felhaszn\u00e1l\u00f3 v\u00e9gk\u00e9sz\u00fcl\u00e9k\u00e9n. A Felhaszn\u00e1l\u00f3 m\u00f3dos\u00edthatja ezeket a be\u00e1ll\u00edt\u00e1sokat \u00fagy, hogy a cookie-k automatikus feldolgoz\u00e1sa a b\u00f6ng\u00e9sz\u0151 be\u00e1ll\u00edt\u00e1saiban blokkolva legyen, vagy minden alkalommal \u00e9rtes\u00edt\u00e9st kapjon, amikor azok a Felhaszn\u00e1l\u00f3 eszk\u00f6z\u00e9re ker\u00fclnek.<\/p>\n\n\n\n<p>A weboldal felhaszn\u00e1l\u00f3i b\u00e1rmikor m\u00f3dos\u00edthatj\u00e1k a cookie-be\u00e1ll\u00edt\u00e1saikat. A cookie-k feldolgoz\u00e1s\u00e1nak lehet\u0151s\u00e9geir\u0151l \u00e9s m\u00f3dszereir\u0151l r\u00e9szletes inform\u00e1ci\u00f3kat a szoftver (b\u00f6ng\u00e9sz\u0151) be\u00e1ll\u00edt\u00e1sain\u00e1l tal\u00e1l. P\u00e9ld\u00e1k a n\u00e9pszer\u0171 b\u00f6ng\u00e9sz\u0151k testreszab\u00e1si lehet\u0151s\u00e9geire:<\/p>\n\n\n\n<p>Mozilla Firefox: www.support.mozilla.org\/pl\/kb\/ciasteczka<\/p>\n\n\n\n<p>\u2013 Internet Explorer: www.support.microsoft.com\/kb\/278835\/pl<\/p>\n\n\n\n<p>\u2013 Google Chrome: www.support.google.com\/chrome\/bin\/answer.py?hl=pl&amp;answer=95647<\/p>\n\n\n\n<p>\u2013 Safari: www.safari.helpmax.net\/sv\/spara-tid\/inneh\u00e5llsblockering\/<\/p>\n\n\n\n<p>A weboldal \u00fczemeltet\u0151je felh\u00edvja a figyelmet, hogy a felhaszn\u00e1l\u00f3 b\u00f6ng\u00e9sz\u0151 be\u00e1ll\u00edt\u00e1sainak m\u00f3dos\u00edt\u00e1sa eset\u00e9n el\u0151fordulhat, hogy a weboldal nem fog megfelel\u0151en m\u0171k\u00f6dni.<\/p>\n\n\n","protected":false},"excerpt":{"rendered":"<p>A webhely adatv\u00e9delmi szab\u00e1lyzata. https:\/\/betoff.eu Jelen szem\u00e9lyes adatv\u00e9delmi szab\u00e1lyzat r\u00f6gz\u00edti a Felhaszn\u00e1l\u00f3k \u00e1ltal a weboldalon kereszt\u00fcl t\u00f6rt\u00e9n\u0151 \u00e9rt\u00e9kes\u00edt\u00e9si szolg\u00e1ltat\u00e1sok ig\u00e9nybev\u00e9tel\u00e9vel \u00f6sszef\u00fcgg\u00e9sben megadott szem\u00e9lyes adatok kezel\u00e9s\u00e9nek \u00e9s v\u00e9delm\u00e9nek szab\u00e1lyait. Innovachem Krystian Grzyb \u00fcl\u00e9ssel ul. Sarmacka 21\/8 Varssavi Eur\u00f3pai ad\u00f3sz\u00e1m PL7621764306 A r\u00e1nk b\u00edzott adatok biztons\u00e1ga \u00e9rdek\u00e9ben bels\u0151 v\u00e1llalati elj\u00e1r\u00e1sokat \u00e9s aj\u00e1nl\u00e1sokat dolgoztunk ki az adatokhoz val\u00f3 [&#8230;]\n","protected":false},"author":1,"featured_media":0,"parent":0,"menu_order":0,"comment_status":"closed","ping_status":"closed","template":"","meta":{"om_disable_all_campaigns":false,"footnotes":""},"class_list":["post-13958","page","type-page","status-publish","hentry"],"yoast_head":"<!-- This site is optimized with the Yoast SEO plugin v25.9 - https:\/\/yoast.com\/wordpress\/plugins\/seo\/ -->\n<title>Adatv\u00e9delmi ir\u00e1nyelvek - BETOFF-Term\u00e9kek a beton vil\u00e1g\u00e1ba \u00e9s azon t\u00fal is!<\/title>\n<meta name=\"robots\" content=\"index, follow, max-snippet:-1, max-image-preview:large, max-video-preview:-1\" \/>\n<link rel=\"canonical\" href=\"https:\/\/betoff.eu\/hu\/adatvedelmi-iranyelvek\/\" \/>\n<meta property=\"og:locale\" content=\"hu_HU\" \/>\n<meta property=\"og:type\" content=\"article\" \/>\n<meta property=\"og:title\" content=\"Adatv\u00e9delmi ir\u00e1nyelvek - BETOFF-Term\u00e9kek a beton vil\u00e1g\u00e1ba \u00e9s azon t\u00fal is!\" \/>\n<meta property=\"og:description\" content=\"A webhely adatv\u00e9delmi szab\u00e1lyzata. https:\/\/betoff.eu Jelen szem\u00e9lyes adatv\u00e9delmi szab\u00e1lyzat r\u00f6gz\u00edti a Felhaszn\u00e1l\u00f3k \u00e1ltal a weboldalon kereszt\u00fcl t\u00f6rt\u00e9n\u0151 \u00e9rt\u00e9kes\u00edt\u00e9si szolg\u00e1ltat\u00e1sok ig\u00e9nybev\u00e9tel\u00e9vel \u00f6sszef\u00fcgg\u00e9sben megadott szem\u00e9lyes adatok kezel\u00e9s\u00e9nek \u00e9s v\u00e9delm\u00e9nek szab\u00e1lyait. Innovachem Krystian Grzyb \u00fcl\u00e9ssel ul. Sarmacka 21\/8 Varssavi Eur\u00f3pai ad\u00f3sz\u00e1m PL7621764306 A r\u00e1nk b\u00edzott adatok biztons\u00e1ga \u00e9rdek\u00e9ben bels\u0151 v\u00e1llalati elj\u00e1r\u00e1sokat \u00e9s aj\u00e1nl\u00e1sokat dolgoztunk ki az adatokhoz val\u00f3 [...]\" \/>\n<meta property=\"og:url\" content=\"https:\/\/betoff.eu\/hu\/adatvedelmi-iranyelvek\/\" \/>\n<meta property=\"og:site_name\" content=\"BETOFF-Term\u00e9kek a beton vil\u00e1g\u00e1ba \u00e9s azon t\u00fal is!\" \/>\n<meta property=\"article:modified_time\" content=\"2024-06-21T06:45:05+00:00\" \/>\n<meta name=\"twitter:card\" content=\"summary_large_image\" \/>\n<meta name=\"twitter:label1\" content=\"Becs\u00fclt olvas\u00e1si id\u0151\" \/>\n\t<meta name=\"twitter:data1\" content=\"4 perc\" \/>\n<script type=\"application\/ld+json\" class=\"yoast-schema-graph\">{\"@context\":\"https:\/\/schema.org\",\"@graph\":[{\"@type\":\"WebPage\",\"@id\":\"https:\/\/betoff.eu\/hu\/adatvedelmi-iranyelvek\/\",\"url\":\"https:\/\/betoff.eu\/hu\/adatvedelmi-iranyelvek\/\",\"name\":\"Adatv\u00e9delmi ir\u00e1nyelvek - BETOFF-Term\u00e9kek a beton vil\u00e1g\u00e1ba \u00e9s azon t\u00fal is!\",\"isPartOf\":{\"@id\":\"https:\/\/betoff.eu\/#website\"},\"datePublished\":\"2024-06-21T05:44:05+00:00\",\"dateModified\":\"2024-06-21T06:45:05+00:00\",\"breadcrumb\":{\"@id\":\"https:\/\/betoff.eu\/hu\/adatvedelmi-iranyelvek\/#breadcrumb\"},\"inLanguage\":\"hu\",\"potentialAction\":[{\"@type\":\"ReadAction\",\"target\":[\"https:\/\/betoff.eu\/hu\/adatvedelmi-iranyelvek\/\"]}]},{\"@type\":\"BreadcrumbList\",\"@id\":\"https:\/\/betoff.eu\/hu\/adatvedelmi-iranyelvek\/#breadcrumb\",\"itemListElement\":[{\"@type\":\"ListItem\",\"position\":1,\"name\":\"Hem\",\"item\":\"https:\/\/betoff.eu\/hu\/\"},{\"@type\":\"ListItem\",\"position\":2,\"name\":\"Adatv\u00e9delmi ir\u00e1nyelvek\"}]},{\"@type\":\"WebSite\",\"@id\":\"https:\/\/betoff.eu\/#website\",\"url\":\"https:\/\/betoff.eu\/\",\"name\":\"BETOFF-Products for the world of concrete and beyond!\",\"description\":\"Betoff - Betonelt\u00e1vol\u00edt\u00f3 folyad\u00e9k\",\"publisher\":{\"@id\":\"https:\/\/betoff.eu\/#\/schema\/person\/cded67f1acad0c68af8dcc171137512c\"},\"potentialAction\":[{\"@type\":\"SearchAction\",\"target\":{\"@type\":\"EntryPoint\",\"urlTemplate\":\"https:\/\/betoff.eu\/?s={search_term_string}\"},\"query-input\":{\"@type\":\"PropertyValueSpecification\",\"valueRequired\":true,\"valueName\":\"search_term_string\"}}],\"inLanguage\":\"hu\"},{\"@type\":[\"Person\",\"Organization\"],\"@id\":\"https:\/\/betoff.eu\/#\/schema\/person\/cded67f1acad0c68af8dcc171137512c\",\"name\":\"admin\",\"image\":{\"@type\":\"ImageObject\",\"inLanguage\":\"hu\",\"@id\":\"https:\/\/betoff.eu\/#\/schema\/person\/image\/\",\"url\":\"https:\/\/betoff.eu\/wp-content\/uploads\/2021\/02\/betoff-logo.png\",\"contentUrl\":\"https:\/\/betoff.eu\/wp-content\/uploads\/2021\/02\/betoff-logo.png\",\"width\":1024,\"height\":258,\"caption\":\"admin\"},\"logo\":{\"@id\":\"https:\/\/betoff.eu\/#\/schema\/person\/image\/\"}}]}<\/script>\n<!-- \/ Yoast SEO plugin. -->","yoast_head_json":{"title":"Adatv\u00e9delmi ir\u00e1nyelvek - BETOFF-Term\u00e9kek a beton vil\u00e1g\u00e1ba \u00e9s azon t\u00fal is!","robots":{"index":"index","follow":"follow","max-snippet":"max-snippet:-1","max-image-preview":"max-image-preview:large","max-video-preview":"max-video-preview:-1"},"canonical":"https:\/\/betoff.eu\/hu\/adatvedelmi-iranyelvek\/","og_locale":"hu_HU","og_type":"article","og_title":"Adatv\u00e9delmi ir\u00e1nyelvek - BETOFF-Term\u00e9kek a beton vil\u00e1g\u00e1ba \u00e9s azon t\u00fal is!","og_description":"A webhely adatv\u00e9delmi szab\u00e1lyzata. https:\/\/betoff.eu Jelen szem\u00e9lyes adatv\u00e9delmi szab\u00e1lyzat r\u00f6gz\u00edti a Felhaszn\u00e1l\u00f3k \u00e1ltal a weboldalon kereszt\u00fcl t\u00f6rt\u00e9n\u0151 \u00e9rt\u00e9kes\u00edt\u00e9si szolg\u00e1ltat\u00e1sok ig\u00e9nybev\u00e9tel\u00e9vel \u00f6sszef\u00fcgg\u00e9sben megadott szem\u00e9lyes adatok kezel\u00e9s\u00e9nek \u00e9s v\u00e9delm\u00e9nek szab\u00e1lyait. Innovachem Krystian Grzyb \u00fcl\u00e9ssel ul. Sarmacka 21\/8 Varssavi Eur\u00f3pai ad\u00f3sz\u00e1m PL7621764306 A r\u00e1nk b\u00edzott adatok biztons\u00e1ga \u00e9rdek\u00e9ben bels\u0151 v\u00e1llalati elj\u00e1r\u00e1sokat \u00e9s aj\u00e1nl\u00e1sokat dolgoztunk ki az adatokhoz val\u00f3 [...]","og_url":"https:\/\/betoff.eu\/hu\/adatvedelmi-iranyelvek\/","og_site_name":"BETOFF-Term\u00e9kek a beton vil\u00e1g\u00e1ba \u00e9s azon t\u00fal is!","article_modified_time":"2024-06-21T06:45:05+00:00","twitter_card":"summary_large_image","twitter_misc":{"Becs\u00fclt olvas\u00e1si id\u0151":"4 perc"},"schema":{"@context":"https:\/\/schema.org","@graph":[{"@type":"WebPage","@id":"https:\/\/betoff.eu\/hu\/adatvedelmi-iranyelvek\/","url":"https:\/\/betoff.eu\/hu\/adatvedelmi-iranyelvek\/","name":"Adatv\u00e9delmi ir\u00e1nyelvek - BETOFF-Term\u00e9kek a beton vil\u00e1g\u00e1ba \u00e9s azon t\u00fal is!","isPartOf":{"@id":"https:\/\/betoff.eu\/#website"},"datePublished":"2024-06-21T05:44:05+00:00","dateModified":"2024-06-21T06:45:05+00:00","breadcrumb":{"@id":"https:\/\/betoff.eu\/hu\/adatvedelmi-iranyelvek\/#breadcrumb"},"inLanguage":"hu","potentialAction":[{"@type":"ReadAction","target":["https:\/\/betoff.eu\/hu\/adatvedelmi-iranyelvek\/"]}]},{"@type":"BreadcrumbList","@id":"https:\/\/betoff.eu\/hu\/adatvedelmi-iranyelvek\/#breadcrumb","itemListElement":[{"@type":"ListItem","position":1,"name":"Hem","item":"https:\/\/betoff.eu\/hu\/"},{"@type":"ListItem","position":2,"name":"Adatv\u00e9delmi ir\u00e1nyelvek"}]},{"@type":"WebSite","@id":"https:\/\/betoff.eu\/#website","url":"https:\/\/betoff.eu\/","name":"BETOFF-Products for the world of concrete and beyond!","description":"Betoff - Betonelt\u00e1vol\u00edt\u00f3 folyad\u00e9k","publisher":{"@id":"https:\/\/betoff.eu\/#\/schema\/person\/cded67f1acad0c68af8dcc171137512c"},"potentialAction":[{"@type":"SearchAction","target":{"@type":"EntryPoint","urlTemplate":"https:\/\/betoff.eu\/?s={search_term_string}"},"query-input":{"@type":"PropertyValueSpecification","valueRequired":true,"valueName":"search_term_string"}}],"inLanguage":"hu"},{"@type":["Person","Organization"],"@id":"https:\/\/betoff.eu\/#\/schema\/person\/cded67f1acad0c68af8dcc171137512c","name":"admin","image":{"@type":"ImageObject","inLanguage":"hu","@id":"https:\/\/betoff.eu\/#\/schema\/person\/image\/","url":"https:\/\/betoff.eu\/wp-content\/uploads\/2021\/02\/betoff-logo.png","contentUrl":"https:\/\/betoff.eu\/wp-content\/uploads\/2021\/02\/betoff-logo.png","width":1024,"height":258,"caption":"admin"},"logo":{"@id":"https:\/\/betoff.eu\/#\/schema\/person\/image\/"}}]}},"_links":{"self":[{"href":"https:\/\/betoff.eu\/hu\/wp-json\/wp\/v2\/pages\/13958","targetHints":{"allow":["GET"]}}],"collection":[{"href":"https:\/\/betoff.eu\/hu\/wp-json\/wp\/v2\/pages"}],"about":[{"href":"https:\/\/betoff.eu\/hu\/wp-json\/wp\/v2\/types\/page"}],"author":[{"embeddable":true,"href":"https:\/\/betoff.eu\/hu\/wp-json\/wp\/v2\/users\/1"}],"replies":[{"embeddable":true,"href":"https:\/\/betoff.eu\/hu\/wp-json\/wp\/v2\/comments?post=13958"}],"version-history":[{"count":0,"href":"https:\/\/betoff.eu\/hu\/wp-json\/wp\/v2\/pages\/13958\/revisions"}],"wp:attachment":[{"href":"https:\/\/betoff.eu\/hu\/wp-json\/wp\/v2\/media?parent=13958"}],"curies":[{"name":"wp","href":"https:\/\/api.w.org\/{rel}","templated":true}]}}