{"id":14620,"date":"2024-07-24T11:33:05","date_gmt":"2024-07-24T09:33:05","guid":{"rendered":"https:\/\/betoff.eu\/?post_type=product&#038;p=14620"},"modified":"2024-07-24T11:38:24","modified_gmt":"2024-07-24T09:38:24","slug":"betoff-bio-5l-bio-tekucina-za-otapanje-betona-svjeza-i-rijetka-prljavstina","status":"publish","type":"product","link":"https:\/\/betoff.eu\/hr\/produkt\/betoff-bio-5l-bio-tekucina-za-otapanje-betona-svjeza-i-rijetka-prljavstina\/","title":{"rendered":"BETOFF-BIO &#8211; 5L &#8211; BIO teku\u0107ina za otapanje betona. Svje\u017ea i rijetka prljav\u0161tina"},"content":{"rendered":"","protected":false},"excerpt":{"rendered":"","protected":false},"featured_media":14621,"template":"","meta":{"om_disable_all_campaigns":false},"product_brand":[],"product_cat":[369],"product_tag":[],"class_list":{"0":"post-14620","1":"product","2":"type-product","3":"status-publish","4":"has-post-thumbnail","6":"product_cat-otapanje-betona","8":"first","9":"instock","10":"taxable","11":"shipping-taxable","12":"purchasable","13":"product-type-simple"},"yoast_head":"<!-- This site is optimized with the Yoast SEO plugin v25.9 - https:\/\/yoast.com\/wordpress\/plugins\/seo\/ -->\n<title>BETOFF-BIO - 5L - BIO teku\u0107ina za otapanje betona. Svje\u017ea i rijetka prljav\u0161tina - BETOFF-Proizvodi za svijet betona i \u0161ire!<\/title>\n<meta name=\"description\" content=\"BETOFF-BIO biorazgradivo sredstvo za otapanje betona idealan je na\u010din za \u010di\u0161\u0107enje osjetljivih povr\u0161ina. Uklonite cementno mlijeko, vodeni kamenac i hr\u0111u BETOFF-BIO teku\u0107inom!\" \/>\n<meta name=\"robots\" content=\"index, follow, max-snippet:-1, max-image-preview:large, max-video-preview:-1\" \/>\n<link rel=\"canonical\" href=\"https:\/\/betoff.eu\/hr\/produkt\/betoff-bio-5l-bio-tekucina-za-otapanje-betona-svjeza-i-rijetka-prljavstina\/\" \/>\n<meta property=\"og:locale\" content=\"hr_HR\" \/>\n<meta property=\"og:type\" content=\"article\" \/>\n<meta property=\"og:title\" content=\"BETOFF-BIO - 5L - BIO teku\u0107ina za otapanje betona. Svje\u017ea i rijetka prljav\u0161tina - BETOFF-Proizvodi za svijet betona i \u0161ire!\" \/>\n<meta property=\"og:description\" content=\"BETOFF-BIO biorazgradivo sredstvo za otapanje betona idealan je na\u010din za \u010di\u0161\u0107enje osjetljivih povr\u0161ina. Uklonite cementno mlijeko, vodeni kamenac i hr\u0111u BETOFF-BIO teku\u0107inom!\" \/>\n<meta property=\"og:url\" content=\"https:\/\/betoff.eu\/hr\/produkt\/betoff-bio-5l-bio-tekucina-za-otapanje-betona-svjeza-i-rijetka-prljavstina\/\" \/>\n<meta property=\"og:site_name\" content=\"BETOFF-Proizvodi za svijet betona i \u0161ire!\" \/>\n<meta property=\"article:modified_time\" content=\"2024-07-24T09:38:24+00:00\" \/>\n<meta property=\"og:image\" content=\"https:\/\/betoff.eu\/wp-content\/uploads\/2024\/07\/Betoff-Bio-5-L-neu-430x538-1.png\" \/>\n\t<meta property=\"og:image:width\" content=\"430\" \/>\n\t<meta property=\"og:image:height\" content=\"538\" \/>\n\t<meta property=\"og:image:type\" content=\"image\/png\" \/>\n<meta name=\"twitter:card\" content=\"summary_large_image\" \/>\n<meta name=\"twitter:label1\" content=\"Procijenjeno vrijeme \u010ditanja\" \/>\n\t<meta name=\"twitter:data1\" content=\"1 minuta\" \/>\n<script type=\"application\/ld+json\" class=\"yoast-schema-graph\">{\"@context\":\"https:\/\/schema.org\",\"@graph\":[{\"@type\":\"WebPage\",\"@id\":\"https:\/\/betoff.eu\/hr\/produkt\/betoff-bio-5l-bio-tekucina-za-otapanje-betona-svjeza-i-rijetka-prljavstina\/\",\"url\":\"https:\/\/betoff.eu\/hr\/produkt\/betoff-bio-5l-bio-tekucina-za-otapanje-betona-svjeza-i-rijetka-prljavstina\/\",\"name\":\"BETOFF-BIO - 5L - BIO teku\u0107ina za otapanje betona. Svje\u017ea i rijetka prljav\u0161tina - BETOFF-Proizvodi za svijet betona i \u0161ire!\",\"isPartOf\":{\"@id\":\"https:\/\/betoff.eu\/#website\"},\"primaryImageOfPage\":{\"@id\":\"https:\/\/betoff.eu\/hr\/produkt\/betoff-bio-5l-bio-tekucina-za-otapanje-betona-svjeza-i-rijetka-prljavstina\/#primaryimage\"},\"image\":{\"@id\":\"https:\/\/betoff.eu\/hr\/produkt\/betoff-bio-5l-bio-tekucina-za-otapanje-betona-svjeza-i-rijetka-prljavstina\/#primaryimage\"},\"thumbnailUrl\":\"https:\/\/betoff.eu\/wp-content\/uploads\/2024\/07\/Betoff-Bio-5-L-neu-430x538-1.png\",\"datePublished\":\"2024-07-24T09:33:05+00:00\",\"dateModified\":\"2024-07-24T09:38:24+00:00\",\"description\":\"BETOFF-BIO biorazgradivo sredstvo za otapanje betona idealan je na\u010din za \u010di\u0161\u0107enje osjetljivih povr\u0161ina. Uklonite cementno mlijeko, vodeni kamenac i hr\u0111u BETOFF-BIO teku\u0107inom!\",\"breadcrumb\":{\"@id\":\"https:\/\/betoff.eu\/hr\/produkt\/betoff-bio-5l-bio-tekucina-za-otapanje-betona-svjeza-i-rijetka-prljavstina\/#breadcrumb\"},\"inLanguage\":\"hr\",\"potentialAction\":[{\"@type\":\"ReadAction\",\"target\":[\"https:\/\/betoff.eu\/hr\/produkt\/betoff-bio-5l-bio-tekucina-za-otapanje-betona-svjeza-i-rijetka-prljavstina\/\"]}]},{\"@type\":\"ImageObject\",\"inLanguage\":\"hr\",\"@id\":\"https:\/\/betoff.eu\/hr\/produkt\/betoff-bio-5l-bio-tekucina-za-otapanje-betona-svjeza-i-rijetka-prljavstina\/#primaryimage\",\"url\":\"https:\/\/betoff.eu\/wp-content\/uploads\/2024\/07\/Betoff-Bio-5-L-neu-430x538-1.png\",\"contentUrl\":\"https:\/\/betoff.eu\/wp-content\/uploads\/2024\/07\/Betoff-Bio-5-L-neu-430x538-1.png\",\"width\":430,\"height\":538,\"caption\":\"Biorazgradivo sredstvo za otapanje betona\"},{\"@type\":\"BreadcrumbList\",\"@id\":\"https:\/\/betoff.eu\/hr\/produkt\/betoff-bio-5l-bio-tekucina-za-otapanje-betona-svjeza-i-rijetka-prljavstina\/#breadcrumb\",\"itemListElement\":[{\"@type\":\"ListItem\",\"position\":1,\"name\":\"Hem\",\"item\":\"https:\/\/betoff.eu\/hr\/\"},{\"@type\":\"ListItem\",\"position\":2,\"name\":\"Shop\",\"item\":\"https:\/\/betoff.eu\/pl\/sklep-2\/\"},{\"@type\":\"ListItem\",\"position\":3,\"name\":\"BETOFF-BIO &#8211; 5L &#8211; BIO teku\u0107ina za otapanje betona. Svje\u017ea i rijetka prljav\u0161tina\"}]},{\"@type\":\"WebSite\",\"@id\":\"https:\/\/betoff.eu\/#website\",\"url\":\"https:\/\/betoff.eu\/\",\"name\":\"BETOFF-Products for the world of concrete and beyond!\",\"description\":\"Betoff - Teku\u0107ina za uklanjanje betona\",\"publisher\":{\"@id\":\"https:\/\/betoff.eu\/#\/schema\/person\/cded67f1acad0c68af8dcc171137512c\"},\"potentialAction\":[{\"@type\":\"SearchAction\",\"target\":{\"@type\":\"EntryPoint\",\"urlTemplate\":\"https:\/\/betoff.eu\/?s={search_term_string}\"},\"query-input\":{\"@type\":\"PropertyValueSpecification\",\"valueRequired\":true,\"valueName\":\"search_term_string\"}}],\"inLanguage\":\"hr\"},{\"@type\":[\"Person\",\"Organization\"],\"@id\":\"https:\/\/betoff.eu\/#\/schema\/person\/cded67f1acad0c68af8dcc171137512c\",\"name\":\"admin\",\"image\":{\"@type\":\"ImageObject\",\"inLanguage\":\"hr\",\"@id\":\"https:\/\/betoff.eu\/#\/schema\/person\/image\/\",\"url\":\"https:\/\/betoff.eu\/wp-content\/uploads\/2021\/02\/betoff-logo.png\",\"contentUrl\":\"https:\/\/betoff.eu\/wp-content\/uploads\/2021\/02\/betoff-logo.png\",\"width\":1024,\"height\":258,\"caption\":\"admin\"},\"logo\":{\"@id\":\"https:\/\/betoff.eu\/#\/schema\/person\/image\/\"}}]}<\/script>\n<!-- \/ Yoast SEO plugin. -->","yoast_head_json":{"title":"BETOFF-BIO - 5L - BIO teku\u0107ina za otapanje betona. Svje\u017ea i rijetka prljav\u0161tina - BETOFF-Proizvodi za svijet betona i \u0161ire!","description":"BETOFF-BIO biorazgradivo sredstvo za otapanje betona idealan je na\u010din za \u010di\u0161\u0107enje osjetljivih povr\u0161ina. Uklonite cementno mlijeko, vodeni kamenac i hr\u0111u BETOFF-BIO teku\u0107inom!","robots":{"index":"index","follow":"follow","max-snippet":"max-snippet:-1","max-image-preview":"max-image-preview:large","max-video-preview":"max-video-preview:-1"},"canonical":"https:\/\/betoff.eu\/hr\/produkt\/betoff-bio-5l-bio-tekucina-za-otapanje-betona-svjeza-i-rijetka-prljavstina\/","og_locale":"hr_HR","og_type":"article","og_title":"BETOFF-BIO - 5L - BIO teku\u0107ina za otapanje betona. Svje\u017ea i rijetka prljav\u0161tina - BETOFF-Proizvodi za svijet betona i \u0161ire!","og_description":"BETOFF-BIO biorazgradivo sredstvo za otapanje betona idealan je na\u010din za \u010di\u0161\u0107enje osjetljivih povr\u0161ina. Uklonite cementno mlijeko, vodeni kamenac i hr\u0111u BETOFF-BIO teku\u0107inom!","og_url":"https:\/\/betoff.eu\/hr\/produkt\/betoff-bio-5l-bio-tekucina-za-otapanje-betona-svjeza-i-rijetka-prljavstina\/","og_site_name":"BETOFF-Proizvodi za svijet betona i \u0161ire!","article_modified_time":"2024-07-24T09:38:24+00:00","og_image":[{"width":430,"height":538,"url":"https:\/\/betoff.eu\/wp-content\/uploads\/2024\/07\/Betoff-Bio-5-L-neu-430x538-1.png","type":"image\/png"}],"twitter_card":"summary_large_image","twitter_misc":{"Procijenjeno vrijeme \u010ditanja":"1 minuta"},"schema":{"@context":"https:\/\/schema.org","@graph":[{"@type":"WebPage","@id":"https:\/\/betoff.eu\/hr\/produkt\/betoff-bio-5l-bio-tekucina-za-otapanje-betona-svjeza-i-rijetka-prljavstina\/","url":"https:\/\/betoff.eu\/hr\/produkt\/betoff-bio-5l-bio-tekucina-za-otapanje-betona-svjeza-i-rijetka-prljavstina\/","name":"BETOFF-BIO - 5L - BIO teku\u0107ina za otapanje betona. Svje\u017ea i rijetka prljav\u0161tina - BETOFF-Proizvodi za svijet betona i \u0161ire!","isPartOf":{"@id":"https:\/\/betoff.eu\/#website"},"primaryImageOfPage":{"@id":"https:\/\/betoff.eu\/hr\/produkt\/betoff-bio-5l-bio-tekucina-za-otapanje-betona-svjeza-i-rijetka-prljavstina\/#primaryimage"},"image":{"@id":"https:\/\/betoff.eu\/hr\/produkt\/betoff-bio-5l-bio-tekucina-za-otapanje-betona-svjeza-i-rijetka-prljavstina\/#primaryimage"},"thumbnailUrl":"https:\/\/betoff.eu\/wp-content\/uploads\/2024\/07\/Betoff-Bio-5-L-neu-430x538-1.png","datePublished":"2024-07-24T09:33:05+00:00","dateModified":"2024-07-24T09:38:24+00:00","description":"BETOFF-BIO biorazgradivo sredstvo za otapanje betona idealan je na\u010din za \u010di\u0161\u0107enje osjetljivih povr\u0161ina. Uklonite cementno mlijeko, vodeni kamenac i hr\u0111u BETOFF-BIO teku\u0107inom!","breadcrumb":{"@id":"https:\/\/betoff.eu\/hr\/produkt\/betoff-bio-5l-bio-tekucina-za-otapanje-betona-svjeza-i-rijetka-prljavstina\/#breadcrumb"},"inLanguage":"hr","potentialAction":[{"@type":"ReadAction","target":["https:\/\/betoff.eu\/hr\/produkt\/betoff-bio-5l-bio-tekucina-za-otapanje-betona-svjeza-i-rijetka-prljavstina\/"]}]},{"@type":"ImageObject","inLanguage":"hr","@id":"https:\/\/betoff.eu\/hr\/produkt\/betoff-bio-5l-bio-tekucina-za-otapanje-betona-svjeza-i-rijetka-prljavstina\/#primaryimage","url":"https:\/\/betoff.eu\/wp-content\/uploads\/2024\/07\/Betoff-Bio-5-L-neu-430x538-1.png","contentUrl":"https:\/\/betoff.eu\/wp-content\/uploads\/2024\/07\/Betoff-Bio-5-L-neu-430x538-1.png","width":430,"height":538,"caption":"Biorazgradivo sredstvo za otapanje betona"},{"@type":"BreadcrumbList","@id":"https:\/\/betoff.eu\/hr\/produkt\/betoff-bio-5l-bio-tekucina-za-otapanje-betona-svjeza-i-rijetka-prljavstina\/#breadcrumb","itemListElement":[{"@type":"ListItem","position":1,"name":"Hem","item":"https:\/\/betoff.eu\/hr\/"},{"@type":"ListItem","position":2,"name":"Shop","item":"https:\/\/betoff.eu\/pl\/sklep-2\/"},{"@type":"ListItem","position":3,"name":"BETOFF-BIO &#8211; 5L &#8211; BIO teku\u0107ina za otapanje betona. Svje\u017ea i rijetka prljav\u0161tina"}]},{"@type":"WebSite","@id":"https:\/\/betoff.eu\/#website","url":"https:\/\/betoff.eu\/","name":"BETOFF-Products for the world of concrete and beyond!","description":"Betoff - Teku\u0107ina za uklanjanje betona","publisher":{"@id":"https:\/\/betoff.eu\/#\/schema\/person\/cded67f1acad0c68af8dcc171137512c"},"potentialAction":[{"@type":"SearchAction","target":{"@type":"EntryPoint","urlTemplate":"https:\/\/betoff.eu\/?s={search_term_string}"},"query-input":{"@type":"PropertyValueSpecification","valueRequired":true,"valueName":"search_term_string"}}],"inLanguage":"hr"},{"@type":["Person","Organization"],"@id":"https:\/\/betoff.eu\/#\/schema\/person\/cded67f1acad0c68af8dcc171137512c","name":"admin","image":{"@type":"ImageObject","inLanguage":"hr","@id":"https:\/\/betoff.eu\/#\/schema\/person\/image\/","url":"https:\/\/betoff.eu\/wp-content\/uploads\/2021\/02\/betoff-logo.png","contentUrl":"https:\/\/betoff.eu\/wp-content\/uploads\/2021\/02\/betoff-logo.png","width":1024,"height":258,"caption":"admin"},"logo":{"@id":"https:\/\/betoff.eu\/#\/schema\/person\/image\/"}}]}},"_links":{"self":[{"href":"https:\/\/betoff.eu\/hr\/wp-json\/wp\/v2\/product\/14620","targetHints":{"allow":["GET"]}}],"collection":[{"href":"https:\/\/betoff.eu\/hr\/wp-json\/wp\/v2\/product"}],"about":[{"href":"https:\/\/betoff.eu\/hr\/wp-json\/wp\/v2\/types\/product"}],"wp:featuredmedia":[{"embeddable":true,"href":"https:\/\/betoff.eu\/hr\/wp-json\/wp\/v2\/media\/14621"}],"wp:attachment":[{"href":"https:\/\/betoff.eu\/hr\/wp-json\/wp\/v2\/media?parent=14620"}],"wp:term":[{"taxonomy":"product_brand","embeddable":true,"href":"https:\/\/betoff.eu\/hr\/wp-json\/wp\/v2\/product_brand?post=14620"},{"taxonomy":"product_cat","embeddable":true,"href":"https:\/\/betoff.eu\/hr\/wp-json\/wp\/v2\/product_cat?post=14620"},{"taxonomy":"product_tag","embeddable":true,"href":"https:\/\/betoff.eu\/hr\/wp-json\/wp\/v2\/product_tag?post=14620"}],"curies":[{"name":"wp","href":"https:\/\/api.w.org\/{rel}","templated":true}]}}