{"id":14096,"date":"2024-06-21T20:28:06","date_gmt":"2024-06-21T18:28:06","guid":{"rendered":"https:\/\/betoff.eu\/?page_id=14096"},"modified":"2024-06-24T09:10:49","modified_gmt":"2024-06-24T07:10:49","slug":"povrati-i-reklamacije","status":"publish","type":"page","link":"https:\/\/betoff.eu\/hr\/povrati-i-reklamacije\/","title":{"rendered":"Povrati i reklamacije"},"content":{"rendered":"\n\n\n<p>Povrati i reklamacije:<br>Reklamacije na teku\u0107inu kupljenu u online trgovini betoff.eu mogu se uputiti isklju\u010divo putem e-maila, na adresu: betoff@betoff.eu Molimo navedite broj narud\u017ebe generiran prilikom kupnje, kao i razlog za\u0161to ste se odlu\u010dili za vra\u0107anje proizvoda.<\/p>\n\n\n\n<p>Proizvod mora biti tvorni\u010dki zatvoren. Nakon \u0161to nam vratite proizvod, isti \u0107e biti ovjeren i tada \u0107emo, ukoliko \u010dep nije razbijen, vratiti iznos za koji je proizvod kupljen. Kupac ima pravo na povrat u roku od 14 dana od dana kupnje.<\/p>\n\n\n\n<p>Prigovor \u0107e biti obra\u0111en u roku od 5 radnih dana od dana primitka. Prvo \u0107e se pritu\u017eba pro\u010ditati i razmotriti u meritumu. Zatim \u0107e se izraditi obrazac s Va\u0161im podacima i razlogom prigovora, koji \u0107ete navesti u e-poruci koju nam po\u0161aljete. Kupac \u0107e dobiti povratni e-mail s ispunjenim obrascem koji treba potpisati i vratiti.<\/p>\n","protected":false},"excerpt":{"rendered":"<p>Povrati i reklamacije:Reklamacije na teku\u0107inu kupljenu u online trgovini betoff.eu mogu se uputiti isklju\u010divo putem e-maila, na adresu: betoff@betoff.eu Molimo navedite broj narud\u017ebe generiran prilikom kupnje, kao i razlog za\u0161to ste se odlu\u010dili za vra\u0107anje proizvoda. Proizvod mora biti tvorni\u010dki zatvoren. Nakon \u0161to nam vratite proizvod, isti \u0107e biti ovjeren i tada \u0107emo, ukoliko \u010dep [&#8230;]\n","protected":false},"author":1,"featured_media":0,"parent":0,"menu_order":0,"comment_status":"closed","ping_status":"closed","template":"","meta":{"om_disable_all_campaigns":false,"footnotes":""},"class_list":["post-14096","page","type-page","status-publish","hentry"],"yoast_head":"<!-- This site is optimized with the Yoast SEO plugin v25.9 - https:\/\/yoast.com\/wordpress\/plugins\/seo\/ -->\n<title>Povrati i reklamacije - BETOFF-Proizvodi za svijet betona i \u0161ire!<\/title>\n<meta name=\"robots\" content=\"index, follow, max-snippet:-1, max-image-preview:large, max-video-preview:-1\" \/>\n<link rel=\"canonical\" href=\"https:\/\/betoff.eu\/hr\/povrati-i-reklamacije\/\" \/>\n<meta property=\"og:locale\" content=\"hr_HR\" \/>\n<meta property=\"og:type\" content=\"article\" \/>\n<meta property=\"og:title\" content=\"Povrati i reklamacije - BETOFF-Proizvodi za svijet betona i \u0161ire!\" \/>\n<meta property=\"og:description\" content=\"Povrati i reklamacije:Reklamacije na teku\u0107inu kupljenu u online trgovini betoff.eu mogu se uputiti isklju\u010divo putem e-maila, na adresu: betoff@betoff.eu Molimo navedite broj narud\u017ebe generiran prilikom kupnje, kao i razlog za\u0161to ste se odlu\u010dili za vra\u0107anje proizvoda. Proizvod mora biti tvorni\u010dki zatvoren. Nakon \u0161to nam vratite proizvod, isti \u0107e biti ovjeren i tada \u0107emo, ukoliko \u010dep [...]\" \/>\n<meta property=\"og:url\" content=\"https:\/\/betoff.eu\/hr\/povrati-i-reklamacije\/\" \/>\n<meta property=\"og:site_name\" content=\"BETOFF-Proizvodi za svijet betona i \u0161ire!\" \/>\n<meta property=\"article:modified_time\" content=\"2024-06-24T07:10:49+00:00\" \/>\n<meta name=\"twitter:card\" content=\"summary_large_image\" \/>\n<meta name=\"twitter:label1\" content=\"Procijenjeno vrijeme \u010ditanja\" \/>\n\t<meta name=\"twitter:data1\" content=\"1 minuta\" \/>\n<script type=\"application\/ld+json\" class=\"yoast-schema-graph\">{\"@context\":\"https:\/\/schema.org\",\"@graph\":[{\"@type\":\"WebPage\",\"@id\":\"https:\/\/betoff.eu\/hr\/povrati-i-reklamacije\/\",\"url\":\"https:\/\/betoff.eu\/hr\/povrati-i-reklamacije\/\",\"name\":\"Povrati i reklamacije - BETOFF-Proizvodi za svijet betona i \u0161ire!\",\"isPartOf\":{\"@id\":\"https:\/\/betoff.eu\/#website\"},\"datePublished\":\"2024-06-21T18:28:06+00:00\",\"dateModified\":\"2024-06-24T07:10:49+00:00\",\"breadcrumb\":{\"@id\":\"https:\/\/betoff.eu\/hr\/povrati-i-reklamacije\/#breadcrumb\"},\"inLanguage\":\"hr\",\"potentialAction\":[{\"@type\":\"ReadAction\",\"target\":[\"https:\/\/betoff.eu\/hr\/povrati-i-reklamacije\/\"]}]},{\"@type\":\"BreadcrumbList\",\"@id\":\"https:\/\/betoff.eu\/hr\/povrati-i-reklamacije\/#breadcrumb\",\"itemListElement\":[{\"@type\":\"ListItem\",\"position\":1,\"name\":\"Hem\",\"item\":\"https:\/\/betoff.eu\/hr\/\"},{\"@type\":\"ListItem\",\"position\":2,\"name\":\"Povrati i reklamacije\"}]},{\"@type\":\"WebSite\",\"@id\":\"https:\/\/betoff.eu\/#website\",\"url\":\"https:\/\/betoff.eu\/\",\"name\":\"BETOFF-Products for the world of concrete and beyond!\",\"description\":\"Betoff - Teku\u0107ina za uklanjanje betona\",\"publisher\":{\"@id\":\"https:\/\/betoff.eu\/#\/schema\/person\/cded67f1acad0c68af8dcc171137512c\"},\"potentialAction\":[{\"@type\":\"SearchAction\",\"target\":{\"@type\":\"EntryPoint\",\"urlTemplate\":\"https:\/\/betoff.eu\/?s={search_term_string}\"},\"query-input\":{\"@type\":\"PropertyValueSpecification\",\"valueRequired\":true,\"valueName\":\"search_term_string\"}}],\"inLanguage\":\"hr\"},{\"@type\":[\"Person\",\"Organization\"],\"@id\":\"https:\/\/betoff.eu\/#\/schema\/person\/cded67f1acad0c68af8dcc171137512c\",\"name\":\"admin\",\"image\":{\"@type\":\"ImageObject\",\"inLanguage\":\"hr\",\"@id\":\"https:\/\/betoff.eu\/#\/schema\/person\/image\/\",\"url\":\"https:\/\/betoff.eu\/wp-content\/uploads\/2021\/02\/betoff-logo.png\",\"contentUrl\":\"https:\/\/betoff.eu\/wp-content\/uploads\/2021\/02\/betoff-logo.png\",\"width\":1024,\"height\":258,\"caption\":\"admin\"},\"logo\":{\"@id\":\"https:\/\/betoff.eu\/#\/schema\/person\/image\/\"}}]}<\/script>\n<!-- \/ Yoast SEO plugin. -->","yoast_head_json":{"title":"Povrati i reklamacije - BETOFF-Proizvodi za svijet betona i \u0161ire!","robots":{"index":"index","follow":"follow","max-snippet":"max-snippet:-1","max-image-preview":"max-image-preview:large","max-video-preview":"max-video-preview:-1"},"canonical":"https:\/\/betoff.eu\/hr\/povrati-i-reklamacije\/","og_locale":"hr_HR","og_type":"article","og_title":"Povrati i reklamacije - BETOFF-Proizvodi za svijet betona i \u0161ire!","og_description":"Povrati i reklamacije:Reklamacije na teku\u0107inu kupljenu u online trgovini betoff.eu mogu se uputiti isklju\u010divo putem e-maila, na adresu: betoff@betoff.eu Molimo navedite broj narud\u017ebe generiran prilikom kupnje, kao i razlog za\u0161to ste se odlu\u010dili za vra\u0107anje proizvoda. Proizvod mora biti tvorni\u010dki zatvoren. Nakon \u0161to nam vratite proizvod, isti \u0107e biti ovjeren i tada \u0107emo, ukoliko \u010dep [...]","og_url":"https:\/\/betoff.eu\/hr\/povrati-i-reklamacije\/","og_site_name":"BETOFF-Proizvodi za svijet betona i \u0161ire!","article_modified_time":"2024-06-24T07:10:49+00:00","twitter_card":"summary_large_image","twitter_misc":{"Procijenjeno vrijeme \u010ditanja":"1 minuta"},"schema":{"@context":"https:\/\/schema.org","@graph":[{"@type":"WebPage","@id":"https:\/\/betoff.eu\/hr\/povrati-i-reklamacije\/","url":"https:\/\/betoff.eu\/hr\/povrati-i-reklamacije\/","name":"Povrati i reklamacije - BETOFF-Proizvodi za svijet betona i \u0161ire!","isPartOf":{"@id":"https:\/\/betoff.eu\/#website"},"datePublished":"2024-06-21T18:28:06+00:00","dateModified":"2024-06-24T07:10:49+00:00","breadcrumb":{"@id":"https:\/\/betoff.eu\/hr\/povrati-i-reklamacije\/#breadcrumb"},"inLanguage":"hr","potentialAction":[{"@type":"ReadAction","target":["https:\/\/betoff.eu\/hr\/povrati-i-reklamacije\/"]}]},{"@type":"BreadcrumbList","@id":"https:\/\/betoff.eu\/hr\/povrati-i-reklamacije\/#breadcrumb","itemListElement":[{"@type":"ListItem","position":1,"name":"Hem","item":"https:\/\/betoff.eu\/hr\/"},{"@type":"ListItem","position":2,"name":"Povrati i reklamacije"}]},{"@type":"WebSite","@id":"https:\/\/betoff.eu\/#website","url":"https:\/\/betoff.eu\/","name":"BETOFF-Products for the world of concrete and beyond!","description":"Betoff - Teku\u0107ina za uklanjanje betona","publisher":{"@id":"https:\/\/betoff.eu\/#\/schema\/person\/cded67f1acad0c68af8dcc171137512c"},"potentialAction":[{"@type":"SearchAction","target":{"@type":"EntryPoint","urlTemplate":"https:\/\/betoff.eu\/?s={search_term_string}"},"query-input":{"@type":"PropertyValueSpecification","valueRequired":true,"valueName":"search_term_string"}}],"inLanguage":"hr"},{"@type":["Person","Organization"],"@id":"https:\/\/betoff.eu\/#\/schema\/person\/cded67f1acad0c68af8dcc171137512c","name":"admin","image":{"@type":"ImageObject","inLanguage":"hr","@id":"https:\/\/betoff.eu\/#\/schema\/person\/image\/","url":"https:\/\/betoff.eu\/wp-content\/uploads\/2021\/02\/betoff-logo.png","contentUrl":"https:\/\/betoff.eu\/wp-content\/uploads\/2021\/02\/betoff-logo.png","width":1024,"height":258,"caption":"admin"},"logo":{"@id":"https:\/\/betoff.eu\/#\/schema\/person\/image\/"}}]}},"_links":{"self":[{"href":"https:\/\/betoff.eu\/hr\/wp-json\/wp\/v2\/pages\/14096","targetHints":{"allow":["GET"]}}],"collection":[{"href":"https:\/\/betoff.eu\/hr\/wp-json\/wp\/v2\/pages"}],"about":[{"href":"https:\/\/betoff.eu\/hr\/wp-json\/wp\/v2\/types\/page"}],"author":[{"embeddable":true,"href":"https:\/\/betoff.eu\/hr\/wp-json\/wp\/v2\/users\/1"}],"replies":[{"embeddable":true,"href":"https:\/\/betoff.eu\/hr\/wp-json\/wp\/v2\/comments?post=14096"}],"version-history":[{"count":0,"href":"https:\/\/betoff.eu\/hr\/wp-json\/wp\/v2\/pages\/14096\/revisions"}],"wp:attachment":[{"href":"https:\/\/betoff.eu\/hr\/wp-json\/wp\/v2\/media?parent=14096"}],"curies":[{"name":"wp","href":"https:\/\/api.w.org\/{rel}","templated":true}]}}