{"id":14020,"date":"2024-06-21T20:04:52","date_gmt":"2024-06-21T18:04:52","guid":{"rendered":"https:\/\/betoff.eu\/?page_id=14020"},"modified":"2024-06-21T20:04:54","modified_gmt":"2024-06-21T18:04:54","slug":"pravila-online-trgovine","status":"publish","type":"page","link":"https:\/\/betoff.eu\/hr\/pravila-online-trgovine\/","title":{"rendered":"Pravila online trgovine"},"content":{"rendered":"\n\n\n<p>Ovim pravilnikom navedeni su uvjeti za obavljanje<br>kupnjom u online trgovini betoff.eu<\/p>\n\n\n\n<p>Prodava\u010d je Innovachem Krystian Grzyb z<br>sa sjedi\u0161tem u Var\u0161avi u ul. \u0160arma\u010dka 21\/8<br>(NIP 762-176-43-06).<\/p>\n\n\n\n<p>Narud\u017ebe se mogu izvr\u0161iti u online trgovini betoix.pl<br>podnesite 24 sata dnevno i registrirajte se ovdje<br>Trgovina je potpuno besplatna i volonterska. U trgovini<br>narud\u017ebe se mogu napraviti online na betoix.pl<br>samo odrasle osobe koje imaju punu<br>pravna sposobnost za sklapanje ugovora<br>ugovor o kupnji roba i usluga.<\/p>\n\n\n\n<p>Podaci navedeni na web stranici trgovine nisu<br>\u010dine ponude u smislu navedenom u Gra\u0111anskom zakoniku.<br>Narud\u017eba se tretira kao ponuda za kupnju<br>odabranu robu prema uvjetima navedenim u<br>Opis proizvoda.<\/p>\n\n\n\n<p>Narud\u017eba se potvr\u0111uje putem e-maila<br>Prodavatelj slanjem poruke putem e-maila<br>elektroni\u010dka. Narud\u017eba se obra\u0111uje nakon<br>evidentirati pla\u0107anje za robu navedenu u<br>narud\u017eba.<\/p>\n\n\n\n<p>Roba se \u0161alje na adresu navedenu u narud\u017ebi<br>Kupac u roku od 2-3 radna dana od datuma<br>poslati uplatu na ra\u010dun prodavatelja.<\/p>\n\n\n\n<p>Proizvodi ponu\u0111eni u internetskoj trgovini su legalni<br>predstavljen na poljskom tr\u017ei\u0161tu, potpuno nov i<br>bez pravnih i fizi\u010dkih nedostataka<\/p>\n","protected":false},"excerpt":{"rendered":"<p>Ovim pravilnikom navedeni su uvjeti za obavljanjekupnjom u online trgovini betoff.eu Prodava\u010d je Innovachem Krystian Grzyb zsa sjedi\u0161tem u Var\u0161avi u ul. \u0160arma\u010dka 21\/8(NIP 762-176-43-06). Narud\u017ebe se mogu izvr\u0161iti u online trgovini betoix.plpodnesite 24 sata dnevno i registrirajte se ovdjeTrgovina je potpuno besplatna i volonterska. U trgovininarud\u017ebe se mogu napraviti online na betoix.plsamo odrasle osobe [&#8230;]\n","protected":false},"author":1,"featured_media":0,"parent":0,"menu_order":0,"comment_status":"closed","ping_status":"closed","template":"","meta":{"om_disable_all_campaigns":false,"footnotes":""},"class_list":["post-14020","page","type-page","status-publish","hentry"],"yoast_head":"<!-- This site is optimized with the Yoast SEO plugin v25.9 - https:\/\/yoast.com\/wordpress\/plugins\/seo\/ -->\n<title>Pravila online trgovine - BETOFF-Proizvodi za svijet betona i \u0161ire!<\/title>\n<meta name=\"robots\" content=\"index, follow, max-snippet:-1, max-image-preview:large, max-video-preview:-1\" \/>\n<link rel=\"canonical\" href=\"https:\/\/betoff.eu\/hr\/pravila-online-trgovine\/\" \/>\n<meta property=\"og:locale\" content=\"hr_HR\" \/>\n<meta property=\"og:type\" content=\"article\" \/>\n<meta property=\"og:title\" content=\"Pravila online trgovine - BETOFF-Proizvodi za svijet betona i \u0161ire!\" \/>\n<meta property=\"og:description\" content=\"Ovim pravilnikom navedeni su uvjeti za obavljanjekupnjom u online trgovini betoff.eu Prodava\u010d je Innovachem Krystian Grzyb zsa sjedi\u0161tem u Var\u0161avi u ul. \u0160arma\u010dka 21\/8(NIP 762-176-43-06). Narud\u017ebe se mogu izvr\u0161iti u online trgovini betoix.plpodnesite 24 sata dnevno i registrirajte se ovdjeTrgovina je potpuno besplatna i volonterska. U trgovininarud\u017ebe se mogu napraviti online na betoix.plsamo odrasle osobe [...]\" \/>\n<meta property=\"og:url\" content=\"https:\/\/betoff.eu\/hr\/pravila-online-trgovine\/\" \/>\n<meta property=\"og:site_name\" content=\"BETOFF-Proizvodi za svijet betona i \u0161ire!\" \/>\n<meta property=\"article:modified_time\" content=\"2024-06-21T18:04:54+00:00\" \/>\n<meta name=\"twitter:card\" content=\"summary_large_image\" \/>\n<meta name=\"twitter:label1\" content=\"Procijenjeno vrijeme \u010ditanja\" \/>\n\t<meta name=\"twitter:data1\" content=\"2 minute\" \/>\n<script type=\"application\/ld+json\" class=\"yoast-schema-graph\">{\"@context\":\"https:\/\/schema.org\",\"@graph\":[{\"@type\":\"WebPage\",\"@id\":\"https:\/\/betoff.eu\/hr\/pravila-online-trgovine\/\",\"url\":\"https:\/\/betoff.eu\/hr\/pravila-online-trgovine\/\",\"name\":\"Pravila online trgovine - BETOFF-Proizvodi za svijet betona i \u0161ire!\",\"isPartOf\":{\"@id\":\"https:\/\/betoff.eu\/#website\"},\"datePublished\":\"2024-06-21T18:04:52+00:00\",\"dateModified\":\"2024-06-21T18:04:54+00:00\",\"breadcrumb\":{\"@id\":\"https:\/\/betoff.eu\/hr\/pravila-online-trgovine\/#breadcrumb\"},\"inLanguage\":\"hr\",\"potentialAction\":[{\"@type\":\"ReadAction\",\"target\":[\"https:\/\/betoff.eu\/hr\/pravila-online-trgovine\/\"]}]},{\"@type\":\"BreadcrumbList\",\"@id\":\"https:\/\/betoff.eu\/hr\/pravila-online-trgovine\/#breadcrumb\",\"itemListElement\":[{\"@type\":\"ListItem\",\"position\":1,\"name\":\"Hem\",\"item\":\"https:\/\/betoff.eu\/hr\/\"},{\"@type\":\"ListItem\",\"position\":2,\"name\":\"Pravila online trgovine\"}]},{\"@type\":\"WebSite\",\"@id\":\"https:\/\/betoff.eu\/#website\",\"url\":\"https:\/\/betoff.eu\/\",\"name\":\"BETOFF-Products for the world of concrete and beyond!\",\"description\":\"Betoff - Teku\u0107ina za uklanjanje betona\",\"publisher\":{\"@id\":\"https:\/\/betoff.eu\/#\/schema\/person\/cded67f1acad0c68af8dcc171137512c\"},\"potentialAction\":[{\"@type\":\"SearchAction\",\"target\":{\"@type\":\"EntryPoint\",\"urlTemplate\":\"https:\/\/betoff.eu\/?s={search_term_string}\"},\"query-input\":{\"@type\":\"PropertyValueSpecification\",\"valueRequired\":true,\"valueName\":\"search_term_string\"}}],\"inLanguage\":\"hr\"},{\"@type\":[\"Person\",\"Organization\"],\"@id\":\"https:\/\/betoff.eu\/#\/schema\/person\/cded67f1acad0c68af8dcc171137512c\",\"name\":\"admin\",\"image\":{\"@type\":\"ImageObject\",\"inLanguage\":\"hr\",\"@id\":\"https:\/\/betoff.eu\/#\/schema\/person\/image\/\",\"url\":\"https:\/\/betoff.eu\/wp-content\/uploads\/2021\/02\/betoff-logo.png\",\"contentUrl\":\"https:\/\/betoff.eu\/wp-content\/uploads\/2021\/02\/betoff-logo.png\",\"width\":1024,\"height\":258,\"caption\":\"admin\"},\"logo\":{\"@id\":\"https:\/\/betoff.eu\/#\/schema\/person\/image\/\"}}]}<\/script>\n<!-- \/ Yoast SEO plugin. -->","yoast_head_json":{"title":"Pravila online trgovine - BETOFF-Proizvodi za svijet betona i \u0161ire!","robots":{"index":"index","follow":"follow","max-snippet":"max-snippet:-1","max-image-preview":"max-image-preview:large","max-video-preview":"max-video-preview:-1"},"canonical":"https:\/\/betoff.eu\/hr\/pravila-online-trgovine\/","og_locale":"hr_HR","og_type":"article","og_title":"Pravila online trgovine - BETOFF-Proizvodi za svijet betona i \u0161ire!","og_description":"Ovim pravilnikom navedeni su uvjeti za obavljanjekupnjom u online trgovini betoff.eu Prodava\u010d je Innovachem Krystian Grzyb zsa sjedi\u0161tem u Var\u0161avi u ul. \u0160arma\u010dka 21\/8(NIP 762-176-43-06). Narud\u017ebe se mogu izvr\u0161iti u online trgovini betoix.plpodnesite 24 sata dnevno i registrirajte se ovdjeTrgovina je potpuno besplatna i volonterska. U trgovininarud\u017ebe se mogu napraviti online na betoix.plsamo odrasle osobe [...]","og_url":"https:\/\/betoff.eu\/hr\/pravila-online-trgovine\/","og_site_name":"BETOFF-Proizvodi za svijet betona i \u0161ire!","article_modified_time":"2024-06-21T18:04:54+00:00","twitter_card":"summary_large_image","twitter_misc":{"Procijenjeno vrijeme \u010ditanja":"2 minute"},"schema":{"@context":"https:\/\/schema.org","@graph":[{"@type":"WebPage","@id":"https:\/\/betoff.eu\/hr\/pravila-online-trgovine\/","url":"https:\/\/betoff.eu\/hr\/pravila-online-trgovine\/","name":"Pravila online trgovine - BETOFF-Proizvodi za svijet betona i \u0161ire!","isPartOf":{"@id":"https:\/\/betoff.eu\/#website"},"datePublished":"2024-06-21T18:04:52+00:00","dateModified":"2024-06-21T18:04:54+00:00","breadcrumb":{"@id":"https:\/\/betoff.eu\/hr\/pravila-online-trgovine\/#breadcrumb"},"inLanguage":"hr","potentialAction":[{"@type":"ReadAction","target":["https:\/\/betoff.eu\/hr\/pravila-online-trgovine\/"]}]},{"@type":"BreadcrumbList","@id":"https:\/\/betoff.eu\/hr\/pravila-online-trgovine\/#breadcrumb","itemListElement":[{"@type":"ListItem","position":1,"name":"Hem","item":"https:\/\/betoff.eu\/hr\/"},{"@type":"ListItem","position":2,"name":"Pravila online trgovine"}]},{"@type":"WebSite","@id":"https:\/\/betoff.eu\/#website","url":"https:\/\/betoff.eu\/","name":"BETOFF-Products for the world of concrete and beyond!","description":"Betoff - Teku\u0107ina za uklanjanje betona","publisher":{"@id":"https:\/\/betoff.eu\/#\/schema\/person\/cded67f1acad0c68af8dcc171137512c"},"potentialAction":[{"@type":"SearchAction","target":{"@type":"EntryPoint","urlTemplate":"https:\/\/betoff.eu\/?s={search_term_string}"},"query-input":{"@type":"PropertyValueSpecification","valueRequired":true,"valueName":"search_term_string"}}],"inLanguage":"hr"},{"@type":["Person","Organization"],"@id":"https:\/\/betoff.eu\/#\/schema\/person\/cded67f1acad0c68af8dcc171137512c","name":"admin","image":{"@type":"ImageObject","inLanguage":"hr","@id":"https:\/\/betoff.eu\/#\/schema\/person\/image\/","url":"https:\/\/betoff.eu\/wp-content\/uploads\/2021\/02\/betoff-logo.png","contentUrl":"https:\/\/betoff.eu\/wp-content\/uploads\/2021\/02\/betoff-logo.png","width":1024,"height":258,"caption":"admin"},"logo":{"@id":"https:\/\/betoff.eu\/#\/schema\/person\/image\/"}}]}},"_links":{"self":[{"href":"https:\/\/betoff.eu\/hr\/wp-json\/wp\/v2\/pages\/14020","targetHints":{"allow":["GET"]}}],"collection":[{"href":"https:\/\/betoff.eu\/hr\/wp-json\/wp\/v2\/pages"}],"about":[{"href":"https:\/\/betoff.eu\/hr\/wp-json\/wp\/v2\/types\/page"}],"author":[{"embeddable":true,"href":"https:\/\/betoff.eu\/hr\/wp-json\/wp\/v2\/users\/1"}],"replies":[{"embeddable":true,"href":"https:\/\/betoff.eu\/hr\/wp-json\/wp\/v2\/comments?post=14020"}],"version-history":[{"count":0,"href":"https:\/\/betoff.eu\/hr\/wp-json\/wp\/v2\/pages\/14020\/revisions"}],"wp:attachment":[{"href":"https:\/\/betoff.eu\/hr\/wp-json\/wp\/v2\/media?parent=14020"}],"curies":[{"name":"wp","href":"https:\/\/api.w.org\/{rel}","templated":true}]}}