{"id":13960,"date":"2024-06-21T07:44:05","date_gmt":"2024-06-21T05:44:05","guid":{"rendered":"https:\/\/betoff.eu\/?page_id=13960"},"modified":"2024-06-21T08:50:06","modified_gmt":"2024-06-21T06:50:06","slug":"politika-privatnosti","status":"publish","type":"page","link":"https:\/\/betoff.eu\/hr\/politika-privatnosti\/","title":{"rendered":"Politika privatnosti"},"content":{"rendered":"\n<p>Politika privatnosti web stranice. https:\/\/betoff.eu<\/p>\n\n\n\n<ol class=\"wp-block-list\">\n<li>Glavne informacije<\/li>\n<\/ol>\n\n\n\n<p>Ova politika za\u0161tite osobnih podataka utvr\u0111uje pravila upravljanja i za\u0161tite osobnih podataka koje Korisnici daju u vezi s kori\u0161tenjem prodajnih usluga putem web stranice.<\/p>\n\n\n\n<ol class=\"wp-block-list\" start=\"2\">\n<li>Voditelj osobnih podataka na web stranici je a<\/li>\n<\/ol>\n\n\n\n<p>Innovachem Krystian Grzyb sa sjedi\u0161tem ul. Sarmacka 21\/8 Varssavi Europski porezni ID PL7621764306<\/p>\n\n\n\n<p>Kako bismo za\u0161titili podatke koji su nam povjereni, razvili smo interne procedure i preporuke tvrtke za sprje\u010davanje neovla\u0161tenog pristupa podacima. Provjeravamo njihovu uskla\u0111enost i kontinuirano pratimo uskla\u0111enost s relevantnim zakonodavstvom &#8211; Zakonom o za\u0161titi osobnih podataka, Zakonom o elektroni\u010dkim uslugama i svim vrstama izvr\u0161nih i dru\u0161tvenih propisa.<\/p>\n\n\n\n<p>Osobni podaci obra\u0111uju se na temelju izri\u010ditog pristanka Korisnika, kao iu slu\u010dajevima kada zakonodavstvo ovla\u0161\u0107uje upravitelja podataka za obradu osobnih podataka ili za ispunjenje ugovora izme\u0111u ugovornih strana.<\/p>\n\n\n\n<p>Web stranica prikuplja podatke o korisnicima i njihovom pona\u0161anju na sljede\u0107i na\u010din:<\/p>\n\n\n\n<p>Kako bismo osigurali sigurnost podataka koji su nam povjereni, razvili smo interne procedure i preporuke za sprje\u010davanje neovla\u0161tenog pristupa podacima. Provjeravamo njihovu uskla\u0111enost i stalno provjeravamo uskla\u0111enost s relevantnim zakonodavstvom \u2013 Zakonom o za\u0161titi osobnih podataka, Zakonom o pru\u017eanju elektroni\u010dkih usluga, kao i svim vrstama izvr\u0161nih i komunalnih propisa.<\/p>\n\n\n\n<p>Obrada osobnih podataka temelji se na izri\u010ditoj privoli Korisnika, kao iu slu\u010dajevima kada zakonodavstvo ovla\u0161\u0107uje voditelja obrade osobnih podataka za obradu osobnih podataka ili za ispunjenje ugovora izme\u0111u strana.<\/p>\n\n\n\n<p>Web stranica prikuplja podatke o korisnicima i njihovom pona\u0161anju na sljede\u0107i na\u010din:<\/p>\n\n\n\n<p>a) kori\u0161tenje informacija dobrovoljno navedenih u obrascima<\/p>\n\n\n\n<p>b) prikupljanje kola\u010di\u0107a [pogledajte politiku kola\u010di\u0107a]\n\n\n\n<pre id=\"tw-target-text\" class=\"wp-block-preformatted\">Politika kola\u010di\u0107a<\/pre>\n\n\n\n<p>Politika kola\u010di\u0107a web stranice https:\/\/betoff.eu<\/p>\n\n\n\n<p>\u201eKola\u010di\u0107i\u201c su IT podaci koji se pohranjuju na krajnjim ure\u0111ajima korisnika u svrhu kori\u0161tenja web stranice. To su uglavnom tekstualne datoteke koje sadr\u017ee naziv web stranice s koje su nastale, vrijeme pohrane na krajnjem ure\u0111aju i jedinstveni broj.<\/p>\n\n\n\n<p>Stranica ne prikuplja automatski podatke osim onih sadr\u017eanih u kola\u010di\u0107ima.<\/p>\n\n\n\n<p>Kola\u010di\u0107i se koriste za kori\u0161tenje web stranica. Operater koristi ove datoteke za:<\/p>\n\n\n\n<p>a) mogu\u0107nost prijave i odr\u017eavanja korisni\u010dke sesije na svim ostalim stranicama web stranice<\/p>\n\n\n\n<p>b) prilagoditi sadr\u017eaj web stranice individualnim preferencijama korisnika, budu\u0107i da te datoteke prepoznaju va\u0161 ure\u0111aj posebno za prikaz web stranice prema njegovim preferencijama<\/p>\n\n\n\n<p>c) stvaranje anonimne statistike koja isklju\u010duje mogu\u0107nost identifikacije korisnika.<\/p>\n\n\n\n<p>Kola\u010di\u0107i koje koriste operativni partneri web stranice, uklju\u010duju\u0107i posebno korisnike web stranice, podlije\u017eu njihovoj politici privatnosti.<\/p>\n\n\n\n<p>Kako bismo za\u0161titili podatke koji su nam povjereni, razvili smo interne procedure i preporuke tvrtke za sprje\u010davanje neovla\u0161tenog pristupa podacima. Provjeravamo njihovu uskla\u0111enost i kontinuirano pratimo uskla\u0111enost s relevantnim zakonodavstvom &#8211; Zakonom o za\u0161titi osobnih podataka, Zakonom o elektroni\u010dkim uslugama i svim vrstama izvr\u0161nih i dru\u0161tvenih propisa.<\/p>\n\n\n\n<p>Prema zadanim postavkama, softver koji se koristi za pregledavanje web stranice dopu\u0161ta postavljanje kola\u010di\u0107a na krajnji ure\u0111aj korisnika. Korisnik mo\u017ee promijeniti ove postavke tako da se automatska obrada kola\u010di\u0107a blokira u postavkama preglednika ili da dobije obavijest svaki put kada se oni prenesu na Korisnikov ure\u0111aj.<\/p>\n\n\n\n<p>Korisnici web stranice mogu promijeniti svoje postavke kola\u010di\u0107a u bilo kojem trenutku. Detaljne informacije o mogu\u0107nostima i na\u010dinima obrade kola\u010di\u0107a mo\u017eete prona\u0107i u postavkama softvera (preglednika). Primjeri opcija prilagodbe za popularne preglednike:<\/p>\n\n\n\n<p>Mozilla Firefox: www.support.mozilla.org\/pl\/kb\/ciasteczka<\/p>\n\n\n\n<p>\u2013 Internet Explorer: www.support.microsoft.com\/kb\/278835\/pl<\/p>\n\n\n\n<p>\u2013 Google Chrome: www.support.google.com\/chrome\/bin\/answer.py?hl=pl&amp;answer=95647<\/p>\n\n\n\n<p>\u2013 Safari: www.safari.helpmax.net\/sv\/spara-tid\/inneh\u00e5llsblockering\/<\/p>\n\n\n\n<p>Operater web stranice skre\u0107e pozornost na \u010dinjenicu da u slu\u010daju promjene korisni\u010dkih postavki preglednika web stranica mo\u017eda ne\u0107e ispravno funkcionirati.<\/p>\n\n\n","protected":false},"excerpt":{"rendered":"<p>Politika privatnosti web stranice. https:\/\/betoff.eu Ova politika za\u0161tite osobnih podataka utvr\u0111uje pravila upravljanja i za\u0161tite osobnih podataka koje Korisnici daju u vezi s kori\u0161tenjem prodajnih usluga putem web stranice. Innovachem Krystian Grzyb sa sjedi\u0161tem ul. Sarmacka 21\/8 Varssavi Europski porezni ID PL7621764306 Kako bismo za\u0161titili podatke koji su nam povjereni, razvili smo interne procedure i [&#8230;]\n","protected":false},"author":1,"featured_media":0,"parent":0,"menu_order":0,"comment_status":"closed","ping_status":"closed","template":"","meta":{"om_disable_all_campaigns":false,"footnotes":""},"class_list":["post-13960","page","type-page","status-publish","hentry"],"yoast_head":"<!-- This site is optimized with the Yoast SEO plugin v25.9 - https:\/\/yoast.com\/wordpress\/plugins\/seo\/ -->\n<title>Politika privatnosti - BETOFF-Proizvodi za svijet betona i \u0161ire!<\/title>\n<meta name=\"robots\" content=\"index, follow, max-snippet:-1, max-image-preview:large, max-video-preview:-1\" \/>\n<link rel=\"canonical\" href=\"https:\/\/betoff.eu\/hr\/politika-privatnosti\/\" \/>\n<meta property=\"og:locale\" content=\"hr_HR\" \/>\n<meta property=\"og:type\" content=\"article\" \/>\n<meta property=\"og:title\" content=\"Politika privatnosti - BETOFF-Proizvodi za svijet betona i \u0161ire!\" \/>\n<meta property=\"og:description\" content=\"Politika privatnosti web stranice. https:\/\/betoff.eu Ova politika za\u0161tite osobnih podataka utvr\u0111uje pravila upravljanja i za\u0161tite osobnih podataka koje Korisnici daju u vezi s kori\u0161tenjem prodajnih usluga putem web stranice. Innovachem Krystian Grzyb sa sjedi\u0161tem ul. Sarmacka 21\/8 Varssavi Europski porezni ID PL7621764306 Kako bismo za\u0161titili podatke koji su nam povjereni, razvili smo interne procedure i [...]\" \/>\n<meta property=\"og:url\" content=\"https:\/\/betoff.eu\/hr\/politika-privatnosti\/\" \/>\n<meta property=\"og:site_name\" content=\"BETOFF-Proizvodi za svijet betona i \u0161ire!\" \/>\n<meta property=\"article:modified_time\" content=\"2024-06-21T06:50:06+00:00\" \/>\n<meta name=\"twitter:card\" content=\"summary_large_image\" \/>\n<meta name=\"twitter:label1\" content=\"Procijenjeno vrijeme \u010ditanja\" \/>\n\t<meta name=\"twitter:data1\" content=\"4 minute\" \/>\n<script type=\"application\/ld+json\" class=\"yoast-schema-graph\">{\"@context\":\"https:\/\/schema.org\",\"@graph\":[{\"@type\":\"WebPage\",\"@id\":\"https:\/\/betoff.eu\/hr\/politika-privatnosti\/\",\"url\":\"https:\/\/betoff.eu\/hr\/politika-privatnosti\/\",\"name\":\"Politika privatnosti - BETOFF-Proizvodi za svijet betona i \u0161ire!\",\"isPartOf\":{\"@id\":\"https:\/\/betoff.eu\/#website\"},\"datePublished\":\"2024-06-21T05:44:05+00:00\",\"dateModified\":\"2024-06-21T06:50:06+00:00\",\"breadcrumb\":{\"@id\":\"https:\/\/betoff.eu\/hr\/politika-privatnosti\/#breadcrumb\"},\"inLanguage\":\"hr\",\"potentialAction\":[{\"@type\":\"ReadAction\",\"target\":[\"https:\/\/betoff.eu\/hr\/politika-privatnosti\/\"]}]},{\"@type\":\"BreadcrumbList\",\"@id\":\"https:\/\/betoff.eu\/hr\/politika-privatnosti\/#breadcrumb\",\"itemListElement\":[{\"@type\":\"ListItem\",\"position\":1,\"name\":\"Hem\",\"item\":\"https:\/\/betoff.eu\/hr\/\"},{\"@type\":\"ListItem\",\"position\":2,\"name\":\"Politika privatnosti\"}]},{\"@type\":\"WebSite\",\"@id\":\"https:\/\/betoff.eu\/#website\",\"url\":\"https:\/\/betoff.eu\/\",\"name\":\"BETOFF-Products for the world of concrete and beyond!\",\"description\":\"Betoff - Teku\u0107ina za uklanjanje betona\",\"publisher\":{\"@id\":\"https:\/\/betoff.eu\/#\/schema\/person\/cded67f1acad0c68af8dcc171137512c\"},\"potentialAction\":[{\"@type\":\"SearchAction\",\"target\":{\"@type\":\"EntryPoint\",\"urlTemplate\":\"https:\/\/betoff.eu\/?s={search_term_string}\"},\"query-input\":{\"@type\":\"PropertyValueSpecification\",\"valueRequired\":true,\"valueName\":\"search_term_string\"}}],\"inLanguage\":\"hr\"},{\"@type\":[\"Person\",\"Organization\"],\"@id\":\"https:\/\/betoff.eu\/#\/schema\/person\/cded67f1acad0c68af8dcc171137512c\",\"name\":\"admin\",\"image\":{\"@type\":\"ImageObject\",\"inLanguage\":\"hr\",\"@id\":\"https:\/\/betoff.eu\/#\/schema\/person\/image\/\",\"url\":\"https:\/\/betoff.eu\/wp-content\/uploads\/2021\/02\/betoff-logo.png\",\"contentUrl\":\"https:\/\/betoff.eu\/wp-content\/uploads\/2021\/02\/betoff-logo.png\",\"width\":1024,\"height\":258,\"caption\":\"admin\"},\"logo\":{\"@id\":\"https:\/\/betoff.eu\/#\/schema\/person\/image\/\"}}]}<\/script>\n<!-- \/ Yoast SEO plugin. -->","yoast_head_json":{"title":"Politika privatnosti - BETOFF-Proizvodi za svijet betona i \u0161ire!","robots":{"index":"index","follow":"follow","max-snippet":"max-snippet:-1","max-image-preview":"max-image-preview:large","max-video-preview":"max-video-preview:-1"},"canonical":"https:\/\/betoff.eu\/hr\/politika-privatnosti\/","og_locale":"hr_HR","og_type":"article","og_title":"Politika privatnosti - BETOFF-Proizvodi za svijet betona i \u0161ire!","og_description":"Politika privatnosti web stranice. https:\/\/betoff.eu Ova politika za\u0161tite osobnih podataka utvr\u0111uje pravila upravljanja i za\u0161tite osobnih podataka koje Korisnici daju u vezi s kori\u0161tenjem prodajnih usluga putem web stranice. Innovachem Krystian Grzyb sa sjedi\u0161tem ul. Sarmacka 21\/8 Varssavi Europski porezni ID PL7621764306 Kako bismo za\u0161titili podatke koji su nam povjereni, razvili smo interne procedure i [...]","og_url":"https:\/\/betoff.eu\/hr\/politika-privatnosti\/","og_site_name":"BETOFF-Proizvodi za svijet betona i \u0161ire!","article_modified_time":"2024-06-21T06:50:06+00:00","twitter_card":"summary_large_image","twitter_misc":{"Procijenjeno vrijeme \u010ditanja":"4 minute"},"schema":{"@context":"https:\/\/schema.org","@graph":[{"@type":"WebPage","@id":"https:\/\/betoff.eu\/hr\/politika-privatnosti\/","url":"https:\/\/betoff.eu\/hr\/politika-privatnosti\/","name":"Politika privatnosti - BETOFF-Proizvodi za svijet betona i \u0161ire!","isPartOf":{"@id":"https:\/\/betoff.eu\/#website"},"datePublished":"2024-06-21T05:44:05+00:00","dateModified":"2024-06-21T06:50:06+00:00","breadcrumb":{"@id":"https:\/\/betoff.eu\/hr\/politika-privatnosti\/#breadcrumb"},"inLanguage":"hr","potentialAction":[{"@type":"ReadAction","target":["https:\/\/betoff.eu\/hr\/politika-privatnosti\/"]}]},{"@type":"BreadcrumbList","@id":"https:\/\/betoff.eu\/hr\/politika-privatnosti\/#breadcrumb","itemListElement":[{"@type":"ListItem","position":1,"name":"Hem","item":"https:\/\/betoff.eu\/hr\/"},{"@type":"ListItem","position":2,"name":"Politika privatnosti"}]},{"@type":"WebSite","@id":"https:\/\/betoff.eu\/#website","url":"https:\/\/betoff.eu\/","name":"BETOFF-Products for the world of concrete and beyond!","description":"Betoff - Teku\u0107ina za uklanjanje betona","publisher":{"@id":"https:\/\/betoff.eu\/#\/schema\/person\/cded67f1acad0c68af8dcc171137512c"},"potentialAction":[{"@type":"SearchAction","target":{"@type":"EntryPoint","urlTemplate":"https:\/\/betoff.eu\/?s={search_term_string}"},"query-input":{"@type":"PropertyValueSpecification","valueRequired":true,"valueName":"search_term_string"}}],"inLanguage":"hr"},{"@type":["Person","Organization"],"@id":"https:\/\/betoff.eu\/#\/schema\/person\/cded67f1acad0c68af8dcc171137512c","name":"admin","image":{"@type":"ImageObject","inLanguage":"hr","@id":"https:\/\/betoff.eu\/#\/schema\/person\/image\/","url":"https:\/\/betoff.eu\/wp-content\/uploads\/2021\/02\/betoff-logo.png","contentUrl":"https:\/\/betoff.eu\/wp-content\/uploads\/2021\/02\/betoff-logo.png","width":1024,"height":258,"caption":"admin"},"logo":{"@id":"https:\/\/betoff.eu\/#\/schema\/person\/image\/"}}]}},"_links":{"self":[{"href":"https:\/\/betoff.eu\/hr\/wp-json\/wp\/v2\/pages\/13960","targetHints":{"allow":["GET"]}}],"collection":[{"href":"https:\/\/betoff.eu\/hr\/wp-json\/wp\/v2\/pages"}],"about":[{"href":"https:\/\/betoff.eu\/hr\/wp-json\/wp\/v2\/types\/page"}],"author":[{"embeddable":true,"href":"https:\/\/betoff.eu\/hr\/wp-json\/wp\/v2\/users\/1"}],"replies":[{"embeddable":true,"href":"https:\/\/betoff.eu\/hr\/wp-json\/wp\/v2\/comments?post=13960"}],"version-history":[{"count":0,"href":"https:\/\/betoff.eu\/hr\/wp-json\/wp\/v2\/pages\/13960\/revisions"}],"wp:attachment":[{"href":"https:\/\/betoff.eu\/hr\/wp-json\/wp\/v2\/media?parent=13960"}],"curies":[{"name":"wp","href":"https:\/\/api.w.org\/{rel}","templated":true}]}}