{"id":43411,"date":"2024-11-07T09:53:49","date_gmt":"2024-11-07T08:53:49","guid":{"rendered":"https:\/\/betoff.eu\/?post_type=product&#038;p=43411"},"modified":"2024-11-07T09:53:49","modified_gmt":"2024-11-07T08:53:49","slug":"betoff-b-1-l-liquide-de-nettoyage-pour-le-beton-le-pavage-et-le-beton-prefabrique","status":"publish","type":"product","link":"https:\/\/betoff.eu\/fr\/produkt\/betoff-b-1-l-liquide-de-nettoyage-pour-le-beton-le-pavage-et-le-beton-prefabrique\/","title":{"rendered":"BETOFF-B &#8211; 1 L &#8211; Liquide de nettoyage pour le b\u00e9ton, le pavage et le b\u00e9ton pr\u00e9fabriqu\u00e9"},"content":{"rendered":"","protected":false},"excerpt":{"rendered":"","protected":false},"featured_media":43412,"template":"","meta":{"om_disable_all_campaigns":false},"product_brand":[],"product_cat":[560],"product_tag":[],"class_list":{"0":"post-43411","1":"product","2":"type-product","3":"status-publish","4":"has-post-thumbnail","6":"product_cat-nettoyage-du-beton","8":"first","9":"instock","10":"taxable","11":"shipping-taxable","12":"purchasable","13":"product-type-simple"},"yoast_head":"<!-- This site is optimized with the Yoast SEO plugin v25.9 - https:\/\/yoast.com\/wordpress\/plugins\/seo\/ -->\n<title>BETOFF-B - 1 L - Liquide de nettoyage pour le b\u00e9ton, le pavage et le b\u00e9ton pr\u00e9fabriqu\u00e9 - BETOFF-Des produits pour le monde du b\u00e9ton et au-del\u00e0 !<\/title>\n<meta name=\"description\" content=\"Liquide de nettoyage pour le b\u00e9ton, le pavage et le b\u00e9ton pr\u00e9fabriqu\u00e9. Enlevez toutes les salet\u00e9s des surfaces en b\u00e9ton avec le liquide BETOFF-B !\" \/>\n<meta name=\"robots\" content=\"index, follow, max-snippet:-1, max-image-preview:large, max-video-preview:-1\" \/>\n<link rel=\"canonical\" href=\"https:\/\/betoff.eu\/fr\/produkt\/betoff-b-1-l-liquide-de-nettoyage-pour-le-beton-le-pavage-et-le-beton-prefabrique\/\" \/>\n<meta property=\"og:locale\" content=\"fr_FR\" \/>\n<meta property=\"og:type\" content=\"article\" \/>\n<meta property=\"og:title\" content=\"BETOFF-B - 1 L - Liquide de nettoyage pour le b\u00e9ton, le pavage et le b\u00e9ton pr\u00e9fabriqu\u00e9 - BETOFF-Des produits pour le monde du b\u00e9ton et au-del\u00e0 !\" \/>\n<meta property=\"og:description\" content=\"Liquide de nettoyage pour le b\u00e9ton, le pavage et le b\u00e9ton pr\u00e9fabriqu\u00e9. Enlevez toutes les salet\u00e9s des surfaces en b\u00e9ton avec le liquide BETOFF-B !\" \/>\n<meta property=\"og:url\" content=\"https:\/\/betoff.eu\/fr\/produkt\/betoff-b-1-l-liquide-de-nettoyage-pour-le-beton-le-pavage-et-le-beton-prefabrique\/\" \/>\n<meta property=\"og:site_name\" content=\"BETOFF-Des produits pour le monde du b\u00e9ton et au-del\u00e0 !\" \/>\n<meta property=\"og:image\" content=\"https:\/\/betoff.eu\/wp-content\/uploads\/2024\/11\/BETOFF-B-1L.png\" \/>\n\t<meta property=\"og:image:width\" content=\"1597\" \/>\n\t<meta property=\"og:image:height\" content=\"2171\" \/>\n\t<meta property=\"og:image:type\" content=\"image\/png\" \/>\n<meta name=\"twitter:card\" content=\"summary_large_image\" \/>\n<meta name=\"twitter:label1\" content=\"Dur\u00e9e de lecture estim\u00e9e\" \/>\n\t<meta name=\"twitter:data1\" content=\"1 minute\" \/>\n<script type=\"application\/ld+json\" class=\"yoast-schema-graph\">{\"@context\":\"https:\/\/schema.org\",\"@graph\":[{\"@type\":\"WebPage\",\"@id\":\"https:\/\/betoff.eu\/fr\/produkt\/betoff-b-1-l-liquide-de-nettoyage-pour-le-beton-le-pavage-et-le-beton-prefabrique\/\",\"url\":\"https:\/\/betoff.eu\/fr\/produkt\/betoff-b-1-l-liquide-de-nettoyage-pour-le-beton-le-pavage-et-le-beton-prefabrique\/\",\"name\":\"BETOFF-B - 1 L - Liquide de nettoyage pour le b\u00e9ton, le pavage et le b\u00e9ton pr\u00e9fabriqu\u00e9 - BETOFF-Des produits pour le monde du b\u00e9ton et au-del\u00e0 !\",\"isPartOf\":{\"@id\":\"https:\/\/betoff.eu\/#website\"},\"primaryImageOfPage\":{\"@id\":\"https:\/\/betoff.eu\/fr\/produkt\/betoff-b-1-l-liquide-de-nettoyage-pour-le-beton-le-pavage-et-le-beton-prefabrique\/#primaryimage\"},\"image\":{\"@id\":\"https:\/\/betoff.eu\/fr\/produkt\/betoff-b-1-l-liquide-de-nettoyage-pour-le-beton-le-pavage-et-le-beton-prefabrique\/#primaryimage\"},\"thumbnailUrl\":\"https:\/\/betoff.eu\/wp-content\/uploads\/2024\/11\/BETOFF-B-1L.png\",\"datePublished\":\"2024-11-07T08:53:49+00:00\",\"description\":\"Liquide de nettoyage pour le b\u00e9ton, le pavage et le b\u00e9ton pr\u00e9fabriqu\u00e9. Enlevez toutes les salet\u00e9s des surfaces en b\u00e9ton avec le liquide BETOFF-B !\",\"breadcrumb\":{\"@id\":\"https:\/\/betoff.eu\/fr\/produkt\/betoff-b-1-l-liquide-de-nettoyage-pour-le-beton-le-pavage-et-le-beton-prefabrique\/#breadcrumb\"},\"inLanguage\":\"fr-FR\",\"potentialAction\":[{\"@type\":\"ReadAction\",\"target\":[\"https:\/\/betoff.eu\/fr\/produkt\/betoff-b-1-l-liquide-de-nettoyage-pour-le-beton-le-pavage-et-le-beton-prefabrique\/\"]}]},{\"@type\":\"ImageObject\",\"inLanguage\":\"fr-FR\",\"@id\":\"https:\/\/betoff.eu\/fr\/produkt\/betoff-b-1-l-liquide-de-nettoyage-pour-le-beton-le-pavage-et-le-beton-prefabrique\/#primaryimage\",\"url\":\"https:\/\/betoff.eu\/wp-content\/uploads\/2024\/11\/BETOFF-B-1L.png\",\"contentUrl\":\"https:\/\/betoff.eu\/wp-content\/uploads\/2024\/11\/BETOFF-B-1L.png\",\"width\":1597,\"height\":2171,\"caption\":\"Liquide pour nettoyer le b\u00e9ton, les pav\u00e9s et les \u00e9l\u00e9ments pr\u00e9fabriqu\u00e9s\"},{\"@type\":\"BreadcrumbList\",\"@id\":\"https:\/\/betoff.eu\/fr\/produkt\/betoff-b-1-l-liquide-de-nettoyage-pour-le-beton-le-pavage-et-le-beton-prefabrique\/#breadcrumb\",\"itemListElement\":[{\"@type\":\"ListItem\",\"position\":1,\"name\":\"Hem\",\"item\":\"https:\/\/betoff.eu\/\"},{\"@type\":\"ListItem\",\"position\":2,\"name\":\"Boutique\",\"item\":\"https:\/\/betoff.eu\/pl\/sklep-2\/\"},{\"@type\":\"ListItem\",\"position\":3,\"name\":\"BETOFF-B &#8211; 1 L &#8211; Liquide de nettoyage pour le b\u00e9ton, le pavage et le b\u00e9ton pr\u00e9fabriqu\u00e9\"}]},{\"@type\":\"WebSite\",\"@id\":\"https:\/\/betoff.eu\/#website\",\"url\":\"https:\/\/betoff.eu\/\",\"name\":\"BETOFF-Products for the world of concrete and beyond!\",\"description\":\"Betoff - Liquide d&#039;enl\u00e8vement du b\u00e9ton\",\"publisher\":{\"@id\":\"https:\/\/betoff.eu\/#\/schema\/person\/cded67f1acad0c68af8dcc171137512c\"},\"potentialAction\":[{\"@type\":\"SearchAction\",\"target\":{\"@type\":\"EntryPoint\",\"urlTemplate\":\"https:\/\/betoff.eu\/?s={search_term_string}\"},\"query-input\":{\"@type\":\"PropertyValueSpecification\",\"valueRequired\":true,\"valueName\":\"search_term_string\"}}],\"inLanguage\":\"fr-FR\"},{\"@type\":[\"Person\",\"Organization\"],\"@id\":\"https:\/\/betoff.eu\/#\/schema\/person\/cded67f1acad0c68af8dcc171137512c\",\"name\":\"admin\",\"image\":{\"@type\":\"ImageObject\",\"inLanguage\":\"fr-FR\",\"@id\":\"https:\/\/betoff.eu\/#\/schema\/person\/image\/\",\"url\":\"https:\/\/betoff.eu\/wp-content\/uploads\/2021\/02\/betoff-logo.png\",\"contentUrl\":\"https:\/\/betoff.eu\/wp-content\/uploads\/2021\/02\/betoff-logo.png\",\"width\":1024,\"height\":258,\"caption\":\"admin\"},\"logo\":{\"@id\":\"https:\/\/betoff.eu\/#\/schema\/person\/image\/\"}}]}<\/script>\n<!-- \/ Yoast SEO plugin. -->","yoast_head_json":{"title":"BETOFF-B - 1 L - Liquide de nettoyage pour le b\u00e9ton, le pavage et le b\u00e9ton pr\u00e9fabriqu\u00e9 - BETOFF-Des produits pour le monde du b\u00e9ton et au-del\u00e0 !","description":"Liquide de nettoyage pour le b\u00e9ton, le pavage et le b\u00e9ton pr\u00e9fabriqu\u00e9. Enlevez toutes les salet\u00e9s des surfaces en b\u00e9ton avec le liquide BETOFF-B !","robots":{"index":"index","follow":"follow","max-snippet":"max-snippet:-1","max-image-preview":"max-image-preview:large","max-video-preview":"max-video-preview:-1"},"canonical":"https:\/\/betoff.eu\/fr\/produkt\/betoff-b-1-l-liquide-de-nettoyage-pour-le-beton-le-pavage-et-le-beton-prefabrique\/","og_locale":"fr_FR","og_type":"article","og_title":"BETOFF-B - 1 L - Liquide de nettoyage pour le b\u00e9ton, le pavage et le b\u00e9ton pr\u00e9fabriqu\u00e9 - BETOFF-Des produits pour le monde du b\u00e9ton et au-del\u00e0 !","og_description":"Liquide de nettoyage pour le b\u00e9ton, le pavage et le b\u00e9ton pr\u00e9fabriqu\u00e9. Enlevez toutes les salet\u00e9s des surfaces en b\u00e9ton avec le liquide BETOFF-B !","og_url":"https:\/\/betoff.eu\/fr\/produkt\/betoff-b-1-l-liquide-de-nettoyage-pour-le-beton-le-pavage-et-le-beton-prefabrique\/","og_site_name":"BETOFF-Des produits pour le monde du b\u00e9ton et au-del\u00e0 !","og_image":[{"width":1597,"height":2171,"url":"https:\/\/betoff.eu\/wp-content\/uploads\/2024\/11\/BETOFF-B-1L.png","type":"image\/png"}],"twitter_card":"summary_large_image","twitter_misc":{"Dur\u00e9e de lecture estim\u00e9e":"1 minute"},"schema":{"@context":"https:\/\/schema.org","@graph":[{"@type":"WebPage","@id":"https:\/\/betoff.eu\/fr\/produkt\/betoff-b-1-l-liquide-de-nettoyage-pour-le-beton-le-pavage-et-le-beton-prefabrique\/","url":"https:\/\/betoff.eu\/fr\/produkt\/betoff-b-1-l-liquide-de-nettoyage-pour-le-beton-le-pavage-et-le-beton-prefabrique\/","name":"BETOFF-B - 1 L - Liquide de nettoyage pour le b\u00e9ton, le pavage et le b\u00e9ton pr\u00e9fabriqu\u00e9 - BETOFF-Des produits pour le monde du b\u00e9ton et au-del\u00e0 !","isPartOf":{"@id":"https:\/\/betoff.eu\/#website"},"primaryImageOfPage":{"@id":"https:\/\/betoff.eu\/fr\/produkt\/betoff-b-1-l-liquide-de-nettoyage-pour-le-beton-le-pavage-et-le-beton-prefabrique\/#primaryimage"},"image":{"@id":"https:\/\/betoff.eu\/fr\/produkt\/betoff-b-1-l-liquide-de-nettoyage-pour-le-beton-le-pavage-et-le-beton-prefabrique\/#primaryimage"},"thumbnailUrl":"https:\/\/betoff.eu\/wp-content\/uploads\/2024\/11\/BETOFF-B-1L.png","datePublished":"2024-11-07T08:53:49+00:00","description":"Liquide de nettoyage pour le b\u00e9ton, le pavage et le b\u00e9ton pr\u00e9fabriqu\u00e9. Enlevez toutes les salet\u00e9s des surfaces en b\u00e9ton avec le liquide BETOFF-B !","breadcrumb":{"@id":"https:\/\/betoff.eu\/fr\/produkt\/betoff-b-1-l-liquide-de-nettoyage-pour-le-beton-le-pavage-et-le-beton-prefabrique\/#breadcrumb"},"inLanguage":"fr-FR","potentialAction":[{"@type":"ReadAction","target":["https:\/\/betoff.eu\/fr\/produkt\/betoff-b-1-l-liquide-de-nettoyage-pour-le-beton-le-pavage-et-le-beton-prefabrique\/"]}]},{"@type":"ImageObject","inLanguage":"fr-FR","@id":"https:\/\/betoff.eu\/fr\/produkt\/betoff-b-1-l-liquide-de-nettoyage-pour-le-beton-le-pavage-et-le-beton-prefabrique\/#primaryimage","url":"https:\/\/betoff.eu\/wp-content\/uploads\/2024\/11\/BETOFF-B-1L.png","contentUrl":"https:\/\/betoff.eu\/wp-content\/uploads\/2024\/11\/BETOFF-B-1L.png","width":1597,"height":2171,"caption":"Liquide pour nettoyer le b\u00e9ton, les pav\u00e9s et les \u00e9l\u00e9ments pr\u00e9fabriqu\u00e9s"},{"@type":"BreadcrumbList","@id":"https:\/\/betoff.eu\/fr\/produkt\/betoff-b-1-l-liquide-de-nettoyage-pour-le-beton-le-pavage-et-le-beton-prefabrique\/#breadcrumb","itemListElement":[{"@type":"ListItem","position":1,"name":"Hem","item":"https:\/\/betoff.eu\/"},{"@type":"ListItem","position":2,"name":"Boutique","item":"https:\/\/betoff.eu\/pl\/sklep-2\/"},{"@type":"ListItem","position":3,"name":"BETOFF-B &#8211; 1 L &#8211; Liquide de nettoyage pour le b\u00e9ton, le pavage et le b\u00e9ton pr\u00e9fabriqu\u00e9"}]},{"@type":"WebSite","@id":"https:\/\/betoff.eu\/#website","url":"https:\/\/betoff.eu\/","name":"BETOFF-Products for the world of concrete and beyond!","description":"Betoff - Liquide d&#039;enl\u00e8vement du b\u00e9ton","publisher":{"@id":"https:\/\/betoff.eu\/#\/schema\/person\/cded67f1acad0c68af8dcc171137512c"},"potentialAction":[{"@type":"SearchAction","target":{"@type":"EntryPoint","urlTemplate":"https:\/\/betoff.eu\/?s={search_term_string}"},"query-input":{"@type":"PropertyValueSpecification","valueRequired":true,"valueName":"search_term_string"}}],"inLanguage":"fr-FR"},{"@type":["Person","Organization"],"@id":"https:\/\/betoff.eu\/#\/schema\/person\/cded67f1acad0c68af8dcc171137512c","name":"admin","image":{"@type":"ImageObject","inLanguage":"fr-FR","@id":"https:\/\/betoff.eu\/#\/schema\/person\/image\/","url":"https:\/\/betoff.eu\/wp-content\/uploads\/2021\/02\/betoff-logo.png","contentUrl":"https:\/\/betoff.eu\/wp-content\/uploads\/2021\/02\/betoff-logo.png","width":1024,"height":258,"caption":"admin"},"logo":{"@id":"https:\/\/betoff.eu\/#\/schema\/person\/image\/"}}]}},"_links":{"self":[{"href":"https:\/\/betoff.eu\/fr\/wp-json\/wp\/v2\/product\/43411","targetHints":{"allow":["GET"]}}],"collection":[{"href":"https:\/\/betoff.eu\/fr\/wp-json\/wp\/v2\/product"}],"about":[{"href":"https:\/\/betoff.eu\/fr\/wp-json\/wp\/v2\/types\/product"}],"wp:featuredmedia":[{"embeddable":true,"href":"https:\/\/betoff.eu\/fr\/wp-json\/wp\/v2\/media\/43412"}],"wp:attachment":[{"href":"https:\/\/betoff.eu\/fr\/wp-json\/wp\/v2\/media?parent=43411"}],"wp:term":[{"taxonomy":"product_brand","embeddable":true,"href":"https:\/\/betoff.eu\/fr\/wp-json\/wp\/v2\/product_brand?post=43411"},{"taxonomy":"product_cat","embeddable":true,"href":"https:\/\/betoff.eu\/fr\/wp-json\/wp\/v2\/product_cat?post=43411"},{"taxonomy":"product_tag","embeddable":true,"href":"https:\/\/betoff.eu\/fr\/wp-json\/wp\/v2\/product_tag?post=43411"}],"curies":[{"name":"wp","href":"https:\/\/api.w.org\/{rel}","templated":true}]}}