{"id":39997,"date":"2024-09-20T09:15:08","date_gmt":"2024-09-20T07:15:08","guid":{"rendered":"https:\/\/betoff.eu\/?post_type=product&#038;p=39997"},"modified":"2024-09-20T09:15:08","modified_gmt":"2024-09-20T07:15:08","slug":"betoff-f-2l-plyn-do-czyszczenia-fug","status":"publish","type":"product","link":"https:\/\/betoff.eu\/fi\/produkt\/betoff-f-2l-plyn-do-czyszczenia-fug\/","title":{"rendered":"BETOFF-F &#8211; 2L &#8211; P\u0142yn do czyszczenia fug"},"content":{"rendered":"","protected":false},"excerpt":{"rendered":"","protected":false},"featured_media":38752,"template":"","meta":{"om_disable_all_campaigns":false},"product_brand":[],"product_cat":[551],"product_tag":[],"class_list":{"0":"post-39997","1":"product","2":"type-product","3":"status-publish","4":"has-post-thumbnail","6":"product_cat-czyszczenie-fug","8":"first","9":"instock","10":"taxable","11":"shipping-taxable","12":"product-type-simple"},"yoast_head":"<!-- This site is optimized with the Yoast SEO plugin v25.9 - https:\/\/yoast.com\/wordpress\/plugins\/seo\/ -->\n<title>BETOFF-F - 2L - P\u0142yn do czyszczenia fug - BETOFF-Tuotteita betonimaailmaan ja muualle!<\/title>\n<meta name=\"description\" content=\"Jak wyczy\u015bci\u0107 fugi w \u0142azience i kuchni bez szorowania? Sprawd\u017a innowacyjny preparat czyszcz\u0105cy BETOFF-F! Dzia\u0142a, bo jest innowacyjny i specjalistyczny!\" \/>\n<meta name=\"robots\" content=\"index, follow, max-snippet:-1, max-image-preview:large, max-video-preview:-1\" \/>\n<link rel=\"canonical\" href=\"https:\/\/betoff.eu\/produkt\/betoff-f-2l-plyn-do-czyszczenia-fug\/\" \/>\n<meta property=\"og:locale\" content=\"fi_FI\" \/>\n<meta property=\"og:type\" content=\"article\" \/>\n<meta property=\"og:title\" content=\"BETOFF-F - 2L - P\u0142yn do czyszczenia fug - BETOFF-Tuotteita betonimaailmaan ja muualle!\" \/>\n<meta property=\"og:description\" content=\"Jak wyczy\u015bci\u0107 fugi w \u0142azience i kuchni bez szorowania? Sprawd\u017a innowacyjny preparat czyszcz\u0105cy BETOFF-F! Dzia\u0142a, bo jest innowacyjny i specjalistyczny!\" \/>\n<meta property=\"og:url\" content=\"https:\/\/betoff.eu\/produkt\/betoff-f-2l-plyn-do-czyszczenia-fug\/\" \/>\n<meta property=\"og:site_name\" content=\"BETOFF-Tuotteita betonimaailmaan ja muualle!\" \/>\n<meta property=\"og:image\" content=\"https:\/\/betoff.eu\/wp-content\/uploads\/2024\/08\/Betoff-F-x2-czechy-3.png\" \/>\n\t<meta property=\"og:image:width\" content=\"1530\" \/>\n\t<meta property=\"og:image:height\" content=\"2080\" \/>\n\t<meta property=\"og:image:type\" content=\"image\/png\" \/>\n<meta name=\"twitter:card\" content=\"summary_large_image\" \/>\n<meta name=\"twitter:label1\" content=\"Arvioitu lukuaika\" \/>\n\t<meta name=\"twitter:data1\" content=\"1 minuutti\" \/>\n<script type=\"application\/ld+json\" class=\"yoast-schema-graph\">{\"@context\":\"https:\/\/schema.org\",\"@graph\":[{\"@type\":\"WebPage\",\"@id\":\"https:\/\/betoff.eu\/produkt\/betoff-f-2l-plyn-do-czyszczenia-fug\/\",\"url\":\"https:\/\/betoff.eu\/produkt\/betoff-f-2l-plyn-do-czyszczenia-fug\/\",\"name\":\"BETOFF-F - 2L - P\u0142yn do czyszczenia fug - BETOFF-Tuotteita betonimaailmaan ja muualle!\",\"isPartOf\":{\"@id\":\"https:\/\/betoff.eu\/#website\"},\"primaryImageOfPage\":{\"@id\":\"https:\/\/betoff.eu\/produkt\/betoff-f-2l-plyn-do-czyszczenia-fug\/#primaryimage\"},\"image\":{\"@id\":\"https:\/\/betoff.eu\/produkt\/betoff-f-2l-plyn-do-czyszczenia-fug\/#primaryimage\"},\"thumbnailUrl\":\"https:\/\/betoff.eu\/wp-content\/uploads\/2024\/08\/Betoff-F-x2-czechy-3.png\",\"datePublished\":\"2024-09-20T07:15:08+00:00\",\"description\":\"Jak wyczy\u015bci\u0107 fugi w \u0142azience i kuchni bez szorowania? Sprawd\u017a innowacyjny preparat czyszcz\u0105cy BETOFF-F! Dzia\u0142a, bo jest innowacyjny i specjalistyczny!\",\"breadcrumb\":{\"@id\":\"https:\/\/betoff.eu\/produkt\/betoff-f-2l-plyn-do-czyszczenia-fug\/#breadcrumb\"},\"inLanguage\":\"fi\",\"potentialAction\":[{\"@type\":\"ReadAction\",\"target\":[\"https:\/\/betoff.eu\/produkt\/betoff-f-2l-plyn-do-czyszczenia-fug\/\"]}]},{\"@type\":\"ImageObject\",\"inLanguage\":\"fi\",\"@id\":\"https:\/\/betoff.eu\/produkt\/betoff-f-2l-plyn-do-czyszczenia-fug\/#primaryimage\",\"url\":\"https:\/\/betoff.eu\/wp-content\/uploads\/2024\/08\/Betoff-F-x2-czechy-3.png\",\"contentUrl\":\"https:\/\/betoff.eu\/wp-content\/uploads\/2024\/08\/Betoff-F-x2-czechy-3.png\",\"width\":1530,\"height\":2080,\"caption\":\"Preparat czyszcz\u0105cy fugi\"},{\"@type\":\"BreadcrumbList\",\"@id\":\"https:\/\/betoff.eu\/produkt\/betoff-f-2l-plyn-do-czyszczenia-fug\/#breadcrumb\",\"itemListElement\":[{\"@type\":\"ListItem\",\"position\":1,\"name\":\"Hem\",\"item\":\"https:\/\/betoff.eu\/fi\/\"},{\"@type\":\"ListItem\",\"position\":2,\"name\":\"Shop\",\"item\":\"https:\/\/betoff.eu\/pl\/sklep-2\/\"},{\"@type\":\"ListItem\",\"position\":3,\"name\":\"BETOFF-F &#8211; 2L &#8211; P\u0142yn do czyszczenia fug\"}]},{\"@type\":\"WebSite\",\"@id\":\"https:\/\/betoff.eu\/#website\",\"url\":\"https:\/\/betoff.eu\/\",\"name\":\"BETOFF-Products for the world of concrete and beyond!\",\"description\":\"Betoff - Betoninpoistoneste\",\"publisher\":{\"@id\":\"https:\/\/betoff.eu\/#\/schema\/person\/cded67f1acad0c68af8dcc171137512c\"},\"potentialAction\":[{\"@type\":\"SearchAction\",\"target\":{\"@type\":\"EntryPoint\",\"urlTemplate\":\"https:\/\/betoff.eu\/?s={search_term_string}\"},\"query-input\":{\"@type\":\"PropertyValueSpecification\",\"valueRequired\":true,\"valueName\":\"search_term_string\"}}],\"inLanguage\":\"fi\"},{\"@type\":[\"Person\",\"Organization\"],\"@id\":\"https:\/\/betoff.eu\/#\/schema\/person\/cded67f1acad0c68af8dcc171137512c\",\"name\":\"admin\",\"image\":{\"@type\":\"ImageObject\",\"inLanguage\":\"fi\",\"@id\":\"https:\/\/betoff.eu\/#\/schema\/person\/image\/\",\"url\":\"https:\/\/betoff.eu\/wp-content\/uploads\/2021\/02\/betoff-logo.png\",\"contentUrl\":\"https:\/\/betoff.eu\/wp-content\/uploads\/2021\/02\/betoff-logo.png\",\"width\":1024,\"height\":258,\"caption\":\"admin\"},\"logo\":{\"@id\":\"https:\/\/betoff.eu\/#\/schema\/person\/image\/\"}}]}<\/script>\n<!-- \/ Yoast SEO plugin. -->","yoast_head_json":{"title":"BETOFF-F - 2L - P\u0142yn do czyszczenia fug - BETOFF-Tuotteita betonimaailmaan ja muualle!","description":"Jak wyczy\u015bci\u0107 fugi w \u0142azience i kuchni bez szorowania? Sprawd\u017a innowacyjny preparat czyszcz\u0105cy BETOFF-F! Dzia\u0142a, bo jest innowacyjny i specjalistyczny!","robots":{"index":"index","follow":"follow","max-snippet":"max-snippet:-1","max-image-preview":"max-image-preview:large","max-video-preview":"max-video-preview:-1"},"canonical":"https:\/\/betoff.eu\/produkt\/betoff-f-2l-plyn-do-czyszczenia-fug\/","og_locale":"fi_FI","og_type":"article","og_title":"BETOFF-F - 2L - P\u0142yn do czyszczenia fug - BETOFF-Tuotteita betonimaailmaan ja muualle!","og_description":"Jak wyczy\u015bci\u0107 fugi w \u0142azience i kuchni bez szorowania? Sprawd\u017a innowacyjny preparat czyszcz\u0105cy BETOFF-F! Dzia\u0142a, bo jest innowacyjny i specjalistyczny!","og_url":"https:\/\/betoff.eu\/produkt\/betoff-f-2l-plyn-do-czyszczenia-fug\/","og_site_name":"BETOFF-Tuotteita betonimaailmaan ja muualle!","og_image":[{"width":1530,"height":2080,"url":"https:\/\/betoff.eu\/wp-content\/uploads\/2024\/08\/Betoff-F-x2-czechy-3.png","type":"image\/png"}],"twitter_card":"summary_large_image","twitter_misc":{"Arvioitu lukuaika":"1 minuutti"},"schema":{"@context":"https:\/\/schema.org","@graph":[{"@type":"WebPage","@id":"https:\/\/betoff.eu\/produkt\/betoff-f-2l-plyn-do-czyszczenia-fug\/","url":"https:\/\/betoff.eu\/produkt\/betoff-f-2l-plyn-do-czyszczenia-fug\/","name":"BETOFF-F - 2L - P\u0142yn do czyszczenia fug - BETOFF-Tuotteita betonimaailmaan ja muualle!","isPartOf":{"@id":"https:\/\/betoff.eu\/#website"},"primaryImageOfPage":{"@id":"https:\/\/betoff.eu\/produkt\/betoff-f-2l-plyn-do-czyszczenia-fug\/#primaryimage"},"image":{"@id":"https:\/\/betoff.eu\/produkt\/betoff-f-2l-plyn-do-czyszczenia-fug\/#primaryimage"},"thumbnailUrl":"https:\/\/betoff.eu\/wp-content\/uploads\/2024\/08\/Betoff-F-x2-czechy-3.png","datePublished":"2024-09-20T07:15:08+00:00","description":"Jak wyczy\u015bci\u0107 fugi w \u0142azience i kuchni bez szorowania? Sprawd\u017a innowacyjny preparat czyszcz\u0105cy BETOFF-F! Dzia\u0142a, bo jest innowacyjny i specjalistyczny!","breadcrumb":{"@id":"https:\/\/betoff.eu\/produkt\/betoff-f-2l-plyn-do-czyszczenia-fug\/#breadcrumb"},"inLanguage":"fi","potentialAction":[{"@type":"ReadAction","target":["https:\/\/betoff.eu\/produkt\/betoff-f-2l-plyn-do-czyszczenia-fug\/"]}]},{"@type":"ImageObject","inLanguage":"fi","@id":"https:\/\/betoff.eu\/produkt\/betoff-f-2l-plyn-do-czyszczenia-fug\/#primaryimage","url":"https:\/\/betoff.eu\/wp-content\/uploads\/2024\/08\/Betoff-F-x2-czechy-3.png","contentUrl":"https:\/\/betoff.eu\/wp-content\/uploads\/2024\/08\/Betoff-F-x2-czechy-3.png","width":1530,"height":2080,"caption":"Preparat czyszcz\u0105cy fugi"},{"@type":"BreadcrumbList","@id":"https:\/\/betoff.eu\/produkt\/betoff-f-2l-plyn-do-czyszczenia-fug\/#breadcrumb","itemListElement":[{"@type":"ListItem","position":1,"name":"Hem","item":"https:\/\/betoff.eu\/fi\/"},{"@type":"ListItem","position":2,"name":"Shop","item":"https:\/\/betoff.eu\/pl\/sklep-2\/"},{"@type":"ListItem","position":3,"name":"BETOFF-F &#8211; 2L &#8211; P\u0142yn do czyszczenia fug"}]},{"@type":"WebSite","@id":"https:\/\/betoff.eu\/#website","url":"https:\/\/betoff.eu\/","name":"BETOFF-Products for the world of concrete and beyond!","description":"Betoff - Betoninpoistoneste","publisher":{"@id":"https:\/\/betoff.eu\/#\/schema\/person\/cded67f1acad0c68af8dcc171137512c"},"potentialAction":[{"@type":"SearchAction","target":{"@type":"EntryPoint","urlTemplate":"https:\/\/betoff.eu\/?s={search_term_string}"},"query-input":{"@type":"PropertyValueSpecification","valueRequired":true,"valueName":"search_term_string"}}],"inLanguage":"fi"},{"@type":["Person","Organization"],"@id":"https:\/\/betoff.eu\/#\/schema\/person\/cded67f1acad0c68af8dcc171137512c","name":"admin","image":{"@type":"ImageObject","inLanguage":"fi","@id":"https:\/\/betoff.eu\/#\/schema\/person\/image\/","url":"https:\/\/betoff.eu\/wp-content\/uploads\/2021\/02\/betoff-logo.png","contentUrl":"https:\/\/betoff.eu\/wp-content\/uploads\/2021\/02\/betoff-logo.png","width":1024,"height":258,"caption":"admin"},"logo":{"@id":"https:\/\/betoff.eu\/#\/schema\/person\/image\/"}}]}},"_links":{"self":[{"href":"https:\/\/betoff.eu\/fi\/wp-json\/wp\/v2\/product\/39997","targetHints":{"allow":["GET"]}}],"collection":[{"href":"https:\/\/betoff.eu\/fi\/wp-json\/wp\/v2\/product"}],"about":[{"href":"https:\/\/betoff.eu\/fi\/wp-json\/wp\/v2\/types\/product"}],"wp:featuredmedia":[{"embeddable":true,"href":"https:\/\/betoff.eu\/fi\/wp-json\/wp\/v2\/media\/38752"}],"wp:attachment":[{"href":"https:\/\/betoff.eu\/fi\/wp-json\/wp\/v2\/media?parent=39997"}],"wp:term":[{"taxonomy":"product_brand","embeddable":true,"href":"https:\/\/betoff.eu\/fi\/wp-json\/wp\/v2\/product_brand?post=39997"},{"taxonomy":"product_cat","embeddable":true,"href":"https:\/\/betoff.eu\/fi\/wp-json\/wp\/v2\/product_cat?post=39997"},{"taxonomy":"product_tag","embeddable":true,"href":"https:\/\/betoff.eu\/fi\/wp-json\/wp\/v2\/product_tag?post=39997"}],"curies":[{"name":"wp","href":"https:\/\/api.w.org\/{rel}","templated":true}]}}