{"id":14118,"date":"2024-06-21T20:28:06","date_gmt":"2024-06-21T18:28:06","guid":{"rendered":"https:\/\/betoff.eu\/?page_id=14118"},"modified":"2024-06-22T08:28:32","modified_gmt":"2024-06-22T06:28:32","slug":"palautukset-ja-reklamaatiot","status":"publish","type":"page","link":"https:\/\/betoff.eu\/fi\/palautukset-ja-reklamaatiot\/","title":{"rendered":"Palautukset ja reklamaatiot"},"content":{"rendered":"\n\n\n<p>Palautukset ja reklamaatiot:<br>Reklamaatio betoff.eu verkkokaupasta ostetusta nesteest\u00e4 voi tehd\u00e4 vain s\u00e4hk\u00f6postitse osoitteeseen: betoff@betoff.eu Ilmoita ostohetkell\u00e4 luotu tilausnumero sek\u00e4 valinnan syy palauttaaksesi tuotteen.<\/p>\n\n\n\n<p>Tuotteen tulee olla tehtaalla sinet\u00f6ity. Kun tuote on palautettu meille, se tarkistetaan ja mik\u00e4li korkkia ei ole rikottu, hyvit\u00e4mme tuotteen ostohinnan. Asiakkaalla on palautusoikeus 14 p\u00e4iv\u00e4n kuluessa ostop\u00e4iv\u00e4st\u00e4.<\/p>\n\n\n\n<p>Valitus k\u00e4sitell\u00e4\u00e4n 5 ty\u00f6p\u00e4iv\u00e4n kuluessa sen vastaanottamisesta. Ensin valitus luetaan ja tarkastellaan sen sis\u00e4ll\u00f6st\u00e4. T\u00e4m\u00e4n j\u00e4lkeen laaditaan lomake, joka sis\u00e4lt\u00e4\u00e4 tietosi ja valituksen syyn, jonka ilmoitat meille l\u00e4hett\u00e4m\u00e4ss\u00e4si s\u00e4hk\u00f6postissa. Asiakas saa palautuss\u00e4hk\u00f6postin, jossa on t\u00e4ytetty lomake, joka on allekirjoitettava ja palautettava.<\/p>\n","protected":false},"excerpt":{"rendered":"<p>Palautukset ja reklamaatiot:Reklamaatio betoff.eu verkkokaupasta ostetusta nesteest\u00e4 voi tehd\u00e4 vain s\u00e4hk\u00f6postitse osoitteeseen: betoff@betoff.eu Ilmoita ostohetkell\u00e4 luotu tilausnumero sek\u00e4 valinnan syy palauttaaksesi tuotteen. Tuotteen tulee olla tehtaalla sinet\u00f6ity. Kun tuote on palautettu meille, se tarkistetaan ja mik\u00e4li korkkia ei ole rikottu, hyvit\u00e4mme tuotteen ostohinnan. Asiakkaalla on palautusoikeus 14 p\u00e4iv\u00e4n kuluessa ostop\u00e4iv\u00e4st\u00e4. Valitus k\u00e4sitell\u00e4\u00e4n 5 ty\u00f6p\u00e4iv\u00e4n kuluessa [&#8230;]\n","protected":false},"author":1,"featured_media":0,"parent":0,"menu_order":0,"comment_status":"closed","ping_status":"closed","template":"","meta":{"om_disable_all_campaigns":false,"footnotes":""},"class_list":["post-14118","page","type-page","status-publish","hentry"],"yoast_head":"<!-- This site is optimized with the Yoast SEO plugin v25.9 - https:\/\/yoast.com\/wordpress\/plugins\/seo\/ -->\n<title>Palautukset ja reklamaatiot - BETOFF-Tuotteita betonimaailmaan ja muualle!<\/title>\n<meta name=\"robots\" content=\"index, follow, max-snippet:-1, max-image-preview:large, max-video-preview:-1\" \/>\n<link rel=\"canonical\" href=\"https:\/\/betoff.eu\/fi\/palautukset-ja-reklamaatiot\/\" \/>\n<meta property=\"og:locale\" content=\"fi_FI\" \/>\n<meta property=\"og:type\" content=\"article\" \/>\n<meta property=\"og:title\" content=\"Palautukset ja reklamaatiot - BETOFF-Tuotteita betonimaailmaan ja muualle!\" \/>\n<meta property=\"og:description\" content=\"Palautukset ja reklamaatiot:Reklamaatio betoff.eu verkkokaupasta ostetusta nesteest\u00e4 voi tehd\u00e4 vain s\u00e4hk\u00f6postitse osoitteeseen: betoff@betoff.eu Ilmoita ostohetkell\u00e4 luotu tilausnumero sek\u00e4 valinnan syy palauttaaksesi tuotteen. Tuotteen tulee olla tehtaalla sinet\u00f6ity. Kun tuote on palautettu meille, se tarkistetaan ja mik\u00e4li korkkia ei ole rikottu, hyvit\u00e4mme tuotteen ostohinnan. Asiakkaalla on palautusoikeus 14 p\u00e4iv\u00e4n kuluessa ostop\u00e4iv\u00e4st\u00e4. Valitus k\u00e4sitell\u00e4\u00e4n 5 ty\u00f6p\u00e4iv\u00e4n kuluessa [...]\" \/>\n<meta property=\"og:url\" content=\"https:\/\/betoff.eu\/fi\/palautukset-ja-reklamaatiot\/\" \/>\n<meta property=\"og:site_name\" content=\"BETOFF-Tuotteita betonimaailmaan ja muualle!\" \/>\n<meta property=\"article:modified_time\" content=\"2024-06-22T06:28:32+00:00\" \/>\n<meta name=\"twitter:card\" content=\"summary_large_image\" \/>\n<meta name=\"twitter:label1\" content=\"Arvioitu lukuaika\" \/>\n\t<meta name=\"twitter:data1\" content=\"1 minuutti\" \/>\n<script type=\"application\/ld+json\" class=\"yoast-schema-graph\">{\"@context\":\"https:\/\/schema.org\",\"@graph\":[{\"@type\":\"WebPage\",\"@id\":\"https:\/\/betoff.eu\/fi\/palautukset-ja-reklamaatiot\/\",\"url\":\"https:\/\/betoff.eu\/fi\/palautukset-ja-reklamaatiot\/\",\"name\":\"Palautukset ja reklamaatiot - BETOFF-Tuotteita betonimaailmaan ja muualle!\",\"isPartOf\":{\"@id\":\"https:\/\/betoff.eu\/#website\"},\"datePublished\":\"2024-06-21T18:28:06+00:00\",\"dateModified\":\"2024-06-22T06:28:32+00:00\",\"breadcrumb\":{\"@id\":\"https:\/\/betoff.eu\/fi\/palautukset-ja-reklamaatiot\/#breadcrumb\"},\"inLanguage\":\"fi\",\"potentialAction\":[{\"@type\":\"ReadAction\",\"target\":[\"https:\/\/betoff.eu\/fi\/palautukset-ja-reklamaatiot\/\"]}]},{\"@type\":\"BreadcrumbList\",\"@id\":\"https:\/\/betoff.eu\/fi\/palautukset-ja-reklamaatiot\/#breadcrumb\",\"itemListElement\":[{\"@type\":\"ListItem\",\"position\":1,\"name\":\"Hem\",\"item\":\"https:\/\/betoff.eu\/fi\/\"},{\"@type\":\"ListItem\",\"position\":2,\"name\":\"Palautukset ja reklamaatiot\"}]},{\"@type\":\"WebSite\",\"@id\":\"https:\/\/betoff.eu\/#website\",\"url\":\"https:\/\/betoff.eu\/\",\"name\":\"BETOFF-Products for the world of concrete and beyond!\",\"description\":\"Betoff - Betoninpoistoneste\",\"publisher\":{\"@id\":\"https:\/\/betoff.eu\/#\/schema\/person\/cded67f1acad0c68af8dcc171137512c\"},\"potentialAction\":[{\"@type\":\"SearchAction\",\"target\":{\"@type\":\"EntryPoint\",\"urlTemplate\":\"https:\/\/betoff.eu\/?s={search_term_string}\"},\"query-input\":{\"@type\":\"PropertyValueSpecification\",\"valueRequired\":true,\"valueName\":\"search_term_string\"}}],\"inLanguage\":\"fi\"},{\"@type\":[\"Person\",\"Organization\"],\"@id\":\"https:\/\/betoff.eu\/#\/schema\/person\/cded67f1acad0c68af8dcc171137512c\",\"name\":\"admin\",\"image\":{\"@type\":\"ImageObject\",\"inLanguage\":\"fi\",\"@id\":\"https:\/\/betoff.eu\/#\/schema\/person\/image\/\",\"url\":\"https:\/\/betoff.eu\/wp-content\/uploads\/2021\/02\/betoff-logo.png\",\"contentUrl\":\"https:\/\/betoff.eu\/wp-content\/uploads\/2021\/02\/betoff-logo.png\",\"width\":1024,\"height\":258,\"caption\":\"admin\"},\"logo\":{\"@id\":\"https:\/\/betoff.eu\/#\/schema\/person\/image\/\"}}]}<\/script>\n<!-- \/ Yoast SEO plugin. -->","yoast_head_json":{"title":"Palautukset ja reklamaatiot - BETOFF-Tuotteita betonimaailmaan ja muualle!","robots":{"index":"index","follow":"follow","max-snippet":"max-snippet:-1","max-image-preview":"max-image-preview:large","max-video-preview":"max-video-preview:-1"},"canonical":"https:\/\/betoff.eu\/fi\/palautukset-ja-reklamaatiot\/","og_locale":"fi_FI","og_type":"article","og_title":"Palautukset ja reklamaatiot - BETOFF-Tuotteita betonimaailmaan ja muualle!","og_description":"Palautukset ja reklamaatiot:Reklamaatio betoff.eu verkkokaupasta ostetusta nesteest\u00e4 voi tehd\u00e4 vain s\u00e4hk\u00f6postitse osoitteeseen: betoff@betoff.eu Ilmoita ostohetkell\u00e4 luotu tilausnumero sek\u00e4 valinnan syy palauttaaksesi tuotteen. Tuotteen tulee olla tehtaalla sinet\u00f6ity. Kun tuote on palautettu meille, se tarkistetaan ja mik\u00e4li korkkia ei ole rikottu, hyvit\u00e4mme tuotteen ostohinnan. Asiakkaalla on palautusoikeus 14 p\u00e4iv\u00e4n kuluessa ostop\u00e4iv\u00e4st\u00e4. Valitus k\u00e4sitell\u00e4\u00e4n 5 ty\u00f6p\u00e4iv\u00e4n kuluessa [...]","og_url":"https:\/\/betoff.eu\/fi\/palautukset-ja-reklamaatiot\/","og_site_name":"BETOFF-Tuotteita betonimaailmaan ja muualle!","article_modified_time":"2024-06-22T06:28:32+00:00","twitter_card":"summary_large_image","twitter_misc":{"Arvioitu lukuaika":"1 minuutti"},"schema":{"@context":"https:\/\/schema.org","@graph":[{"@type":"WebPage","@id":"https:\/\/betoff.eu\/fi\/palautukset-ja-reklamaatiot\/","url":"https:\/\/betoff.eu\/fi\/palautukset-ja-reklamaatiot\/","name":"Palautukset ja reklamaatiot - BETOFF-Tuotteita betonimaailmaan ja muualle!","isPartOf":{"@id":"https:\/\/betoff.eu\/#website"},"datePublished":"2024-06-21T18:28:06+00:00","dateModified":"2024-06-22T06:28:32+00:00","breadcrumb":{"@id":"https:\/\/betoff.eu\/fi\/palautukset-ja-reklamaatiot\/#breadcrumb"},"inLanguage":"fi","potentialAction":[{"@type":"ReadAction","target":["https:\/\/betoff.eu\/fi\/palautukset-ja-reklamaatiot\/"]}]},{"@type":"BreadcrumbList","@id":"https:\/\/betoff.eu\/fi\/palautukset-ja-reklamaatiot\/#breadcrumb","itemListElement":[{"@type":"ListItem","position":1,"name":"Hem","item":"https:\/\/betoff.eu\/fi\/"},{"@type":"ListItem","position":2,"name":"Palautukset ja reklamaatiot"}]},{"@type":"WebSite","@id":"https:\/\/betoff.eu\/#website","url":"https:\/\/betoff.eu\/","name":"BETOFF-Products for the world of concrete and beyond!","description":"Betoff - Betoninpoistoneste","publisher":{"@id":"https:\/\/betoff.eu\/#\/schema\/person\/cded67f1acad0c68af8dcc171137512c"},"potentialAction":[{"@type":"SearchAction","target":{"@type":"EntryPoint","urlTemplate":"https:\/\/betoff.eu\/?s={search_term_string}"},"query-input":{"@type":"PropertyValueSpecification","valueRequired":true,"valueName":"search_term_string"}}],"inLanguage":"fi"},{"@type":["Person","Organization"],"@id":"https:\/\/betoff.eu\/#\/schema\/person\/cded67f1acad0c68af8dcc171137512c","name":"admin","image":{"@type":"ImageObject","inLanguage":"fi","@id":"https:\/\/betoff.eu\/#\/schema\/person\/image\/","url":"https:\/\/betoff.eu\/wp-content\/uploads\/2021\/02\/betoff-logo.png","contentUrl":"https:\/\/betoff.eu\/wp-content\/uploads\/2021\/02\/betoff-logo.png","width":1024,"height":258,"caption":"admin"},"logo":{"@id":"https:\/\/betoff.eu\/#\/schema\/person\/image\/"}}]}},"_links":{"self":[{"href":"https:\/\/betoff.eu\/fi\/wp-json\/wp\/v2\/pages\/14118","targetHints":{"allow":["GET"]}}],"collection":[{"href":"https:\/\/betoff.eu\/fi\/wp-json\/wp\/v2\/pages"}],"about":[{"href":"https:\/\/betoff.eu\/fi\/wp-json\/wp\/v2\/types\/page"}],"author":[{"embeddable":true,"href":"https:\/\/betoff.eu\/fi\/wp-json\/wp\/v2\/users\/1"}],"replies":[{"embeddable":true,"href":"https:\/\/betoff.eu\/fi\/wp-json\/wp\/v2\/comments?post=14118"}],"version-history":[{"count":0,"href":"https:\/\/betoff.eu\/fi\/wp-json\/wp\/v2\/pages\/14118\/revisions"}],"wp:attachment":[{"href":"https:\/\/betoff.eu\/fi\/wp-json\/wp\/v2\/media?parent=14118"}],"curies":[{"name":"wp","href":"https:\/\/api.w.org\/{rel}","templated":true}]}}