{"id":14043,"date":"2024-06-21T20:19:13","date_gmt":"2024-06-21T18:19:13","guid":{"rendered":"https:\/\/betoff.eu\/?page_id=14043"},"modified":"2024-06-21T20:19:26","modified_gmt":"2024-06-21T18:19:26","slug":"verkkokaupan-saannot","status":"publish","type":"page","link":"https:\/\/betoff.eu\/fi\/verkkokaupan-saannot\/","title":{"rendered":"Verkkokaupan s\u00e4\u00e4nn\u00f6t"},"content":{"rendered":"\n\n\n<p>N\u00e4iss\u00e4 s\u00e4\u00e4nn\u00f6iss\u00e4 m\u00e4\u00e4ritell\u00e4\u00e4n tekemisen ehdot<br>ostoksia betoff.eu verkkokaupassa<\/p>\n\n\n\n<p>Myyj\u00e4 on Innovachem Krystian Grzyb z<br>sijaitsee Varsovassa osoitteessa ul. Sarmacka 21.8<br>(NIP 762-176-43-06).<\/p>\n\n\n\n<p>Tilaukset voi tehd\u00e4 verkkokaupassa betoix.pl<br>l\u00e4het\u00e4 24 tuntia vuorokaudessa ja rekister\u00f6idy t\u00e4\u00e4ll\u00e4<br>Kauppa on t\u00e4ysin ilmainen ja vapaaehtoinen. Kaupassa<br>tilauksia voi tehd\u00e4 verkossa osoitteessa betoix.pl<br>vain aikuiset, joilla on t\u00e4ysi<br>oikeuskelpoisuus tehd\u00e4 sopimuksia<br>sopimus tavaroiden ja palvelujen ostosta.<\/p>\n\n\n\n<p>Myym\u00e4l\u00e4n verkkosivuilla annetut tiedot eiv\u00e4t ole<br>ovat tarjouksia siviililaissa tarkoitetussa merkityksess\u00e4.<br>Tilauksen tekemist\u00e4 k\u00e4sitell\u00e4\u00e4n ostotarjouksena<br>valitut tavarat kohdassa m\u00e4\u00e4ritellyin ehdoin<br>Tuotteen Kuvaus.<\/p>\n\n\n\n<p>Tilaus vahvistetaan s\u00e4hk\u00f6postitse<br>Myyj\u00e4 l\u00e4hett\u00e4m\u00e4ll\u00e4 viestin s\u00e4hk\u00f6postilla<br>elektroninen. Tilaus k\u00e4sitell\u00e4\u00e4n sen j\u00e4lkeen<br>kirjaa kohdassa mainittujen tavaroiden maksu<br>Tilaus.<\/p>\n\n\n\n<p>Tavarat l\u00e4hetet\u00e4\u00e4n tilauksessa ilmoitettuun osoitteeseen<br>Ostaja 2-3 arkip\u00e4iv\u00e4n sis\u00e4ll\u00e4 p\u00e4iv\u00e4st\u00e4<br>l\u00e4het\u00e4 maksu myyj\u00e4n tilille.<\/p>\n\n\n\n<p>Verkkokaupassa tarjottavat tuotteet ovat laillisia<br>tuotu Puolan markkinoille, t\u00e4ysin uusi ja<br>vapaa oikeudellisista ja fyysisist\u00e4 vioista<\/p>\n","protected":false},"excerpt":{"rendered":"<p>N\u00e4iss\u00e4 s\u00e4\u00e4nn\u00f6iss\u00e4 m\u00e4\u00e4ritell\u00e4\u00e4n tekemisen ehdotostoksia betoff.eu verkkokaupassa Myyj\u00e4 on Innovachem Krystian Grzyb zsijaitsee Varsovassa osoitteessa ul. Sarmacka 21.8(NIP 762-176-43-06). Tilaukset voi tehd\u00e4 verkkokaupassa betoix.pll\u00e4het\u00e4 24 tuntia vuorokaudessa ja rekister\u00f6idy t\u00e4\u00e4ll\u00e4Kauppa on t\u00e4ysin ilmainen ja vapaaehtoinen. Kaupassatilauksia voi tehd\u00e4 verkossa osoitteessa betoix.plvain aikuiset, joilla on t\u00e4ysioikeuskelpoisuus tehd\u00e4 sopimuksiasopimus tavaroiden ja palvelujen ostosta. Myym\u00e4l\u00e4n verkkosivuilla annetut tiedot [&#8230;]\n","protected":false},"author":1,"featured_media":0,"parent":0,"menu_order":0,"comment_status":"closed","ping_status":"closed","template":"","meta":{"om_disable_all_campaigns":false,"footnotes":""},"class_list":["post-14043","page","type-page","status-publish","hentry"],"yoast_head":"<!-- This site is optimized with the Yoast SEO plugin v25.9 - https:\/\/yoast.com\/wordpress\/plugins\/seo\/ -->\n<title>Verkkokaupan s\u00e4\u00e4nn\u00f6t - BETOFF-Tuotteita betonimaailmaan ja muualle!<\/title>\n<meta name=\"robots\" content=\"index, follow, max-snippet:-1, max-image-preview:large, max-video-preview:-1\" \/>\n<link rel=\"canonical\" href=\"https:\/\/betoff.eu\/fi\/verkkokaupan-saannot\/\" \/>\n<meta property=\"og:locale\" content=\"fi_FI\" \/>\n<meta property=\"og:type\" content=\"article\" \/>\n<meta property=\"og:title\" content=\"Verkkokaupan s\u00e4\u00e4nn\u00f6t - BETOFF-Tuotteita betonimaailmaan ja muualle!\" \/>\n<meta property=\"og:description\" content=\"N\u00e4iss\u00e4 s\u00e4\u00e4nn\u00f6iss\u00e4 m\u00e4\u00e4ritell\u00e4\u00e4n tekemisen ehdotostoksia betoff.eu verkkokaupassa Myyj\u00e4 on Innovachem Krystian Grzyb zsijaitsee Varsovassa osoitteessa ul. Sarmacka 21.8(NIP 762-176-43-06). Tilaukset voi tehd\u00e4 verkkokaupassa betoix.pll\u00e4het\u00e4 24 tuntia vuorokaudessa ja rekister\u00f6idy t\u00e4\u00e4ll\u00e4Kauppa on t\u00e4ysin ilmainen ja vapaaehtoinen. Kaupassatilauksia voi tehd\u00e4 verkossa osoitteessa betoix.plvain aikuiset, joilla on t\u00e4ysioikeuskelpoisuus tehd\u00e4 sopimuksiasopimus tavaroiden ja palvelujen ostosta. Myym\u00e4l\u00e4n verkkosivuilla annetut tiedot [...]\" \/>\n<meta property=\"og:url\" content=\"https:\/\/betoff.eu\/fi\/verkkokaupan-saannot\/\" \/>\n<meta property=\"og:site_name\" content=\"BETOFF-Tuotteita betonimaailmaan ja muualle!\" \/>\n<meta property=\"article:modified_time\" content=\"2024-06-21T18:19:26+00:00\" \/>\n<meta name=\"twitter:card\" content=\"summary_large_image\" \/>\n<meta name=\"twitter:label1\" content=\"Arvioitu lukuaika\" \/>\n\t<meta name=\"twitter:data1\" content=\"1 minuutti\" \/>\n<script type=\"application\/ld+json\" class=\"yoast-schema-graph\">{\"@context\":\"https:\/\/schema.org\",\"@graph\":[{\"@type\":\"WebPage\",\"@id\":\"https:\/\/betoff.eu\/fi\/verkkokaupan-saannot\/\",\"url\":\"https:\/\/betoff.eu\/fi\/verkkokaupan-saannot\/\",\"name\":\"Verkkokaupan s\u00e4\u00e4nn\u00f6t - BETOFF-Tuotteita betonimaailmaan ja muualle!\",\"isPartOf\":{\"@id\":\"https:\/\/betoff.eu\/#website\"},\"datePublished\":\"2024-06-21T18:19:13+00:00\",\"dateModified\":\"2024-06-21T18:19:26+00:00\",\"breadcrumb\":{\"@id\":\"https:\/\/betoff.eu\/fi\/verkkokaupan-saannot\/#breadcrumb\"},\"inLanguage\":\"fi\",\"potentialAction\":[{\"@type\":\"ReadAction\",\"target\":[\"https:\/\/betoff.eu\/fi\/verkkokaupan-saannot\/\"]}]},{\"@type\":\"BreadcrumbList\",\"@id\":\"https:\/\/betoff.eu\/fi\/verkkokaupan-saannot\/#breadcrumb\",\"itemListElement\":[{\"@type\":\"ListItem\",\"position\":1,\"name\":\"Hem\",\"item\":\"https:\/\/betoff.eu\/fi\/\"},{\"@type\":\"ListItem\",\"position\":2,\"name\":\"Verkkokaupan s\u00e4\u00e4nn\u00f6t\"}]},{\"@type\":\"WebSite\",\"@id\":\"https:\/\/betoff.eu\/#website\",\"url\":\"https:\/\/betoff.eu\/\",\"name\":\"BETOFF-Products for the world of concrete and beyond!\",\"description\":\"Betoff - Betoninpoistoneste\",\"publisher\":{\"@id\":\"https:\/\/betoff.eu\/#\/schema\/person\/cded67f1acad0c68af8dcc171137512c\"},\"potentialAction\":[{\"@type\":\"SearchAction\",\"target\":{\"@type\":\"EntryPoint\",\"urlTemplate\":\"https:\/\/betoff.eu\/?s={search_term_string}\"},\"query-input\":{\"@type\":\"PropertyValueSpecification\",\"valueRequired\":true,\"valueName\":\"search_term_string\"}}],\"inLanguage\":\"fi\"},{\"@type\":[\"Person\",\"Organization\"],\"@id\":\"https:\/\/betoff.eu\/#\/schema\/person\/cded67f1acad0c68af8dcc171137512c\",\"name\":\"admin\",\"image\":{\"@type\":\"ImageObject\",\"inLanguage\":\"fi\",\"@id\":\"https:\/\/betoff.eu\/#\/schema\/person\/image\/\",\"url\":\"https:\/\/betoff.eu\/wp-content\/uploads\/2021\/02\/betoff-logo.png\",\"contentUrl\":\"https:\/\/betoff.eu\/wp-content\/uploads\/2021\/02\/betoff-logo.png\",\"width\":1024,\"height\":258,\"caption\":\"admin\"},\"logo\":{\"@id\":\"https:\/\/betoff.eu\/#\/schema\/person\/image\/\"}}]}<\/script>\n<!-- \/ Yoast SEO plugin. -->","yoast_head_json":{"title":"Verkkokaupan s\u00e4\u00e4nn\u00f6t - BETOFF-Tuotteita betonimaailmaan ja muualle!","robots":{"index":"index","follow":"follow","max-snippet":"max-snippet:-1","max-image-preview":"max-image-preview:large","max-video-preview":"max-video-preview:-1"},"canonical":"https:\/\/betoff.eu\/fi\/verkkokaupan-saannot\/","og_locale":"fi_FI","og_type":"article","og_title":"Verkkokaupan s\u00e4\u00e4nn\u00f6t - BETOFF-Tuotteita betonimaailmaan ja muualle!","og_description":"N\u00e4iss\u00e4 s\u00e4\u00e4nn\u00f6iss\u00e4 m\u00e4\u00e4ritell\u00e4\u00e4n tekemisen ehdotostoksia betoff.eu verkkokaupassa Myyj\u00e4 on Innovachem Krystian Grzyb zsijaitsee Varsovassa osoitteessa ul. Sarmacka 21.8(NIP 762-176-43-06). Tilaukset voi tehd\u00e4 verkkokaupassa betoix.pll\u00e4het\u00e4 24 tuntia vuorokaudessa ja rekister\u00f6idy t\u00e4\u00e4ll\u00e4Kauppa on t\u00e4ysin ilmainen ja vapaaehtoinen. Kaupassatilauksia voi tehd\u00e4 verkossa osoitteessa betoix.plvain aikuiset, joilla on t\u00e4ysioikeuskelpoisuus tehd\u00e4 sopimuksiasopimus tavaroiden ja palvelujen ostosta. Myym\u00e4l\u00e4n verkkosivuilla annetut tiedot [...]","og_url":"https:\/\/betoff.eu\/fi\/verkkokaupan-saannot\/","og_site_name":"BETOFF-Tuotteita betonimaailmaan ja muualle!","article_modified_time":"2024-06-21T18:19:26+00:00","twitter_card":"summary_large_image","twitter_misc":{"Arvioitu lukuaika":"1 minuutti"},"schema":{"@context":"https:\/\/schema.org","@graph":[{"@type":"WebPage","@id":"https:\/\/betoff.eu\/fi\/verkkokaupan-saannot\/","url":"https:\/\/betoff.eu\/fi\/verkkokaupan-saannot\/","name":"Verkkokaupan s\u00e4\u00e4nn\u00f6t - BETOFF-Tuotteita betonimaailmaan ja muualle!","isPartOf":{"@id":"https:\/\/betoff.eu\/#website"},"datePublished":"2024-06-21T18:19:13+00:00","dateModified":"2024-06-21T18:19:26+00:00","breadcrumb":{"@id":"https:\/\/betoff.eu\/fi\/verkkokaupan-saannot\/#breadcrumb"},"inLanguage":"fi","potentialAction":[{"@type":"ReadAction","target":["https:\/\/betoff.eu\/fi\/verkkokaupan-saannot\/"]}]},{"@type":"BreadcrumbList","@id":"https:\/\/betoff.eu\/fi\/verkkokaupan-saannot\/#breadcrumb","itemListElement":[{"@type":"ListItem","position":1,"name":"Hem","item":"https:\/\/betoff.eu\/fi\/"},{"@type":"ListItem","position":2,"name":"Verkkokaupan s\u00e4\u00e4nn\u00f6t"}]},{"@type":"WebSite","@id":"https:\/\/betoff.eu\/#website","url":"https:\/\/betoff.eu\/","name":"BETOFF-Products for the world of concrete and beyond!","description":"Betoff - Betoninpoistoneste","publisher":{"@id":"https:\/\/betoff.eu\/#\/schema\/person\/cded67f1acad0c68af8dcc171137512c"},"potentialAction":[{"@type":"SearchAction","target":{"@type":"EntryPoint","urlTemplate":"https:\/\/betoff.eu\/?s={search_term_string}"},"query-input":{"@type":"PropertyValueSpecification","valueRequired":true,"valueName":"search_term_string"}}],"inLanguage":"fi"},{"@type":["Person","Organization"],"@id":"https:\/\/betoff.eu\/#\/schema\/person\/cded67f1acad0c68af8dcc171137512c","name":"admin","image":{"@type":"ImageObject","inLanguage":"fi","@id":"https:\/\/betoff.eu\/#\/schema\/person\/image\/","url":"https:\/\/betoff.eu\/wp-content\/uploads\/2021\/02\/betoff-logo.png","contentUrl":"https:\/\/betoff.eu\/wp-content\/uploads\/2021\/02\/betoff-logo.png","width":1024,"height":258,"caption":"admin"},"logo":{"@id":"https:\/\/betoff.eu\/#\/schema\/person\/image\/"}}]}},"_links":{"self":[{"href":"https:\/\/betoff.eu\/fi\/wp-json\/wp\/v2\/pages\/14043","targetHints":{"allow":["GET"]}}],"collection":[{"href":"https:\/\/betoff.eu\/fi\/wp-json\/wp\/v2\/pages"}],"about":[{"href":"https:\/\/betoff.eu\/fi\/wp-json\/wp\/v2\/types\/page"}],"author":[{"embeddable":true,"href":"https:\/\/betoff.eu\/fi\/wp-json\/wp\/v2\/users\/1"}],"replies":[{"embeddable":true,"href":"https:\/\/betoff.eu\/fi\/wp-json\/wp\/v2\/comments?post=14043"}],"version-history":[{"count":0,"href":"https:\/\/betoff.eu\/fi\/wp-json\/wp\/v2\/pages\/14043\/revisions"}],"wp:attachment":[{"href":"https:\/\/betoff.eu\/fi\/wp-json\/wp\/v2\/media?parent=14043"}],"curies":[{"name":"wp","href":"https:\/\/api.w.org\/{rel}","templated":true}]}}