{"id":13983,"date":"2024-06-21T07:44:05","date_gmt":"2024-06-21T05:44:05","guid":{"rendered":"https:\/\/betoff.eu\/?page_id=13983"},"modified":"2024-06-21T11:46:12","modified_gmt":"2024-06-21T09:46:12","slug":"tietosuojakaytanto","status":"publish","type":"page","link":"https:\/\/betoff.eu\/fi\/tietosuojakaytanto\/","title":{"rendered":"Tietosuojak\u00e4yt\u00e4nt\u00f6"},"content":{"rendered":"\n<p>Verkkosivuston tietosuojak\u00e4yt\u00e4nt\u00f6. https:\/\/betoff.eu<\/p>\n\n\n\n<p>Yleist\u00e4 tietoa<\/p>\n\n\n\n<ol class=\"wp-block-list\"><\/ol>\n\n\n\n<p>T\u00e4m\u00e4 tietosuojaseloste sis\u00e4lt\u00e4\u00e4 k\u00e4ytt\u00e4ytymiss\u00e4\u00e4nn\u00f6t ja k\u00e4ytt\u00e4jien antamien henkil\u00f6tietojen suojan, kun he k\u00e4ytt\u00e4v\u00e4t myyntipalveluja verkkosivuston kautta.<\/p>\n\n\n\n<p>Sivuston sis\u00e4lt\u00e4mien henkil\u00f6tietojen yll\u00e4pit\u00e4j\u00e4 on<\/p>\n\n\n\n<ol class=\"wp-block-list\" start=\"2\"><\/ol>\n\n\n\n<p>Innovachem Krystian Grzyb perustuu przy ul. Sarmacka 21\/8 Warszawa NIP PL7621764306<\/p>\n\n\n\n<p>Varmistaaksemme meille uskottujen tietojen turvallisuuden olemme kehitt\u00e4neet sis\u00e4iset menettelytavat ja suositukset est\u00e4\u00e4ksemme tietojen joutumisen valtuuttamattomien henkil\u00f6iden saataville. Seuraamme niiden t\u00e4yt\u00e4nt\u00f6\u00f6npanoa ja tarkistamme jatkuvasti, ovatko ne sovellettavien s\u00e4\u00e4d\u00f6sten &#8211; henkil\u00f6tietojen suojasta annetun lain, s\u00e4hk\u00f6isten palvelujen tarjoamisen lain sek\u00e4 kaikenlaisten t\u00e4yt\u00e4nt\u00f6\u00f6npanos\u00e4\u00e4d\u00f6sten ja yhteis\u00f6n oikeuden s\u00e4\u00e4d\u00f6sten &#8211; mukaisia. .<\/p>\n\n\n\n<p>Henkil\u00f6tietoja k\u00e4sitell\u00e4\u00e4n K\u00e4ytt\u00e4j\u00e4n antaman suostumuksen perusteella ja niiss\u00e4 tapauksissa, joissa laki valtuuttaa rekisterinpit\u00e4j\u00e4n k\u00e4sittelem\u00e4\u00e4n henkil\u00f6tietoja lain nojalla tai osapuolten v\u00e4lisen sopimuksen t\u00e4yt\u00e4nt\u00f6\u00f6npanemiseksi.<\/p>\n\n\n\n<p>Verkkosivusto suorittaa tietoja k\u00e4ytt\u00e4jist\u00e4 ja heid\u00e4n k\u00e4ytt\u00e4ytymist\u00e4\u00e4n koskevien tietojen hankkimisesta seuraavalla tavalla:<\/p>\n\n\n\n<p>a) lomakkeisiin vapaaehtoisesti sy\u00f6tettyjen tietojen kautta<\/p>\n\n\n\n<p>b) ker\u00e4\u00e4m\u00e4ll\u00e4 ev\u00e4steit\u00e4 [katso ev\u00e4stek\u00e4yt\u00e4nt\u00f6].<\/p>\n\n\n\n<p>Palvelu ker\u00e4\u00e4 k\u00e4ytt\u00e4j\u00e4n vapaaehtoisesti toimittamia tietoja.<\/p>\n\n\n\n<p>Lomakkeessa annettuja tietoja k\u00e4sitell\u00e4\u00e4n tietyn lomakkeen toiminnasta johtuvaan tarkoitukseen, esimerkiksi tiedonottoprosessin k\u00e4sittelemiseen<\/p>\n\n\n\n<p>Verkkosivustolla annettuja henkil\u00f6tietoja ei myyd\u00e4 tai luovuteta kolmansien osapuolten saataville henkil\u00f6tietolain s\u00e4\u00e4nn\u00f6sten mukaisesti.<\/p>\n\n\n\n<p>Lomakkeen sis\u00e4lt\u00e4m\u00e4t tiedot ovat sen sy\u00f6tt\u00e4neen luonnollisen henkil\u00f6n n\u00e4ht\u00e4viss\u00e4. T\u00e4ll\u00e4 henkil\u00f6ll\u00e4 on my\u00f6s oikeus milloin tahansa muuttaa tietojaan ja lopettaa niiden k\u00e4sittely.<\/p>\n\n\n\n<p>Pid\u00e4t\u00e4mme oikeuden muuttaa sivuston tietosuojak\u00e4yt\u00e4nt\u00f6\u00e4, mihin voivat vaikuttaa Internet-tekniikan kehitys, mahdolliset muutokset henkil\u00f6tietolains\u00e4\u00e4d\u00e4nt\u00f6\u00f6n sek\u00e4 verkkosivustomme kehitys. Ilmoitamme sinulle selke\u00e4sti ja julkisesti kaikista muutoksista.<\/p>\n\n\n\n<p>Sivusto voi sis\u00e4lt\u00e4\u00e4 linkkej\u00e4 muille sivustoille. T\u00e4llaiset verkkosivustot toimivat verkkosivustosta riippumatta, eik\u00e4 https:\/\/betolix.pl valvo niit\u00e4 mill\u00e4\u00e4n tavalla. N\u00e4ill\u00e4 verkkosivustoilla voi olla omat tietosuojak\u00e4yt\u00e4nt\u00f6ns\u00e4 ja s\u00e4\u00e4d\u00f6ksens\u00e4, jotka suosittelemme lukemaan.<\/p>\n\n\n\n<p>Jos sinulla on ep\u00e4ilyksi\u00e4 t\u00e4m\u00e4n tietosuojaselosteen s\u00e4\u00e4nn\u00f6ksist\u00e4, olemme k\u00e4ytett\u00e4viss\u00e4si &#8211; tietomme l\u00f6yd\u00e4t Yhteystiedot-v\u00e4lilehdelt\u00e4.<\/p>\n\n\n\n<p>Ev\u00e4stek\u00e4yt\u00e4nt\u00f6<\/p>\n\n\n\n<p>Verkkosivuston https:\/\/betoff.eu ev\u00e4stek\u00e4yt\u00e4nt\u00f6<\/p>\n\n\n\n<p>Ev\u00e4steet ymm\u00e4rret\u00e4\u00e4n k\u00e4ytt\u00e4jien p\u00e4\u00e4telaitteille tallennettuna IT-tietona, joka on tarkoitettu verkkosivustojen k\u00e4ytt\u00f6\u00e4 varten. Erityisesti n\u00e4m\u00e4 ovat tekstitiedostoja, jotka sis\u00e4lt\u00e4v\u00e4t sen verkkosivuston nimen, jolta ne tulevat, niiden tallennusajan p\u00e4\u00e4telaitteessa ja yksil\u00f6llisen numeron.<\/p>\n\n\n\n<p>Sivusto ei ker\u00e4\u00e4 automaattisesti muita tietoja lukuun ottamatta ev\u00e4steiden sis\u00e4lt\u00e4mi\u00e4 tietoja.<\/p>\n\n\n\n<p>Ev\u00e4steet on tarkoitettu verkkosivustojen k\u00e4ytt\u00f6\u00f6n. Operaattori k\u00e4ytt\u00e4\u00e4 n\u00e4it\u00e4 tiedostoja:<\/p>\n\n\n\n<p>a) mahdollisuus kirjautua sis\u00e4\u00e4n ja yll\u00e4pit\u00e4\u00e4 k\u00e4ytt\u00e4j\u00e4istuntoa jokaisella verkkosivuston seuraavalla alasivulla<\/p>\n\n\n\n<p>b) verkkosivuston sis\u00e4ll\u00f6n mukauttaminen k\u00e4ytt\u00e4j\u00e4n yksil\u00f6llisiin mieltymyksiin, erityisesti n\u00e4m\u00e4 tiedostot tunnistavat h\u00e4nen laitteensa n\u00e4ytt\u00e4\u00e4kseen verkkosivuston h\u00e4nen mieltymyksiens\u00e4 mukaisesti<\/p>\n\n\n\n<p>c) luomalla anonyymej\u00e4 tilastoja, jotka sulkevat pois mahdollisuuden k\u00e4ytt\u00e4j\u00e4n tunnistamiseen.<\/p>\n\n\n\n<p>Verkkosivuston yll\u00e4pit\u00e4j\u00e4n yhteisty\u00f6kumppaneiden, mukaan lukien erityisesti verkkosivuston k\u00e4ytt\u00e4j\u00e4t, k\u00e4ytt\u00e4miin ev\u00e4steisiin sovelletaan heid\u00e4n omaa tietosuojak\u00e4yt\u00e4nt\u00f6\u00e4\u00e4n.<\/p>\n\n\n\n<p>Varmistaaksemme meille uskottujen tietojen turvallisuuden olemme kehitt\u00e4neet sis\u00e4iset menettelytavat ja suositukset est\u00e4\u00e4ksemme tietojen joutumisen valtuuttamattomien henkil\u00f6iden saataville. Valvomme niiden t\u00e4yt\u00e4nt\u00f6\u00f6npanoa ja tarkistamme jatkuvasti, ovatko ne soveltuvien lakien &#8211; henkil\u00f6tietojen suojasta annetun lain, s\u00e4hk\u00f6isten palvelujen tarjoamisen lain sek\u00e4 kaikenlaisten t\u00e4yt\u00e4nt\u00f6\u00f6npanos\u00e4\u00e4d\u00f6sten ja -s\u00e4\u00e4d\u00f6sten mukaisia. yhteis\u00f6n lains\u00e4\u00e4d\u00e4nt\u00f6\u00e4.<\/p>\n\n\n\n<p>Web-sivustojen selaamiseen k\u00e4ytetyt ohjelmistot sallivat ev\u00e4steiden asettamisen k\u00e4ytt\u00e4j\u00e4n p\u00e4\u00e4telaitteelle oletusarvoisesti. K\u00e4ytt\u00e4j\u00e4 voi muuttaa n\u00e4it\u00e4 asetuksia siten, ett\u00e4 se est\u00e4\u00e4 ev\u00e4steiden automaattisen k\u00e4sittelyn verkkoselaimen asetuksista tai ilmoittaa aina, kun ne l\u00e4hetet\u00e4\u00e4n K\u00e4ytt\u00e4j\u00e4n laitteelle.<\/p>\n\n\n\n<p>Verkkosivuston k\u00e4ytt\u00e4j\u00e4t voivat muuttaa ev\u00e4steasetuksia milloin tahansa. Yksityiskohtaiset tiedot ev\u00e4steiden k\u00e4sittelymahdollisuuksista ja menetelmist\u00e4 l\u00f6ytyv\u00e4t ohjelmiston (verkkoselaimen) asetuksista. Esimerkkej\u00e4 muokkausvaihtoehdoista suosituissa selaimissa:<\/p>\n\n\n\n<p>Mozilla Firefox: www.support.mozilla.org\/pl\/kb\/ciasteczka<\/p>\n\n\n\n<p>\u2013 Internet Explorer: www.support.microsoft.com\/kb\/278835\/pl<\/p>\n\n\n\n<p>\u2013 Google Chrome: www.support.google.com\/chrome\/bin\/answer.py?hl=pl&amp;answer=95647<\/p>\n\n\n\n<p>\u2013 Safari: www.safari.helpmax.net\/sv\/spara-tid\/inneh\u00e5llsblockering\/<\/p>\n\n\n\n<p>Sivuston yll\u00e4pit\u00e4j\u00e4 ilmoittaa, ett\u00e4 k\u00e4ytt\u00e4j\u00e4n selaimen asetusten muutokset voivat johtaa verkkosivujen virheelliseen toimintaan.<\/p>\n\n\n","protected":false},"excerpt":{"rendered":"<p>Verkkosivuston tietosuojak\u00e4yt\u00e4nt\u00f6. https:\/\/betoff.eu Yleist\u00e4 tietoa T\u00e4m\u00e4 tietosuojaseloste sis\u00e4lt\u00e4\u00e4 k\u00e4ytt\u00e4ytymiss\u00e4\u00e4nn\u00f6t ja k\u00e4ytt\u00e4jien antamien henkil\u00f6tietojen suojan, kun he k\u00e4ytt\u00e4v\u00e4t myyntipalveluja verkkosivuston kautta. Sivuston sis\u00e4lt\u00e4mien henkil\u00f6tietojen yll\u00e4pit\u00e4j\u00e4 on Innovachem Krystian Grzyb perustuu przy ul. Sarmacka 21\/8 Warszawa NIP PL7621764306 Varmistaaksemme meille uskottujen tietojen turvallisuuden olemme kehitt\u00e4neet sis\u00e4iset menettelytavat ja suositukset est\u00e4\u00e4ksemme tietojen joutumisen valtuuttamattomien henkil\u00f6iden saataville. Seuraamme niiden [&#8230;]\n","protected":false},"author":1,"featured_media":0,"parent":0,"menu_order":0,"comment_status":"closed","ping_status":"closed","template":"","meta":{"om_disable_all_campaigns":false,"footnotes":""},"class_list":["post-13983","page","type-page","status-publish","hentry"],"yoast_head":"<!-- This site is optimized with the Yoast SEO plugin v25.9 - https:\/\/yoast.com\/wordpress\/plugins\/seo\/ -->\n<title>Tietosuojak\u00e4yt\u00e4nt\u00f6 - BETOFF-Tuotteita betonimaailmaan ja muualle!<\/title>\n<meta name=\"robots\" content=\"index, follow, max-snippet:-1, max-image-preview:large, max-video-preview:-1\" \/>\n<link rel=\"canonical\" href=\"https:\/\/betoff.eu\/fi\/tietosuojakaytanto\/\" \/>\n<meta property=\"og:locale\" content=\"fi_FI\" \/>\n<meta property=\"og:type\" content=\"article\" \/>\n<meta property=\"og:title\" content=\"Tietosuojak\u00e4yt\u00e4nt\u00f6 - BETOFF-Tuotteita betonimaailmaan ja muualle!\" \/>\n<meta property=\"og:description\" content=\"Verkkosivuston tietosuojak\u00e4yt\u00e4nt\u00f6. https:\/\/betoff.eu Yleist\u00e4 tietoa T\u00e4m\u00e4 tietosuojaseloste sis\u00e4lt\u00e4\u00e4 k\u00e4ytt\u00e4ytymiss\u00e4\u00e4nn\u00f6t ja k\u00e4ytt\u00e4jien antamien henkil\u00f6tietojen suojan, kun he k\u00e4ytt\u00e4v\u00e4t myyntipalveluja verkkosivuston kautta. Sivuston sis\u00e4lt\u00e4mien henkil\u00f6tietojen yll\u00e4pit\u00e4j\u00e4 on Innovachem Krystian Grzyb perustuu przy ul. Sarmacka 21\/8 Warszawa NIP PL7621764306 Varmistaaksemme meille uskottujen tietojen turvallisuuden olemme kehitt\u00e4neet sis\u00e4iset menettelytavat ja suositukset est\u00e4\u00e4ksemme tietojen joutumisen valtuuttamattomien henkil\u00f6iden saataville. Seuraamme niiden [...]\" \/>\n<meta property=\"og:url\" content=\"https:\/\/betoff.eu\/fi\/tietosuojakaytanto\/\" \/>\n<meta property=\"og:site_name\" content=\"BETOFF-Tuotteita betonimaailmaan ja muualle!\" \/>\n<meta property=\"article:modified_time\" content=\"2024-06-21T09:46:12+00:00\" \/>\n<meta name=\"twitter:card\" content=\"summary_large_image\" \/>\n<meta name=\"twitter:label1\" content=\"Arvioitu lukuaika\" \/>\n\t<meta name=\"twitter:data1\" content=\"3 minuuttia\" \/>\n<script type=\"application\/ld+json\" class=\"yoast-schema-graph\">{\"@context\":\"https:\/\/schema.org\",\"@graph\":[{\"@type\":\"WebPage\",\"@id\":\"https:\/\/betoff.eu\/fi\/tietosuojakaytanto\/\",\"url\":\"https:\/\/betoff.eu\/fi\/tietosuojakaytanto\/\",\"name\":\"Tietosuojak\u00e4yt\u00e4nt\u00f6 - BETOFF-Tuotteita betonimaailmaan ja muualle!\",\"isPartOf\":{\"@id\":\"https:\/\/betoff.eu\/#website\"},\"datePublished\":\"2024-06-21T05:44:05+00:00\",\"dateModified\":\"2024-06-21T09:46:12+00:00\",\"breadcrumb\":{\"@id\":\"https:\/\/betoff.eu\/fi\/tietosuojakaytanto\/#breadcrumb\"},\"inLanguage\":\"fi\",\"potentialAction\":[{\"@type\":\"ReadAction\",\"target\":[\"https:\/\/betoff.eu\/fi\/tietosuojakaytanto\/\"]}]},{\"@type\":\"BreadcrumbList\",\"@id\":\"https:\/\/betoff.eu\/fi\/tietosuojakaytanto\/#breadcrumb\",\"itemListElement\":[{\"@type\":\"ListItem\",\"position\":1,\"name\":\"Hem\",\"item\":\"https:\/\/betoff.eu\/fi\/\"},{\"@type\":\"ListItem\",\"position\":2,\"name\":\"Tietosuojak\u00e4yt\u00e4nt\u00f6\"}]},{\"@type\":\"WebSite\",\"@id\":\"https:\/\/betoff.eu\/#website\",\"url\":\"https:\/\/betoff.eu\/\",\"name\":\"BETOFF-Products for the world of concrete and beyond!\",\"description\":\"Betoff - Betoninpoistoneste\",\"publisher\":{\"@id\":\"https:\/\/betoff.eu\/#\/schema\/person\/cded67f1acad0c68af8dcc171137512c\"},\"potentialAction\":[{\"@type\":\"SearchAction\",\"target\":{\"@type\":\"EntryPoint\",\"urlTemplate\":\"https:\/\/betoff.eu\/?s={search_term_string}\"},\"query-input\":{\"@type\":\"PropertyValueSpecification\",\"valueRequired\":true,\"valueName\":\"search_term_string\"}}],\"inLanguage\":\"fi\"},{\"@type\":[\"Person\",\"Organization\"],\"@id\":\"https:\/\/betoff.eu\/#\/schema\/person\/cded67f1acad0c68af8dcc171137512c\",\"name\":\"admin\",\"image\":{\"@type\":\"ImageObject\",\"inLanguage\":\"fi\",\"@id\":\"https:\/\/betoff.eu\/#\/schema\/person\/image\/\",\"url\":\"https:\/\/betoff.eu\/wp-content\/uploads\/2021\/02\/betoff-logo.png\",\"contentUrl\":\"https:\/\/betoff.eu\/wp-content\/uploads\/2021\/02\/betoff-logo.png\",\"width\":1024,\"height\":258,\"caption\":\"admin\"},\"logo\":{\"@id\":\"https:\/\/betoff.eu\/#\/schema\/person\/image\/\"}}]}<\/script>\n<!-- \/ Yoast SEO plugin. -->","yoast_head_json":{"title":"Tietosuojak\u00e4yt\u00e4nt\u00f6 - BETOFF-Tuotteita betonimaailmaan ja muualle!","robots":{"index":"index","follow":"follow","max-snippet":"max-snippet:-1","max-image-preview":"max-image-preview:large","max-video-preview":"max-video-preview:-1"},"canonical":"https:\/\/betoff.eu\/fi\/tietosuojakaytanto\/","og_locale":"fi_FI","og_type":"article","og_title":"Tietosuojak\u00e4yt\u00e4nt\u00f6 - BETOFF-Tuotteita betonimaailmaan ja muualle!","og_description":"Verkkosivuston tietosuojak\u00e4yt\u00e4nt\u00f6. https:\/\/betoff.eu Yleist\u00e4 tietoa T\u00e4m\u00e4 tietosuojaseloste sis\u00e4lt\u00e4\u00e4 k\u00e4ytt\u00e4ytymiss\u00e4\u00e4nn\u00f6t ja k\u00e4ytt\u00e4jien antamien henkil\u00f6tietojen suojan, kun he k\u00e4ytt\u00e4v\u00e4t myyntipalveluja verkkosivuston kautta. Sivuston sis\u00e4lt\u00e4mien henkil\u00f6tietojen yll\u00e4pit\u00e4j\u00e4 on Innovachem Krystian Grzyb perustuu przy ul. Sarmacka 21\/8 Warszawa NIP PL7621764306 Varmistaaksemme meille uskottujen tietojen turvallisuuden olemme kehitt\u00e4neet sis\u00e4iset menettelytavat ja suositukset est\u00e4\u00e4ksemme tietojen joutumisen valtuuttamattomien henkil\u00f6iden saataville. Seuraamme niiden [...]","og_url":"https:\/\/betoff.eu\/fi\/tietosuojakaytanto\/","og_site_name":"BETOFF-Tuotteita betonimaailmaan ja muualle!","article_modified_time":"2024-06-21T09:46:12+00:00","twitter_card":"summary_large_image","twitter_misc":{"Arvioitu lukuaika":"3 minuuttia"},"schema":{"@context":"https:\/\/schema.org","@graph":[{"@type":"WebPage","@id":"https:\/\/betoff.eu\/fi\/tietosuojakaytanto\/","url":"https:\/\/betoff.eu\/fi\/tietosuojakaytanto\/","name":"Tietosuojak\u00e4yt\u00e4nt\u00f6 - BETOFF-Tuotteita betonimaailmaan ja muualle!","isPartOf":{"@id":"https:\/\/betoff.eu\/#website"},"datePublished":"2024-06-21T05:44:05+00:00","dateModified":"2024-06-21T09:46:12+00:00","breadcrumb":{"@id":"https:\/\/betoff.eu\/fi\/tietosuojakaytanto\/#breadcrumb"},"inLanguage":"fi","potentialAction":[{"@type":"ReadAction","target":["https:\/\/betoff.eu\/fi\/tietosuojakaytanto\/"]}]},{"@type":"BreadcrumbList","@id":"https:\/\/betoff.eu\/fi\/tietosuojakaytanto\/#breadcrumb","itemListElement":[{"@type":"ListItem","position":1,"name":"Hem","item":"https:\/\/betoff.eu\/fi\/"},{"@type":"ListItem","position":2,"name":"Tietosuojak\u00e4yt\u00e4nt\u00f6"}]},{"@type":"WebSite","@id":"https:\/\/betoff.eu\/#website","url":"https:\/\/betoff.eu\/","name":"BETOFF-Products for the world of concrete and beyond!","description":"Betoff - Betoninpoistoneste","publisher":{"@id":"https:\/\/betoff.eu\/#\/schema\/person\/cded67f1acad0c68af8dcc171137512c"},"potentialAction":[{"@type":"SearchAction","target":{"@type":"EntryPoint","urlTemplate":"https:\/\/betoff.eu\/?s={search_term_string}"},"query-input":{"@type":"PropertyValueSpecification","valueRequired":true,"valueName":"search_term_string"}}],"inLanguage":"fi"},{"@type":["Person","Organization"],"@id":"https:\/\/betoff.eu\/#\/schema\/person\/cded67f1acad0c68af8dcc171137512c","name":"admin","image":{"@type":"ImageObject","inLanguage":"fi","@id":"https:\/\/betoff.eu\/#\/schema\/person\/image\/","url":"https:\/\/betoff.eu\/wp-content\/uploads\/2021\/02\/betoff-logo.png","contentUrl":"https:\/\/betoff.eu\/wp-content\/uploads\/2021\/02\/betoff-logo.png","width":1024,"height":258,"caption":"admin"},"logo":{"@id":"https:\/\/betoff.eu\/#\/schema\/person\/image\/"}}]}},"_links":{"self":[{"href":"https:\/\/betoff.eu\/fi\/wp-json\/wp\/v2\/pages\/13983","targetHints":{"allow":["GET"]}}],"collection":[{"href":"https:\/\/betoff.eu\/fi\/wp-json\/wp\/v2\/pages"}],"about":[{"href":"https:\/\/betoff.eu\/fi\/wp-json\/wp\/v2\/types\/page"}],"author":[{"embeddable":true,"href":"https:\/\/betoff.eu\/fi\/wp-json\/wp\/v2\/users\/1"}],"replies":[{"embeddable":true,"href":"https:\/\/betoff.eu\/fi\/wp-json\/wp\/v2\/comments?post=13983"}],"version-history":[{"count":0,"href":"https:\/\/betoff.eu\/fi\/wp-json\/wp\/v2\/pages\/13983\/revisions"}],"wp:attachment":[{"href":"https:\/\/betoff.eu\/fi\/wp-json\/wp\/v2\/media?parent=13983"}],"curies":[{"name":"wp","href":"https:\/\/api.w.org\/{rel}","templated":true}]}}