{"id":13835,"date":"2024-06-18T07:31:56","date_gmt":"2024-06-18T05:31:56","guid":{"rendered":"https:\/\/betoff.eu\/?post_type=product&#038;p=13835"},"modified":"2024-06-18T07:31:56","modified_gmt":"2024-06-18T05:31:56","slug":"betoff-f-1-l-mordi-puhastusvedelik-kuurimine-pole-vajalik","status":"publish","type":"product","link":"https:\/\/betoff.eu\/et\/produkt\/betoff-f-1-l-mordi-puhastusvedelik-kuurimine-pole-vajalik\/","title":{"rendered":"BETOFF-F &#8211; 1 L &#8211; M\u00f6rdi puhastusvedelik. K\u00fc\u00fcrimine pole vajalik"},"content":{"rendered":"<p>Avastage uus puhtuse kvaliteet revolutsioonilise m\u00f6rdipuhastusvahendiga, mis v\u00e4listab k\u00fc\u00fcrimise vajaduse! See uuenduslik toode on t\u00f5eline l\u00e4bimurre teie kodu puhtana hoidmisel. T\u00e4nu t\u00e4iustatud koostisele lahustab vedelik t\u00f5husalt mustuse ja ladestused, j\u00e4ttes vuugid l\u00e4ikivaks, ilma et oleks vaja kasutada j\u00f5udu v\u00f5i pintslit.<\/p>\n<p>Selle vedeliku kasutamine on lapsem\u00e4ng \u2013 lihtsalt kanna see m\u00e4\u00e4rdunud pinnale, oota m\u00f5ni minut ja loputa veega. See on k\u00f5ik! Mitte ainult ei s\u00e4\u00e4sta oma aega ja energiat, vaid kaitsete ka oma k\u00e4si ja k\u00fc\u00fcsi karmide puhastusvahendite ja intensiivse k\u00fc\u00fcrimise eest.<\/p>\n<p>See toode sobib ideaalselt k\u00f5igile, kes hindavad mugavust ja t\u00f5husust. Seda saab kasutada igas kodus, aga ka avalikes kohtades, nagu hotellid, restoranid ja koolid. Olenemata sellest, kus te seda kasutate, v\u00f5ite olla kindel, et teie vuugisegu n\u00e4eb v\u00e4lja nagu uus.<\/p>\n<p>Vedelik vuukide puhastamiseks ilma k\u00fc\u00fcrimata pole mitte ainult mugav, vaid ka ohutu. Selle koostis on v\u00e4lja t\u00f6\u00f6tatud nii, et see oleks pindade suhtes \u00f5rn, kuid samas j\u00f5hker mustuse suhtes. See on \u00f6koloogiline toode, mis ei sisalda kahjulikke aineid ja on keskkonnale ohutu.<\/p>\n<p>\u00c4rge laske s\u00fcstm\u00f6rdi puhastamisel olla vaevaline. Valige vedelik vuukide puhastamiseks ilma n\u00fchkimiseta ja nautige oma ruumide ilu ilma tarbetute pingutusteta.<\/p>\n","protected":false},"excerpt":{"rendered":"<p>Avastage uus puhtuse kvaliteet revolutsioonilise m\u00f6rdipuhastusvahendiga, mis v\u00e4listab k\u00fc\u00fcrimise vajaduse! See uuenduslik toode on t\u00f5eline l\u00e4bimurre teie kodu puhtana hoidmisel. T\u00e4nu t\u00e4iustatud koostisele lahustab vedelik t\u00f5husalt mustuse ja ladestused, j\u00e4ttes vuugid l\u00e4ikivaks, ilma et oleks vaja kasutada j\u00f5udu v\u00f5i pintslit. Selle vedeliku kasutamine on lapsem\u00e4ng \u2013 lihtsalt kanna see m\u00e4\u00e4rdunud pinnale, oota m\u00f5ni minut ja [&#8230;]\n","protected":false},"featured_media":13831,"template":"","meta":{"om_disable_all_campaigns":false},"product_brand":[],"product_cat":[334],"product_tag":[],"class_list":{"0":"post-13835","1":"product","2":"type-product","3":"status-publish","4":"has-post-thumbnail","6":"product_cat-vuukide-puhastamine","8":"first","9":"instock","10":"taxable","11":"shipping-taxable","12":"purchasable","13":"product-type-simple"},"yoast_head":"<!-- This site is optimized with the Yoast SEO plugin v25.9 - https:\/\/yoast.com\/wordpress\/plugins\/seo\/ -->\n<title>BETOFF-F - 1 L - M\u00f6rdi puhastusvedelik. K\u00fc\u00fcrimine pole vajalik - BETOFF-Tooted betoonimaailmale ja mujalegi!<\/title>\n<meta name=\"description\" content=\"Avastage puhastamise lihtsus revolutsioonilise s\u00fcstm\u00f6rdipuhastusvahendiga, mis eemaldab mustuse ilma k\u00fc\u00fcrimata! Ideaalne koju ja ettev\u00f5tte peakorterisse!\" \/>\n<meta name=\"robots\" content=\"index, follow, max-snippet:-1, max-image-preview:large, max-video-preview:-1\" \/>\n<link rel=\"canonical\" href=\"https:\/\/betoff.eu\/et\/produkt\/betoff-f-1-l-mordi-puhastusvedelik-kuurimine-pole-vajalik\/\" \/>\n<meta property=\"og:locale\" content=\"et_EE\" \/>\n<meta property=\"og:type\" content=\"article\" \/>\n<meta property=\"og:title\" content=\"BETOFF-F - 1 L - M\u00f6rdi puhastusvedelik. K\u00fc\u00fcrimine pole vajalik - BETOFF-Tooted betoonimaailmale ja mujalegi!\" \/>\n<meta property=\"og:description\" content=\"Avastage puhastamise lihtsus revolutsioonilise s\u00fcstm\u00f6rdipuhastusvahendiga, mis eemaldab mustuse ilma k\u00fc\u00fcrimata! Ideaalne koju ja ettev\u00f5tte peakorterisse!\" \/>\n<meta property=\"og:url\" content=\"https:\/\/betoff.eu\/et\/produkt\/betoff-f-1-l-mordi-puhastusvedelik-kuurimine-pole-vajalik\/\" \/>\n<meta property=\"og:site_name\" content=\"BETOFF-Tooted betoonimaailmale ja mujalegi!\" \/>\n<meta property=\"og:image\" content=\"https:\/\/betoff.eu\/wp-content\/uploads\/2024\/06\/BETOFF-F-1L_1130x1536.webp\" \/>\n\t<meta property=\"og:image:width\" content=\"1130\" \/>\n\t<meta property=\"og:image:height\" content=\"1536\" \/>\n\t<meta property=\"og:image:type\" content=\"image\/webp\" \/>\n<meta name=\"twitter:card\" content=\"summary_large_image\" \/>\n<meta name=\"twitter:label1\" content=\"Est. reading time\" \/>\n\t<meta name=\"twitter:data1\" content=\"2 minutit\" \/>\n<script type=\"application\/ld+json\" class=\"yoast-schema-graph\">{\"@context\":\"https:\/\/schema.org\",\"@graph\":[{\"@type\":\"WebPage\",\"@id\":\"https:\/\/betoff.eu\/et\/produkt\/betoff-f-1-l-mordi-puhastusvedelik-kuurimine-pole-vajalik\/\",\"url\":\"https:\/\/betoff.eu\/et\/produkt\/betoff-f-1-l-mordi-puhastusvedelik-kuurimine-pole-vajalik\/\",\"name\":\"BETOFF-F - 1 L - M\u00f6rdi puhastusvedelik. K\u00fc\u00fcrimine pole vajalik - BETOFF-Tooted betoonimaailmale ja mujalegi!\",\"isPartOf\":{\"@id\":\"https:\/\/betoff.eu\/#website\"},\"primaryImageOfPage\":{\"@id\":\"https:\/\/betoff.eu\/et\/produkt\/betoff-f-1-l-mordi-puhastusvedelik-kuurimine-pole-vajalik\/#primaryimage\"},\"image\":{\"@id\":\"https:\/\/betoff.eu\/et\/produkt\/betoff-f-1-l-mordi-puhastusvedelik-kuurimine-pole-vajalik\/#primaryimage\"},\"thumbnailUrl\":\"https:\/\/betoff.eu\/wp-content\/uploads\/2024\/06\/BETOFF-F-1L_1130x1536.webp\",\"datePublished\":\"2024-06-18T05:31:56+00:00\",\"description\":\"Avastage puhastamise lihtsus revolutsioonilise s\u00fcstm\u00f6rdipuhastusvahendiga, mis eemaldab mustuse ilma k\u00fc\u00fcrimata! Ideaalne koju ja ettev\u00f5tte peakorterisse!\",\"breadcrumb\":{\"@id\":\"https:\/\/betoff.eu\/et\/produkt\/betoff-f-1-l-mordi-puhastusvedelik-kuurimine-pole-vajalik\/#breadcrumb\"},\"inLanguage\":\"et\",\"potentialAction\":[{\"@type\":\"ReadAction\",\"target\":[\"https:\/\/betoff.eu\/et\/produkt\/betoff-f-1-l-mordi-puhastusvedelik-kuurimine-pole-vajalik\/\"]}]},{\"@type\":\"ImageObject\",\"inLanguage\":\"et\",\"@id\":\"https:\/\/betoff.eu\/et\/produkt\/betoff-f-1-l-mordi-puhastusvedelik-kuurimine-pole-vajalik\/#primaryimage\",\"url\":\"https:\/\/betoff.eu\/wp-content\/uploads\/2024\/06\/BETOFF-F-1L_1130x1536.webp\",\"contentUrl\":\"https:\/\/betoff.eu\/wp-content\/uploads\/2024\/06\/BETOFF-F-1L_1130x1536.webp\",\"width\":1130,\"height\":1536,\"caption\":\"BETOFF-F - M\u00f6rdi puhastusvedelik. K\u00fc\u00fcrimine pole vajalik\"},{\"@type\":\"BreadcrumbList\",\"@id\":\"https:\/\/betoff.eu\/et\/produkt\/betoff-f-1-l-mordi-puhastusvedelik-kuurimine-pole-vajalik\/#breadcrumb\",\"itemListElement\":[{\"@type\":\"ListItem\",\"position\":1,\"name\":\"Hem\",\"item\":\"https:\/\/betoff.eu\/\"},{\"@type\":\"ListItem\",\"position\":2,\"name\":\"Shop\",\"item\":\"https:\/\/betoff.eu\/sklep-2\/\"},{\"@type\":\"ListItem\",\"position\":3,\"name\":\"BETOFF-F &#8211; 1 L &#8211; M\u00f6rdi puhastusvedelik. K\u00fc\u00fcrimine pole vajalik\"}]},{\"@type\":\"WebSite\",\"@id\":\"https:\/\/betoff.eu\/#website\",\"url\":\"https:\/\/betoff.eu\/\",\"name\":\"BETOFF-Products for the world of concrete and beyond!\",\"description\":\"Betoff - Betoonieemaldusvedelik\",\"publisher\":{\"@id\":\"https:\/\/betoff.eu\/#\/schema\/person\/cded67f1acad0c68af8dcc171137512c\"},\"potentialAction\":[{\"@type\":\"SearchAction\",\"target\":{\"@type\":\"EntryPoint\",\"urlTemplate\":\"https:\/\/betoff.eu\/?s={search_term_string}\"},\"query-input\":{\"@type\":\"PropertyValueSpecification\",\"valueRequired\":true,\"valueName\":\"search_term_string\"}}],\"inLanguage\":\"et\"},{\"@type\":[\"Person\",\"Organization\"],\"@id\":\"https:\/\/betoff.eu\/#\/schema\/person\/cded67f1acad0c68af8dcc171137512c\",\"name\":\"admin\",\"image\":{\"@type\":\"ImageObject\",\"inLanguage\":\"et\",\"@id\":\"https:\/\/betoff.eu\/#\/schema\/person\/image\/\",\"url\":\"https:\/\/betoff.eu\/wp-content\/uploads\/2021\/02\/betoff-logo.png\",\"contentUrl\":\"https:\/\/betoff.eu\/wp-content\/uploads\/2021\/02\/betoff-logo.png\",\"width\":1024,\"height\":258,\"caption\":\"admin\"},\"logo\":{\"@id\":\"https:\/\/betoff.eu\/#\/schema\/person\/image\/\"}}]}<\/script>\n<!-- \/ Yoast SEO plugin. -->","yoast_head_json":{"title":"BETOFF-F - 1 L - M\u00f6rdi puhastusvedelik. K\u00fc\u00fcrimine pole vajalik - BETOFF-Tooted betoonimaailmale ja mujalegi!","description":"Avastage puhastamise lihtsus revolutsioonilise s\u00fcstm\u00f6rdipuhastusvahendiga, mis eemaldab mustuse ilma k\u00fc\u00fcrimata! Ideaalne koju ja ettev\u00f5tte peakorterisse!","robots":{"index":"index","follow":"follow","max-snippet":"max-snippet:-1","max-image-preview":"max-image-preview:large","max-video-preview":"max-video-preview:-1"},"canonical":"https:\/\/betoff.eu\/et\/produkt\/betoff-f-1-l-mordi-puhastusvedelik-kuurimine-pole-vajalik\/","og_locale":"et_EE","og_type":"article","og_title":"BETOFF-F - 1 L - M\u00f6rdi puhastusvedelik. K\u00fc\u00fcrimine pole vajalik - BETOFF-Tooted betoonimaailmale ja mujalegi!","og_description":"Avastage puhastamise lihtsus revolutsioonilise s\u00fcstm\u00f6rdipuhastusvahendiga, mis eemaldab mustuse ilma k\u00fc\u00fcrimata! Ideaalne koju ja ettev\u00f5tte peakorterisse!","og_url":"https:\/\/betoff.eu\/et\/produkt\/betoff-f-1-l-mordi-puhastusvedelik-kuurimine-pole-vajalik\/","og_site_name":"BETOFF-Tooted betoonimaailmale ja mujalegi!","og_image":[{"width":1130,"height":1536,"url":"https:\/\/betoff.eu\/wp-content\/uploads\/2024\/06\/BETOFF-F-1L_1130x1536.webp","type":"image\/webp"}],"twitter_card":"summary_large_image","twitter_misc":{"Est. reading time":"2 minutit"},"schema":{"@context":"https:\/\/schema.org","@graph":[{"@type":"WebPage","@id":"https:\/\/betoff.eu\/et\/produkt\/betoff-f-1-l-mordi-puhastusvedelik-kuurimine-pole-vajalik\/","url":"https:\/\/betoff.eu\/et\/produkt\/betoff-f-1-l-mordi-puhastusvedelik-kuurimine-pole-vajalik\/","name":"BETOFF-F - 1 L - M\u00f6rdi puhastusvedelik. K\u00fc\u00fcrimine pole vajalik - BETOFF-Tooted betoonimaailmale ja mujalegi!","isPartOf":{"@id":"https:\/\/betoff.eu\/#website"},"primaryImageOfPage":{"@id":"https:\/\/betoff.eu\/et\/produkt\/betoff-f-1-l-mordi-puhastusvedelik-kuurimine-pole-vajalik\/#primaryimage"},"image":{"@id":"https:\/\/betoff.eu\/et\/produkt\/betoff-f-1-l-mordi-puhastusvedelik-kuurimine-pole-vajalik\/#primaryimage"},"thumbnailUrl":"https:\/\/betoff.eu\/wp-content\/uploads\/2024\/06\/BETOFF-F-1L_1130x1536.webp","datePublished":"2024-06-18T05:31:56+00:00","description":"Avastage puhastamise lihtsus revolutsioonilise s\u00fcstm\u00f6rdipuhastusvahendiga, mis eemaldab mustuse ilma k\u00fc\u00fcrimata! Ideaalne koju ja ettev\u00f5tte peakorterisse!","breadcrumb":{"@id":"https:\/\/betoff.eu\/et\/produkt\/betoff-f-1-l-mordi-puhastusvedelik-kuurimine-pole-vajalik\/#breadcrumb"},"inLanguage":"et","potentialAction":[{"@type":"ReadAction","target":["https:\/\/betoff.eu\/et\/produkt\/betoff-f-1-l-mordi-puhastusvedelik-kuurimine-pole-vajalik\/"]}]},{"@type":"ImageObject","inLanguage":"et","@id":"https:\/\/betoff.eu\/et\/produkt\/betoff-f-1-l-mordi-puhastusvedelik-kuurimine-pole-vajalik\/#primaryimage","url":"https:\/\/betoff.eu\/wp-content\/uploads\/2024\/06\/BETOFF-F-1L_1130x1536.webp","contentUrl":"https:\/\/betoff.eu\/wp-content\/uploads\/2024\/06\/BETOFF-F-1L_1130x1536.webp","width":1130,"height":1536,"caption":"BETOFF-F - M\u00f6rdi puhastusvedelik. K\u00fc\u00fcrimine pole vajalik"},{"@type":"BreadcrumbList","@id":"https:\/\/betoff.eu\/et\/produkt\/betoff-f-1-l-mordi-puhastusvedelik-kuurimine-pole-vajalik\/#breadcrumb","itemListElement":[{"@type":"ListItem","position":1,"name":"Hem","item":"https:\/\/betoff.eu\/"},{"@type":"ListItem","position":2,"name":"Shop","item":"https:\/\/betoff.eu\/sklep-2\/"},{"@type":"ListItem","position":3,"name":"BETOFF-F &#8211; 1 L &#8211; M\u00f6rdi puhastusvedelik. K\u00fc\u00fcrimine pole vajalik"}]},{"@type":"WebSite","@id":"https:\/\/betoff.eu\/#website","url":"https:\/\/betoff.eu\/","name":"BETOFF-Products for the world of concrete and beyond!","description":"Betoff - Betoonieemaldusvedelik","publisher":{"@id":"https:\/\/betoff.eu\/#\/schema\/person\/cded67f1acad0c68af8dcc171137512c"},"potentialAction":[{"@type":"SearchAction","target":{"@type":"EntryPoint","urlTemplate":"https:\/\/betoff.eu\/?s={search_term_string}"},"query-input":{"@type":"PropertyValueSpecification","valueRequired":true,"valueName":"search_term_string"}}],"inLanguage":"et"},{"@type":["Person","Organization"],"@id":"https:\/\/betoff.eu\/#\/schema\/person\/cded67f1acad0c68af8dcc171137512c","name":"admin","image":{"@type":"ImageObject","inLanguage":"et","@id":"https:\/\/betoff.eu\/#\/schema\/person\/image\/","url":"https:\/\/betoff.eu\/wp-content\/uploads\/2021\/02\/betoff-logo.png","contentUrl":"https:\/\/betoff.eu\/wp-content\/uploads\/2021\/02\/betoff-logo.png","width":1024,"height":258,"caption":"admin"},"logo":{"@id":"https:\/\/betoff.eu\/#\/schema\/person\/image\/"}}]}},"_links":{"self":[{"href":"https:\/\/betoff.eu\/et\/wp-json\/wp\/v2\/product\/13835","targetHints":{"allow":["GET"]}}],"collection":[{"href":"https:\/\/betoff.eu\/et\/wp-json\/wp\/v2\/product"}],"about":[{"href":"https:\/\/betoff.eu\/et\/wp-json\/wp\/v2\/types\/product"}],"wp:featuredmedia":[{"embeddable":true,"href":"https:\/\/betoff.eu\/et\/wp-json\/wp\/v2\/media\/13831"}],"wp:attachment":[{"href":"https:\/\/betoff.eu\/et\/wp-json\/wp\/v2\/media?parent=13835"}],"wp:term":[{"taxonomy":"product_brand","embeddable":true,"href":"https:\/\/betoff.eu\/et\/wp-json\/wp\/v2\/product_brand?post=13835"},{"taxonomy":"product_cat","embeddable":true,"href":"https:\/\/betoff.eu\/et\/wp-json\/wp\/v2\/product_cat?post=13835"},{"taxonomy":"product_tag","embeddable":true,"href":"https:\/\/betoff.eu\/et\/wp-json\/wp\/v2\/product_tag?post=13835"}],"curies":[{"name":"wp","href":"https:\/\/api.w.org\/{rel}","templated":true}]}}