{"id":13821,"date":"2024-06-17T09:38:52","date_gmt":"2024-06-17T07:38:52","guid":{"rendered":"https:\/\/betoff.eu\/?post_type=product&#038;p=13821"},"modified":"2024-06-17T09:38:52","modified_gmt":"2024-06-17T07:38:52","slug":"betoff-u-4-l-universaalne-puhastusvedelik","status":"publish","type":"product","link":"https:\/\/betoff.eu\/et\/produkt\/betoff-u-4-l-universaalne-puhastusvedelik\/","title":{"rendered":"BETOFF-U &#8211; 4 L &#8211; Universaalne puhastusvedelik"},"content":{"rendered":"<p>Avastage universaalse puhastusvedeliku j\u00f5ud, mis muudab p\u00f6\u00f6rde viiside eemaldamise viisidelt erinevatelt pindadelt. See mitmek\u00fclgne puhastusvahend vastab nii kodukasutajate kui ka professionaalide vajadustele, kes otsivad \u00fchte toodet mitmeks otstarbeks.<\/p>\n<p>Universaalne puhastusvedelik eemaldab t\u00f5husalt plekid krohvilt, v\u00e4rvilt, tsemendipiimalt ja katlakivilt, muutes selle renoveerimise v\u00f5i igap\u00e4evase puhastamise ajal hindamatuks. Selle tugev valem toimib kiiresti, j\u00e4tmata j\u00e4lgi ega vaja intensiivset k\u00fc\u00fcrimist.<\/p>\n<p>Lisaks on see vedelik ideaalne selliste pindade nagu vask, klaas, alumiinium, puit ja plast hooldamiseks ja v\u00e4rskendamiseks. Seda saab ohutult kasutada \u00f5rnadel materjalidel, tagades nende laitmatu puhtuse ilma kahjustamiseta.<\/p>\n<p>Universaalse puhastusvedeliku kasutamine on v\u00e4ga lihtne \u2013 lihtsalt piserdage m\u00e4\u00e4rdunud pinda ja p\u00fchkige see m\u00f5ne aja p\u00e4rast lapiga v\u00f5i loputage veega. See teeb sellest ideaalse toote inimestele, kes hindavad kiirust ja mugavust.<\/p>\n<p>Selle vedeliku ohutu kasutamine on t\u00e4iendav eelis. Tavaliselt ei sisalda see agressiivseid kemikaale, mist\u00f5ttu on see nahale ohutu ja keskkonnas\u00f5bralik.<\/p>\n<p>Valides universaalse puhastusvedeliku, investeerite tootesse, mis vastab ka k\u00f5ige n\u00f5udlikuma kasutaja ootustele.<\/p>\n","protected":false},"excerpt":{"rendered":"<p>Avastage universaalse puhastusvedeliku j\u00f5ud, mis muudab p\u00f6\u00f6rde viiside eemaldamise viisidelt erinevatelt pindadelt. See mitmek\u00fclgne puhastusvahend vastab nii kodukasutajate kui ka professionaalide vajadustele, kes otsivad \u00fchte toodet mitmeks otstarbeks. Universaalne puhastusvedelik eemaldab t\u00f5husalt plekid krohvilt, v\u00e4rvilt, tsemendipiimalt ja katlakivilt, muutes selle renoveerimise v\u00f5i igap\u00e4evase puhastamise ajal hindamatuks. Selle tugev valem toimib kiiresti, j\u00e4tmata j\u00e4lgi ega vaja [&#8230;]\n","protected":false},"featured_media":13810,"template":"","meta":{"om_disable_all_campaigns":false},"product_brand":[],"product_cat":[332],"product_tag":[],"class_list":{"0":"post-13821","1":"product","2":"type-product","3":"status-publish","4":"has-post-thumbnail","6":"product_cat-universaalne-puhastusvedelik","8":"first","9":"instock","10":"taxable","11":"shipping-taxable","12":"purchasable","13":"product-type-simple"},"yoast_head":"<!-- This site is optimized with the Yoast SEO plugin v25.9 - https:\/\/yoast.com\/wordpress\/plugins\/seo\/ -->\n<title>BETOFF-U - 4 L - Universaalne puhastusvedelik - BETOFF-Tooted betoonimaailmale ja mujalegi!<\/title>\n<meta name=\"description\" content=\"Proovige universaalset puhastusvedelikku \u2013 teie saladus krohvist, v\u00e4rvist ja tsemendipiimast p\u00f5hjustatud plekkide vastu. Sobib suurep\u00e4raselt vase, klaasi, alumiiniumi, puidu ja plasti hooldamiseks.\" \/>\n<meta name=\"robots\" content=\"index, follow, max-snippet:-1, max-image-preview:large, max-video-preview:-1\" \/>\n<link rel=\"canonical\" href=\"https:\/\/betoff.eu\/et\/produkt\/betoff-u-4-l-universaalne-puhastusvedelik\/\" \/>\n<meta property=\"og:locale\" content=\"et_EE\" \/>\n<meta property=\"og:type\" content=\"article\" \/>\n<meta property=\"og:title\" content=\"BETOFF-U - 4 L - Universaalne puhastusvedelik - BETOFF-Tooted betoonimaailmale ja mujalegi!\" \/>\n<meta property=\"og:description\" content=\"Proovige universaalset puhastusvedelikku \u2013 teie saladus krohvist, v\u00e4rvist ja tsemendipiimast p\u00f5hjustatud plekkide vastu. Sobib suurep\u00e4raselt vase, klaasi, alumiiniumi, puidu ja plasti hooldamiseks.\" \/>\n<meta property=\"og:url\" content=\"https:\/\/betoff.eu\/et\/produkt\/betoff-u-4-l-universaalne-puhastusvedelik\/\" \/>\n<meta property=\"og:site_name\" content=\"BETOFF-Tooted betoonimaailmale ja mujalegi!\" \/>\n<meta property=\"og:image\" content=\"https:\/\/betoff.eu\/wp-content\/uploads\/2024\/06\/Betoff-U-4L-430x538-2.png\" \/>\n\t<meta property=\"og:image:width\" content=\"430\" \/>\n\t<meta property=\"og:image:height\" content=\"538\" \/>\n\t<meta property=\"og:image:type\" content=\"image\/png\" \/>\n<meta name=\"twitter:card\" content=\"summary_large_image\" \/>\n<meta name=\"twitter:label1\" content=\"Est. reading time\" \/>\n\t<meta name=\"twitter:data1\" content=\"2 minutit\" \/>\n<script type=\"application\/ld+json\" class=\"yoast-schema-graph\">{\"@context\":\"https:\/\/schema.org\",\"@graph\":[{\"@type\":\"WebPage\",\"@id\":\"https:\/\/betoff.eu\/et\/produkt\/betoff-u-4-l-universaalne-puhastusvedelik\/\",\"url\":\"https:\/\/betoff.eu\/et\/produkt\/betoff-u-4-l-universaalne-puhastusvedelik\/\",\"name\":\"BETOFF-U - 4 L - Universaalne puhastusvedelik - BETOFF-Tooted betoonimaailmale ja mujalegi!\",\"isPartOf\":{\"@id\":\"https:\/\/betoff.eu\/#website\"},\"primaryImageOfPage\":{\"@id\":\"https:\/\/betoff.eu\/et\/produkt\/betoff-u-4-l-universaalne-puhastusvedelik\/#primaryimage\"},\"image\":{\"@id\":\"https:\/\/betoff.eu\/et\/produkt\/betoff-u-4-l-universaalne-puhastusvedelik\/#primaryimage\"},\"thumbnailUrl\":\"https:\/\/betoff.eu\/wp-content\/uploads\/2024\/06\/Betoff-U-4L-430x538-2.png\",\"datePublished\":\"2024-06-17T07:38:52+00:00\",\"description\":\"Proovige universaalset puhastusvedelikku \u2013 teie saladus krohvist, v\u00e4rvist ja tsemendipiimast p\u00f5hjustatud plekkide vastu. Sobib suurep\u00e4raselt vase, klaasi, alumiiniumi, puidu ja plasti hooldamiseks.\",\"breadcrumb\":{\"@id\":\"https:\/\/betoff.eu\/et\/produkt\/betoff-u-4-l-universaalne-puhastusvedelik\/#breadcrumb\"},\"inLanguage\":\"et\",\"potentialAction\":[{\"@type\":\"ReadAction\",\"target\":[\"https:\/\/betoff.eu\/et\/produkt\/betoff-u-4-l-universaalne-puhastusvedelik\/\"]}]},{\"@type\":\"ImageObject\",\"inLanguage\":\"et\",\"@id\":\"https:\/\/betoff.eu\/et\/produkt\/betoff-u-4-l-universaalne-puhastusvedelik\/#primaryimage\",\"url\":\"https:\/\/betoff.eu\/wp-content\/uploads\/2024\/06\/Betoff-U-4L-430x538-2.png\",\"contentUrl\":\"https:\/\/betoff.eu\/wp-content\/uploads\/2024\/06\/Betoff-U-4L-430x538-2.png\",\"width\":430,\"height\":538,\"caption\":\"Universaalne puhastusvedelik\"},{\"@type\":\"BreadcrumbList\",\"@id\":\"https:\/\/betoff.eu\/et\/produkt\/betoff-u-4-l-universaalne-puhastusvedelik\/#breadcrumb\",\"itemListElement\":[{\"@type\":\"ListItem\",\"position\":1,\"name\":\"Hem\",\"item\":\"https:\/\/betoff.eu\/\"},{\"@type\":\"ListItem\",\"position\":2,\"name\":\"Shop\",\"item\":\"https:\/\/betoff.eu\/sklep-2\/\"},{\"@type\":\"ListItem\",\"position\":3,\"name\":\"BETOFF-U &#8211; 4 L &#8211; Universaalne puhastusvedelik\"}]},{\"@type\":\"WebSite\",\"@id\":\"https:\/\/betoff.eu\/#website\",\"url\":\"https:\/\/betoff.eu\/\",\"name\":\"BETOFF-Products for the world of concrete and beyond!\",\"description\":\"Betoff - Betoonieemaldusvedelik\",\"publisher\":{\"@id\":\"https:\/\/betoff.eu\/#\/schema\/person\/cded67f1acad0c68af8dcc171137512c\"},\"potentialAction\":[{\"@type\":\"SearchAction\",\"target\":{\"@type\":\"EntryPoint\",\"urlTemplate\":\"https:\/\/betoff.eu\/?s={search_term_string}\"},\"query-input\":{\"@type\":\"PropertyValueSpecification\",\"valueRequired\":true,\"valueName\":\"search_term_string\"}}],\"inLanguage\":\"et\"},{\"@type\":[\"Person\",\"Organization\"],\"@id\":\"https:\/\/betoff.eu\/#\/schema\/person\/cded67f1acad0c68af8dcc171137512c\",\"name\":\"admin\",\"image\":{\"@type\":\"ImageObject\",\"inLanguage\":\"et\",\"@id\":\"https:\/\/betoff.eu\/#\/schema\/person\/image\/\",\"url\":\"https:\/\/betoff.eu\/wp-content\/uploads\/2021\/02\/betoff-logo.png\",\"contentUrl\":\"https:\/\/betoff.eu\/wp-content\/uploads\/2021\/02\/betoff-logo.png\",\"width\":1024,\"height\":258,\"caption\":\"admin\"},\"logo\":{\"@id\":\"https:\/\/betoff.eu\/#\/schema\/person\/image\/\"}}]}<\/script>\n<!-- \/ Yoast SEO plugin. -->","yoast_head_json":{"title":"BETOFF-U - 4 L - Universaalne puhastusvedelik - BETOFF-Tooted betoonimaailmale ja mujalegi!","description":"Proovige universaalset puhastusvedelikku \u2013 teie saladus krohvist, v\u00e4rvist ja tsemendipiimast p\u00f5hjustatud plekkide vastu. Sobib suurep\u00e4raselt vase, klaasi, alumiiniumi, puidu ja plasti hooldamiseks.","robots":{"index":"index","follow":"follow","max-snippet":"max-snippet:-1","max-image-preview":"max-image-preview:large","max-video-preview":"max-video-preview:-1"},"canonical":"https:\/\/betoff.eu\/et\/produkt\/betoff-u-4-l-universaalne-puhastusvedelik\/","og_locale":"et_EE","og_type":"article","og_title":"BETOFF-U - 4 L - Universaalne puhastusvedelik - BETOFF-Tooted betoonimaailmale ja mujalegi!","og_description":"Proovige universaalset puhastusvedelikku \u2013 teie saladus krohvist, v\u00e4rvist ja tsemendipiimast p\u00f5hjustatud plekkide vastu. Sobib suurep\u00e4raselt vase, klaasi, alumiiniumi, puidu ja plasti hooldamiseks.","og_url":"https:\/\/betoff.eu\/et\/produkt\/betoff-u-4-l-universaalne-puhastusvedelik\/","og_site_name":"BETOFF-Tooted betoonimaailmale ja mujalegi!","og_image":[{"width":430,"height":538,"url":"https:\/\/betoff.eu\/wp-content\/uploads\/2024\/06\/Betoff-U-4L-430x538-2.png","type":"image\/png"}],"twitter_card":"summary_large_image","twitter_misc":{"Est. reading time":"2 minutit"},"schema":{"@context":"https:\/\/schema.org","@graph":[{"@type":"WebPage","@id":"https:\/\/betoff.eu\/et\/produkt\/betoff-u-4-l-universaalne-puhastusvedelik\/","url":"https:\/\/betoff.eu\/et\/produkt\/betoff-u-4-l-universaalne-puhastusvedelik\/","name":"BETOFF-U - 4 L - Universaalne puhastusvedelik - BETOFF-Tooted betoonimaailmale ja mujalegi!","isPartOf":{"@id":"https:\/\/betoff.eu\/#website"},"primaryImageOfPage":{"@id":"https:\/\/betoff.eu\/et\/produkt\/betoff-u-4-l-universaalne-puhastusvedelik\/#primaryimage"},"image":{"@id":"https:\/\/betoff.eu\/et\/produkt\/betoff-u-4-l-universaalne-puhastusvedelik\/#primaryimage"},"thumbnailUrl":"https:\/\/betoff.eu\/wp-content\/uploads\/2024\/06\/Betoff-U-4L-430x538-2.png","datePublished":"2024-06-17T07:38:52+00:00","description":"Proovige universaalset puhastusvedelikku \u2013 teie saladus krohvist, v\u00e4rvist ja tsemendipiimast p\u00f5hjustatud plekkide vastu. Sobib suurep\u00e4raselt vase, klaasi, alumiiniumi, puidu ja plasti hooldamiseks.","breadcrumb":{"@id":"https:\/\/betoff.eu\/et\/produkt\/betoff-u-4-l-universaalne-puhastusvedelik\/#breadcrumb"},"inLanguage":"et","potentialAction":[{"@type":"ReadAction","target":["https:\/\/betoff.eu\/et\/produkt\/betoff-u-4-l-universaalne-puhastusvedelik\/"]}]},{"@type":"ImageObject","inLanguage":"et","@id":"https:\/\/betoff.eu\/et\/produkt\/betoff-u-4-l-universaalne-puhastusvedelik\/#primaryimage","url":"https:\/\/betoff.eu\/wp-content\/uploads\/2024\/06\/Betoff-U-4L-430x538-2.png","contentUrl":"https:\/\/betoff.eu\/wp-content\/uploads\/2024\/06\/Betoff-U-4L-430x538-2.png","width":430,"height":538,"caption":"Universaalne puhastusvedelik"},{"@type":"BreadcrumbList","@id":"https:\/\/betoff.eu\/et\/produkt\/betoff-u-4-l-universaalne-puhastusvedelik\/#breadcrumb","itemListElement":[{"@type":"ListItem","position":1,"name":"Hem","item":"https:\/\/betoff.eu\/"},{"@type":"ListItem","position":2,"name":"Shop","item":"https:\/\/betoff.eu\/sklep-2\/"},{"@type":"ListItem","position":3,"name":"BETOFF-U &#8211; 4 L &#8211; Universaalne puhastusvedelik"}]},{"@type":"WebSite","@id":"https:\/\/betoff.eu\/#website","url":"https:\/\/betoff.eu\/","name":"BETOFF-Products for the world of concrete and beyond!","description":"Betoff - Betoonieemaldusvedelik","publisher":{"@id":"https:\/\/betoff.eu\/#\/schema\/person\/cded67f1acad0c68af8dcc171137512c"},"potentialAction":[{"@type":"SearchAction","target":{"@type":"EntryPoint","urlTemplate":"https:\/\/betoff.eu\/?s={search_term_string}"},"query-input":{"@type":"PropertyValueSpecification","valueRequired":true,"valueName":"search_term_string"}}],"inLanguage":"et"},{"@type":["Person","Organization"],"@id":"https:\/\/betoff.eu\/#\/schema\/person\/cded67f1acad0c68af8dcc171137512c","name":"admin","image":{"@type":"ImageObject","inLanguage":"et","@id":"https:\/\/betoff.eu\/#\/schema\/person\/image\/","url":"https:\/\/betoff.eu\/wp-content\/uploads\/2021\/02\/betoff-logo.png","contentUrl":"https:\/\/betoff.eu\/wp-content\/uploads\/2021\/02\/betoff-logo.png","width":1024,"height":258,"caption":"admin"},"logo":{"@id":"https:\/\/betoff.eu\/#\/schema\/person\/image\/"}}]}},"_links":{"self":[{"href":"https:\/\/betoff.eu\/et\/wp-json\/wp\/v2\/product\/13821","targetHints":{"allow":["GET"]}}],"collection":[{"href":"https:\/\/betoff.eu\/et\/wp-json\/wp\/v2\/product"}],"about":[{"href":"https:\/\/betoff.eu\/et\/wp-json\/wp\/v2\/types\/product"}],"wp:featuredmedia":[{"embeddable":true,"href":"https:\/\/betoff.eu\/et\/wp-json\/wp\/v2\/media\/13810"}],"wp:attachment":[{"href":"https:\/\/betoff.eu\/et\/wp-json\/wp\/v2\/media?parent=13821"}],"wp:term":[{"taxonomy":"product_brand","embeddable":true,"href":"https:\/\/betoff.eu\/et\/wp-json\/wp\/v2\/product_brand?post=13821"},{"taxonomy":"product_cat","embeddable":true,"href":"https:\/\/betoff.eu\/et\/wp-json\/wp\/v2\/product_cat?post=13821"},{"taxonomy":"product_tag","embeddable":true,"href":"https:\/\/betoff.eu\/et\/wp-json\/wp\/v2\/product_tag?post=13821"}],"curies":[{"name":"wp","href":"https:\/\/api.w.org\/{rel}","templated":true}]}}