{"id":13815,"date":"2024-06-17T09:30:42","date_gmt":"2024-06-17T07:30:42","guid":{"rendered":"https:\/\/betoff.eu\/?post_type=product&#038;p=13815"},"modified":"2024-06-17T09:35:58","modified_gmt":"2024-06-17T07:35:58","slug":"betoff-u-1-l-universaalne-puhastusvedelik","status":"publish","type":"product","link":"https:\/\/betoff.eu\/et\/produkt\/betoff-u-1-l-universaalne-puhastusvedelik\/","title":{"rendered":"BETOFF-U &#8211; 1 L &#8211; Universaalne puhastusvedelik"},"content":{"rendered":"<p>Universaalne puhastusvedelik on mitmek\u00fclgne toode, mis peaks olema igas kodus ja t\u00f6\u00f6kojas. Selle ainulaadne valem v\u00f5imaldab teil kergesti eemaldada ka k\u00f5ige raskemad plekid, nagu krohv, v\u00e4rv, tsemendipiim v\u00f5i veekivi. See on ideaalne lahendus inimestele, kes otsivad \u00fchte t\u00f5husat toodet erinevateks rakendusteks.<\/p>\n<p>See vedelik ei tule toime mitte ainult t\u00f5rksa mustusega sellistel pindadel nagu klaas, alumiinium v\u00f5i plast, vaid puhastab \u00f5rnalt ka vaske, puitu ja muid materjale ilma neid kahjustamata. See muudab selle asendamatuks puhtuse ja korra hoidmisel nii sise- kui ka v\u00e4lisruumides.<\/p>\n<p>Universaalse puhastusvedeliku kasutamine on lihtne ja mugav. Lihtsalt kandke v\u00e4ike kogus toodet m\u00e4\u00e4rdunud pinnale, oodake veidi ja seej\u00e4rel p\u00fchkige puhta lapiga v\u00f5i loputage veega. Selle kiire toime s\u00e4\u00e4stab puhastamisel aega ja vaeva.<\/p>\n<p>Ohutu kasutamine on selle vedeliku teine \u200b\u200beelis. Tavaliselt ei sisalda see agressiivseid kemikaale, mist\u00f5ttu on see nahale ja keskkonnale ohutu.<\/p>\n<p>Valides universaalse puhastusvedeliku, v\u00f5ite olla kindel, et saate suure t\u00f5hususega toote, mis tuleb toime erinevate puhastusprobleemidega.<\/p>\n","protected":false},"excerpt":{"rendered":"<p>Universaalne puhastusvedelik on mitmek\u00fclgne toode, mis peaks olema igas kodus ja t\u00f6\u00f6kojas. Selle ainulaadne valem v\u00f5imaldab teil kergesti eemaldada ka k\u00f5ige raskemad plekid, nagu krohv, v\u00e4rv, tsemendipiim v\u00f5i veekivi. See on ideaalne lahendus inimestele, kes otsivad \u00fchte t\u00f5husat toodet erinevateks rakendusteks. See vedelik ei tule toime mitte ainult t\u00f5rksa mustusega sellistel pindadel nagu klaas, alumiinium [&#8230;]\n","protected":false},"featured_media":13809,"template":"","meta":{"om_disable_all_campaigns":false},"product_brand":[],"product_cat":[332],"product_tag":[],"class_list":{"0":"post-13815","1":"product","2":"type-product","3":"status-publish","4":"has-post-thumbnail","6":"product_cat-universaalne-puhastusvedelik","8":"first","9":"instock","10":"taxable","11":"shipping-taxable","12":"purchasable","13":"product-type-simple"},"yoast_head":"<!-- This site is optimized with the Yoast SEO plugin v25.9 - https:\/\/yoast.com\/wordpress\/plugins\/seo\/ -->\n<title>BETOFF-U - 1 L - Universaalne puhastusvedelik - BETOFF-Tooted betoonimaailmale ja mujalegi!<\/title>\n<meta name=\"description\" content=\"Tutvuge universaalse puhastusvedelikuga - teie lahendus krohvist, v\u00e4rvist, tsemendipiimast ja veekivist p\u00f5hjustatud plekkidele. Sobib suurep\u00e4raselt vase, klaasi, alumiiniumi, puidu ja plasti puhastamiseks.\" \/>\n<meta name=\"robots\" content=\"index, follow, max-snippet:-1, max-image-preview:large, max-video-preview:-1\" \/>\n<link rel=\"canonical\" href=\"https:\/\/betoff.eu\/et\/produkt\/betoff-u-1-l-universaalne-puhastusvedelik\/\" \/>\n<meta property=\"og:locale\" content=\"et_EE\" \/>\n<meta property=\"og:type\" content=\"article\" \/>\n<meta property=\"og:title\" content=\"BETOFF-U - 1 L - Universaalne puhastusvedelik - BETOFF-Tooted betoonimaailmale ja mujalegi!\" \/>\n<meta property=\"og:description\" content=\"Tutvuge universaalse puhastusvedelikuga - teie lahendus krohvist, v\u00e4rvist, tsemendipiimast ja veekivist p\u00f5hjustatud plekkidele. Sobib suurep\u00e4raselt vase, klaasi, alumiiniumi, puidu ja plasti puhastamiseks.\" \/>\n<meta property=\"og:url\" content=\"https:\/\/betoff.eu\/et\/produkt\/betoff-u-1-l-universaalne-puhastusvedelik\/\" \/>\n<meta property=\"og:site_name\" content=\"BETOFF-Tooted betoonimaailmale ja mujalegi!\" \/>\n<meta property=\"article:modified_time\" content=\"2024-06-17T07:35:58+00:00\" \/>\n<meta property=\"og:image\" content=\"https:\/\/betoff.eu\/wp-content\/uploads\/2024\/06\/Betoff-U-1L-shop-nue-430x538-2.png\" \/>\n\t<meta property=\"og:image:width\" content=\"430\" \/>\n\t<meta property=\"og:image:height\" content=\"538\" \/>\n\t<meta property=\"og:image:type\" content=\"image\/png\" \/>\n<meta name=\"twitter:card\" content=\"summary_large_image\" \/>\n<meta name=\"twitter:label1\" content=\"Est. reading time\" \/>\n\t<meta name=\"twitter:data1\" content=\"2 minutit\" \/>\n<script type=\"application\/ld+json\" class=\"yoast-schema-graph\">{\"@context\":\"https:\/\/schema.org\",\"@graph\":[{\"@type\":\"WebPage\",\"@id\":\"https:\/\/betoff.eu\/et\/produkt\/betoff-u-1-l-universaalne-puhastusvedelik\/\",\"url\":\"https:\/\/betoff.eu\/et\/produkt\/betoff-u-1-l-universaalne-puhastusvedelik\/\",\"name\":\"BETOFF-U - 1 L - Universaalne puhastusvedelik - BETOFF-Tooted betoonimaailmale ja mujalegi!\",\"isPartOf\":{\"@id\":\"https:\/\/betoff.eu\/#website\"},\"primaryImageOfPage\":{\"@id\":\"https:\/\/betoff.eu\/et\/produkt\/betoff-u-1-l-universaalne-puhastusvedelik\/#primaryimage\"},\"image\":{\"@id\":\"https:\/\/betoff.eu\/et\/produkt\/betoff-u-1-l-universaalne-puhastusvedelik\/#primaryimage\"},\"thumbnailUrl\":\"https:\/\/betoff.eu\/wp-content\/uploads\/2024\/06\/Betoff-U-1L-shop-nue-430x538-2.png\",\"datePublished\":\"2024-06-17T07:30:42+00:00\",\"dateModified\":\"2024-06-17T07:35:58+00:00\",\"description\":\"Tutvuge universaalse puhastusvedelikuga - teie lahendus krohvist, v\u00e4rvist, tsemendipiimast ja veekivist p\u00f5hjustatud plekkidele. Sobib suurep\u00e4raselt vase, klaasi, alumiiniumi, puidu ja plasti puhastamiseks.\",\"breadcrumb\":{\"@id\":\"https:\/\/betoff.eu\/et\/produkt\/betoff-u-1-l-universaalne-puhastusvedelik\/#breadcrumb\"},\"inLanguage\":\"et\",\"potentialAction\":[{\"@type\":\"ReadAction\",\"target\":[\"https:\/\/betoff.eu\/et\/produkt\/betoff-u-1-l-universaalne-puhastusvedelik\/\"]}]},{\"@type\":\"ImageObject\",\"inLanguage\":\"et\",\"@id\":\"https:\/\/betoff.eu\/et\/produkt\/betoff-u-1-l-universaalne-puhastusvedelik\/#primaryimage\",\"url\":\"https:\/\/betoff.eu\/wp-content\/uploads\/2024\/06\/Betoff-U-1L-shop-nue-430x538-2.png\",\"contentUrl\":\"https:\/\/betoff.eu\/wp-content\/uploads\/2024\/06\/Betoff-U-1L-shop-nue-430x538-2.png\",\"width\":430,\"height\":538,\"caption\":\"Universaalne puhastusvedelik\"},{\"@type\":\"BreadcrumbList\",\"@id\":\"https:\/\/betoff.eu\/et\/produkt\/betoff-u-1-l-universaalne-puhastusvedelik\/#breadcrumb\",\"itemListElement\":[{\"@type\":\"ListItem\",\"position\":1,\"name\":\"Hem\",\"item\":\"https:\/\/betoff.eu\/\"},{\"@type\":\"ListItem\",\"position\":2,\"name\":\"Shop\",\"item\":\"https:\/\/betoff.eu\/sklep-2\/\"},{\"@type\":\"ListItem\",\"position\":3,\"name\":\"BETOFF-U &#8211; 1 L &#8211; Universaalne puhastusvedelik\"}]},{\"@type\":\"WebSite\",\"@id\":\"https:\/\/betoff.eu\/#website\",\"url\":\"https:\/\/betoff.eu\/\",\"name\":\"BETOFF-Products for the world of concrete and beyond!\",\"description\":\"Betoff - Betoonieemaldusvedelik\",\"publisher\":{\"@id\":\"https:\/\/betoff.eu\/#\/schema\/person\/cded67f1acad0c68af8dcc171137512c\"},\"potentialAction\":[{\"@type\":\"SearchAction\",\"target\":{\"@type\":\"EntryPoint\",\"urlTemplate\":\"https:\/\/betoff.eu\/?s={search_term_string}\"},\"query-input\":{\"@type\":\"PropertyValueSpecification\",\"valueRequired\":true,\"valueName\":\"search_term_string\"}}],\"inLanguage\":\"et\"},{\"@type\":[\"Person\",\"Organization\"],\"@id\":\"https:\/\/betoff.eu\/#\/schema\/person\/cded67f1acad0c68af8dcc171137512c\",\"name\":\"admin\",\"image\":{\"@type\":\"ImageObject\",\"inLanguage\":\"et\",\"@id\":\"https:\/\/betoff.eu\/#\/schema\/person\/image\/\",\"url\":\"https:\/\/betoff.eu\/wp-content\/uploads\/2021\/02\/betoff-logo.png\",\"contentUrl\":\"https:\/\/betoff.eu\/wp-content\/uploads\/2021\/02\/betoff-logo.png\",\"width\":1024,\"height\":258,\"caption\":\"admin\"},\"logo\":{\"@id\":\"https:\/\/betoff.eu\/#\/schema\/person\/image\/\"}}]}<\/script>\n<!-- \/ Yoast SEO plugin. -->","yoast_head_json":{"title":"BETOFF-U - 1 L - Universaalne puhastusvedelik - BETOFF-Tooted betoonimaailmale ja mujalegi!","description":"Tutvuge universaalse puhastusvedelikuga - teie lahendus krohvist, v\u00e4rvist, tsemendipiimast ja veekivist p\u00f5hjustatud plekkidele. Sobib suurep\u00e4raselt vase, klaasi, alumiiniumi, puidu ja plasti puhastamiseks.","robots":{"index":"index","follow":"follow","max-snippet":"max-snippet:-1","max-image-preview":"max-image-preview:large","max-video-preview":"max-video-preview:-1"},"canonical":"https:\/\/betoff.eu\/et\/produkt\/betoff-u-1-l-universaalne-puhastusvedelik\/","og_locale":"et_EE","og_type":"article","og_title":"BETOFF-U - 1 L - Universaalne puhastusvedelik - BETOFF-Tooted betoonimaailmale ja mujalegi!","og_description":"Tutvuge universaalse puhastusvedelikuga - teie lahendus krohvist, v\u00e4rvist, tsemendipiimast ja veekivist p\u00f5hjustatud plekkidele. Sobib suurep\u00e4raselt vase, klaasi, alumiiniumi, puidu ja plasti puhastamiseks.","og_url":"https:\/\/betoff.eu\/et\/produkt\/betoff-u-1-l-universaalne-puhastusvedelik\/","og_site_name":"BETOFF-Tooted betoonimaailmale ja mujalegi!","article_modified_time":"2024-06-17T07:35:58+00:00","og_image":[{"width":430,"height":538,"url":"https:\/\/betoff.eu\/wp-content\/uploads\/2024\/06\/Betoff-U-1L-shop-nue-430x538-2.png","type":"image\/png"}],"twitter_card":"summary_large_image","twitter_misc":{"Est. reading time":"2 minutit"},"schema":{"@context":"https:\/\/schema.org","@graph":[{"@type":"WebPage","@id":"https:\/\/betoff.eu\/et\/produkt\/betoff-u-1-l-universaalne-puhastusvedelik\/","url":"https:\/\/betoff.eu\/et\/produkt\/betoff-u-1-l-universaalne-puhastusvedelik\/","name":"BETOFF-U - 1 L - Universaalne puhastusvedelik - BETOFF-Tooted betoonimaailmale ja mujalegi!","isPartOf":{"@id":"https:\/\/betoff.eu\/#website"},"primaryImageOfPage":{"@id":"https:\/\/betoff.eu\/et\/produkt\/betoff-u-1-l-universaalne-puhastusvedelik\/#primaryimage"},"image":{"@id":"https:\/\/betoff.eu\/et\/produkt\/betoff-u-1-l-universaalne-puhastusvedelik\/#primaryimage"},"thumbnailUrl":"https:\/\/betoff.eu\/wp-content\/uploads\/2024\/06\/Betoff-U-1L-shop-nue-430x538-2.png","datePublished":"2024-06-17T07:30:42+00:00","dateModified":"2024-06-17T07:35:58+00:00","description":"Tutvuge universaalse puhastusvedelikuga - teie lahendus krohvist, v\u00e4rvist, tsemendipiimast ja veekivist p\u00f5hjustatud plekkidele. Sobib suurep\u00e4raselt vase, klaasi, alumiiniumi, puidu ja plasti puhastamiseks.","breadcrumb":{"@id":"https:\/\/betoff.eu\/et\/produkt\/betoff-u-1-l-universaalne-puhastusvedelik\/#breadcrumb"},"inLanguage":"et","potentialAction":[{"@type":"ReadAction","target":["https:\/\/betoff.eu\/et\/produkt\/betoff-u-1-l-universaalne-puhastusvedelik\/"]}]},{"@type":"ImageObject","inLanguage":"et","@id":"https:\/\/betoff.eu\/et\/produkt\/betoff-u-1-l-universaalne-puhastusvedelik\/#primaryimage","url":"https:\/\/betoff.eu\/wp-content\/uploads\/2024\/06\/Betoff-U-1L-shop-nue-430x538-2.png","contentUrl":"https:\/\/betoff.eu\/wp-content\/uploads\/2024\/06\/Betoff-U-1L-shop-nue-430x538-2.png","width":430,"height":538,"caption":"Universaalne puhastusvedelik"},{"@type":"BreadcrumbList","@id":"https:\/\/betoff.eu\/et\/produkt\/betoff-u-1-l-universaalne-puhastusvedelik\/#breadcrumb","itemListElement":[{"@type":"ListItem","position":1,"name":"Hem","item":"https:\/\/betoff.eu\/"},{"@type":"ListItem","position":2,"name":"Shop","item":"https:\/\/betoff.eu\/sklep-2\/"},{"@type":"ListItem","position":3,"name":"BETOFF-U &#8211; 1 L &#8211; Universaalne puhastusvedelik"}]},{"@type":"WebSite","@id":"https:\/\/betoff.eu\/#website","url":"https:\/\/betoff.eu\/","name":"BETOFF-Products for the world of concrete and beyond!","description":"Betoff - Betoonieemaldusvedelik","publisher":{"@id":"https:\/\/betoff.eu\/#\/schema\/person\/cded67f1acad0c68af8dcc171137512c"},"potentialAction":[{"@type":"SearchAction","target":{"@type":"EntryPoint","urlTemplate":"https:\/\/betoff.eu\/?s={search_term_string}"},"query-input":{"@type":"PropertyValueSpecification","valueRequired":true,"valueName":"search_term_string"}}],"inLanguage":"et"},{"@type":["Person","Organization"],"@id":"https:\/\/betoff.eu\/#\/schema\/person\/cded67f1acad0c68af8dcc171137512c","name":"admin","image":{"@type":"ImageObject","inLanguage":"et","@id":"https:\/\/betoff.eu\/#\/schema\/person\/image\/","url":"https:\/\/betoff.eu\/wp-content\/uploads\/2021\/02\/betoff-logo.png","contentUrl":"https:\/\/betoff.eu\/wp-content\/uploads\/2021\/02\/betoff-logo.png","width":1024,"height":258,"caption":"admin"},"logo":{"@id":"https:\/\/betoff.eu\/#\/schema\/person\/image\/"}}]}},"_links":{"self":[{"href":"https:\/\/betoff.eu\/et\/wp-json\/wp\/v2\/product\/13815","targetHints":{"allow":["GET"]}}],"collection":[{"href":"https:\/\/betoff.eu\/et\/wp-json\/wp\/v2\/product"}],"about":[{"href":"https:\/\/betoff.eu\/et\/wp-json\/wp\/v2\/types\/product"}],"wp:featuredmedia":[{"embeddable":true,"href":"https:\/\/betoff.eu\/et\/wp-json\/wp\/v2\/media\/13809"}],"wp:attachment":[{"href":"https:\/\/betoff.eu\/et\/wp-json\/wp\/v2\/media?parent=13815"}],"wp:term":[{"taxonomy":"product_brand","embeddable":true,"href":"https:\/\/betoff.eu\/et\/wp-json\/wp\/v2\/product_brand?post=13815"},{"taxonomy":"product_cat","embeddable":true,"href":"https:\/\/betoff.eu\/et\/wp-json\/wp\/v2\/product_cat?post=13815"},{"taxonomy":"product_tag","embeddable":true,"href":"https:\/\/betoff.eu\/et\/wp-json\/wp\/v2\/product_tag?post=13815"}],"curies":[{"name":"wp","href":"https:\/\/api.w.org\/{rel}","templated":true}]}}