{"id":13797,"date":"2024-06-17T09:02:36","date_gmt":"2024-06-17T07:02:36","guid":{"rendered":"https:\/\/betoff.eu\/?post_type=product&#038;p=13797"},"modified":"2024-06-17T09:02:36","modified_gmt":"2024-06-17T07:02:36","slug":"betoff-bio-1-l-biolagunev-vedelik-betooni-lahustamiseks-ohuke-ja-varske-mustus","status":"publish","type":"product","link":"https:\/\/betoff.eu\/et\/produkt\/betoff-bio-1-l-biolagunev-vedelik-betooni-lahustamiseks-ohuke-ja-varske-mustus\/","title":{"rendered":"BETOFF-BIO &#8211; 1 L &#8211; Biolagunev vedelik betooni lahustamiseks. \u00d5huke ja v\u00e4rske mustus"},"content":{"rendered":"<p>Betooni lahustusvedelikud on ohutu ja reguleeritav lahendus, mis h\u00f5lbustab betooni eemaldamist erinevates t\u00f6\u00f6tingimustes. Nende kasutamine vastab kehtivatele ohutus- ja keskkonnakaitse eeskirjadele, mis teeb neist \u00f5ige valiku ehitus- ja renoveerimisettev\u00f5tetele.<\/p>\n<p>Vedelike ohutu kasutamine betooni lahustamiseks on tootjate prioriteet. Nende toodete ohutu kasutamise tagamiseks on nende toksilisust ja keskkonnam\u00f5ju testitud. Paljudel vedelikel on sertifikaadid, mis kinnitavad nende vastavust \u00f6koloogilistele ja tervisestandarditele.<\/p>\n<p>Vedelike kasutamisel betooni lahustamiseks on oluline j\u00e4rgida tootja soovitusi ja kohalikke t\u00f6\u00f6ohutuse eeskirju. Kasutage sobivaid isikukaitsevahendeid, nagu kindaid, kaitseprille ja maske.<\/p>\n<p>Betooni lahustusvedelikke on saadaval erinevates koostistes, mis on kohandatud konkreetsetele vajadustele ja t\u00f6\u00f6tingimustele. \u00d5ige toote valimine v\u00f5imaldab eemaldada betooni t\u00f5husalt ja ohutult, minimeerides sellega t\u00f6\u00f6tajate ja keskkonna ohtu.<\/p>\n<p>Betooni lahustamiseks kasutatavate vedelike kasutamise eeskirju uuendatakse pidevalt, mis tagab nende vastavuse uusimatele ohutusstandarditele. Neid tooteid kasutavad ettev\u00f5tted peavad olema teadlikud kehtivatest n\u00f5uetest ja kohandama oma t\u00f6\u00f6v\u00f5tteid vastavalt.<\/p>\n","protected":false},"excerpt":{"rendered":"<p>Betooni lahustusvedelikud on ohutu ja reguleeritav lahendus, mis h\u00f5lbustab betooni eemaldamist erinevates t\u00f6\u00f6tingimustes. Nende kasutamine vastab kehtivatele ohutus- ja keskkonnakaitse eeskirjadele, mis teeb neist \u00f5ige valiku ehitus- ja renoveerimisettev\u00f5tetele. Vedelike ohutu kasutamine betooni lahustamiseks on tootjate prioriteet. Nende toodete ohutu kasutamise tagamiseks on nende toksilisust ja keskkonnam\u00f5ju testitud. Paljudel vedelikel on sertifikaadid, mis kinnitavad nende [&#8230;]\n","protected":false},"featured_media":229,"template":"","meta":{"om_disable_all_campaigns":false},"product_brand":[],"product_cat":[330],"product_tag":[],"class_list":{"0":"post-13797","1":"product","2":"type-product","3":"status-publish","4":"has-post-thumbnail","6":"product_cat-betooni-lahustamine","8":"first","9":"instock","10":"taxable","11":"shipping-taxable","12":"purchasable","13":"product-type-simple"},"yoast_head":"<!-- This site is optimized with the Yoast SEO plugin v25.9 - https:\/\/yoast.com\/wordpress\/plugins\/seo\/ -->\n<title>BETOFF-BIO - 1 L - Biolagunev vedelik betooni lahustamiseks. \u00d5huke ja v\u00e4rske mustus - BETOFF-Tooted betoonimaailmale ja mujalegi!<\/title>\n<meta name=\"description\" content=\"Lisateavet betoonilahustusvedelike ohutu ja reguleeritud kasutamise kohta. Lugege t\u00f5husa betooni eemaldamise eeskirjade ja parimate tavade kohta.\" \/>\n<meta name=\"robots\" content=\"index, follow, max-snippet:-1, max-image-preview:large, max-video-preview:-1\" \/>\n<link rel=\"canonical\" href=\"https:\/\/betoff.eu\/et\/produkt\/betoff-bio-1-l-biolagunev-vedelik-betooni-lahustamiseks-ohuke-ja-varske-mustus\/\" \/>\n<meta property=\"og:locale\" content=\"et_EE\" \/>\n<meta property=\"og:type\" content=\"article\" \/>\n<meta property=\"og:title\" content=\"BETOFF-BIO - 1 L - Biolagunev vedelik betooni lahustamiseks. \u00d5huke ja v\u00e4rske mustus - BETOFF-Tooted betoonimaailmale ja mujalegi!\" \/>\n<meta property=\"og:description\" content=\"Lisateavet betoonilahustusvedelike ohutu ja reguleeritud kasutamise kohta. Lugege t\u00f5husa betooni eemaldamise eeskirjade ja parimate tavade kohta.\" \/>\n<meta property=\"og:url\" content=\"https:\/\/betoff.eu\/et\/produkt\/betoff-bio-1-l-biolagunev-vedelik-betooni-lahustamiseks-ohuke-ja-varske-mustus\/\" \/>\n<meta property=\"og:site_name\" content=\"BETOFF-Tooted betoonimaailmale ja mujalegi!\" \/>\n<meta property=\"og:image\" content=\"https:\/\/betoff.eu\/wp-content\/uploads\/2021\/02\/betoff-bio-neu-ety-1.png\" \/>\n\t<meta property=\"og:image:width\" content=\"1597\" \/>\n\t<meta property=\"og:image:height\" content=\"2171\" \/>\n\t<meta property=\"og:image:type\" content=\"image\/png\" \/>\n<meta name=\"twitter:card\" content=\"summary_large_image\" \/>\n<meta name=\"twitter:label1\" content=\"Est. reading time\" \/>\n\t<meta name=\"twitter:data1\" content=\"2 minutit\" \/>\n<script type=\"application\/ld+json\" class=\"yoast-schema-graph\">{\"@context\":\"https:\/\/schema.org\",\"@graph\":[{\"@type\":\"WebPage\",\"@id\":\"https:\/\/betoff.eu\/et\/produkt\/betoff-bio-1-l-biolagunev-vedelik-betooni-lahustamiseks-ohuke-ja-varske-mustus\/\",\"url\":\"https:\/\/betoff.eu\/et\/produkt\/betoff-bio-1-l-biolagunev-vedelik-betooni-lahustamiseks-ohuke-ja-varske-mustus\/\",\"name\":\"BETOFF-BIO - 1 L - Biolagunev vedelik betooni lahustamiseks. \u00d5huke ja v\u00e4rske mustus - BETOFF-Tooted betoonimaailmale ja mujalegi!\",\"isPartOf\":{\"@id\":\"https:\/\/betoff.eu\/#website\"},\"primaryImageOfPage\":{\"@id\":\"https:\/\/betoff.eu\/et\/produkt\/betoff-bio-1-l-biolagunev-vedelik-betooni-lahustamiseks-ohuke-ja-varske-mustus\/#primaryimage\"},\"image\":{\"@id\":\"https:\/\/betoff.eu\/et\/produkt\/betoff-bio-1-l-biolagunev-vedelik-betooni-lahustamiseks-ohuke-ja-varske-mustus\/#primaryimage\"},\"thumbnailUrl\":\"https:\/\/betoff.eu\/wp-content\/uploads\/2021\/02\/betoff-bio-neu-ety-1.png\",\"datePublished\":\"2024-06-17T07:02:36+00:00\",\"description\":\"Lisateavet betoonilahustusvedelike ohutu ja reguleeritud kasutamise kohta. Lugege t\u00f5husa betooni eemaldamise eeskirjade ja parimate tavade kohta.\",\"breadcrumb\":{\"@id\":\"https:\/\/betoff.eu\/et\/produkt\/betoff-bio-1-l-biolagunev-vedelik-betooni-lahustamiseks-ohuke-ja-varske-mustus\/#breadcrumb\"},\"inLanguage\":\"et\",\"potentialAction\":[{\"@type\":\"ReadAction\",\"target\":[\"https:\/\/betoff.eu\/et\/produkt\/betoff-bio-1-l-biolagunev-vedelik-betooni-lahustamiseks-ohuke-ja-varske-mustus\/\"]}]},{\"@type\":\"ImageObject\",\"inLanguage\":\"et\",\"@id\":\"https:\/\/betoff.eu\/et\/produkt\/betoff-bio-1-l-biolagunev-vedelik-betooni-lahustamiseks-ohuke-ja-varske-mustus\/#primaryimage\",\"url\":\"https:\/\/betoff.eu\/wp-content\/uploads\/2021\/02\/betoff-bio-neu-ety-1.png\",\"contentUrl\":\"https:\/\/betoff.eu\/wp-content\/uploads\/2021\/02\/betoff-bio-neu-ety-1.png\",\"width\":1597,\"height\":2171,\"caption\":\"\u0160\u0137idrums betona atlikumu no\u0146em\u0161anai\"},{\"@type\":\"BreadcrumbList\",\"@id\":\"https:\/\/betoff.eu\/et\/produkt\/betoff-bio-1-l-biolagunev-vedelik-betooni-lahustamiseks-ohuke-ja-varske-mustus\/#breadcrumb\",\"itemListElement\":[{\"@type\":\"ListItem\",\"position\":1,\"name\":\"Hem\",\"item\":\"https:\/\/betoff.eu\/\"},{\"@type\":\"ListItem\",\"position\":2,\"name\":\"Shop\",\"item\":\"https:\/\/betoff.eu\/sklep-2\/\"},{\"@type\":\"ListItem\",\"position\":3,\"name\":\"BETOFF-BIO &#8211; 1 L &#8211; Biolagunev vedelik betooni lahustamiseks. \u00d5huke ja v\u00e4rske mustus\"}]},{\"@type\":\"WebSite\",\"@id\":\"https:\/\/betoff.eu\/#website\",\"url\":\"https:\/\/betoff.eu\/\",\"name\":\"BETOFF-Products for the world of concrete and beyond!\",\"description\":\"Betoff - Betoonieemaldusvedelik\",\"publisher\":{\"@id\":\"https:\/\/betoff.eu\/#\/schema\/person\/cded67f1acad0c68af8dcc171137512c\"},\"potentialAction\":[{\"@type\":\"SearchAction\",\"target\":{\"@type\":\"EntryPoint\",\"urlTemplate\":\"https:\/\/betoff.eu\/?s={search_term_string}\"},\"query-input\":{\"@type\":\"PropertyValueSpecification\",\"valueRequired\":true,\"valueName\":\"search_term_string\"}}],\"inLanguage\":\"et\"},{\"@type\":[\"Person\",\"Organization\"],\"@id\":\"https:\/\/betoff.eu\/#\/schema\/person\/cded67f1acad0c68af8dcc171137512c\",\"name\":\"admin\",\"image\":{\"@type\":\"ImageObject\",\"inLanguage\":\"et\",\"@id\":\"https:\/\/betoff.eu\/#\/schema\/person\/image\/\",\"url\":\"https:\/\/betoff.eu\/wp-content\/uploads\/2021\/02\/betoff-logo.png\",\"contentUrl\":\"https:\/\/betoff.eu\/wp-content\/uploads\/2021\/02\/betoff-logo.png\",\"width\":1024,\"height\":258,\"caption\":\"admin\"},\"logo\":{\"@id\":\"https:\/\/betoff.eu\/#\/schema\/person\/image\/\"}}]}<\/script>\n<!-- \/ Yoast SEO plugin. -->","yoast_head_json":{"title":"BETOFF-BIO - 1 L - Biolagunev vedelik betooni lahustamiseks. \u00d5huke ja v\u00e4rske mustus - BETOFF-Tooted betoonimaailmale ja mujalegi!","description":"Lisateavet betoonilahustusvedelike ohutu ja reguleeritud kasutamise kohta. Lugege t\u00f5husa betooni eemaldamise eeskirjade ja parimate tavade kohta.","robots":{"index":"index","follow":"follow","max-snippet":"max-snippet:-1","max-image-preview":"max-image-preview:large","max-video-preview":"max-video-preview:-1"},"canonical":"https:\/\/betoff.eu\/et\/produkt\/betoff-bio-1-l-biolagunev-vedelik-betooni-lahustamiseks-ohuke-ja-varske-mustus\/","og_locale":"et_EE","og_type":"article","og_title":"BETOFF-BIO - 1 L - Biolagunev vedelik betooni lahustamiseks. \u00d5huke ja v\u00e4rske mustus - BETOFF-Tooted betoonimaailmale ja mujalegi!","og_description":"Lisateavet betoonilahustusvedelike ohutu ja reguleeritud kasutamise kohta. Lugege t\u00f5husa betooni eemaldamise eeskirjade ja parimate tavade kohta.","og_url":"https:\/\/betoff.eu\/et\/produkt\/betoff-bio-1-l-biolagunev-vedelik-betooni-lahustamiseks-ohuke-ja-varske-mustus\/","og_site_name":"BETOFF-Tooted betoonimaailmale ja mujalegi!","og_image":[{"width":1597,"height":2171,"url":"https:\/\/betoff.eu\/wp-content\/uploads\/2021\/02\/betoff-bio-neu-ety-1.png","type":"image\/png"}],"twitter_card":"summary_large_image","twitter_misc":{"Est. reading time":"2 minutit"},"schema":{"@context":"https:\/\/schema.org","@graph":[{"@type":"WebPage","@id":"https:\/\/betoff.eu\/et\/produkt\/betoff-bio-1-l-biolagunev-vedelik-betooni-lahustamiseks-ohuke-ja-varske-mustus\/","url":"https:\/\/betoff.eu\/et\/produkt\/betoff-bio-1-l-biolagunev-vedelik-betooni-lahustamiseks-ohuke-ja-varske-mustus\/","name":"BETOFF-BIO - 1 L - Biolagunev vedelik betooni lahustamiseks. \u00d5huke ja v\u00e4rske mustus - BETOFF-Tooted betoonimaailmale ja mujalegi!","isPartOf":{"@id":"https:\/\/betoff.eu\/#website"},"primaryImageOfPage":{"@id":"https:\/\/betoff.eu\/et\/produkt\/betoff-bio-1-l-biolagunev-vedelik-betooni-lahustamiseks-ohuke-ja-varske-mustus\/#primaryimage"},"image":{"@id":"https:\/\/betoff.eu\/et\/produkt\/betoff-bio-1-l-biolagunev-vedelik-betooni-lahustamiseks-ohuke-ja-varske-mustus\/#primaryimage"},"thumbnailUrl":"https:\/\/betoff.eu\/wp-content\/uploads\/2021\/02\/betoff-bio-neu-ety-1.png","datePublished":"2024-06-17T07:02:36+00:00","description":"Lisateavet betoonilahustusvedelike ohutu ja reguleeritud kasutamise kohta. Lugege t\u00f5husa betooni eemaldamise eeskirjade ja parimate tavade kohta.","breadcrumb":{"@id":"https:\/\/betoff.eu\/et\/produkt\/betoff-bio-1-l-biolagunev-vedelik-betooni-lahustamiseks-ohuke-ja-varske-mustus\/#breadcrumb"},"inLanguage":"et","potentialAction":[{"@type":"ReadAction","target":["https:\/\/betoff.eu\/et\/produkt\/betoff-bio-1-l-biolagunev-vedelik-betooni-lahustamiseks-ohuke-ja-varske-mustus\/"]}]},{"@type":"ImageObject","inLanguage":"et","@id":"https:\/\/betoff.eu\/et\/produkt\/betoff-bio-1-l-biolagunev-vedelik-betooni-lahustamiseks-ohuke-ja-varske-mustus\/#primaryimage","url":"https:\/\/betoff.eu\/wp-content\/uploads\/2021\/02\/betoff-bio-neu-ety-1.png","contentUrl":"https:\/\/betoff.eu\/wp-content\/uploads\/2021\/02\/betoff-bio-neu-ety-1.png","width":1597,"height":2171,"caption":"\u0160\u0137idrums betona atlikumu no\u0146em\u0161anai"},{"@type":"BreadcrumbList","@id":"https:\/\/betoff.eu\/et\/produkt\/betoff-bio-1-l-biolagunev-vedelik-betooni-lahustamiseks-ohuke-ja-varske-mustus\/#breadcrumb","itemListElement":[{"@type":"ListItem","position":1,"name":"Hem","item":"https:\/\/betoff.eu\/"},{"@type":"ListItem","position":2,"name":"Shop","item":"https:\/\/betoff.eu\/sklep-2\/"},{"@type":"ListItem","position":3,"name":"BETOFF-BIO &#8211; 1 L &#8211; Biolagunev vedelik betooni lahustamiseks. \u00d5huke ja v\u00e4rske mustus"}]},{"@type":"WebSite","@id":"https:\/\/betoff.eu\/#website","url":"https:\/\/betoff.eu\/","name":"BETOFF-Products for the world of concrete and beyond!","description":"Betoff - Betoonieemaldusvedelik","publisher":{"@id":"https:\/\/betoff.eu\/#\/schema\/person\/cded67f1acad0c68af8dcc171137512c"},"potentialAction":[{"@type":"SearchAction","target":{"@type":"EntryPoint","urlTemplate":"https:\/\/betoff.eu\/?s={search_term_string}"},"query-input":{"@type":"PropertyValueSpecification","valueRequired":true,"valueName":"search_term_string"}}],"inLanguage":"et"},{"@type":["Person","Organization"],"@id":"https:\/\/betoff.eu\/#\/schema\/person\/cded67f1acad0c68af8dcc171137512c","name":"admin","image":{"@type":"ImageObject","inLanguage":"et","@id":"https:\/\/betoff.eu\/#\/schema\/person\/image\/","url":"https:\/\/betoff.eu\/wp-content\/uploads\/2021\/02\/betoff-logo.png","contentUrl":"https:\/\/betoff.eu\/wp-content\/uploads\/2021\/02\/betoff-logo.png","width":1024,"height":258,"caption":"admin"},"logo":{"@id":"https:\/\/betoff.eu\/#\/schema\/person\/image\/"}}]}},"_links":{"self":[{"href":"https:\/\/betoff.eu\/et\/wp-json\/wp\/v2\/product\/13797","targetHints":{"allow":["GET"]}}],"collection":[{"href":"https:\/\/betoff.eu\/et\/wp-json\/wp\/v2\/product"}],"about":[{"href":"https:\/\/betoff.eu\/et\/wp-json\/wp\/v2\/types\/product"}],"wp:featuredmedia":[{"embeddable":true,"href":"https:\/\/betoff.eu\/et\/wp-json\/wp\/v2\/media\/229"}],"wp:attachment":[{"href":"https:\/\/betoff.eu\/et\/wp-json\/wp\/v2\/media?parent=13797"}],"wp:term":[{"taxonomy":"product_brand","embeddable":true,"href":"https:\/\/betoff.eu\/et\/wp-json\/wp\/v2\/product_brand?post=13797"},{"taxonomy":"product_cat","embeddable":true,"href":"https:\/\/betoff.eu\/et\/wp-json\/wp\/v2\/product_cat?post=13797"},{"taxonomy":"product_tag","embeddable":true,"href":"https:\/\/betoff.eu\/et\/wp-json\/wp\/v2\/product_tag?post=13797"}],"curies":[{"name":"wp","href":"https:\/\/api.w.org\/{rel}","templated":true}]}}