{"id":13768,"date":"2024-06-17T08:02:11","date_gmt":"2024-06-17T06:02:11","guid":{"rendered":"https:\/\/betoff.eu\/?post_type=product&#038;p=13768"},"modified":"2024-06-17T08:18:03","modified_gmt":"2024-06-17T06:18:03","slug":"betoff-1-l-vedelik-kuivanud-betooni-lahustamiseks","status":"publish","type":"product","link":"https:\/\/betoff.eu\/et\/produkt\/betoff-1-l-vedelik-kuivanud-betooni-lahustamiseks\/","title":{"rendered":"BETOFF &#8211; 1 L &#8211; Vedelik kuivanud betooni lahustamiseks"},"content":{"rendered":"<p>Betooni eemaldamine v\u00f5ib olla keeruline \u00fclesanne, kuid on mitmeid meetodeid, mida saab ohutult ja t\u00f5husalt kasutada:<\/p>\n<p>Mehaanilised meetodid: see h\u00f5lmab v\u00e4iksemate t\u00f6\u00f6de jaoks selliste t\u00f6\u00f6riistade kasutamist nagu haamrid, peitlid v\u00f5i vasarad. Suuremate projektide jaoks v\u00f5ib vaja minna raskeid masinaid, nagu buldooserid, ekskavaatorid v\u00f5i t\u00f5stukid.<br \/>\nK\u00f5rgsurvevesi: H\u00fcdrolammutamine on meetod, mille k\u00e4igus kasutatakse k\u00f5rgsurve veejugasid kahjustatud betooni eemaldamiseks ilma selle all olevat konstruktsiooni kahjustamata.<br \/>\nKeemilised lahused: Saadaval on keskkonnas\u00f5bralikud keemilised lahendused, mis aitavad betooni lagundada ja h\u00f5lbustavad selle eemaldamist. Need n\u00f5uavad tavaliselt pealekandmist ja ootamist, kuni kemikaal tungib betooni ja n\u00f5rgestab. Selline vedelik on Betoff-BIO vedelik.<br \/>\nTermilised meetodid: Betooni k\u00f5rgetel temperatuuridel l\u00e4bil\u00f5ikamiseks saab kasutada selliseid meetodeid nagu termiline lant, kuid see meetod n\u00f5uab sellega kaasnevate riskide t\u00f5ttu professionaalset k\u00e4sitsemist.<br \/>\nOluline on valida \u00f5ige meetod, l\u00e4htudes projekti suurusest, asukohast ja keskkonnakaalutlustest. T\u00f6\u00f6tajate ja keskkonna kaitsmiseks tuleb alati v\u00f5tta ettevaatusabin\u00f5usid.<\/p>\n","protected":false},"excerpt":{"rendered":"<p>Betooni eemaldamine v\u00f5ib olla keeruline \u00fclesanne, kuid on mitmeid meetodeid, mida saab ohutult ja t\u00f5husalt kasutada: Mehaanilised meetodid: see h\u00f5lmab v\u00e4iksemate t\u00f6\u00f6de jaoks selliste t\u00f6\u00f6riistade kasutamist nagu haamrid, peitlid v\u00f5i vasarad. Suuremate projektide jaoks v\u00f5ib vaja minna raskeid masinaid, nagu buldooserid, ekskavaatorid v\u00f5i t\u00f5stukid. K\u00f5rgsurvevesi: H\u00fcdrolammutamine on meetod, mille k\u00e4igus kasutatakse k\u00f5rgsurve veejugasid kahjustatud betooni [&#8230;]\n","protected":false},"featured_media":220,"template":"","meta":{"om_disable_all_campaigns":false},"product_brand":[],"product_cat":[330],"product_tag":[],"class_list":{"0":"post-13768","1":"product","2":"type-product","3":"status-publish","4":"has-post-thumbnail","6":"product_cat-betooni-lahustamine","8":"first","9":"instock","10":"taxable","11":"shipping-taxable","12":"purchasable","13":"product-type-simple"},"yoast_head":"<!-- This site is optimized with the Yoast SEO plugin v25.9 - https:\/\/yoast.com\/wordpress\/plugins\/seo\/ -->\n<title>BETOFF - 1 L - Vedelik kuivanud betooni lahustamiseks - BETOFF-Tooted betoonimaailmale ja mujalegi!<\/title>\n<meta name=\"description\" content=\"Avastage ohutud meetodid betooni eemaldamiseks vedelikega. Uurige, kuidas \u00f5iged kemikaalid muudavad selle protsessi lihtsamaks, s\u00e4ilitades samal ajal keskkonda ja t\u00f6\u00f6tajate ohutust.\" \/>\n<meta name=\"robots\" content=\"index, follow, max-snippet:-1, max-image-preview:large, max-video-preview:-1\" \/>\n<link rel=\"canonical\" href=\"https:\/\/betoff.eu\/et\/produkt\/betoff-1-l-vedelik-kuivanud-betooni-lahustamiseks\/\" \/>\n<meta property=\"og:locale\" content=\"et_EE\" \/>\n<meta property=\"og:type\" content=\"article\" \/>\n<meta property=\"og:title\" content=\"BETOFF - 1 L - Vedelik kuivanud betooni lahustamiseks - BETOFF-Tooted betoonimaailmale ja mujalegi!\" \/>\n<meta property=\"og:description\" content=\"Avastage ohutud meetodid betooni eemaldamiseks vedelikega. Uurige, kuidas \u00f5iged kemikaalid muudavad selle protsessi lihtsamaks, s\u00e4ilitades samal ajal keskkonda ja t\u00f6\u00f6tajate ohutust.\" \/>\n<meta property=\"og:url\" content=\"https:\/\/betoff.eu\/et\/produkt\/betoff-1-l-vedelik-kuivanud-betooni-lahustamiseks\/\" \/>\n<meta property=\"og:site_name\" content=\"BETOFF-Tooted betoonimaailmale ja mujalegi!\" \/>\n<meta property=\"article:modified_time\" content=\"2024-06-17T06:18:03+00:00\" \/>\n<meta property=\"og:image\" content=\"https:\/\/betoff.eu\/wp-content\/uploads\/2021\/02\/betoff-neu-ety-1.png\" \/>\n\t<meta property=\"og:image:width\" content=\"1597\" \/>\n\t<meta property=\"og:image:height\" content=\"2171\" \/>\n\t<meta property=\"og:image:type\" content=\"image\/png\" \/>\n<meta name=\"twitter:card\" content=\"summary_large_image\" \/>\n<meta name=\"twitter:label1\" content=\"Est. reading time\" \/>\n\t<meta name=\"twitter:data1\" content=\"2 minutit\" \/>\n<script type=\"application\/ld+json\" class=\"yoast-schema-graph\">{\"@context\":\"https:\/\/schema.org\",\"@graph\":[{\"@type\":\"WebPage\",\"@id\":\"https:\/\/betoff.eu\/et\/produkt\/betoff-1-l-vedelik-kuivanud-betooni-lahustamiseks\/\",\"url\":\"https:\/\/betoff.eu\/et\/produkt\/betoff-1-l-vedelik-kuivanud-betooni-lahustamiseks\/\",\"name\":\"BETOFF - 1 L - Vedelik kuivanud betooni lahustamiseks - BETOFF-Tooted betoonimaailmale ja mujalegi!\",\"isPartOf\":{\"@id\":\"https:\/\/betoff.eu\/#website\"},\"primaryImageOfPage\":{\"@id\":\"https:\/\/betoff.eu\/et\/produkt\/betoff-1-l-vedelik-kuivanud-betooni-lahustamiseks\/#primaryimage\"},\"image\":{\"@id\":\"https:\/\/betoff.eu\/et\/produkt\/betoff-1-l-vedelik-kuivanud-betooni-lahustamiseks\/#primaryimage\"},\"thumbnailUrl\":\"https:\/\/betoff.eu\/wp-content\/uploads\/2021\/02\/betoff-neu-ety-1.png\",\"datePublished\":\"2024-06-17T06:02:11+00:00\",\"dateModified\":\"2024-06-17T06:18:03+00:00\",\"description\":\"Avastage ohutud meetodid betooni eemaldamiseks vedelikega. Uurige, kuidas \u00f5iged kemikaalid muudavad selle protsessi lihtsamaks, s\u00e4ilitades samal ajal keskkonda ja t\u00f6\u00f6tajate ohutust.\",\"breadcrumb\":{\"@id\":\"https:\/\/betoff.eu\/et\/produkt\/betoff-1-l-vedelik-kuivanud-betooni-lahustamiseks\/#breadcrumb\"},\"inLanguage\":\"et\",\"potentialAction\":[{\"@type\":\"ReadAction\",\"target\":[\"https:\/\/betoff.eu\/et\/produkt\/betoff-1-l-vedelik-kuivanud-betooni-lahustamiseks\/\"]}]},{\"@type\":\"ImageObject\",\"inLanguage\":\"et\",\"@id\":\"https:\/\/betoff.eu\/et\/produkt\/betoff-1-l-vedelik-kuivanud-betooni-lahustamiseks\/#primaryimage\",\"url\":\"https:\/\/betoff.eu\/wp-content\/uploads\/2021\/02\/betoff-neu-ety-1.png\",\"contentUrl\":\"https:\/\/betoff.eu\/wp-content\/uploads\/2021\/02\/betoff-neu-ety-1.png\",\"width\":1597,\"height\":2171,\"caption\":\"Vedelik betooni j\u00e4\u00e4kide eemaldamiseks\"},{\"@type\":\"BreadcrumbList\",\"@id\":\"https:\/\/betoff.eu\/et\/produkt\/betoff-1-l-vedelik-kuivanud-betooni-lahustamiseks\/#breadcrumb\",\"itemListElement\":[{\"@type\":\"ListItem\",\"position\":1,\"name\":\"Hem\",\"item\":\"https:\/\/betoff.eu\/\"},{\"@type\":\"ListItem\",\"position\":2,\"name\":\"Shop\",\"item\":\"https:\/\/betoff.eu\/sklep-2\/\"},{\"@type\":\"ListItem\",\"position\":3,\"name\":\"BETOFF &#8211; 1 L &#8211; Vedelik kuivanud betooni lahustamiseks\"}]},{\"@type\":\"WebSite\",\"@id\":\"https:\/\/betoff.eu\/#website\",\"url\":\"https:\/\/betoff.eu\/\",\"name\":\"BETOFF-Products for the world of concrete and beyond!\",\"description\":\"Betoff - Betoonieemaldusvedelik\",\"publisher\":{\"@id\":\"https:\/\/betoff.eu\/#\/schema\/person\/cded67f1acad0c68af8dcc171137512c\"},\"potentialAction\":[{\"@type\":\"SearchAction\",\"target\":{\"@type\":\"EntryPoint\",\"urlTemplate\":\"https:\/\/betoff.eu\/?s={search_term_string}\"},\"query-input\":{\"@type\":\"PropertyValueSpecification\",\"valueRequired\":true,\"valueName\":\"search_term_string\"}}],\"inLanguage\":\"et\"},{\"@type\":[\"Person\",\"Organization\"],\"@id\":\"https:\/\/betoff.eu\/#\/schema\/person\/cded67f1acad0c68af8dcc171137512c\",\"name\":\"admin\",\"image\":{\"@type\":\"ImageObject\",\"inLanguage\":\"et\",\"@id\":\"https:\/\/betoff.eu\/#\/schema\/person\/image\/\",\"url\":\"https:\/\/betoff.eu\/wp-content\/uploads\/2021\/02\/betoff-logo.png\",\"contentUrl\":\"https:\/\/betoff.eu\/wp-content\/uploads\/2021\/02\/betoff-logo.png\",\"width\":1024,\"height\":258,\"caption\":\"admin\"},\"logo\":{\"@id\":\"https:\/\/betoff.eu\/#\/schema\/person\/image\/\"}}]}<\/script>\n<!-- \/ Yoast SEO plugin. -->","yoast_head_json":{"title":"BETOFF - 1 L - Vedelik kuivanud betooni lahustamiseks - BETOFF-Tooted betoonimaailmale ja mujalegi!","description":"Avastage ohutud meetodid betooni eemaldamiseks vedelikega. Uurige, kuidas \u00f5iged kemikaalid muudavad selle protsessi lihtsamaks, s\u00e4ilitades samal ajal keskkonda ja t\u00f6\u00f6tajate ohutust.","robots":{"index":"index","follow":"follow","max-snippet":"max-snippet:-1","max-image-preview":"max-image-preview:large","max-video-preview":"max-video-preview:-1"},"canonical":"https:\/\/betoff.eu\/et\/produkt\/betoff-1-l-vedelik-kuivanud-betooni-lahustamiseks\/","og_locale":"et_EE","og_type":"article","og_title":"BETOFF - 1 L - Vedelik kuivanud betooni lahustamiseks - BETOFF-Tooted betoonimaailmale ja mujalegi!","og_description":"Avastage ohutud meetodid betooni eemaldamiseks vedelikega. Uurige, kuidas \u00f5iged kemikaalid muudavad selle protsessi lihtsamaks, s\u00e4ilitades samal ajal keskkonda ja t\u00f6\u00f6tajate ohutust.","og_url":"https:\/\/betoff.eu\/et\/produkt\/betoff-1-l-vedelik-kuivanud-betooni-lahustamiseks\/","og_site_name":"BETOFF-Tooted betoonimaailmale ja mujalegi!","article_modified_time":"2024-06-17T06:18:03+00:00","og_image":[{"width":1597,"height":2171,"url":"https:\/\/betoff.eu\/wp-content\/uploads\/2021\/02\/betoff-neu-ety-1.png","type":"image\/png"}],"twitter_card":"summary_large_image","twitter_misc":{"Est. reading time":"2 minutit"},"schema":{"@context":"https:\/\/schema.org","@graph":[{"@type":"WebPage","@id":"https:\/\/betoff.eu\/et\/produkt\/betoff-1-l-vedelik-kuivanud-betooni-lahustamiseks\/","url":"https:\/\/betoff.eu\/et\/produkt\/betoff-1-l-vedelik-kuivanud-betooni-lahustamiseks\/","name":"BETOFF - 1 L - Vedelik kuivanud betooni lahustamiseks - BETOFF-Tooted betoonimaailmale ja mujalegi!","isPartOf":{"@id":"https:\/\/betoff.eu\/#website"},"primaryImageOfPage":{"@id":"https:\/\/betoff.eu\/et\/produkt\/betoff-1-l-vedelik-kuivanud-betooni-lahustamiseks\/#primaryimage"},"image":{"@id":"https:\/\/betoff.eu\/et\/produkt\/betoff-1-l-vedelik-kuivanud-betooni-lahustamiseks\/#primaryimage"},"thumbnailUrl":"https:\/\/betoff.eu\/wp-content\/uploads\/2021\/02\/betoff-neu-ety-1.png","datePublished":"2024-06-17T06:02:11+00:00","dateModified":"2024-06-17T06:18:03+00:00","description":"Avastage ohutud meetodid betooni eemaldamiseks vedelikega. Uurige, kuidas \u00f5iged kemikaalid muudavad selle protsessi lihtsamaks, s\u00e4ilitades samal ajal keskkonda ja t\u00f6\u00f6tajate ohutust.","breadcrumb":{"@id":"https:\/\/betoff.eu\/et\/produkt\/betoff-1-l-vedelik-kuivanud-betooni-lahustamiseks\/#breadcrumb"},"inLanguage":"et","potentialAction":[{"@type":"ReadAction","target":["https:\/\/betoff.eu\/et\/produkt\/betoff-1-l-vedelik-kuivanud-betooni-lahustamiseks\/"]}]},{"@type":"ImageObject","inLanguage":"et","@id":"https:\/\/betoff.eu\/et\/produkt\/betoff-1-l-vedelik-kuivanud-betooni-lahustamiseks\/#primaryimage","url":"https:\/\/betoff.eu\/wp-content\/uploads\/2021\/02\/betoff-neu-ety-1.png","contentUrl":"https:\/\/betoff.eu\/wp-content\/uploads\/2021\/02\/betoff-neu-ety-1.png","width":1597,"height":2171,"caption":"Vedelik betooni j\u00e4\u00e4kide eemaldamiseks"},{"@type":"BreadcrumbList","@id":"https:\/\/betoff.eu\/et\/produkt\/betoff-1-l-vedelik-kuivanud-betooni-lahustamiseks\/#breadcrumb","itemListElement":[{"@type":"ListItem","position":1,"name":"Hem","item":"https:\/\/betoff.eu\/"},{"@type":"ListItem","position":2,"name":"Shop","item":"https:\/\/betoff.eu\/sklep-2\/"},{"@type":"ListItem","position":3,"name":"BETOFF &#8211; 1 L &#8211; Vedelik kuivanud betooni lahustamiseks"}]},{"@type":"WebSite","@id":"https:\/\/betoff.eu\/#website","url":"https:\/\/betoff.eu\/","name":"BETOFF-Products for the world of concrete and beyond!","description":"Betoff - Betoonieemaldusvedelik","publisher":{"@id":"https:\/\/betoff.eu\/#\/schema\/person\/cded67f1acad0c68af8dcc171137512c"},"potentialAction":[{"@type":"SearchAction","target":{"@type":"EntryPoint","urlTemplate":"https:\/\/betoff.eu\/?s={search_term_string}"},"query-input":{"@type":"PropertyValueSpecification","valueRequired":true,"valueName":"search_term_string"}}],"inLanguage":"et"},{"@type":["Person","Organization"],"@id":"https:\/\/betoff.eu\/#\/schema\/person\/cded67f1acad0c68af8dcc171137512c","name":"admin","image":{"@type":"ImageObject","inLanguage":"et","@id":"https:\/\/betoff.eu\/#\/schema\/person\/image\/","url":"https:\/\/betoff.eu\/wp-content\/uploads\/2021\/02\/betoff-logo.png","contentUrl":"https:\/\/betoff.eu\/wp-content\/uploads\/2021\/02\/betoff-logo.png","width":1024,"height":258,"caption":"admin"},"logo":{"@id":"https:\/\/betoff.eu\/#\/schema\/person\/image\/"}}]}},"_links":{"self":[{"href":"https:\/\/betoff.eu\/et\/wp-json\/wp\/v2\/product\/13768","targetHints":{"allow":["GET"]}}],"collection":[{"href":"https:\/\/betoff.eu\/et\/wp-json\/wp\/v2\/product"}],"about":[{"href":"https:\/\/betoff.eu\/et\/wp-json\/wp\/v2\/types\/product"}],"wp:featuredmedia":[{"embeddable":true,"href":"https:\/\/betoff.eu\/et\/wp-json\/wp\/v2\/media\/220"}],"wp:attachment":[{"href":"https:\/\/betoff.eu\/et\/wp-json\/wp\/v2\/media?parent=13768"}],"wp:term":[{"taxonomy":"product_brand","embeddable":true,"href":"https:\/\/betoff.eu\/et\/wp-json\/wp\/v2\/product_brand?post=13768"},{"taxonomy":"product_cat","embeddable":true,"href":"https:\/\/betoff.eu\/et\/wp-json\/wp\/v2\/product_cat?post=13768"},{"taxonomy":"product_tag","embeddable":true,"href":"https:\/\/betoff.eu\/et\/wp-json\/wp\/v2\/product_tag?post=13768"}],"curies":[{"name":"wp","href":"https:\/\/api.w.org\/{rel}","templated":true}]}}