{"id":14055,"date":"2024-06-21T20:28:06","date_gmt":"2024-06-21T18:28:06","guid":{"rendered":"https:\/\/betoff.eu\/?page_id=14055"},"modified":"2024-06-21T20:28:08","modified_gmt":"2024-06-21T18:28:08","slug":"tagastamine-ja-kaebused","status":"publish","type":"page","link":"https:\/\/betoff.eu\/et\/tagastamine-ja-kaebused\/","title":{"rendered":"Tagastamine ja kaebused"},"content":{"rendered":"\n\n\n<p>Tagastamine ja kaebused:<br>Pretensioone betoff.eu veebipoest ostetud vedeliku kohta saab esitada ainult e-posti teel j\u00e4rgmisele aadressile: betoff@betoff.eu Palun m\u00e4rkige ostu sooritamisel genereeritud tellimuse number ja valiku p\u00f5hjus toote tagastamiseks.<\/p>\n\n\n\n<p>Toode peab olema tehases suletud. Peale toote meile tagastamist kontrollitakse seda ja seej\u00e4rel, kui kork pole katki l\u00e4inud, tagastame summa, mille eest toode osteti. Kliendil on \u00f5igus tagastada 14 p\u00e4eva jooksul alates ostukuup\u00e4evast.<\/p>\n\n\n\n<p>Kaebust k\u00e4sitletakse 5 t\u00f6\u00f6p\u00e4eva jooksul alates laekumise p\u00e4evast. Esiteks loetakse kaebus l\u00e4bi ja k\u00e4sitletakse seda sisuliselt. Seej\u00e4rel koostatakse vorm, mis sisaldab teie andmeid ja kaebuse p\u00f5hjust, mille m\u00e4rgite meile saadetud meilis. Klient saab tagastusmeili koos t\u00e4idetud vormiga, mis tuleb allkirjastada ja tagastada.<\/p>\n","protected":false},"excerpt":{"rendered":"<p>Tagastamine ja kaebused:Pretensioone betoff.eu veebipoest ostetud vedeliku kohta saab esitada ainult e-posti teel j\u00e4rgmisele aadressile: betoff@betoff.eu Palun m\u00e4rkige ostu sooritamisel genereeritud tellimuse number ja valiku p\u00f5hjus toote tagastamiseks. Toode peab olema tehases suletud. Peale toote meile tagastamist kontrollitakse seda ja seej\u00e4rel, kui kork pole katki l\u00e4inud, tagastame summa, mille eest toode osteti. Kliendil on \u00f5igus [&#8230;]\n","protected":false},"author":1,"featured_media":0,"parent":0,"menu_order":0,"comment_status":"closed","ping_status":"closed","template":"","meta":{"om_disable_all_campaigns":false,"footnotes":""},"class_list":["post-14055","page","type-page","status-publish","hentry"],"yoast_head":"<!-- This site is optimized with the Yoast SEO plugin v25.9 - https:\/\/yoast.com\/wordpress\/plugins\/seo\/ -->\n<title>Tagastamine ja kaebused - BETOFF-Tooted betoonimaailmale ja mujalegi!<\/title>\n<meta name=\"robots\" content=\"index, follow, max-snippet:-1, max-image-preview:large, max-video-preview:-1\" \/>\n<link rel=\"canonical\" href=\"https:\/\/betoff.eu\/tagastamine-ja-kaebused\/\" \/>\n<meta property=\"og:locale\" content=\"et_EE\" \/>\n<meta property=\"og:type\" content=\"article\" \/>\n<meta property=\"og:title\" content=\"Tagastamine ja kaebused - BETOFF-Tooted betoonimaailmale ja mujalegi!\" \/>\n<meta property=\"og:description\" content=\"Tagastamine ja kaebused:Pretensioone betoff.eu veebipoest ostetud vedeliku kohta saab esitada ainult e-posti teel j\u00e4rgmisele aadressile: betoff@betoff.eu Palun m\u00e4rkige ostu sooritamisel genereeritud tellimuse number ja valiku p\u00f5hjus toote tagastamiseks. Toode peab olema tehases suletud. Peale toote meile tagastamist kontrollitakse seda ja seej\u00e4rel, kui kork pole katki l\u00e4inud, tagastame summa, mille eest toode osteti. Kliendil on \u00f5igus [...]\" \/>\n<meta property=\"og:url\" content=\"https:\/\/betoff.eu\/tagastamine-ja-kaebused\/\" \/>\n<meta property=\"og:site_name\" content=\"BETOFF-Tooted betoonimaailmale ja mujalegi!\" \/>\n<meta property=\"article:modified_time\" content=\"2024-06-21T18:28:08+00:00\" \/>\n<meta name=\"twitter:card\" content=\"summary_large_image\" \/>\n<meta name=\"twitter:label1\" content=\"Est. reading time\" \/>\n\t<meta name=\"twitter:data1\" content=\"1 minut\" \/>\n<script type=\"application\/ld+json\" class=\"yoast-schema-graph\">{\"@context\":\"https:\/\/schema.org\",\"@graph\":[{\"@type\":\"WebPage\",\"@id\":\"https:\/\/betoff.eu\/tagastamine-ja-kaebused\/\",\"url\":\"https:\/\/betoff.eu\/tagastamine-ja-kaebused\/\",\"name\":\"Tagastamine ja kaebused - BETOFF-Tooted betoonimaailmale ja mujalegi!\",\"isPartOf\":{\"@id\":\"https:\/\/betoff.eu\/#website\"},\"datePublished\":\"2024-06-21T18:28:06+00:00\",\"dateModified\":\"2024-06-21T18:28:08+00:00\",\"breadcrumb\":{\"@id\":\"https:\/\/betoff.eu\/tagastamine-ja-kaebused\/#breadcrumb\"},\"inLanguage\":\"et\",\"potentialAction\":[{\"@type\":\"ReadAction\",\"target\":[\"https:\/\/betoff.eu\/tagastamine-ja-kaebused\/\"]}]},{\"@type\":\"BreadcrumbList\",\"@id\":\"https:\/\/betoff.eu\/tagastamine-ja-kaebused\/#breadcrumb\",\"itemListElement\":[{\"@type\":\"ListItem\",\"position\":1,\"name\":\"Hem\",\"item\":\"https:\/\/betoff.eu\/\"},{\"@type\":\"ListItem\",\"position\":2,\"name\":\"Tagastamine ja kaebused\"}]},{\"@type\":\"WebSite\",\"@id\":\"https:\/\/betoff.eu\/#website\",\"url\":\"https:\/\/betoff.eu\/\",\"name\":\"BETOFF-Products for the world of concrete and beyond!\",\"description\":\"Betoff - Betoonieemaldusvedelik\",\"publisher\":{\"@id\":\"https:\/\/betoff.eu\/#\/schema\/person\/cded67f1acad0c68af8dcc171137512c\"},\"potentialAction\":[{\"@type\":\"SearchAction\",\"target\":{\"@type\":\"EntryPoint\",\"urlTemplate\":\"https:\/\/betoff.eu\/?s={search_term_string}\"},\"query-input\":{\"@type\":\"PropertyValueSpecification\",\"valueRequired\":true,\"valueName\":\"search_term_string\"}}],\"inLanguage\":\"et\"},{\"@type\":[\"Person\",\"Organization\"],\"@id\":\"https:\/\/betoff.eu\/#\/schema\/person\/cded67f1acad0c68af8dcc171137512c\",\"name\":\"admin\",\"image\":{\"@type\":\"ImageObject\",\"inLanguage\":\"et\",\"@id\":\"https:\/\/betoff.eu\/#\/schema\/person\/image\/\",\"url\":\"https:\/\/betoff.eu\/wp-content\/uploads\/2021\/02\/betoff-logo.png\",\"contentUrl\":\"https:\/\/betoff.eu\/wp-content\/uploads\/2021\/02\/betoff-logo.png\",\"width\":1024,\"height\":258,\"caption\":\"admin\"},\"logo\":{\"@id\":\"https:\/\/betoff.eu\/#\/schema\/person\/image\/\"}}]}<\/script>\n<!-- \/ Yoast SEO plugin. -->","yoast_head_json":{"title":"Tagastamine ja kaebused - BETOFF-Tooted betoonimaailmale ja mujalegi!","robots":{"index":"index","follow":"follow","max-snippet":"max-snippet:-1","max-image-preview":"max-image-preview:large","max-video-preview":"max-video-preview:-1"},"canonical":"https:\/\/betoff.eu\/tagastamine-ja-kaebused\/","og_locale":"et_EE","og_type":"article","og_title":"Tagastamine ja kaebused - BETOFF-Tooted betoonimaailmale ja mujalegi!","og_description":"Tagastamine ja kaebused:Pretensioone betoff.eu veebipoest ostetud vedeliku kohta saab esitada ainult e-posti teel j\u00e4rgmisele aadressile: betoff@betoff.eu Palun m\u00e4rkige ostu sooritamisel genereeritud tellimuse number ja valiku p\u00f5hjus toote tagastamiseks. Toode peab olema tehases suletud. Peale toote meile tagastamist kontrollitakse seda ja seej\u00e4rel, kui kork pole katki l\u00e4inud, tagastame summa, mille eest toode osteti. Kliendil on \u00f5igus [...]","og_url":"https:\/\/betoff.eu\/tagastamine-ja-kaebused\/","og_site_name":"BETOFF-Tooted betoonimaailmale ja mujalegi!","article_modified_time":"2024-06-21T18:28:08+00:00","twitter_card":"summary_large_image","twitter_misc":{"Est. reading time":"1 minut"},"schema":{"@context":"https:\/\/schema.org","@graph":[{"@type":"WebPage","@id":"https:\/\/betoff.eu\/tagastamine-ja-kaebused\/","url":"https:\/\/betoff.eu\/tagastamine-ja-kaebused\/","name":"Tagastamine ja kaebused - BETOFF-Tooted betoonimaailmale ja mujalegi!","isPartOf":{"@id":"https:\/\/betoff.eu\/#website"},"datePublished":"2024-06-21T18:28:06+00:00","dateModified":"2024-06-21T18:28:08+00:00","breadcrumb":{"@id":"https:\/\/betoff.eu\/tagastamine-ja-kaebused\/#breadcrumb"},"inLanguage":"et","potentialAction":[{"@type":"ReadAction","target":["https:\/\/betoff.eu\/tagastamine-ja-kaebused\/"]}]},{"@type":"BreadcrumbList","@id":"https:\/\/betoff.eu\/tagastamine-ja-kaebused\/#breadcrumb","itemListElement":[{"@type":"ListItem","position":1,"name":"Hem","item":"https:\/\/betoff.eu\/"},{"@type":"ListItem","position":2,"name":"Tagastamine ja kaebused"}]},{"@type":"WebSite","@id":"https:\/\/betoff.eu\/#website","url":"https:\/\/betoff.eu\/","name":"BETOFF-Products for the world of concrete and beyond!","description":"Betoff - Betoonieemaldusvedelik","publisher":{"@id":"https:\/\/betoff.eu\/#\/schema\/person\/cded67f1acad0c68af8dcc171137512c"},"potentialAction":[{"@type":"SearchAction","target":{"@type":"EntryPoint","urlTemplate":"https:\/\/betoff.eu\/?s={search_term_string}"},"query-input":{"@type":"PropertyValueSpecification","valueRequired":true,"valueName":"search_term_string"}}],"inLanguage":"et"},{"@type":["Person","Organization"],"@id":"https:\/\/betoff.eu\/#\/schema\/person\/cded67f1acad0c68af8dcc171137512c","name":"admin","image":{"@type":"ImageObject","inLanguage":"et","@id":"https:\/\/betoff.eu\/#\/schema\/person\/image\/","url":"https:\/\/betoff.eu\/wp-content\/uploads\/2021\/02\/betoff-logo.png","contentUrl":"https:\/\/betoff.eu\/wp-content\/uploads\/2021\/02\/betoff-logo.png","width":1024,"height":258,"caption":"admin"},"logo":{"@id":"https:\/\/betoff.eu\/#\/schema\/person\/image\/"}}]}},"_links":{"self":[{"href":"https:\/\/betoff.eu\/et\/wp-json\/wp\/v2\/pages\/14055","targetHints":{"allow":["GET"]}}],"collection":[{"href":"https:\/\/betoff.eu\/et\/wp-json\/wp\/v2\/pages"}],"about":[{"href":"https:\/\/betoff.eu\/et\/wp-json\/wp\/v2\/types\/page"}],"author":[{"embeddable":true,"href":"https:\/\/betoff.eu\/et\/wp-json\/wp\/v2\/users\/1"}],"replies":[{"embeddable":true,"href":"https:\/\/betoff.eu\/et\/wp-json\/wp\/v2\/comments?post=14055"}],"version-history":[{"count":0,"href":"https:\/\/betoff.eu\/et\/wp-json\/wp\/v2\/pages\/14055\/revisions"}],"wp:attachment":[{"href":"https:\/\/betoff.eu\/et\/wp-json\/wp\/v2\/media?parent=14055"}],"curies":[{"name":"wp","href":"https:\/\/api.w.org\/{rel}","templated":true}]}}