{"id":14000,"date":"2024-06-21T12:14:47","date_gmt":"2024-06-21T10:14:47","guid":{"rendered":"https:\/\/betoff.eu\/?page_id=14000"},"modified":"2024-06-21T12:14:48","modified_gmt":"2024-06-21T10:14:48","slug":"veebipoe-reeglid","status":"publish","type":"page","link":"https:\/\/betoff.eu\/et\/veebipoe-reeglid\/","title":{"rendered":"Veebipoe reeglid"},"content":{"rendered":"\n\n\n<p>betoff.eu veebipoe reeglid<\/p>\n\n\n\n<p>Need eeskirjad s\u00e4testavad tegemise tingimused<br>ostlemine betoff.eu veebipoes<\/p>\n\n\n\n<p>M\u00fc\u00fcjaks on Innovachem Krystian Grzyb z<br>asub Varssavis aadressil ul. Sarmacka 21\/8<br>(NIP 762-176-43-06).<\/p>\n\n\n\n<p>Tellimusi saab esitada veebipoes betoix.pl<br>esita 24 tundi \u00f6\u00f6p\u00e4evas ja registreeru siin<br>Pood on t\u00e4iesti tasuta ja vabatahtlik. Poes<br>tellimusi saab teha veebis aadressil betoix.pl<br>ainult t\u00e4isealised<br>\u00f5igusv\u00f5ime lepinguid s\u00f5lmida<br>leping kaupade ja teenuste ostmiseks.<\/p>\n\n\n\n<p>Poe veebisaidil toodud teave ei ole<br>kujutavad endast pakkumisi tsiviilseadustiku t\u00e4henduses.<br>Tellimuse esitamist k\u00e4sitletakse ostupakkumisena<br>valitud kaubad punktis s\u00e4testatud tingimustel<br>Tootekirjeldus.<\/p>\n\n\n\n<p>Tellimus kinnitatakse e-posti teel<br>M\u00fc\u00fcja saates s\u00f5numi meili teel<br>elektrooniline. Tellimus t\u00f6\u00f6deldakse p\u00e4rast<br>punktis nimetatud kauba eest tasumist fikseerima<br>tellida.<\/p>\n\n\n\n<p>Kaup saadetakse tellimuses m\u00e4rgitud aadressile<br>Ostja 2-3 t\u00f6\u00f6p\u00e4eva jooksul alates kuup\u00e4evast<br>saata makse m\u00fc\u00fcja kontole.<\/p>\n\n\n\n<p>Veebipoes pakutavad tooted on legaalsed<br>Poola turule toodud t\u00e4iesti uus ja<br>juriidiliste ja f\u00fc\u00fcsiliste defektideta<\/p>\n","protected":false},"excerpt":{"rendered":"<p>betoff.eu veebipoe reeglid Need eeskirjad s\u00e4testavad tegemise tingimusedostlemine betoff.eu veebipoes M\u00fc\u00fcjaks on Innovachem Krystian Grzyb zasub Varssavis aadressil ul. Sarmacka 21\/8(NIP 762-176-43-06). Tellimusi saab esitada veebipoes betoix.plesita 24 tundi \u00f6\u00f6p\u00e4evas ja registreeru siinPood on t\u00e4iesti tasuta ja vabatahtlik. Poestellimusi saab teha veebis aadressil betoix.plainult t\u00e4isealised\u00f5igusv\u00f5ime lepinguid s\u00f5lmidaleping kaupade ja teenuste ostmiseks. Poe veebisaidil toodud teave [&#8230;]\n","protected":false},"author":1,"featured_media":0,"parent":0,"menu_order":0,"comment_status":"closed","ping_status":"closed","template":"","meta":{"om_disable_all_campaigns":false,"footnotes":""},"class_list":["post-14000","page","type-page","status-publish","hentry"],"yoast_head":"<!-- This site is optimized with the Yoast SEO plugin v25.9 - https:\/\/yoast.com\/wordpress\/plugins\/seo\/ -->\n<title>Veebipoe reeglid - BETOFF-Tooted betoonimaailmale ja mujalegi!<\/title>\n<meta name=\"robots\" content=\"index, follow, max-snippet:-1, max-image-preview:large, max-video-preview:-1\" \/>\n<link rel=\"canonical\" href=\"https:\/\/betoff.eu\/veebipoe-reeglid\/\" \/>\n<meta property=\"og:locale\" content=\"et_EE\" \/>\n<meta property=\"og:type\" content=\"article\" \/>\n<meta property=\"og:title\" content=\"Veebipoe reeglid - BETOFF-Tooted betoonimaailmale ja mujalegi!\" \/>\n<meta property=\"og:description\" content=\"betoff.eu veebipoe reeglid Need eeskirjad s\u00e4testavad tegemise tingimusedostlemine betoff.eu veebipoes M\u00fc\u00fcjaks on Innovachem Krystian Grzyb zasub Varssavis aadressil ul. Sarmacka 21\/8(NIP 762-176-43-06). Tellimusi saab esitada veebipoes betoix.plesita 24 tundi \u00f6\u00f6p\u00e4evas ja registreeru siinPood on t\u00e4iesti tasuta ja vabatahtlik. Poestellimusi saab teha veebis aadressil betoix.plainult t\u00e4isealised\u00f5igusv\u00f5ime lepinguid s\u00f5lmidaleping kaupade ja teenuste ostmiseks. Poe veebisaidil toodud teave [...]\" \/>\n<meta property=\"og:url\" content=\"https:\/\/betoff.eu\/veebipoe-reeglid\/\" \/>\n<meta property=\"og:site_name\" content=\"BETOFF-Tooted betoonimaailmale ja mujalegi!\" \/>\n<meta property=\"article:modified_time\" content=\"2024-06-21T10:14:48+00:00\" \/>\n<meta name=\"twitter:card\" content=\"summary_large_image\" \/>\n<meta name=\"twitter:label1\" content=\"Est. reading time\" \/>\n\t<meta name=\"twitter:data1\" content=\"1 minut\" \/>\n<script type=\"application\/ld+json\" class=\"yoast-schema-graph\">{\"@context\":\"https:\/\/schema.org\",\"@graph\":[{\"@type\":\"WebPage\",\"@id\":\"https:\/\/betoff.eu\/veebipoe-reeglid\/\",\"url\":\"https:\/\/betoff.eu\/veebipoe-reeglid\/\",\"name\":\"Veebipoe reeglid - BETOFF-Tooted betoonimaailmale ja mujalegi!\",\"isPartOf\":{\"@id\":\"https:\/\/betoff.eu\/#website\"},\"datePublished\":\"2024-06-21T10:14:47+00:00\",\"dateModified\":\"2024-06-21T10:14:48+00:00\",\"breadcrumb\":{\"@id\":\"https:\/\/betoff.eu\/veebipoe-reeglid\/#breadcrumb\"},\"inLanguage\":\"et\",\"potentialAction\":[{\"@type\":\"ReadAction\",\"target\":[\"https:\/\/betoff.eu\/veebipoe-reeglid\/\"]}]},{\"@type\":\"BreadcrumbList\",\"@id\":\"https:\/\/betoff.eu\/veebipoe-reeglid\/#breadcrumb\",\"itemListElement\":[{\"@type\":\"ListItem\",\"position\":1,\"name\":\"Hem\",\"item\":\"https:\/\/betoff.eu\/\"},{\"@type\":\"ListItem\",\"position\":2,\"name\":\"Veebipoe reeglid\"}]},{\"@type\":\"WebSite\",\"@id\":\"https:\/\/betoff.eu\/#website\",\"url\":\"https:\/\/betoff.eu\/\",\"name\":\"BETOFF-Products for the world of concrete and beyond!\",\"description\":\"Betoff - Betoonieemaldusvedelik\",\"publisher\":{\"@id\":\"https:\/\/betoff.eu\/#\/schema\/person\/cded67f1acad0c68af8dcc171137512c\"},\"potentialAction\":[{\"@type\":\"SearchAction\",\"target\":{\"@type\":\"EntryPoint\",\"urlTemplate\":\"https:\/\/betoff.eu\/?s={search_term_string}\"},\"query-input\":{\"@type\":\"PropertyValueSpecification\",\"valueRequired\":true,\"valueName\":\"search_term_string\"}}],\"inLanguage\":\"et\"},{\"@type\":[\"Person\",\"Organization\"],\"@id\":\"https:\/\/betoff.eu\/#\/schema\/person\/cded67f1acad0c68af8dcc171137512c\",\"name\":\"admin\",\"image\":{\"@type\":\"ImageObject\",\"inLanguage\":\"et\",\"@id\":\"https:\/\/betoff.eu\/#\/schema\/person\/image\/\",\"url\":\"https:\/\/betoff.eu\/wp-content\/uploads\/2021\/02\/betoff-logo.png\",\"contentUrl\":\"https:\/\/betoff.eu\/wp-content\/uploads\/2021\/02\/betoff-logo.png\",\"width\":1024,\"height\":258,\"caption\":\"admin\"},\"logo\":{\"@id\":\"https:\/\/betoff.eu\/#\/schema\/person\/image\/\"}}]}<\/script>\n<!-- \/ Yoast SEO plugin. -->","yoast_head_json":{"title":"Veebipoe reeglid - BETOFF-Tooted betoonimaailmale ja mujalegi!","robots":{"index":"index","follow":"follow","max-snippet":"max-snippet:-1","max-image-preview":"max-image-preview:large","max-video-preview":"max-video-preview:-1"},"canonical":"https:\/\/betoff.eu\/veebipoe-reeglid\/","og_locale":"et_EE","og_type":"article","og_title":"Veebipoe reeglid - BETOFF-Tooted betoonimaailmale ja mujalegi!","og_description":"betoff.eu veebipoe reeglid Need eeskirjad s\u00e4testavad tegemise tingimusedostlemine betoff.eu veebipoes M\u00fc\u00fcjaks on Innovachem Krystian Grzyb zasub Varssavis aadressil ul. Sarmacka 21\/8(NIP 762-176-43-06). Tellimusi saab esitada veebipoes betoix.plesita 24 tundi \u00f6\u00f6p\u00e4evas ja registreeru siinPood on t\u00e4iesti tasuta ja vabatahtlik. Poestellimusi saab teha veebis aadressil betoix.plainult t\u00e4isealised\u00f5igusv\u00f5ime lepinguid s\u00f5lmidaleping kaupade ja teenuste ostmiseks. Poe veebisaidil toodud teave [...]","og_url":"https:\/\/betoff.eu\/veebipoe-reeglid\/","og_site_name":"BETOFF-Tooted betoonimaailmale ja mujalegi!","article_modified_time":"2024-06-21T10:14:48+00:00","twitter_card":"summary_large_image","twitter_misc":{"Est. reading time":"1 minut"},"schema":{"@context":"https:\/\/schema.org","@graph":[{"@type":"WebPage","@id":"https:\/\/betoff.eu\/veebipoe-reeglid\/","url":"https:\/\/betoff.eu\/veebipoe-reeglid\/","name":"Veebipoe reeglid - BETOFF-Tooted betoonimaailmale ja mujalegi!","isPartOf":{"@id":"https:\/\/betoff.eu\/#website"},"datePublished":"2024-06-21T10:14:47+00:00","dateModified":"2024-06-21T10:14:48+00:00","breadcrumb":{"@id":"https:\/\/betoff.eu\/veebipoe-reeglid\/#breadcrumb"},"inLanguage":"et","potentialAction":[{"@type":"ReadAction","target":["https:\/\/betoff.eu\/veebipoe-reeglid\/"]}]},{"@type":"BreadcrumbList","@id":"https:\/\/betoff.eu\/veebipoe-reeglid\/#breadcrumb","itemListElement":[{"@type":"ListItem","position":1,"name":"Hem","item":"https:\/\/betoff.eu\/"},{"@type":"ListItem","position":2,"name":"Veebipoe reeglid"}]},{"@type":"WebSite","@id":"https:\/\/betoff.eu\/#website","url":"https:\/\/betoff.eu\/","name":"BETOFF-Products for the world of concrete and beyond!","description":"Betoff - Betoonieemaldusvedelik","publisher":{"@id":"https:\/\/betoff.eu\/#\/schema\/person\/cded67f1acad0c68af8dcc171137512c"},"potentialAction":[{"@type":"SearchAction","target":{"@type":"EntryPoint","urlTemplate":"https:\/\/betoff.eu\/?s={search_term_string}"},"query-input":{"@type":"PropertyValueSpecification","valueRequired":true,"valueName":"search_term_string"}}],"inLanguage":"et"},{"@type":["Person","Organization"],"@id":"https:\/\/betoff.eu\/#\/schema\/person\/cded67f1acad0c68af8dcc171137512c","name":"admin","image":{"@type":"ImageObject","inLanguage":"et","@id":"https:\/\/betoff.eu\/#\/schema\/person\/image\/","url":"https:\/\/betoff.eu\/wp-content\/uploads\/2021\/02\/betoff-logo.png","contentUrl":"https:\/\/betoff.eu\/wp-content\/uploads\/2021\/02\/betoff-logo.png","width":1024,"height":258,"caption":"admin"},"logo":{"@id":"https:\/\/betoff.eu\/#\/schema\/person\/image\/"}}]}},"_links":{"self":[{"href":"https:\/\/betoff.eu\/et\/wp-json\/wp\/v2\/pages\/14000","targetHints":{"allow":["GET"]}}],"collection":[{"href":"https:\/\/betoff.eu\/et\/wp-json\/wp\/v2\/pages"}],"about":[{"href":"https:\/\/betoff.eu\/et\/wp-json\/wp\/v2\/types\/page"}],"author":[{"embeddable":true,"href":"https:\/\/betoff.eu\/et\/wp-json\/wp\/v2\/users\/1"}],"replies":[{"embeddable":true,"href":"https:\/\/betoff.eu\/et\/wp-json\/wp\/v2\/comments?post=14000"}],"version-history":[{"count":0,"href":"https:\/\/betoff.eu\/et\/wp-json\/wp\/v2\/pages\/14000\/revisions"}],"wp:attachment":[{"href":"https:\/\/betoff.eu\/et\/wp-json\/wp\/v2\/media?parent=14000"}],"curies":[{"name":"wp","href":"https:\/\/api.w.org\/{rel}","templated":true}]}}