{"id":13941,"date":"2024-06-21T07:44:05","date_gmt":"2024-06-21T05:44:05","guid":{"rendered":"https:\/\/betoff.eu\/?page_id=13941"},"modified":"2024-06-21T07:44:06","modified_gmt":"2024-06-21T05:44:06","slug":"privaatsuspoliitika","status":"publish","type":"page","link":"https:\/\/betoff.eu\/et\/privaatsuspoliitika\/","title":{"rendered":"Privaatsuspoliitika"},"content":{"rendered":"\n<p>Veebisaidi privaatsuspoliitika. https:\/\/betoff.eu<\/p>\n\n\n\n<ol class=\"wp-block-list\">\n<li>\u00dcldine informatsioon<\/li>\n<\/ol>\n\n\n\n<p>K\u00e4esolev privaatsuspoliitika s\u00e4testab reeglid Kasutajate poolt esitatud isikuandmete t\u00f6\u00f6tlemiseks ja kaitsmiseks seoses veebisaidi kaudu m\u00fc\u00fcgiteenuste kasutamisega.<\/p>\n\n\n\n<ol class=\"wp-block-list\" start=\"2\">\n<li>Veebisaidil sisalduvate isikuandmete haldaja on<\/li>\n<\/ol>\n\n\n\n<p>Innovachem Krystian Grzyb istmega ul. Sarmacka 21\/8 Varssavi Euroopa maksunumber PL7621764306<\/p>\n\n\n\n<p>Meile usaldatud andmete turvalisuse tagamiseks oleme v\u00e4lja t\u00f6\u00f6tanud ettev\u00f5ttesisesed protseduurid ja soovitused, et v\u00e4ltida andmete volitamata isikutele k\u00e4ttesaadavaks tegemist. Kontrollime nende rakendamist ja kontrollime pidevalt nende vastavust asjakohastele \u00f5igusaktidele \u2013 isikuandmete kaitse seadusele, elektroonilisel teel teenuste osutamise seadusele, aga ka k\u00f5ikv\u00f5imalikele rakendusaktidele ja \u00fchenduse \u00f5igusaktidele.<\/p>\n\n\n\n<p>Isikuandmeid t\u00f6\u00f6deldakse Kasutaja v\u00e4ljendatud n\u00f5usoleku alusel ning juhtudel, kui seadus volitab haldajat isikuandmeid t\u00f6\u00f6tlema seaduses\u00e4tete alusel v\u00f5i t\u00e4itma poolte vahel s\u00f5lmitud lepingut.<\/p>\n\n\n\n<p>Veebisait t\u00e4idab kasutajate ja nende k\u00e4itumise kohta teabe hankimise funktsioone j\u00e4rgmisel viisil:<\/p>\n\n\n\n<ol class=\"wp-block-list\" start=\"3\">\n<li>F\u00f6r att s\u00e4kerst\u00e4lla s\u00e4kerheten f\u00f6r de uppgifter som anf\u00f6rtros oss har vi utvecklat interna rutiner och rekommendationer f\u00f6r att f\u00f6rhindra att data g\u00f6rs tillg\u00e4ngliga f\u00f6r obeh\u00f6riga. Vi kontrollerar deras genomf\u00f6rande och kontrollerar st\u00e4ndigt att de f\u00f6ljer relevanta r\u00e4ttsakter &#8211; lagen om skydd av personuppgifter, lagen om tillhandah\u00e5llande av tj\u00e4nster med elektroniska medel, s\u00e5v\u00e4l som alla typer av exekutivr\u00e4ttsakter och gemenskapslagstiftning.<\/li>\n\n\n\n<li>Personuppgifter behandlas p\u00e5 grundval av det samtycke som uttryckts av Anv\u00e4ndaren och i de fall d\u00e5 lagen ger administrat\u00f6ren beh\u00f6righet att behandla personuppgifter p\u00e5 grundval av lagbest\u00e4mmelser eller f\u00f6r att genomf\u00f6ra det avtal som ing\u00e5tts mellan parterna.<\/li>\n\n\n\n<li>Webbplatsen utf\u00f6r funktionerna att f\u00e5 information om anv\u00e4ndare och deras beteende p\u00e5 f\u00f6ljande s\u00e4tt:<\/li>\n<\/ol>\n\n\n\n<p>a) vormidesse vabatahtlikult sisestatud teabe kaudu<\/p>\n\n\n\n<p>b) k\u00fcpsiseid kogudes [se cookiepolicy].<\/p>\n\n\n\n<h3 class=\"wp-block-heading\">K\u00fcpsisepoliitika<\/h3>\n\n\n\n<p>Veebisaidi k\u00fcpsiste poliitika https:\/\/betoff.eu<\/p>\n\n\n\n<p>&#8220;K\u00fcpsised&#8221; on kasutajate l\u00f5ppseadmetesse salvestatud IT-andmed, mis on m\u00f5eldud veebisaitide kasutamiseks. Eelk\u00f5ige on need tekstifailid, mis sisaldavad veebisaidi nime, kust need p\u00e4rinevad, nende l\u00f5ppseadmes salvestusaega ja unikaalset numbrit.<\/p>\n\n\n\n<p>Veebisait ei kogu automaatselt teavet, v\u00e4lja arvatud k\u00fcpsistes sisalduv teave.<\/p>\n\n\n\n<p>K\u00fcpsised on m\u00f5eldud veebilehtede kasutamiseks. Operaator kasutab neid faile selleks, et:<\/p>\n\n\n\n<p>a) v\u00f5imalus logida sisse ja s\u00e4ilitada kasutaja seanssi igal j\u00e4rgmisel veebisaidi lehel<\/p>\n\n\n\n<p>b) kohandada veebisaidi sisu vastavalt kasutaja individuaalsetele eelistustele, eelk\u00f5ige tunnevad need failid \u00e4ra tema seadme, et kuvada veebisaiti vastavalt tema eelistustele<\/p>\n\n\n\n<p>c) anon\u00fc\u00fcmse statistika loomiseks, mis v\u00e4listab kasutaja tuvastamise v\u00f5imaluse.<\/p>\n\n\n\n<p>Veebilehe haldaja partnerite, sealhulgas eelk\u00f5ige veebisaidi kasutajate poolt kasutatavatele k\u00fcpsistele kehtivad nende endi privaatsuspoliitikad.<\/p>\n\n\n\n<p>Meile usaldatud andmete turvalisuse tagamiseks oleme v\u00e4lja t\u00f6\u00f6tanud ettev\u00f5ttesisesed protseduurid ja soovitused, et v\u00e4ltida andmete volitamata isikutele k\u00e4ttesaadavaks tegemist. Kontrollime nende rakendamist ja kontrollime pidevalt nende vastavust asjakohastele \u00f5igusaktidele \u2013 isikuandmete kaitse seadusele, elektroonilisel teel teenuste osutamise seadusele, aga ka k\u00f5ikv\u00f5imalikele rakendusaktidele ja \u00fchenduse \u00f5igusaktidele.<\/p>\n\n\n\n<p>Vaikimisi lubab veebisaitide sirvimiseks kasutatav tarkvara kasutaja l\u00f5ppseadmesse k\u00fcpsiseid paigutada. Neid seadistusi saab Kasutaja muuta selliselt, et blokeerida k\u00fcpsiste automaatne t\u00f6\u00f6tlemine brauseri seadetes v\u00f5i teavitada iga kord, kui need Kasutaja seadmesse saadetakse.<\/p>\n\n\n\n<p>Veebisaidi kasutajad saavad k\u00fcpsiste seadeid igal ajal muuta. T\u00e4psemat teavet k\u00fcpsiste k\u00e4sitlemise v\u00f5imaluste ja meetodite kohta leiate tarkvara (brauseri) seadetest. Populaarsete brauserite redigeerimisvalikute n\u00e4ited:<\/p>\n\n\n\n<p>Mozilla Firefox: www.support.mozilla.org\/pl\/kb\/ciasteczka<\/p>\n\n\n\n<p>\u2013 Internet Explorer: www.support.microsoft.com\/kb\/278835\/pl<\/p>\n\n\n\n<p>\u2013 Google Chrome: www.support.google.com\/chrome\/bin\/answer.py?hl=pl&amp;answer=95647<\/p>\n\n\n\n<p>\u2013 Safari: www.safari.helpmax.net\/sv\/spara-tid\/inneh\u00e5llsblockering\/<\/p>\n\n\n\n<ol class=\"wp-block-list\" start=\"8\">\n<li>Veebilehe operaator annab teada, et kasutaja brauseri seadete muutmine v\u00f5ib takistada veebisaitide korrektset t\u00f6\u00f6tamist.<\/li>\n<\/ol>\n\n\n","protected":false},"excerpt":{"rendered":"<p>Veebisaidi privaatsuspoliitika. https:\/\/betoff.eu K\u00e4esolev privaatsuspoliitika s\u00e4testab reeglid Kasutajate poolt esitatud isikuandmete t\u00f6\u00f6tlemiseks ja kaitsmiseks seoses veebisaidi kaudu m\u00fc\u00fcgiteenuste kasutamisega. Innovachem Krystian Grzyb istmega ul. Sarmacka 21\/8 Varssavi Euroopa maksunumber PL7621764306 Meile usaldatud andmete turvalisuse tagamiseks oleme v\u00e4lja t\u00f6\u00f6tanud ettev\u00f5ttesisesed protseduurid ja soovitused, et v\u00e4ltida andmete volitamata isikutele k\u00e4ttesaadavaks tegemist. Kontrollime nende rakendamist ja kontrollime pidevalt [&#8230;]\n","protected":false},"author":1,"featured_media":0,"parent":0,"menu_order":0,"comment_status":"closed","ping_status":"closed","template":"","meta":{"om_disable_all_campaigns":false,"footnotes":""},"class_list":["post-13941","page","type-page","status-publish","hentry"],"yoast_head":"<!-- This site is optimized with the Yoast SEO plugin v25.9 - https:\/\/yoast.com\/wordpress\/plugins\/seo\/ -->\n<title>Privaatsuspoliitika - BETOFF-Tooted betoonimaailmale ja mujalegi!<\/title>\n<meta name=\"robots\" content=\"index, follow, max-snippet:-1, max-image-preview:large, max-video-preview:-1\" \/>\n<link rel=\"canonical\" href=\"https:\/\/betoff.eu\/privaatsuspoliitika\/\" \/>\n<meta property=\"og:locale\" content=\"et_EE\" \/>\n<meta property=\"og:type\" content=\"article\" \/>\n<meta property=\"og:title\" content=\"Privaatsuspoliitika - BETOFF-Tooted betoonimaailmale ja mujalegi!\" \/>\n<meta property=\"og:description\" content=\"Veebisaidi privaatsuspoliitika. https:\/\/betoff.eu K\u00e4esolev privaatsuspoliitika s\u00e4testab reeglid Kasutajate poolt esitatud isikuandmete t\u00f6\u00f6tlemiseks ja kaitsmiseks seoses veebisaidi kaudu m\u00fc\u00fcgiteenuste kasutamisega. Innovachem Krystian Grzyb istmega ul. Sarmacka 21\/8 Varssavi Euroopa maksunumber PL7621764306 Meile usaldatud andmete turvalisuse tagamiseks oleme v\u00e4lja t\u00f6\u00f6tanud ettev\u00f5ttesisesed protseduurid ja soovitused, et v\u00e4ltida andmete volitamata isikutele k\u00e4ttesaadavaks tegemist. Kontrollime nende rakendamist ja kontrollime pidevalt [...]\" \/>\n<meta property=\"og:url\" content=\"https:\/\/betoff.eu\/privaatsuspoliitika\/\" \/>\n<meta property=\"og:site_name\" content=\"BETOFF-Tooted betoonimaailmale ja mujalegi!\" \/>\n<meta property=\"article:modified_time\" content=\"2024-06-21T05:44:06+00:00\" \/>\n<meta name=\"twitter:card\" content=\"summary_large_image\" \/>\n<meta name=\"twitter:label1\" content=\"Est. reading time\" \/>\n\t<meta name=\"twitter:data1\" content=\"3 minutit\" \/>\n<script type=\"application\/ld+json\" class=\"yoast-schema-graph\">{\"@context\":\"https:\/\/schema.org\",\"@graph\":[{\"@type\":\"WebPage\",\"@id\":\"https:\/\/betoff.eu\/privaatsuspoliitika\/\",\"url\":\"https:\/\/betoff.eu\/privaatsuspoliitika\/\",\"name\":\"Privaatsuspoliitika - BETOFF-Tooted betoonimaailmale ja mujalegi!\",\"isPartOf\":{\"@id\":\"https:\/\/betoff.eu\/#website\"},\"datePublished\":\"2024-06-21T05:44:05+00:00\",\"dateModified\":\"2024-06-21T05:44:06+00:00\",\"breadcrumb\":{\"@id\":\"https:\/\/betoff.eu\/privaatsuspoliitika\/#breadcrumb\"},\"inLanguage\":\"et\",\"potentialAction\":[{\"@type\":\"ReadAction\",\"target\":[\"https:\/\/betoff.eu\/privaatsuspoliitika\/\"]}]},{\"@type\":\"BreadcrumbList\",\"@id\":\"https:\/\/betoff.eu\/privaatsuspoliitika\/#breadcrumb\",\"itemListElement\":[{\"@type\":\"ListItem\",\"position\":1,\"name\":\"Hem\",\"item\":\"https:\/\/betoff.eu\/\"},{\"@type\":\"ListItem\",\"position\":2,\"name\":\"Privaatsuspoliitika\"}]},{\"@type\":\"WebSite\",\"@id\":\"https:\/\/betoff.eu\/#website\",\"url\":\"https:\/\/betoff.eu\/\",\"name\":\"BETOFF-Products for the world of concrete and beyond!\",\"description\":\"Betoff - Betoonieemaldusvedelik\",\"publisher\":{\"@id\":\"https:\/\/betoff.eu\/#\/schema\/person\/cded67f1acad0c68af8dcc171137512c\"},\"potentialAction\":[{\"@type\":\"SearchAction\",\"target\":{\"@type\":\"EntryPoint\",\"urlTemplate\":\"https:\/\/betoff.eu\/?s={search_term_string}\"},\"query-input\":{\"@type\":\"PropertyValueSpecification\",\"valueRequired\":true,\"valueName\":\"search_term_string\"}}],\"inLanguage\":\"et\"},{\"@type\":[\"Person\",\"Organization\"],\"@id\":\"https:\/\/betoff.eu\/#\/schema\/person\/cded67f1acad0c68af8dcc171137512c\",\"name\":\"admin\",\"image\":{\"@type\":\"ImageObject\",\"inLanguage\":\"et\",\"@id\":\"https:\/\/betoff.eu\/#\/schema\/person\/image\/\",\"url\":\"https:\/\/betoff.eu\/wp-content\/uploads\/2021\/02\/betoff-logo.png\",\"contentUrl\":\"https:\/\/betoff.eu\/wp-content\/uploads\/2021\/02\/betoff-logo.png\",\"width\":1024,\"height\":258,\"caption\":\"admin\"},\"logo\":{\"@id\":\"https:\/\/betoff.eu\/#\/schema\/person\/image\/\"}}]}<\/script>\n<!-- \/ Yoast SEO plugin. -->","yoast_head_json":{"title":"Privaatsuspoliitika - BETOFF-Tooted betoonimaailmale ja mujalegi!","robots":{"index":"index","follow":"follow","max-snippet":"max-snippet:-1","max-image-preview":"max-image-preview:large","max-video-preview":"max-video-preview:-1"},"canonical":"https:\/\/betoff.eu\/privaatsuspoliitika\/","og_locale":"et_EE","og_type":"article","og_title":"Privaatsuspoliitika - BETOFF-Tooted betoonimaailmale ja mujalegi!","og_description":"Veebisaidi privaatsuspoliitika. https:\/\/betoff.eu K\u00e4esolev privaatsuspoliitika s\u00e4testab reeglid Kasutajate poolt esitatud isikuandmete t\u00f6\u00f6tlemiseks ja kaitsmiseks seoses veebisaidi kaudu m\u00fc\u00fcgiteenuste kasutamisega. Innovachem Krystian Grzyb istmega ul. Sarmacka 21\/8 Varssavi Euroopa maksunumber PL7621764306 Meile usaldatud andmete turvalisuse tagamiseks oleme v\u00e4lja t\u00f6\u00f6tanud ettev\u00f5ttesisesed protseduurid ja soovitused, et v\u00e4ltida andmete volitamata isikutele k\u00e4ttesaadavaks tegemist. Kontrollime nende rakendamist ja kontrollime pidevalt [...]","og_url":"https:\/\/betoff.eu\/privaatsuspoliitika\/","og_site_name":"BETOFF-Tooted betoonimaailmale ja mujalegi!","article_modified_time":"2024-06-21T05:44:06+00:00","twitter_card":"summary_large_image","twitter_misc":{"Est. reading time":"3 minutit"},"schema":{"@context":"https:\/\/schema.org","@graph":[{"@type":"WebPage","@id":"https:\/\/betoff.eu\/privaatsuspoliitika\/","url":"https:\/\/betoff.eu\/privaatsuspoliitika\/","name":"Privaatsuspoliitika - BETOFF-Tooted betoonimaailmale ja mujalegi!","isPartOf":{"@id":"https:\/\/betoff.eu\/#website"},"datePublished":"2024-06-21T05:44:05+00:00","dateModified":"2024-06-21T05:44:06+00:00","breadcrumb":{"@id":"https:\/\/betoff.eu\/privaatsuspoliitika\/#breadcrumb"},"inLanguage":"et","potentialAction":[{"@type":"ReadAction","target":["https:\/\/betoff.eu\/privaatsuspoliitika\/"]}]},{"@type":"BreadcrumbList","@id":"https:\/\/betoff.eu\/privaatsuspoliitika\/#breadcrumb","itemListElement":[{"@type":"ListItem","position":1,"name":"Hem","item":"https:\/\/betoff.eu\/"},{"@type":"ListItem","position":2,"name":"Privaatsuspoliitika"}]},{"@type":"WebSite","@id":"https:\/\/betoff.eu\/#website","url":"https:\/\/betoff.eu\/","name":"BETOFF-Products for the world of concrete and beyond!","description":"Betoff - Betoonieemaldusvedelik","publisher":{"@id":"https:\/\/betoff.eu\/#\/schema\/person\/cded67f1acad0c68af8dcc171137512c"},"potentialAction":[{"@type":"SearchAction","target":{"@type":"EntryPoint","urlTemplate":"https:\/\/betoff.eu\/?s={search_term_string}"},"query-input":{"@type":"PropertyValueSpecification","valueRequired":true,"valueName":"search_term_string"}}],"inLanguage":"et"},{"@type":["Person","Organization"],"@id":"https:\/\/betoff.eu\/#\/schema\/person\/cded67f1acad0c68af8dcc171137512c","name":"admin","image":{"@type":"ImageObject","inLanguage":"et","@id":"https:\/\/betoff.eu\/#\/schema\/person\/image\/","url":"https:\/\/betoff.eu\/wp-content\/uploads\/2021\/02\/betoff-logo.png","contentUrl":"https:\/\/betoff.eu\/wp-content\/uploads\/2021\/02\/betoff-logo.png","width":1024,"height":258,"caption":"admin"},"logo":{"@id":"https:\/\/betoff.eu\/#\/schema\/person\/image\/"}}]}},"_links":{"self":[{"href":"https:\/\/betoff.eu\/et\/wp-json\/wp\/v2\/pages\/13941","targetHints":{"allow":["GET"]}}],"collection":[{"href":"https:\/\/betoff.eu\/et\/wp-json\/wp\/v2\/pages"}],"about":[{"href":"https:\/\/betoff.eu\/et\/wp-json\/wp\/v2\/types\/page"}],"author":[{"embeddable":true,"href":"https:\/\/betoff.eu\/et\/wp-json\/wp\/v2\/users\/1"}],"replies":[{"embeddable":true,"href":"https:\/\/betoff.eu\/et\/wp-json\/wp\/v2\/comments?post=13941"}],"version-history":[{"count":0,"href":"https:\/\/betoff.eu\/et\/wp-json\/wp\/v2\/pages\/13941\/revisions"}],"wp:attachment":[{"href":"https:\/\/betoff.eu\/et\/wp-json\/wp\/v2\/media?parent=13941"}],"curies":[{"name":"wp","href":"https:\/\/api.w.org\/{rel}","templated":true}]}}