{"id":15140,"date":"2024-08-06T15:45:18","date_gmt":"2024-08-06T13:45:18","guid":{"rendered":"https:\/\/betoff.eu\/?post_type=product&#038;p=15140"},"modified":"2024-08-06T15:45:18","modified_gmt":"2024-08-06T13:45:18","slug":"betoff-u-1l-liquido-de-limpieza-universal","status":"publish","type":"product","link":"https:\/\/betoff.eu\/es\/produkt\/betoff-u-1l-liquido-de-limpieza-universal\/","title":{"rendered":"BETOFF-U &#8211; 1L &#8211; L\u00edquido de limpieza universal"},"content":{"rendered":"","protected":false},"excerpt":{"rendered":"","protected":false},"featured_media":15085,"template":"","meta":{"om_disable_all_campaigns":false},"product_brand":[],"product_cat":[414],"product_tag":[],"class_list":{"0":"post-15140","1":"product","2":"type-product","3":"status-publish","4":"has-post-thumbnail","6":"product_cat-liquido-de-limpieza-universal","8":"first","9":"instock","10":"taxable","11":"shipping-taxable","12":"purchasable","13":"product-type-simple"},"yoast_head":"<!-- This site is optimized with the Yoast SEO plugin v25.9 - https:\/\/yoast.com\/wordpress\/plugins\/seo\/ -->\n<title>BETOFF-U - 1L - L\u00edquido de limpieza universal - BETOFF-\u00a1Productos para el mundo del hormig\u00f3n y m\u00e1s all\u00e1!<\/title>\n<meta name=\"description\" content=\"El l\u00edquido limpiador universal BETOFF-U limpiar\u00e1 vidrio, incluidos acuarios, pl\u00e1stico, madera, hormig\u00f3n, cobre y muchos otros lugares sucios con suciedad persistente. \u00a1Mira esta innovadora preparaci\u00f3n hoy!\" \/>\n<meta name=\"robots\" content=\"index, follow, max-snippet:-1, max-image-preview:large, max-video-preview:-1\" \/>\n<link rel=\"canonical\" href=\"https:\/\/betoff.eu\/es\/produkt\/betoff-u-1l-liquido-de-limpieza-universal\/\" \/>\n<meta property=\"og:locale\" content=\"es_ES\" \/>\n<meta property=\"og:type\" content=\"article\" \/>\n<meta property=\"og:title\" content=\"BETOFF-U - 1L - L\u00edquido de limpieza universal - BETOFF-\u00a1Productos para el mundo del hormig\u00f3n y m\u00e1s all\u00e1!\" \/>\n<meta property=\"og:description\" content=\"El l\u00edquido limpiador universal BETOFF-U limpiar\u00e1 vidrio, incluidos acuarios, pl\u00e1stico, madera, hormig\u00f3n, cobre y muchos otros lugares sucios con suciedad persistente. \u00a1Mira esta innovadora preparaci\u00f3n hoy!\" \/>\n<meta property=\"og:url\" content=\"https:\/\/betoff.eu\/es\/produkt\/betoff-u-1l-liquido-de-limpieza-universal\/\" \/>\n<meta property=\"og:site_name\" content=\"BETOFF-\u00a1Productos para el mundo del hormig\u00f3n y m\u00e1s all\u00e1!\" \/>\n<meta property=\"og:image\" content=\"https:\/\/betoff.eu\/wp-content\/uploads\/2024\/08\/Betoff-U-1L-shop-nue-430x538-4.png\" \/>\n\t<meta property=\"og:image:width\" content=\"430\" \/>\n\t<meta property=\"og:image:height\" content=\"538\" \/>\n\t<meta property=\"og:image:type\" content=\"image\/png\" \/>\n<meta name=\"twitter:card\" content=\"summary_large_image\" \/>\n<meta name=\"twitter:label1\" content=\"Tiempo de lectura\" \/>\n\t<meta name=\"twitter:data1\" content=\"1 minuto\" \/>\n<script type=\"application\/ld+json\" class=\"yoast-schema-graph\">{\"@context\":\"https:\/\/schema.org\",\"@graph\":[{\"@type\":\"WebPage\",\"@id\":\"https:\/\/betoff.eu\/es\/produkt\/betoff-u-1l-liquido-de-limpieza-universal\/\",\"url\":\"https:\/\/betoff.eu\/es\/produkt\/betoff-u-1l-liquido-de-limpieza-universal\/\",\"name\":\"BETOFF-U - 1L - L\u00edquido de limpieza universal - BETOFF-\u00a1Productos para el mundo del hormig\u00f3n y m\u00e1s all\u00e1!\",\"isPartOf\":{\"@id\":\"https:\/\/betoff.eu\/#website\"},\"primaryImageOfPage\":{\"@id\":\"https:\/\/betoff.eu\/es\/produkt\/betoff-u-1l-liquido-de-limpieza-universal\/#primaryimage\"},\"image\":{\"@id\":\"https:\/\/betoff.eu\/es\/produkt\/betoff-u-1l-liquido-de-limpieza-universal\/#primaryimage\"},\"thumbnailUrl\":\"https:\/\/betoff.eu\/wp-content\/uploads\/2024\/08\/Betoff-U-1L-shop-nue-430x538-4.png\",\"datePublished\":\"2024-08-06T13:45:18+00:00\",\"description\":\"El l\u00edquido limpiador universal BETOFF-U limpiar\u00e1 vidrio, incluidos acuarios, pl\u00e1stico, madera, hormig\u00f3n, cobre y muchos otros lugares sucios con suciedad persistente. \u00a1Mira esta innovadora preparaci\u00f3n hoy!\",\"breadcrumb\":{\"@id\":\"https:\/\/betoff.eu\/es\/produkt\/betoff-u-1l-liquido-de-limpieza-universal\/#breadcrumb\"},\"inLanguage\":\"es\",\"potentialAction\":[{\"@type\":\"ReadAction\",\"target\":[\"https:\/\/betoff.eu\/es\/produkt\/betoff-u-1l-liquido-de-limpieza-universal\/\"]}]},{\"@type\":\"ImageObject\",\"inLanguage\":\"es\",\"@id\":\"https:\/\/betoff.eu\/es\/produkt\/betoff-u-1l-liquido-de-limpieza-universal\/#primaryimage\",\"url\":\"https:\/\/betoff.eu\/wp-content\/uploads\/2024\/08\/Betoff-U-1L-shop-nue-430x538-4.png\",\"contentUrl\":\"https:\/\/betoff.eu\/wp-content\/uploads\/2024\/08\/Betoff-U-1L-shop-nue-430x538-4.png\",\"width\":430,\"height\":538,\"caption\":\"L\u00edquido de limpieza universal\"},{\"@type\":\"BreadcrumbList\",\"@id\":\"https:\/\/betoff.eu\/es\/produkt\/betoff-u-1l-liquido-de-limpieza-universal\/#breadcrumb\",\"itemListElement\":[{\"@type\":\"ListItem\",\"position\":1,\"name\":\"Hem\",\"item\":\"https:\/\/betoff.eu\/es\/\"},{\"@type\":\"ListItem\",\"position\":2,\"name\":\"Tienda\",\"item\":\"https:\/\/betoff.eu\/sklep-2\/\"},{\"@type\":\"ListItem\",\"position\":3,\"name\":\"BETOFF-U &#8211; 1L &#8211; L\u00edquido de limpieza universal\"}]},{\"@type\":\"WebSite\",\"@id\":\"https:\/\/betoff.eu\/#website\",\"url\":\"https:\/\/betoff.eu\/\",\"name\":\"BETOFF-Products for the world of concrete and beyond!\",\"description\":\"Betoff - L\u00edquido para quitar hormig\u00f3n\",\"publisher\":{\"@id\":\"https:\/\/betoff.eu\/#\/schema\/person\/cded67f1acad0c68af8dcc171137512c\"},\"potentialAction\":[{\"@type\":\"SearchAction\",\"target\":{\"@type\":\"EntryPoint\",\"urlTemplate\":\"https:\/\/betoff.eu\/?s={search_term_string}\"},\"query-input\":{\"@type\":\"PropertyValueSpecification\",\"valueRequired\":true,\"valueName\":\"search_term_string\"}}],\"inLanguage\":\"es\"},{\"@type\":[\"Person\",\"Organization\"],\"@id\":\"https:\/\/betoff.eu\/#\/schema\/person\/cded67f1acad0c68af8dcc171137512c\",\"name\":\"admin\",\"image\":{\"@type\":\"ImageObject\",\"inLanguage\":\"es\",\"@id\":\"https:\/\/betoff.eu\/#\/schema\/person\/image\/\",\"url\":\"https:\/\/betoff.eu\/wp-content\/uploads\/2021\/02\/betoff-logo.png\",\"contentUrl\":\"https:\/\/betoff.eu\/wp-content\/uploads\/2021\/02\/betoff-logo.png\",\"width\":1024,\"height\":258,\"caption\":\"admin\"},\"logo\":{\"@id\":\"https:\/\/betoff.eu\/#\/schema\/person\/image\/\"}}]}<\/script>\n<!-- \/ Yoast SEO plugin. -->","yoast_head_json":{"title":"BETOFF-U - 1L - L\u00edquido de limpieza universal - BETOFF-\u00a1Productos para el mundo del hormig\u00f3n y m\u00e1s all\u00e1!","description":"El l\u00edquido limpiador universal BETOFF-U limpiar\u00e1 vidrio, incluidos acuarios, pl\u00e1stico, madera, hormig\u00f3n, cobre y muchos otros lugares sucios con suciedad persistente. \u00a1Mira esta innovadora preparaci\u00f3n hoy!","robots":{"index":"index","follow":"follow","max-snippet":"max-snippet:-1","max-image-preview":"max-image-preview:large","max-video-preview":"max-video-preview:-1"},"canonical":"https:\/\/betoff.eu\/es\/produkt\/betoff-u-1l-liquido-de-limpieza-universal\/","og_locale":"es_ES","og_type":"article","og_title":"BETOFF-U - 1L - L\u00edquido de limpieza universal - BETOFF-\u00a1Productos para el mundo del hormig\u00f3n y m\u00e1s all\u00e1!","og_description":"El l\u00edquido limpiador universal BETOFF-U limpiar\u00e1 vidrio, incluidos acuarios, pl\u00e1stico, madera, hormig\u00f3n, cobre y muchos otros lugares sucios con suciedad persistente. \u00a1Mira esta innovadora preparaci\u00f3n hoy!","og_url":"https:\/\/betoff.eu\/es\/produkt\/betoff-u-1l-liquido-de-limpieza-universal\/","og_site_name":"BETOFF-\u00a1Productos para el mundo del hormig\u00f3n y m\u00e1s all\u00e1!","og_image":[{"width":430,"height":538,"url":"https:\/\/betoff.eu\/wp-content\/uploads\/2024\/08\/Betoff-U-1L-shop-nue-430x538-4.png","type":"image\/png"}],"twitter_card":"summary_large_image","twitter_misc":{"Tiempo de lectura":"1 minuto"},"schema":{"@context":"https:\/\/schema.org","@graph":[{"@type":"WebPage","@id":"https:\/\/betoff.eu\/es\/produkt\/betoff-u-1l-liquido-de-limpieza-universal\/","url":"https:\/\/betoff.eu\/es\/produkt\/betoff-u-1l-liquido-de-limpieza-universal\/","name":"BETOFF-U - 1L - L\u00edquido de limpieza universal - BETOFF-\u00a1Productos para el mundo del hormig\u00f3n y m\u00e1s all\u00e1!","isPartOf":{"@id":"https:\/\/betoff.eu\/#website"},"primaryImageOfPage":{"@id":"https:\/\/betoff.eu\/es\/produkt\/betoff-u-1l-liquido-de-limpieza-universal\/#primaryimage"},"image":{"@id":"https:\/\/betoff.eu\/es\/produkt\/betoff-u-1l-liquido-de-limpieza-universal\/#primaryimage"},"thumbnailUrl":"https:\/\/betoff.eu\/wp-content\/uploads\/2024\/08\/Betoff-U-1L-shop-nue-430x538-4.png","datePublished":"2024-08-06T13:45:18+00:00","description":"El l\u00edquido limpiador universal BETOFF-U limpiar\u00e1 vidrio, incluidos acuarios, pl\u00e1stico, madera, hormig\u00f3n, cobre y muchos otros lugares sucios con suciedad persistente. \u00a1Mira esta innovadora preparaci\u00f3n hoy!","breadcrumb":{"@id":"https:\/\/betoff.eu\/es\/produkt\/betoff-u-1l-liquido-de-limpieza-universal\/#breadcrumb"},"inLanguage":"es","potentialAction":[{"@type":"ReadAction","target":["https:\/\/betoff.eu\/es\/produkt\/betoff-u-1l-liquido-de-limpieza-universal\/"]}]},{"@type":"ImageObject","inLanguage":"es","@id":"https:\/\/betoff.eu\/es\/produkt\/betoff-u-1l-liquido-de-limpieza-universal\/#primaryimage","url":"https:\/\/betoff.eu\/wp-content\/uploads\/2024\/08\/Betoff-U-1L-shop-nue-430x538-4.png","contentUrl":"https:\/\/betoff.eu\/wp-content\/uploads\/2024\/08\/Betoff-U-1L-shop-nue-430x538-4.png","width":430,"height":538,"caption":"L\u00edquido de limpieza universal"},{"@type":"BreadcrumbList","@id":"https:\/\/betoff.eu\/es\/produkt\/betoff-u-1l-liquido-de-limpieza-universal\/#breadcrumb","itemListElement":[{"@type":"ListItem","position":1,"name":"Hem","item":"https:\/\/betoff.eu\/es\/"},{"@type":"ListItem","position":2,"name":"Tienda","item":"https:\/\/betoff.eu\/sklep-2\/"},{"@type":"ListItem","position":3,"name":"BETOFF-U &#8211; 1L &#8211; L\u00edquido de limpieza universal"}]},{"@type":"WebSite","@id":"https:\/\/betoff.eu\/#website","url":"https:\/\/betoff.eu\/","name":"BETOFF-Products for the world of concrete and beyond!","description":"Betoff - L\u00edquido para quitar hormig\u00f3n","publisher":{"@id":"https:\/\/betoff.eu\/#\/schema\/person\/cded67f1acad0c68af8dcc171137512c"},"potentialAction":[{"@type":"SearchAction","target":{"@type":"EntryPoint","urlTemplate":"https:\/\/betoff.eu\/?s={search_term_string}"},"query-input":{"@type":"PropertyValueSpecification","valueRequired":true,"valueName":"search_term_string"}}],"inLanguage":"es"},{"@type":["Person","Organization"],"@id":"https:\/\/betoff.eu\/#\/schema\/person\/cded67f1acad0c68af8dcc171137512c","name":"admin","image":{"@type":"ImageObject","inLanguage":"es","@id":"https:\/\/betoff.eu\/#\/schema\/person\/image\/","url":"https:\/\/betoff.eu\/wp-content\/uploads\/2021\/02\/betoff-logo.png","contentUrl":"https:\/\/betoff.eu\/wp-content\/uploads\/2021\/02\/betoff-logo.png","width":1024,"height":258,"caption":"admin"},"logo":{"@id":"https:\/\/betoff.eu\/#\/schema\/person\/image\/"}}]}},"_links":{"self":[{"href":"https:\/\/betoff.eu\/es\/wp-json\/wp\/v2\/product\/15140","targetHints":{"allow":["GET"]}}],"collection":[{"href":"https:\/\/betoff.eu\/es\/wp-json\/wp\/v2\/product"}],"about":[{"href":"https:\/\/betoff.eu\/es\/wp-json\/wp\/v2\/types\/product"}],"wp:featuredmedia":[{"embeddable":true,"href":"https:\/\/betoff.eu\/es\/wp-json\/wp\/v2\/media\/15085"}],"wp:attachment":[{"href":"https:\/\/betoff.eu\/es\/wp-json\/wp\/v2\/media?parent=15140"}],"wp:term":[{"taxonomy":"product_brand","embeddable":true,"href":"https:\/\/betoff.eu\/es\/wp-json\/wp\/v2\/product_brand?post=15140"},{"taxonomy":"product_cat","embeddable":true,"href":"https:\/\/betoff.eu\/es\/wp-json\/wp\/v2\/product_cat?post=15140"},{"taxonomy":"product_tag","embeddable":true,"href":"https:\/\/betoff.eu\/es\/wp-json\/wp\/v2\/product_tag?post=15140"}],"curies":[{"name":"wp","href":"https:\/\/api.w.org\/{rel}","templated":true}]}}