{"id":15121,"date":"2024-08-06T13:31:57","date_gmt":"2024-08-06T11:31:57","guid":{"rendered":"https:\/\/betoff.eu\/?post_type=product&#038;p=15121"},"modified":"2024-08-06T13:31:57","modified_gmt":"2024-08-06T11:31:57","slug":"betoff-5l-disolvente-de-hormigon-concentrarse-tierra-vieja","status":"publish","type":"product","link":"https:\/\/betoff.eu\/es\/produkt\/betoff-5l-disolvente-de-hormigon-concentrarse-tierra-vieja\/","title":{"rendered":"BETOFF &#8211; 5L &#8211; Disolvente de hormig\u00f3n. Concentrarse. Tierra vieja"},"content":{"rendered":"","protected":false},"excerpt":{"rendered":"","protected":false},"featured_media":15063,"template":"","meta":{"om_disable_all_campaigns":false},"product_brand":[],"product_cat":[412],"product_tag":[],"class_list":{"0":"post-15121","1":"product","2":"type-product","3":"status-publish","4":"has-post-thumbnail","6":"product_cat-disolver-hormigon","8":"first","9":"instock","10":"taxable","11":"shipping-taxable","12":"purchasable","13":"product-type-simple"},"yoast_head":"<!-- This site is optimized with the Yoast SEO plugin v25.9 - https:\/\/yoast.com\/wordpress\/plugins\/seo\/ -->\n<title>BETOFF - 5L - Disolvente de hormig\u00f3n. Concentrarse. Tierra vieja - BETOFF-\u00a1Productos para el mundo del hormig\u00f3n y m\u00e1s all\u00e1!<\/title>\n<meta name=\"description\" content=\"Disolver el hormig\u00f3n con l\u00edquido BETOFF es muy f\u00e1cil. El l\u00edquido penetra en el hormig\u00f3n seco y lo convierte en barro. \u00a1Elimine el hormig\u00f3n \u00fanicamente con los agentes de limpieza especializados BETOFF! \u00a1Funciona porque tiene poder!\" \/>\n<meta name=\"robots\" content=\"index, follow, max-snippet:-1, max-image-preview:large, max-video-preview:-1\" \/>\n<link rel=\"canonical\" href=\"https:\/\/betoff.eu\/es\/produkt\/betoff-5l-disolvente-de-hormigon-concentrarse-tierra-vieja\/\" \/>\n<meta property=\"og:locale\" content=\"es_ES\" \/>\n<meta property=\"og:type\" content=\"article\" \/>\n<meta property=\"og:title\" content=\"BETOFF - 5L - Disolvente de hormig\u00f3n. Concentrarse. Tierra vieja - BETOFF-\u00a1Productos para el mundo del hormig\u00f3n y m\u00e1s all\u00e1!\" \/>\n<meta property=\"og:description\" content=\"Disolver el hormig\u00f3n con l\u00edquido BETOFF es muy f\u00e1cil. El l\u00edquido penetra en el hormig\u00f3n seco y lo convierte en barro. \u00a1Elimine el hormig\u00f3n \u00fanicamente con los agentes de limpieza especializados BETOFF! \u00a1Funciona porque tiene poder!\" \/>\n<meta property=\"og:url\" content=\"https:\/\/betoff.eu\/es\/produkt\/betoff-5l-disolvente-de-hormigon-concentrarse-tierra-vieja\/\" \/>\n<meta property=\"og:site_name\" content=\"BETOFF-\u00a1Productos para el mundo del hormig\u00f3n y m\u00e1s all\u00e1!\" \/>\n<meta property=\"og:image\" content=\"https:\/\/betoff.eu\/wp-content\/uploads\/2024\/08\/Betoff-5-L-neu-430x538-3.png\" \/>\n\t<meta property=\"og:image:width\" content=\"430\" \/>\n\t<meta property=\"og:image:height\" content=\"538\" \/>\n\t<meta property=\"og:image:type\" content=\"image\/png\" \/>\n<meta name=\"twitter:card\" content=\"summary_large_image\" \/>\n<meta name=\"twitter:label1\" content=\"Tiempo de lectura\" \/>\n\t<meta name=\"twitter:data1\" content=\"1 minuto\" \/>\n<script type=\"application\/ld+json\" class=\"yoast-schema-graph\">{\"@context\":\"https:\/\/schema.org\",\"@graph\":[{\"@type\":\"WebPage\",\"@id\":\"https:\/\/betoff.eu\/es\/produkt\/betoff-5l-disolvente-de-hormigon-concentrarse-tierra-vieja\/\",\"url\":\"https:\/\/betoff.eu\/es\/produkt\/betoff-5l-disolvente-de-hormigon-concentrarse-tierra-vieja\/\",\"name\":\"BETOFF - 5L - Disolvente de hormig\u00f3n. Concentrarse. Tierra vieja - BETOFF-\u00a1Productos para el mundo del hormig\u00f3n y m\u00e1s all\u00e1!\",\"isPartOf\":{\"@id\":\"https:\/\/betoff.eu\/#website\"},\"primaryImageOfPage\":{\"@id\":\"https:\/\/betoff.eu\/es\/produkt\/betoff-5l-disolvente-de-hormigon-concentrarse-tierra-vieja\/#primaryimage\"},\"image\":{\"@id\":\"https:\/\/betoff.eu\/es\/produkt\/betoff-5l-disolvente-de-hormigon-concentrarse-tierra-vieja\/#primaryimage\"},\"thumbnailUrl\":\"https:\/\/betoff.eu\/wp-content\/uploads\/2024\/08\/Betoff-5-L-neu-430x538-3.png\",\"datePublished\":\"2024-08-06T11:31:57+00:00\",\"description\":\"Disolver el hormig\u00f3n con l\u00edquido BETOFF es muy f\u00e1cil. El l\u00edquido penetra en el hormig\u00f3n seco y lo convierte en barro. \u00a1Elimine el hormig\u00f3n \u00fanicamente con los agentes de limpieza especializados BETOFF! \u00a1Funciona porque tiene poder!\",\"breadcrumb\":{\"@id\":\"https:\/\/betoff.eu\/es\/produkt\/betoff-5l-disolvente-de-hormigon-concentrarse-tierra-vieja\/#breadcrumb\"},\"inLanguage\":\"es\",\"potentialAction\":[{\"@type\":\"ReadAction\",\"target\":[\"https:\/\/betoff.eu\/es\/produkt\/betoff-5l-disolvente-de-hormigon-concentrarse-tierra-vieja\/\"]}]},{\"@type\":\"ImageObject\",\"inLanguage\":\"es\",\"@id\":\"https:\/\/betoff.eu\/es\/produkt\/betoff-5l-disolvente-de-hormigon-concentrarse-tierra-vieja\/#primaryimage\",\"url\":\"https:\/\/betoff.eu\/wp-content\/uploads\/2024\/08\/Betoff-5-L-neu-430x538-3.png\",\"contentUrl\":\"https:\/\/betoff.eu\/wp-content\/uploads\/2024\/08\/Betoff-5-L-neu-430x538-3.png\",\"width\":430,\"height\":538,\"caption\":\"disolvente de hormig\u00f3n\"},{\"@type\":\"BreadcrumbList\",\"@id\":\"https:\/\/betoff.eu\/es\/produkt\/betoff-5l-disolvente-de-hormigon-concentrarse-tierra-vieja\/#breadcrumb\",\"itemListElement\":[{\"@type\":\"ListItem\",\"position\":1,\"name\":\"Hem\",\"item\":\"https:\/\/betoff.eu\/es\/\"},{\"@type\":\"ListItem\",\"position\":2,\"name\":\"Tienda\",\"item\":\"https:\/\/betoff.eu\/sklep-2\/\"},{\"@type\":\"ListItem\",\"position\":3,\"name\":\"BETOFF &#8211; 5L &#8211; Disolvente de hormig\u00f3n. Concentrarse. Tierra vieja\"}]},{\"@type\":\"WebSite\",\"@id\":\"https:\/\/betoff.eu\/#website\",\"url\":\"https:\/\/betoff.eu\/\",\"name\":\"BETOFF-Products for the world of concrete and beyond!\",\"description\":\"Betoff - L\u00edquido para quitar hormig\u00f3n\",\"publisher\":{\"@id\":\"https:\/\/betoff.eu\/#\/schema\/person\/cded67f1acad0c68af8dcc171137512c\"},\"potentialAction\":[{\"@type\":\"SearchAction\",\"target\":{\"@type\":\"EntryPoint\",\"urlTemplate\":\"https:\/\/betoff.eu\/?s={search_term_string}\"},\"query-input\":{\"@type\":\"PropertyValueSpecification\",\"valueRequired\":true,\"valueName\":\"search_term_string\"}}],\"inLanguage\":\"es\"},{\"@type\":[\"Person\",\"Organization\"],\"@id\":\"https:\/\/betoff.eu\/#\/schema\/person\/cded67f1acad0c68af8dcc171137512c\",\"name\":\"admin\",\"image\":{\"@type\":\"ImageObject\",\"inLanguage\":\"es\",\"@id\":\"https:\/\/betoff.eu\/#\/schema\/person\/image\/\",\"url\":\"https:\/\/betoff.eu\/wp-content\/uploads\/2021\/02\/betoff-logo.png\",\"contentUrl\":\"https:\/\/betoff.eu\/wp-content\/uploads\/2021\/02\/betoff-logo.png\",\"width\":1024,\"height\":258,\"caption\":\"admin\"},\"logo\":{\"@id\":\"https:\/\/betoff.eu\/#\/schema\/person\/image\/\"}}]}<\/script>\n<!-- \/ Yoast SEO plugin. -->","yoast_head_json":{"title":"BETOFF - 5L - Disolvente de hormig\u00f3n. Concentrarse. Tierra vieja - BETOFF-\u00a1Productos para el mundo del hormig\u00f3n y m\u00e1s all\u00e1!","description":"Disolver el hormig\u00f3n con l\u00edquido BETOFF es muy f\u00e1cil. El l\u00edquido penetra en el hormig\u00f3n seco y lo convierte en barro. \u00a1Elimine el hormig\u00f3n \u00fanicamente con los agentes de limpieza especializados BETOFF! \u00a1Funciona porque tiene poder!","robots":{"index":"index","follow":"follow","max-snippet":"max-snippet:-1","max-image-preview":"max-image-preview:large","max-video-preview":"max-video-preview:-1"},"canonical":"https:\/\/betoff.eu\/es\/produkt\/betoff-5l-disolvente-de-hormigon-concentrarse-tierra-vieja\/","og_locale":"es_ES","og_type":"article","og_title":"BETOFF - 5L - Disolvente de hormig\u00f3n. Concentrarse. Tierra vieja - BETOFF-\u00a1Productos para el mundo del hormig\u00f3n y m\u00e1s all\u00e1!","og_description":"Disolver el hormig\u00f3n con l\u00edquido BETOFF es muy f\u00e1cil. El l\u00edquido penetra en el hormig\u00f3n seco y lo convierte en barro. \u00a1Elimine el hormig\u00f3n \u00fanicamente con los agentes de limpieza especializados BETOFF! \u00a1Funciona porque tiene poder!","og_url":"https:\/\/betoff.eu\/es\/produkt\/betoff-5l-disolvente-de-hormigon-concentrarse-tierra-vieja\/","og_site_name":"BETOFF-\u00a1Productos para el mundo del hormig\u00f3n y m\u00e1s all\u00e1!","og_image":[{"width":430,"height":538,"url":"https:\/\/betoff.eu\/wp-content\/uploads\/2024\/08\/Betoff-5-L-neu-430x538-3.png","type":"image\/png"}],"twitter_card":"summary_large_image","twitter_misc":{"Tiempo de lectura":"1 minuto"},"schema":{"@context":"https:\/\/schema.org","@graph":[{"@type":"WebPage","@id":"https:\/\/betoff.eu\/es\/produkt\/betoff-5l-disolvente-de-hormigon-concentrarse-tierra-vieja\/","url":"https:\/\/betoff.eu\/es\/produkt\/betoff-5l-disolvente-de-hormigon-concentrarse-tierra-vieja\/","name":"BETOFF - 5L - Disolvente de hormig\u00f3n. Concentrarse. Tierra vieja - BETOFF-\u00a1Productos para el mundo del hormig\u00f3n y m\u00e1s all\u00e1!","isPartOf":{"@id":"https:\/\/betoff.eu\/#website"},"primaryImageOfPage":{"@id":"https:\/\/betoff.eu\/es\/produkt\/betoff-5l-disolvente-de-hormigon-concentrarse-tierra-vieja\/#primaryimage"},"image":{"@id":"https:\/\/betoff.eu\/es\/produkt\/betoff-5l-disolvente-de-hormigon-concentrarse-tierra-vieja\/#primaryimage"},"thumbnailUrl":"https:\/\/betoff.eu\/wp-content\/uploads\/2024\/08\/Betoff-5-L-neu-430x538-3.png","datePublished":"2024-08-06T11:31:57+00:00","description":"Disolver el hormig\u00f3n con l\u00edquido BETOFF es muy f\u00e1cil. El l\u00edquido penetra en el hormig\u00f3n seco y lo convierte en barro. \u00a1Elimine el hormig\u00f3n \u00fanicamente con los agentes de limpieza especializados BETOFF! \u00a1Funciona porque tiene poder!","breadcrumb":{"@id":"https:\/\/betoff.eu\/es\/produkt\/betoff-5l-disolvente-de-hormigon-concentrarse-tierra-vieja\/#breadcrumb"},"inLanguage":"es","potentialAction":[{"@type":"ReadAction","target":["https:\/\/betoff.eu\/es\/produkt\/betoff-5l-disolvente-de-hormigon-concentrarse-tierra-vieja\/"]}]},{"@type":"ImageObject","inLanguage":"es","@id":"https:\/\/betoff.eu\/es\/produkt\/betoff-5l-disolvente-de-hormigon-concentrarse-tierra-vieja\/#primaryimage","url":"https:\/\/betoff.eu\/wp-content\/uploads\/2024\/08\/Betoff-5-L-neu-430x538-3.png","contentUrl":"https:\/\/betoff.eu\/wp-content\/uploads\/2024\/08\/Betoff-5-L-neu-430x538-3.png","width":430,"height":538,"caption":"disolvente de hormig\u00f3n"},{"@type":"BreadcrumbList","@id":"https:\/\/betoff.eu\/es\/produkt\/betoff-5l-disolvente-de-hormigon-concentrarse-tierra-vieja\/#breadcrumb","itemListElement":[{"@type":"ListItem","position":1,"name":"Hem","item":"https:\/\/betoff.eu\/es\/"},{"@type":"ListItem","position":2,"name":"Tienda","item":"https:\/\/betoff.eu\/sklep-2\/"},{"@type":"ListItem","position":3,"name":"BETOFF &#8211; 5L &#8211; Disolvente de hormig\u00f3n. Concentrarse. Tierra vieja"}]},{"@type":"WebSite","@id":"https:\/\/betoff.eu\/#website","url":"https:\/\/betoff.eu\/","name":"BETOFF-Products for the world of concrete and beyond!","description":"Betoff - L\u00edquido para quitar hormig\u00f3n","publisher":{"@id":"https:\/\/betoff.eu\/#\/schema\/person\/cded67f1acad0c68af8dcc171137512c"},"potentialAction":[{"@type":"SearchAction","target":{"@type":"EntryPoint","urlTemplate":"https:\/\/betoff.eu\/?s={search_term_string}"},"query-input":{"@type":"PropertyValueSpecification","valueRequired":true,"valueName":"search_term_string"}}],"inLanguage":"es"},{"@type":["Person","Organization"],"@id":"https:\/\/betoff.eu\/#\/schema\/person\/cded67f1acad0c68af8dcc171137512c","name":"admin","image":{"@type":"ImageObject","inLanguage":"es","@id":"https:\/\/betoff.eu\/#\/schema\/person\/image\/","url":"https:\/\/betoff.eu\/wp-content\/uploads\/2021\/02\/betoff-logo.png","contentUrl":"https:\/\/betoff.eu\/wp-content\/uploads\/2021\/02\/betoff-logo.png","width":1024,"height":258,"caption":"admin"},"logo":{"@id":"https:\/\/betoff.eu\/#\/schema\/person\/image\/"}}]}},"_links":{"self":[{"href":"https:\/\/betoff.eu\/es\/wp-json\/wp\/v2\/product\/15121","targetHints":{"allow":["GET"]}}],"collection":[{"href":"https:\/\/betoff.eu\/es\/wp-json\/wp\/v2\/product"}],"about":[{"href":"https:\/\/betoff.eu\/es\/wp-json\/wp\/v2\/types\/product"}],"wp:featuredmedia":[{"embeddable":true,"href":"https:\/\/betoff.eu\/es\/wp-json\/wp\/v2\/media\/15063"}],"wp:attachment":[{"href":"https:\/\/betoff.eu\/es\/wp-json\/wp\/v2\/media?parent=15121"}],"wp:term":[{"taxonomy":"product_brand","embeddable":true,"href":"https:\/\/betoff.eu\/es\/wp-json\/wp\/v2\/product_brand?post=15121"},{"taxonomy":"product_cat","embeddable":true,"href":"https:\/\/betoff.eu\/es\/wp-json\/wp\/v2\/product_cat?post=15121"},{"taxonomy":"product_tag","embeddable":true,"href":"https:\/\/betoff.eu\/es\/wp-json\/wp\/v2\/product_tag?post=15121"}],"curies":[{"name":"wp","href":"https:\/\/api.w.org\/{rel}","templated":true}]}}