{"id":14124,"date":"2024-06-21T20:28:06","date_gmt":"2024-06-21T18:28:06","guid":{"rendered":"https:\/\/betoff.eu\/?page_id=14124"},"modified":"2024-06-22T08:31:02","modified_gmt":"2024-06-22T06:31:02","slug":"devoluciones-y-reclamaciones","status":"publish","type":"page","link":"https:\/\/betoff.eu\/es\/devoluciones-y-reclamaciones\/","title":{"rendered":"Devoluciones y reclamaciones"},"content":{"rendered":"\n\n\n<p>Devoluciones y reclamaciones:<br>Las reclamaciones sobre l\u00edquidos adquiridos en la tienda online betoff.eu s\u00f3lo podr\u00e1n realizarse a trav\u00e9s de correo electr\u00f3nico, a la siguiente direcci\u00f3n: betoff@betoff.eu Indique el n\u00famero de pedido generado en el momento de la compra, as\u00ed como el motivo por el que elige para devolver el producto.<\/p>\n\n\n\n<p>El producto debe venir sellado de f\u00e1brica. Despu\u00e9s de devolvernos el producto, \u00e9ste ser\u00e1 verificado y luego, si no se ha roto el tap\u00f3n, le reembolsaremos el importe por el que se compr\u00f3 el producto. El cliente tiene derecho a devoluci\u00f3n dentro de los 14 d\u00edas siguientes a la fecha de compra.<\/p>\n\n\n\n<p>La reclamaci\u00f3n se tramitar\u00e1 en un plazo de 5 d\u00edas h\u00e1biles a partir del d\u00eda de su recepci\u00f3n. En primer lugar, la denuncia ser\u00e1 le\u00edda y considerada en cuanto a sus m\u00e9ritos. A continuaci\u00f3n se redactar\u00e1 un formulario con sus datos y el motivo de la reclamaci\u00f3n, que nos indicar\u00e1 en el correo electr\u00f3nico que nos env\u00ede. El cliente recibir\u00e1 un correo electr\u00f3nico de respuesta con un formulario completado para ser firmado y devuelto.<\/p>\n","protected":false},"excerpt":{"rendered":"<p>Devoluciones y reclamaciones:Las reclamaciones sobre l\u00edquidos adquiridos en la tienda online betoff.eu s\u00f3lo podr\u00e1n realizarse a trav\u00e9s de correo electr\u00f3nico, a la siguiente direcci\u00f3n: betoff@betoff.eu Indique el n\u00famero de pedido generado en el momento de la compra, as\u00ed como el motivo por el que elige para devolver el producto. El producto debe venir sellado de [&#8230;]\n","protected":false},"author":1,"featured_media":0,"parent":0,"menu_order":0,"comment_status":"closed","ping_status":"closed","template":"","meta":{"om_disable_all_campaigns":false,"footnotes":""},"class_list":["post-14124","page","type-page","status-publish","hentry"],"yoast_head":"<!-- This site is optimized with the Yoast SEO plugin v25.9 - https:\/\/yoast.com\/wordpress\/plugins\/seo\/ -->\n<title>Devoluciones y reclamaciones - BETOFF-\u00a1Productos para el mundo del hormig\u00f3n y m\u00e1s all\u00e1!<\/title>\n<meta name=\"robots\" content=\"index, follow, max-snippet:-1, max-image-preview:large, max-video-preview:-1\" \/>\n<link rel=\"canonical\" href=\"https:\/\/betoff.eu\/es\/devoluciones-y-reclamaciones\/\" \/>\n<meta property=\"og:locale\" content=\"es_ES\" \/>\n<meta property=\"og:type\" content=\"article\" \/>\n<meta property=\"og:title\" content=\"Devoluciones y reclamaciones - BETOFF-\u00a1Productos para el mundo del hormig\u00f3n y m\u00e1s all\u00e1!\" \/>\n<meta property=\"og:description\" content=\"Devoluciones y reclamaciones:Las reclamaciones sobre l\u00edquidos adquiridos en la tienda online betoff.eu s\u00f3lo podr\u00e1n realizarse a trav\u00e9s de correo electr\u00f3nico, a la siguiente direcci\u00f3n: betoff@betoff.eu Indique el n\u00famero de pedido generado en el momento de la compra, as\u00ed como el motivo por el que elige para devolver el producto. El producto debe venir sellado de [...]\" \/>\n<meta property=\"og:url\" content=\"https:\/\/betoff.eu\/es\/devoluciones-y-reclamaciones\/\" \/>\n<meta property=\"og:site_name\" content=\"BETOFF-\u00a1Productos para el mundo del hormig\u00f3n y m\u00e1s all\u00e1!\" \/>\n<meta property=\"article:modified_time\" content=\"2024-06-22T06:31:02+00:00\" \/>\n<meta name=\"twitter:card\" content=\"summary_large_image\" \/>\n<meta name=\"twitter:label1\" content=\"Tiempo de lectura\" \/>\n\t<meta name=\"twitter:data1\" content=\"2 minutos\" \/>\n<script type=\"application\/ld+json\" class=\"yoast-schema-graph\">{\"@context\":\"https:\/\/schema.org\",\"@graph\":[{\"@type\":\"WebPage\",\"@id\":\"https:\/\/betoff.eu\/es\/devoluciones-y-reclamaciones\/\",\"url\":\"https:\/\/betoff.eu\/es\/devoluciones-y-reclamaciones\/\",\"name\":\"Devoluciones y reclamaciones - BETOFF-\u00a1Productos para el mundo del hormig\u00f3n y m\u00e1s all\u00e1!\",\"isPartOf\":{\"@id\":\"https:\/\/betoff.eu\/#website\"},\"datePublished\":\"2024-06-21T18:28:06+00:00\",\"dateModified\":\"2024-06-22T06:31:02+00:00\",\"breadcrumb\":{\"@id\":\"https:\/\/betoff.eu\/es\/devoluciones-y-reclamaciones\/#breadcrumb\"},\"inLanguage\":\"es\",\"potentialAction\":[{\"@type\":\"ReadAction\",\"target\":[\"https:\/\/betoff.eu\/es\/devoluciones-y-reclamaciones\/\"]}]},{\"@type\":\"BreadcrumbList\",\"@id\":\"https:\/\/betoff.eu\/es\/devoluciones-y-reclamaciones\/#breadcrumb\",\"itemListElement\":[{\"@type\":\"ListItem\",\"position\":1,\"name\":\"Hem\",\"item\":\"https:\/\/betoff.eu\/es\/\"},{\"@type\":\"ListItem\",\"position\":2,\"name\":\"Devoluciones y reclamaciones\"}]},{\"@type\":\"WebSite\",\"@id\":\"https:\/\/betoff.eu\/#website\",\"url\":\"https:\/\/betoff.eu\/\",\"name\":\"BETOFF-Products for the world of concrete and beyond!\",\"description\":\"Betoff - L\u00edquido para quitar hormig\u00f3n\",\"publisher\":{\"@id\":\"https:\/\/betoff.eu\/#\/schema\/person\/cded67f1acad0c68af8dcc171137512c\"},\"potentialAction\":[{\"@type\":\"SearchAction\",\"target\":{\"@type\":\"EntryPoint\",\"urlTemplate\":\"https:\/\/betoff.eu\/?s={search_term_string}\"},\"query-input\":{\"@type\":\"PropertyValueSpecification\",\"valueRequired\":true,\"valueName\":\"search_term_string\"}}],\"inLanguage\":\"es\"},{\"@type\":[\"Person\",\"Organization\"],\"@id\":\"https:\/\/betoff.eu\/#\/schema\/person\/cded67f1acad0c68af8dcc171137512c\",\"name\":\"admin\",\"image\":{\"@type\":\"ImageObject\",\"inLanguage\":\"es\",\"@id\":\"https:\/\/betoff.eu\/#\/schema\/person\/image\/\",\"url\":\"https:\/\/betoff.eu\/wp-content\/uploads\/2021\/02\/betoff-logo.png\",\"contentUrl\":\"https:\/\/betoff.eu\/wp-content\/uploads\/2021\/02\/betoff-logo.png\",\"width\":1024,\"height\":258,\"caption\":\"admin\"},\"logo\":{\"@id\":\"https:\/\/betoff.eu\/#\/schema\/person\/image\/\"}}]}<\/script>\n<!-- \/ Yoast SEO plugin. -->","yoast_head_json":{"title":"Devoluciones y reclamaciones - BETOFF-\u00a1Productos para el mundo del hormig\u00f3n y m\u00e1s all\u00e1!","robots":{"index":"index","follow":"follow","max-snippet":"max-snippet:-1","max-image-preview":"max-image-preview:large","max-video-preview":"max-video-preview:-1"},"canonical":"https:\/\/betoff.eu\/es\/devoluciones-y-reclamaciones\/","og_locale":"es_ES","og_type":"article","og_title":"Devoluciones y reclamaciones - BETOFF-\u00a1Productos para el mundo del hormig\u00f3n y m\u00e1s all\u00e1!","og_description":"Devoluciones y reclamaciones:Las reclamaciones sobre l\u00edquidos adquiridos en la tienda online betoff.eu s\u00f3lo podr\u00e1n realizarse a trav\u00e9s de correo electr\u00f3nico, a la siguiente direcci\u00f3n: betoff@betoff.eu Indique el n\u00famero de pedido generado en el momento de la compra, as\u00ed como el motivo por el que elige para devolver el producto. El producto debe venir sellado de [...]","og_url":"https:\/\/betoff.eu\/es\/devoluciones-y-reclamaciones\/","og_site_name":"BETOFF-\u00a1Productos para el mundo del hormig\u00f3n y m\u00e1s all\u00e1!","article_modified_time":"2024-06-22T06:31:02+00:00","twitter_card":"summary_large_image","twitter_misc":{"Tiempo de lectura":"2 minutos"},"schema":{"@context":"https:\/\/schema.org","@graph":[{"@type":"WebPage","@id":"https:\/\/betoff.eu\/es\/devoluciones-y-reclamaciones\/","url":"https:\/\/betoff.eu\/es\/devoluciones-y-reclamaciones\/","name":"Devoluciones y reclamaciones - BETOFF-\u00a1Productos para el mundo del hormig\u00f3n y m\u00e1s all\u00e1!","isPartOf":{"@id":"https:\/\/betoff.eu\/#website"},"datePublished":"2024-06-21T18:28:06+00:00","dateModified":"2024-06-22T06:31:02+00:00","breadcrumb":{"@id":"https:\/\/betoff.eu\/es\/devoluciones-y-reclamaciones\/#breadcrumb"},"inLanguage":"es","potentialAction":[{"@type":"ReadAction","target":["https:\/\/betoff.eu\/es\/devoluciones-y-reclamaciones\/"]}]},{"@type":"BreadcrumbList","@id":"https:\/\/betoff.eu\/es\/devoluciones-y-reclamaciones\/#breadcrumb","itemListElement":[{"@type":"ListItem","position":1,"name":"Hem","item":"https:\/\/betoff.eu\/es\/"},{"@type":"ListItem","position":2,"name":"Devoluciones y reclamaciones"}]},{"@type":"WebSite","@id":"https:\/\/betoff.eu\/#website","url":"https:\/\/betoff.eu\/","name":"BETOFF-Products for the world of concrete and beyond!","description":"Betoff - L\u00edquido para quitar hormig\u00f3n","publisher":{"@id":"https:\/\/betoff.eu\/#\/schema\/person\/cded67f1acad0c68af8dcc171137512c"},"potentialAction":[{"@type":"SearchAction","target":{"@type":"EntryPoint","urlTemplate":"https:\/\/betoff.eu\/?s={search_term_string}"},"query-input":{"@type":"PropertyValueSpecification","valueRequired":true,"valueName":"search_term_string"}}],"inLanguage":"es"},{"@type":["Person","Organization"],"@id":"https:\/\/betoff.eu\/#\/schema\/person\/cded67f1acad0c68af8dcc171137512c","name":"admin","image":{"@type":"ImageObject","inLanguage":"es","@id":"https:\/\/betoff.eu\/#\/schema\/person\/image\/","url":"https:\/\/betoff.eu\/wp-content\/uploads\/2021\/02\/betoff-logo.png","contentUrl":"https:\/\/betoff.eu\/wp-content\/uploads\/2021\/02\/betoff-logo.png","width":1024,"height":258,"caption":"admin"},"logo":{"@id":"https:\/\/betoff.eu\/#\/schema\/person\/image\/"}}]}},"_links":{"self":[{"href":"https:\/\/betoff.eu\/es\/wp-json\/wp\/v2\/pages\/14124","targetHints":{"allow":["GET"]}}],"collection":[{"href":"https:\/\/betoff.eu\/es\/wp-json\/wp\/v2\/pages"}],"about":[{"href":"https:\/\/betoff.eu\/es\/wp-json\/wp\/v2\/types\/page"}],"author":[{"embeddable":true,"href":"https:\/\/betoff.eu\/es\/wp-json\/wp\/v2\/users\/1"}],"replies":[{"embeddable":true,"href":"https:\/\/betoff.eu\/es\/wp-json\/wp\/v2\/comments?post=14124"}],"version-history":[{"count":0,"href":"https:\/\/betoff.eu\/es\/wp-json\/wp\/v2\/pages\/14124\/revisions"}],"wp:attachment":[{"href":"https:\/\/betoff.eu\/es\/wp-json\/wp\/v2\/media?parent=14124"}],"curies":[{"name":"wp","href":"https:\/\/api.w.org\/{rel}","templated":true}]}}