{"id":14049,"date":"2024-06-21T20:22:53","date_gmt":"2024-06-21T18:22:53","guid":{"rendered":"https:\/\/betoff.eu\/?page_id=14049"},"modified":"2024-06-21T20:23:02","modified_gmt":"2024-06-21T18:23:02","slug":"reglas-de-compras-en-linea","status":"publish","type":"page","link":"https:\/\/betoff.eu\/es\/reglas-de-compras-en-linea\/","title":{"rendered":"Reglas de compras en l\u00ednea"},"content":{"rendered":"\n\n\n<p>Estas normas establecen las condiciones para realizar<br>comprar en la tienda online betoff.eu<\/p>\n\n\n\n<p>El vendedor es Innovachem Krystian Grzyb z<br>con sede en Varsovia en ul. S\u00e1rmacka 21\/8<br>(PIN 762-176-43-06).<\/p>\n\n\n\n<p>Los pedidos se pueden realizar en la tienda online betoix.pl<br>env\u00ede las 24 horas del d\u00eda y reg\u00edstrese aqu\u00ed<br>La tienda es totalmente gratuita y voluntaria. En la tienda<br>Los pedidos se pueden realizar online en betoix.pl.<br>s\u00f3lo por adultos que tienen pleno<br>capacidad legal para celebrar contratos<br>acuerdo sobre la compra de bienes y servicios.<\/p>\n\n\n\n<p>La informaci\u00f3n proporcionada en el sitio web de la tienda no es<br>constituyen ofertas en el sentido previsto en el C\u00f3digo Civil.<br>Realizar un pedido se trata como una oferta de compra.<br>productos seleccionados en los t\u00e9rminos establecidos en<br>Descripci\u00f3n del Producto.<\/p>\n\n\n\n<p>El pedido se confirma por correo electr\u00f3nico.<br>Vendedor enviando un mensaje por correo electr\u00f3nico<br>electr\u00f3nico. El pedido se procesa despu\u00e9s<br>registrar el pago de los bienes especificados en<br>orden.<\/p>\n\n\n\n<p>La mercanc\u00eda se env\u00eda a la direcci\u00f3n especificada en el pedido.<br>Comprador dentro de 2-3 d\u00edas h\u00e1biles a partir de la fecha<br>enviar el pago a la cuenta del vendedor.<\/p>\n\n\n\n<p>Los productos ofrecidos en la tienda online son legales<br>introducido en el mercado polaco, completamente nuevo y<br>libre de defectos legales y f\u00edsicos<\/p>\n","protected":false},"excerpt":{"rendered":"<p>Estas normas establecen las condiciones para realizarcomprar en la tienda online betoff.eu El vendedor es Innovachem Krystian Grzyb zcon sede en Varsovia en ul. S\u00e1rmacka 21\/8(PIN 762-176-43-06). Los pedidos se pueden realizar en la tienda online betoix.plenv\u00ede las 24 horas del d\u00eda y reg\u00edstrese aqu\u00edLa tienda es totalmente gratuita y voluntaria. En la tiendaLos pedidos [&#8230;]\n","protected":false},"author":1,"featured_media":0,"parent":0,"menu_order":0,"comment_status":"closed","ping_status":"closed","template":"","meta":{"om_disable_all_campaigns":false,"footnotes":""},"class_list":["post-14049","page","type-page","status-publish","hentry"],"yoast_head":"<!-- This site is optimized with the Yoast SEO plugin v25.9 - https:\/\/yoast.com\/wordpress\/plugins\/seo\/ -->\n<title>Reglas de compras en l\u00ednea - BETOFF-\u00a1Productos para el mundo del hormig\u00f3n y m\u00e1s all\u00e1!<\/title>\n<meta name=\"robots\" content=\"index, follow, max-snippet:-1, max-image-preview:large, max-video-preview:-1\" \/>\n<link rel=\"canonical\" href=\"https:\/\/betoff.eu\/es\/reglas-de-compras-en-linea\/\" \/>\n<meta property=\"og:locale\" content=\"es_ES\" \/>\n<meta property=\"og:type\" content=\"article\" \/>\n<meta property=\"og:title\" content=\"Reglas de compras en l\u00ednea - BETOFF-\u00a1Productos para el mundo del hormig\u00f3n y m\u00e1s all\u00e1!\" \/>\n<meta property=\"og:description\" content=\"Estas normas establecen las condiciones para realizarcomprar en la tienda online betoff.eu El vendedor es Innovachem Krystian Grzyb zcon sede en Varsovia en ul. S\u00e1rmacka 21\/8(PIN 762-176-43-06). Los pedidos se pueden realizar en la tienda online betoix.plenv\u00ede las 24 horas del d\u00eda y reg\u00edstrese aqu\u00edLa tienda es totalmente gratuita y voluntaria. En la tiendaLos pedidos [...]\" \/>\n<meta property=\"og:url\" content=\"https:\/\/betoff.eu\/es\/reglas-de-compras-en-linea\/\" \/>\n<meta property=\"og:site_name\" content=\"BETOFF-\u00a1Productos para el mundo del hormig\u00f3n y m\u00e1s all\u00e1!\" \/>\n<meta property=\"article:modified_time\" content=\"2024-06-21T18:23:02+00:00\" \/>\n<meta name=\"twitter:card\" content=\"summary_large_image\" \/>\n<meta name=\"twitter:label1\" content=\"Tiempo de lectura\" \/>\n\t<meta name=\"twitter:data1\" content=\"2 minutos\" \/>\n<script type=\"application\/ld+json\" class=\"yoast-schema-graph\">{\"@context\":\"https:\/\/schema.org\",\"@graph\":[{\"@type\":\"WebPage\",\"@id\":\"https:\/\/betoff.eu\/es\/reglas-de-compras-en-linea\/\",\"url\":\"https:\/\/betoff.eu\/es\/reglas-de-compras-en-linea\/\",\"name\":\"Reglas de compras en l\u00ednea - BETOFF-\u00a1Productos para el mundo del hormig\u00f3n y m\u00e1s all\u00e1!\",\"isPartOf\":{\"@id\":\"https:\/\/betoff.eu\/#website\"},\"datePublished\":\"2024-06-21T18:22:53+00:00\",\"dateModified\":\"2024-06-21T18:23:02+00:00\",\"breadcrumb\":{\"@id\":\"https:\/\/betoff.eu\/es\/reglas-de-compras-en-linea\/#breadcrumb\"},\"inLanguage\":\"es\",\"potentialAction\":[{\"@type\":\"ReadAction\",\"target\":[\"https:\/\/betoff.eu\/es\/reglas-de-compras-en-linea\/\"]}]},{\"@type\":\"BreadcrumbList\",\"@id\":\"https:\/\/betoff.eu\/es\/reglas-de-compras-en-linea\/#breadcrumb\",\"itemListElement\":[{\"@type\":\"ListItem\",\"position\":1,\"name\":\"Hem\",\"item\":\"https:\/\/betoff.eu\/es\/\"},{\"@type\":\"ListItem\",\"position\":2,\"name\":\"Reglas de compras en l\u00ednea\"}]},{\"@type\":\"WebSite\",\"@id\":\"https:\/\/betoff.eu\/#website\",\"url\":\"https:\/\/betoff.eu\/\",\"name\":\"BETOFF-Products for the world of concrete and beyond!\",\"description\":\"Betoff - L\u00edquido para quitar hormig\u00f3n\",\"publisher\":{\"@id\":\"https:\/\/betoff.eu\/#\/schema\/person\/cded67f1acad0c68af8dcc171137512c\"},\"potentialAction\":[{\"@type\":\"SearchAction\",\"target\":{\"@type\":\"EntryPoint\",\"urlTemplate\":\"https:\/\/betoff.eu\/?s={search_term_string}\"},\"query-input\":{\"@type\":\"PropertyValueSpecification\",\"valueRequired\":true,\"valueName\":\"search_term_string\"}}],\"inLanguage\":\"es\"},{\"@type\":[\"Person\",\"Organization\"],\"@id\":\"https:\/\/betoff.eu\/#\/schema\/person\/cded67f1acad0c68af8dcc171137512c\",\"name\":\"admin\",\"image\":{\"@type\":\"ImageObject\",\"inLanguage\":\"es\",\"@id\":\"https:\/\/betoff.eu\/#\/schema\/person\/image\/\",\"url\":\"https:\/\/betoff.eu\/wp-content\/uploads\/2021\/02\/betoff-logo.png\",\"contentUrl\":\"https:\/\/betoff.eu\/wp-content\/uploads\/2021\/02\/betoff-logo.png\",\"width\":1024,\"height\":258,\"caption\":\"admin\"},\"logo\":{\"@id\":\"https:\/\/betoff.eu\/#\/schema\/person\/image\/\"}}]}<\/script>\n<!-- \/ Yoast SEO plugin. -->","yoast_head_json":{"title":"Reglas de compras en l\u00ednea - BETOFF-\u00a1Productos para el mundo del hormig\u00f3n y m\u00e1s all\u00e1!","robots":{"index":"index","follow":"follow","max-snippet":"max-snippet:-1","max-image-preview":"max-image-preview:large","max-video-preview":"max-video-preview:-1"},"canonical":"https:\/\/betoff.eu\/es\/reglas-de-compras-en-linea\/","og_locale":"es_ES","og_type":"article","og_title":"Reglas de compras en l\u00ednea - BETOFF-\u00a1Productos para el mundo del hormig\u00f3n y m\u00e1s all\u00e1!","og_description":"Estas normas establecen las condiciones para realizarcomprar en la tienda online betoff.eu El vendedor es Innovachem Krystian Grzyb zcon sede en Varsovia en ul. S\u00e1rmacka 21\/8(PIN 762-176-43-06). Los pedidos se pueden realizar en la tienda online betoix.plenv\u00ede las 24 horas del d\u00eda y reg\u00edstrese aqu\u00edLa tienda es totalmente gratuita y voluntaria. En la tiendaLos pedidos [...]","og_url":"https:\/\/betoff.eu\/es\/reglas-de-compras-en-linea\/","og_site_name":"BETOFF-\u00a1Productos para el mundo del hormig\u00f3n y m\u00e1s all\u00e1!","article_modified_time":"2024-06-21T18:23:02+00:00","twitter_card":"summary_large_image","twitter_misc":{"Tiempo de lectura":"2 minutos"},"schema":{"@context":"https:\/\/schema.org","@graph":[{"@type":"WebPage","@id":"https:\/\/betoff.eu\/es\/reglas-de-compras-en-linea\/","url":"https:\/\/betoff.eu\/es\/reglas-de-compras-en-linea\/","name":"Reglas de compras en l\u00ednea - BETOFF-\u00a1Productos para el mundo del hormig\u00f3n y m\u00e1s all\u00e1!","isPartOf":{"@id":"https:\/\/betoff.eu\/#website"},"datePublished":"2024-06-21T18:22:53+00:00","dateModified":"2024-06-21T18:23:02+00:00","breadcrumb":{"@id":"https:\/\/betoff.eu\/es\/reglas-de-compras-en-linea\/#breadcrumb"},"inLanguage":"es","potentialAction":[{"@type":"ReadAction","target":["https:\/\/betoff.eu\/es\/reglas-de-compras-en-linea\/"]}]},{"@type":"BreadcrumbList","@id":"https:\/\/betoff.eu\/es\/reglas-de-compras-en-linea\/#breadcrumb","itemListElement":[{"@type":"ListItem","position":1,"name":"Hem","item":"https:\/\/betoff.eu\/es\/"},{"@type":"ListItem","position":2,"name":"Reglas de compras en l\u00ednea"}]},{"@type":"WebSite","@id":"https:\/\/betoff.eu\/#website","url":"https:\/\/betoff.eu\/","name":"BETOFF-Products for the world of concrete and beyond!","description":"Betoff - L\u00edquido para quitar hormig\u00f3n","publisher":{"@id":"https:\/\/betoff.eu\/#\/schema\/person\/cded67f1acad0c68af8dcc171137512c"},"potentialAction":[{"@type":"SearchAction","target":{"@type":"EntryPoint","urlTemplate":"https:\/\/betoff.eu\/?s={search_term_string}"},"query-input":{"@type":"PropertyValueSpecification","valueRequired":true,"valueName":"search_term_string"}}],"inLanguage":"es"},{"@type":["Person","Organization"],"@id":"https:\/\/betoff.eu\/#\/schema\/person\/cded67f1acad0c68af8dcc171137512c","name":"admin","image":{"@type":"ImageObject","inLanguage":"es","@id":"https:\/\/betoff.eu\/#\/schema\/person\/image\/","url":"https:\/\/betoff.eu\/wp-content\/uploads\/2021\/02\/betoff-logo.png","contentUrl":"https:\/\/betoff.eu\/wp-content\/uploads\/2021\/02\/betoff-logo.png","width":1024,"height":258,"caption":"admin"},"logo":{"@id":"https:\/\/betoff.eu\/#\/schema\/person\/image\/"}}]}},"_links":{"self":[{"href":"https:\/\/betoff.eu\/es\/wp-json\/wp\/v2\/pages\/14049","targetHints":{"allow":["GET"]}}],"collection":[{"href":"https:\/\/betoff.eu\/es\/wp-json\/wp\/v2\/pages"}],"about":[{"href":"https:\/\/betoff.eu\/es\/wp-json\/wp\/v2\/types\/page"}],"author":[{"embeddable":true,"href":"https:\/\/betoff.eu\/es\/wp-json\/wp\/v2\/users\/1"}],"replies":[{"embeddable":true,"href":"https:\/\/betoff.eu\/es\/wp-json\/wp\/v2\/comments?post=14049"}],"version-history":[{"count":0,"href":"https:\/\/betoff.eu\/es\/wp-json\/wp\/v2\/pages\/14049\/revisions"}],"wp:attachment":[{"href":"https:\/\/betoff.eu\/es\/wp-json\/wp\/v2\/media?parent=14049"}],"curies":[{"name":"wp","href":"https:\/\/api.w.org\/{rel}","templated":true}]}}