{"id":13993,"date":"2024-06-21T07:44:05","date_gmt":"2024-06-21T05:44:05","guid":{"rendered":"https:\/\/betoff.eu\/?page_id=13993"},"modified":"2024-06-21T12:03:24","modified_gmt":"2024-06-21T10:03:24","slug":"politica-de-privacidad","status":"publish","type":"page","link":"https:\/\/betoff.eu\/es\/politica-de-privacidad\/","title":{"rendered":"Pol\u00edtica de privacidad"},"content":{"rendered":"\n<p>Pol\u00edtica de privacidad del sitio web. https:\/\/betoff.eu<\/p>\n\n\n\n<ol class=\"wp-block-list\">\n<li>Informaci\u00f3n general<\/li>\n<\/ol>\n\n\n\n<p>Esta pol\u00edtica de privacidad establece las normas de conducta y protecci\u00f3n de los datos personales proporcionados por los Usuarios en relaci\u00f3n con el uso de los servicios de venta a trav\u00e9s del sitio web.<\/p>\n\n\n\n<ol class=\"wp-block-list\" start=\"2\">\n<li>El administrador de los datos personales contenidos en el sitio web es<\/li>\n<\/ol>\n\n\n\n<p>Innovachem Krystian Grzyb basada en ul. Sarmacka 21\/8 Warszawa NIP PL7621764306<\/p>\n\n\n\n<p>Para garantizar la seguridad de los datos que se nos conf\u00edan, hemos desarrollado procedimientos y recomendaciones internos para evitar que los datos se pongan a disposici\u00f3n de personas no autorizadas. Supervisamos su implementaci\u00f3n y verificamos continuamente si son consistentes con los actos jur\u00eddicos aplicables: la Ley de Protecci\u00f3n de Datos Personales, la Ley de Prestaci\u00f3n de Servicios por Medios Electr\u00f3nicos, as\u00ed como todo tipo de actos de ejecuci\u00f3n y actos del Derecho comunitario. .<\/p>\n\n\n\n<p>Los datos personales se procesan sobre la base del consentimiento expresado por el Usuario y en los casos en que la ley autorice al administrador a procesar datos personales sobre la base de disposiciones legales o para ejecutar el contrato celebrado entre las partes.<\/p>\n\n\n\n<p>El sitio web realiza las funciones de obtenci\u00f3n de informaci\u00f3n sobre los usuarios y su comportamiento de la siguiente forma:<\/p>\n\n\n\n<p>a) mediante informaci\u00f3n introducida voluntariamente en los formularios<\/p>\n\n\n\n<p>b) mediante la recopilaci\u00f3n de cookies [ver pol\u00edtica de cookies].<\/p>\n\n\n\n<p>El servicio recopila informaci\u00f3n proporcionada voluntariamente por el usuario.<\/p>\n\n\n\n<p>Los datos proporcionados en el formulario se procesan con la finalidad resultante de la funci\u00f3n de un formulario espec\u00edfico, por ejemplo, para gestionar el proceso de contacto de informaci\u00f3n.<\/p>\n\n\n\n<p>Los datos personales proporcionados en el sitio web no ser\u00e1n vendidos ni puestos a disposici\u00f3n de terceros, de conformidad con lo dispuesto en la Ley de Datos Personales.<\/p>\n\n\n\n<p>Los datos contenidos en el formulario podr\u00e1n ser vistos por la persona f\u00edsica que lo ingres\u00f3. Esta persona tambi\u00e9n tiene derecho a modificar y dejar de tratar sus datos en cualquier momento.<\/p>\n\n\n\n<p>Nos reservamos el derecho de cambiar la pol\u00edtica de privacidad del sitio web, que puede verse influenciada por el desarrollo de la tecnolog\u00eda de Internet, posibles cambios en la ley de protecci\u00f3n de datos personales y el desarrollo de nuestro sitio web. Le informaremos de forma clara y p\u00fablica sobre cualquier cambio.<\/p>\n\n\n\n<p>El sitio web puede contener enlaces a otros sitios web. Dichos sitios web funcionan independientemente del sitio web y no son supervisados \u200b\u200bde ninguna manera por https:\/\/betolix.pl. Estos sitios web pueden tener sus propias pol\u00edticas y regulaciones de privacidad, que le recomendamos leer.<\/p>\n\n\n\n<p>Si tiene alguna duda sobre cualquiera de las disposiciones de esta pol\u00edtica de privacidad, estamos a su disposici\u00f3n &#8211; nuestros datos se pueden encontrar en la pesta\u00f1a Contacto.<\/p>\n\n\n\n<p>Pol\u00edtica de cookies<\/p>\n\n\n\n<p>Pol\u00edtica de cookies del sitio web https:\/\/betoff.eu<\/p>\n\n\n\n<p>Se entiende por cookies los datos inform\u00e1ticos almacenados en el dispositivo final de los usuarios, destinados al uso de los sitios web. En particular, se trata de archivos de texto que contienen el nombre del sitio web del que proceden, su tiempo de almacenamiento en el dispositivo final y un n\u00famero \u00fanico.<\/p>\n\n\n\n<p>El sitio web no recopila autom\u00e1ticamente ninguna informaci\u00f3n, excepto la informaci\u00f3n contenida en las cookies.<\/p>\n\n\n\n<p>Las cookies est\u00e1n destinadas al uso de sitios web. El operador utiliza estos archivos para:<\/p>\n\n\n\n<p>a) la capacidad de iniciar sesi\u00f3n y mantener una sesi\u00f3n de usuario en cada subp\u00e1gina posterior del sitio web<\/p>\n\n\n\n<p>b) adaptar el contenido del sitio web a las preferencias individuales del usuario, en particular estos archivos reconocen su dispositivo para mostrar el sitio web de acuerdo con sus preferencias<\/p>\n\n\n\n<p>c) crear estad\u00edsticas an\u00f3nimas excluyendo la posibilidad de identificaci\u00f3n del usuario.<\/p>\n\n\n\n<p>Las cookies utilizadas por los socios del operador del sitio web, incluidos en particular los usuarios del sitio web, est\u00e1n sujetas a su propia pol\u00edtica de privacidad.<\/p>\n\n\n\n<p>Para garantizar la seguridad de los datos que se nos conf\u00edan, hemos desarrollado procedimientos y recomendaciones internos para evitar que los datos se pongan a disposici\u00f3n de personas no autorizadas. Controlamos su implementaci\u00f3n y verificamos continuamente si son consistentes con los actos legales aplicables: la Ley de Protecci\u00f3n de Datos Personales, la Ley de Prestaci\u00f3n de Servicios por Medios Electr\u00f3nicos, as\u00ed como todo tipo de actos de implementaci\u00f3n y actos de Derecho comunitario.<\/p>\n\n\n\n<p>El software utilizado para navegar por sitios web permite que se coloquen cookies en el dispositivo final del usuario de forma predeterminada. Esta configuraci\u00f3n puede ser modificada por el Usuario de forma que se bloquee el tratamiento autom\u00e1tico de las cookies en la configuraci\u00f3n del navegador web o se informe cada vez que se env\u00edan al dispositivo del Usuario.<\/p>\n\n\n\n<p>Los usuarios del sitio web pueden cambiar la configuraci\u00f3n de las cookies en cualquier momento. La informaci\u00f3n detallada sobre las posibilidades y m\u00e9todos de manejo de cookies est\u00e1 disponible en la configuraci\u00f3n del software (navegador web). Opciones de edici\u00f3n de ejemplo en navegadores populares:<\/p>\n\n\n\n<p>Mozilla Firefox: www.support.mozilla.org\/pl\/kb\/ciasteczka<\/p>\n\n\n\n<p>\u2013 Internet Explorer: www.support.microsoft.com\/kb\/278835\/pl<\/p>\n\n\n\n<p>\u2013 Google Chrome: www.support.google.com\/chrome\/bin\/answer.py?hl=pl&amp;answer=95647<\/p>\n\n\n\n<p>\u2013 Safari: www.safari.helpmax.net\/sv\/spara-tid\/inneh\u00e5llsblockering\/<\/p>\n\n\n\n<p>El operador del sitio web informa que los cambios en la configuraci\u00f3n del navegador del usuario pueden provocar un funcionamiento incorrecto del sitio web.<\/p>\n\n\n","protected":false},"excerpt":{"rendered":"<p>Pol\u00edtica de privacidad del sitio web. https:\/\/betoff.eu Esta pol\u00edtica de privacidad establece las normas de conducta y protecci\u00f3n de los datos personales proporcionados por los Usuarios en relaci\u00f3n con el uso de los servicios de venta a trav\u00e9s del sitio web. Innovachem Krystian Grzyb basada en ul. Sarmacka 21\/8 Warszawa NIP PL7621764306 Para garantizar la [&#8230;]\n","protected":false},"author":1,"featured_media":0,"parent":0,"menu_order":0,"comment_status":"closed","ping_status":"closed","template":"","meta":{"om_disable_all_campaigns":false,"footnotes":""},"class_list":["post-13993","page","type-page","status-publish","hentry"],"yoast_head":"<!-- This site is optimized with the Yoast SEO plugin v25.9 - https:\/\/yoast.com\/wordpress\/plugins\/seo\/ -->\n<title>Pol\u00edtica de privacidad - BETOFF-\u00a1Productos para el mundo del hormig\u00f3n y m\u00e1s all\u00e1!<\/title>\n<meta name=\"robots\" content=\"index, follow, max-snippet:-1, max-image-preview:large, max-video-preview:-1\" \/>\n<link rel=\"canonical\" href=\"https:\/\/betoff.eu\/es\/politica-de-privacidad\/\" \/>\n<meta property=\"og:locale\" content=\"es_ES\" \/>\n<meta property=\"og:type\" content=\"article\" \/>\n<meta property=\"og:title\" content=\"Pol\u00edtica de privacidad - BETOFF-\u00a1Productos para el mundo del hormig\u00f3n y m\u00e1s all\u00e1!\" \/>\n<meta property=\"og:description\" content=\"Pol\u00edtica de privacidad del sitio web. https:\/\/betoff.eu Esta pol\u00edtica de privacidad establece las normas de conducta y protecci\u00f3n de los datos personales proporcionados por los Usuarios en relaci\u00f3n con el uso de los servicios de venta a trav\u00e9s del sitio web. Innovachem Krystian Grzyb basada en ul. Sarmacka 21\/8 Warszawa NIP PL7621764306 Para garantizar la [...]\" \/>\n<meta property=\"og:url\" content=\"https:\/\/betoff.eu\/es\/politica-de-privacidad\/\" \/>\n<meta property=\"og:site_name\" content=\"BETOFF-\u00a1Productos para el mundo del hormig\u00f3n y m\u00e1s all\u00e1!\" \/>\n<meta property=\"article:modified_time\" content=\"2024-06-21T10:03:24+00:00\" \/>\n<meta name=\"twitter:card\" content=\"summary_large_image\" \/>\n<meta name=\"twitter:label1\" content=\"Tiempo de lectura\" \/>\n\t<meta name=\"twitter:data1\" content=\"6 minutos\" \/>\n<script type=\"application\/ld+json\" class=\"yoast-schema-graph\">{\"@context\":\"https:\/\/schema.org\",\"@graph\":[{\"@type\":\"WebPage\",\"@id\":\"https:\/\/betoff.eu\/es\/politica-de-privacidad\/\",\"url\":\"https:\/\/betoff.eu\/es\/politica-de-privacidad\/\",\"name\":\"Pol\u00edtica de privacidad - BETOFF-\u00a1Productos para el mundo del hormig\u00f3n y m\u00e1s all\u00e1!\",\"isPartOf\":{\"@id\":\"https:\/\/betoff.eu\/#website\"},\"datePublished\":\"2024-06-21T05:44:05+00:00\",\"dateModified\":\"2024-06-21T10:03:24+00:00\",\"breadcrumb\":{\"@id\":\"https:\/\/betoff.eu\/es\/politica-de-privacidad\/#breadcrumb\"},\"inLanguage\":\"es\",\"potentialAction\":[{\"@type\":\"ReadAction\",\"target\":[\"https:\/\/betoff.eu\/es\/politica-de-privacidad\/\"]}]},{\"@type\":\"BreadcrumbList\",\"@id\":\"https:\/\/betoff.eu\/es\/politica-de-privacidad\/#breadcrumb\",\"itemListElement\":[{\"@type\":\"ListItem\",\"position\":1,\"name\":\"Hem\",\"item\":\"https:\/\/betoff.eu\/es\/\"},{\"@type\":\"ListItem\",\"position\":2,\"name\":\"Pol\u00edtica de privacidad\"}]},{\"@type\":\"WebSite\",\"@id\":\"https:\/\/betoff.eu\/#website\",\"url\":\"https:\/\/betoff.eu\/\",\"name\":\"BETOFF-Products for the world of concrete and beyond!\",\"description\":\"Betoff - L\u00edquido para quitar hormig\u00f3n\",\"publisher\":{\"@id\":\"https:\/\/betoff.eu\/#\/schema\/person\/cded67f1acad0c68af8dcc171137512c\"},\"potentialAction\":[{\"@type\":\"SearchAction\",\"target\":{\"@type\":\"EntryPoint\",\"urlTemplate\":\"https:\/\/betoff.eu\/?s={search_term_string}\"},\"query-input\":{\"@type\":\"PropertyValueSpecification\",\"valueRequired\":true,\"valueName\":\"search_term_string\"}}],\"inLanguage\":\"es\"},{\"@type\":[\"Person\",\"Organization\"],\"@id\":\"https:\/\/betoff.eu\/#\/schema\/person\/cded67f1acad0c68af8dcc171137512c\",\"name\":\"admin\",\"image\":{\"@type\":\"ImageObject\",\"inLanguage\":\"es\",\"@id\":\"https:\/\/betoff.eu\/#\/schema\/person\/image\/\",\"url\":\"https:\/\/betoff.eu\/wp-content\/uploads\/2021\/02\/betoff-logo.png\",\"contentUrl\":\"https:\/\/betoff.eu\/wp-content\/uploads\/2021\/02\/betoff-logo.png\",\"width\":1024,\"height\":258,\"caption\":\"admin\"},\"logo\":{\"@id\":\"https:\/\/betoff.eu\/#\/schema\/person\/image\/\"}}]}<\/script>\n<!-- \/ Yoast SEO plugin. -->","yoast_head_json":{"title":"Pol\u00edtica de privacidad - BETOFF-\u00a1Productos para el mundo del hormig\u00f3n y m\u00e1s all\u00e1!","robots":{"index":"index","follow":"follow","max-snippet":"max-snippet:-1","max-image-preview":"max-image-preview:large","max-video-preview":"max-video-preview:-1"},"canonical":"https:\/\/betoff.eu\/es\/politica-de-privacidad\/","og_locale":"es_ES","og_type":"article","og_title":"Pol\u00edtica de privacidad - BETOFF-\u00a1Productos para el mundo del hormig\u00f3n y m\u00e1s all\u00e1!","og_description":"Pol\u00edtica de privacidad del sitio web. https:\/\/betoff.eu Esta pol\u00edtica de privacidad establece las normas de conducta y protecci\u00f3n de los datos personales proporcionados por los Usuarios en relaci\u00f3n con el uso de los servicios de venta a trav\u00e9s del sitio web. Innovachem Krystian Grzyb basada en ul. Sarmacka 21\/8 Warszawa NIP PL7621764306 Para garantizar la [...]","og_url":"https:\/\/betoff.eu\/es\/politica-de-privacidad\/","og_site_name":"BETOFF-\u00a1Productos para el mundo del hormig\u00f3n y m\u00e1s all\u00e1!","article_modified_time":"2024-06-21T10:03:24+00:00","twitter_card":"summary_large_image","twitter_misc":{"Tiempo de lectura":"6 minutos"},"schema":{"@context":"https:\/\/schema.org","@graph":[{"@type":"WebPage","@id":"https:\/\/betoff.eu\/es\/politica-de-privacidad\/","url":"https:\/\/betoff.eu\/es\/politica-de-privacidad\/","name":"Pol\u00edtica de privacidad - BETOFF-\u00a1Productos para el mundo del hormig\u00f3n y m\u00e1s all\u00e1!","isPartOf":{"@id":"https:\/\/betoff.eu\/#website"},"datePublished":"2024-06-21T05:44:05+00:00","dateModified":"2024-06-21T10:03:24+00:00","breadcrumb":{"@id":"https:\/\/betoff.eu\/es\/politica-de-privacidad\/#breadcrumb"},"inLanguage":"es","potentialAction":[{"@type":"ReadAction","target":["https:\/\/betoff.eu\/es\/politica-de-privacidad\/"]}]},{"@type":"BreadcrumbList","@id":"https:\/\/betoff.eu\/es\/politica-de-privacidad\/#breadcrumb","itemListElement":[{"@type":"ListItem","position":1,"name":"Hem","item":"https:\/\/betoff.eu\/es\/"},{"@type":"ListItem","position":2,"name":"Pol\u00edtica de privacidad"}]},{"@type":"WebSite","@id":"https:\/\/betoff.eu\/#website","url":"https:\/\/betoff.eu\/","name":"BETOFF-Products for the world of concrete and beyond!","description":"Betoff - L\u00edquido para quitar hormig\u00f3n","publisher":{"@id":"https:\/\/betoff.eu\/#\/schema\/person\/cded67f1acad0c68af8dcc171137512c"},"potentialAction":[{"@type":"SearchAction","target":{"@type":"EntryPoint","urlTemplate":"https:\/\/betoff.eu\/?s={search_term_string}"},"query-input":{"@type":"PropertyValueSpecification","valueRequired":true,"valueName":"search_term_string"}}],"inLanguage":"es"},{"@type":["Person","Organization"],"@id":"https:\/\/betoff.eu\/#\/schema\/person\/cded67f1acad0c68af8dcc171137512c","name":"admin","image":{"@type":"ImageObject","inLanguage":"es","@id":"https:\/\/betoff.eu\/#\/schema\/person\/image\/","url":"https:\/\/betoff.eu\/wp-content\/uploads\/2021\/02\/betoff-logo.png","contentUrl":"https:\/\/betoff.eu\/wp-content\/uploads\/2021\/02\/betoff-logo.png","width":1024,"height":258,"caption":"admin"},"logo":{"@id":"https:\/\/betoff.eu\/#\/schema\/person\/image\/"}}]}},"_links":{"self":[{"href":"https:\/\/betoff.eu\/es\/wp-json\/wp\/v2\/pages\/13993","targetHints":{"allow":["GET"]}}],"collection":[{"href":"https:\/\/betoff.eu\/es\/wp-json\/wp\/v2\/pages"}],"about":[{"href":"https:\/\/betoff.eu\/es\/wp-json\/wp\/v2\/types\/page"}],"author":[{"embeddable":true,"href":"https:\/\/betoff.eu\/es\/wp-json\/wp\/v2\/users\/1"}],"replies":[{"embeddable":true,"href":"https:\/\/betoff.eu\/es\/wp-json\/wp\/v2\/comments?post=13993"}],"version-history":[{"count":0,"href":"https:\/\/betoff.eu\/es\/wp-json\/wp\/v2\/pages\/13993\/revisions"}],"wp:attachment":[{"href":"https:\/\/betoff.eu\/es\/wp-json\/wp\/v2\/media?parent=13993"}],"curies":[{"name":"wp","href":"https:\/\/api.w.org\/{rel}","templated":true}]}}