{"id":14122,"date":"2024-06-21T20:28:06","date_gmt":"2024-06-21T18:28:06","guid":{"rendered":"https:\/\/betoff.eu\/?page_id=14122"},"modified":"2024-06-22T08:30:12","modified_gmt":"2024-06-22T06:30:12","slug":"rucksendungen-und-reklamationen","status":"publish","type":"page","link":"https:\/\/betoff.eu\/de\/rucksendungen-und-reklamationen\/","title":{"rendered":"R\u00fccksendungen und Reklamationen"},"content":{"rendered":"\n\n\n<p>R\u00fccksendungen und Reklamationen:<br>Beschwerden \u00fcber Fl\u00fcssigkeiten, die im Online-Shop betoff.eu gekauft wurden, k\u00f6nnen nur per E-Mail an die folgende Adresse gerichtet werden: betoff@betoff.eu Bitte geben Sie die beim Kauf generierte Bestellnummer sowie den Grund Ihrer Wahl an das Produkt zur\u00fcckzugeben.<\/p>\n\n\n\n<p>Das Produkt muss werkseitig versiegelt sein. Nachdem wir das Produkt an uns zur\u00fcckgesendet haben, wird es \u00fcberpr\u00fcft und wir erstatten Ihnen dann den Betrag, f\u00fcr den das Produkt gekauft wurde, wenn die Kappe nicht besch\u00e4digt ist. Der Kunde hat ein R\u00fcckgaberecht innerhalb von 14 Tagen ab Kaufdatum.<\/p>\n\n\n\n<p>Die Beschwerde wird innerhalb von 5 Werktagen ab dem Tag des Eingangs bearbeitet. Zun\u00e4chst wird die Beschwerde gelesen und in ihrer Begr\u00fcndetheit gepr\u00fcft. Anschlie\u00dfend wird ein Formular mit Ihren Daten und dem Grund der Beschwerde erstellt, den Sie in der an uns gesendeten E-Mail angeben. Der Kunde erh\u00e4lt eine R\u00fccksende-E-Mail mit einem ausgef\u00fcllten Formular, das er unterschreiben und zur\u00fccksenden muss.<\/p>\n","protected":false},"excerpt":{"rendered":"<p>R\u00fccksendungen und Reklamationen:Beschwerden \u00fcber Fl\u00fcssigkeiten, die im Online-Shop betoff.eu gekauft wurden, k\u00f6nnen nur per E-Mail an die folgende Adresse gerichtet werden: betoff@betoff.eu Bitte geben Sie die beim Kauf generierte Bestellnummer sowie den Grund Ihrer Wahl an das Produkt zur\u00fcckzugeben. Das Produkt muss werkseitig versiegelt sein. Nachdem wir das Produkt an uns zur\u00fcckgesendet haben, wird es [&#8230;]\n","protected":false},"author":1,"featured_media":0,"parent":0,"menu_order":0,"comment_status":"closed","ping_status":"closed","template":"","meta":{"om_disable_all_campaigns":false,"footnotes":""},"class_list":["post-14122","page","type-page","status-publish","hentry"],"yoast_head":"<!-- This site is optimized with the Yoast SEO plugin v25.9 - https:\/\/yoast.com\/wordpress\/plugins\/seo\/ -->\n<title>R\u00fccksendungen und Reklamationen - BETOFF-Produkte f\u00fcr die Welt des Betons und dar\u00fcber hinaus!<\/title>\n<meta name=\"robots\" content=\"index, follow, max-snippet:-1, max-image-preview:large, max-video-preview:-1\" \/>\n<link rel=\"canonical\" href=\"https:\/\/betoff.eu\/de\/rucksendungen-und-reklamationen\/\" \/>\n<meta property=\"og:locale\" content=\"de_DE\" \/>\n<meta property=\"og:type\" content=\"article\" \/>\n<meta property=\"og:title\" content=\"R\u00fccksendungen und Reklamationen - BETOFF-Produkte f\u00fcr die Welt des Betons und dar\u00fcber hinaus!\" \/>\n<meta property=\"og:description\" content=\"R\u00fccksendungen und Reklamationen:Beschwerden \u00fcber Fl\u00fcssigkeiten, die im Online-Shop betoff.eu gekauft wurden, k\u00f6nnen nur per E-Mail an die folgende Adresse gerichtet werden: betoff@betoff.eu Bitte geben Sie die beim Kauf generierte Bestellnummer sowie den Grund Ihrer Wahl an das Produkt zur\u00fcckzugeben. Das Produkt muss werkseitig versiegelt sein. Nachdem wir das Produkt an uns zur\u00fcckgesendet haben, wird es [...]\" \/>\n<meta property=\"og:url\" content=\"https:\/\/betoff.eu\/de\/rucksendungen-und-reklamationen\/\" \/>\n<meta property=\"og:site_name\" content=\"BETOFF-Produkte f\u00fcr die Welt des Betons und dar\u00fcber hinaus!\" \/>\n<meta property=\"article:modified_time\" content=\"2024-06-22T06:30:12+00:00\" \/>\n<meta name=\"twitter:card\" content=\"summary_large_image\" \/>\n<meta name=\"twitter:label1\" content=\"Gesch\u00e4tzte Lesezeit\" \/>\n\t<meta name=\"twitter:data1\" content=\"1\u00a0Minute\" \/>\n<script type=\"application\/ld+json\" class=\"yoast-schema-graph\">{\"@context\":\"https:\/\/schema.org\",\"@graph\":[{\"@type\":\"WebPage\",\"@id\":\"https:\/\/betoff.eu\/de\/rucksendungen-und-reklamationen\/\",\"url\":\"https:\/\/betoff.eu\/de\/rucksendungen-und-reklamationen\/\",\"name\":\"R\u00fccksendungen und Reklamationen - BETOFF-Produkte f\u00fcr die Welt des Betons und dar\u00fcber hinaus!\",\"isPartOf\":{\"@id\":\"https:\/\/betoff.eu\/#website\"},\"datePublished\":\"2024-06-21T18:28:06+00:00\",\"dateModified\":\"2024-06-22T06:30:12+00:00\",\"breadcrumb\":{\"@id\":\"https:\/\/betoff.eu\/de\/rucksendungen-und-reklamationen\/#breadcrumb\"},\"inLanguage\":\"de\",\"potentialAction\":[{\"@type\":\"ReadAction\",\"target\":[\"https:\/\/betoff.eu\/de\/rucksendungen-und-reklamationen\/\"]}]},{\"@type\":\"BreadcrumbList\",\"@id\":\"https:\/\/betoff.eu\/de\/rucksendungen-und-reklamationen\/#breadcrumb\",\"itemListElement\":[{\"@type\":\"ListItem\",\"position\":1,\"name\":\"Hem\",\"item\":\"https:\/\/betoff.eu\/de\/\"},{\"@type\":\"ListItem\",\"position\":2,\"name\":\"R\u00fccksendungen und Reklamationen\"}]},{\"@type\":\"WebSite\",\"@id\":\"https:\/\/betoff.eu\/#website\",\"url\":\"https:\/\/betoff.eu\/\",\"name\":\"BETOFF-Products for the world of concrete and beyond!\",\"description\":\"Betoff - Betonentfernungsfl\u00fcssigkeit\",\"publisher\":{\"@id\":\"https:\/\/betoff.eu\/#\/schema\/person\/cded67f1acad0c68af8dcc171137512c\"},\"potentialAction\":[{\"@type\":\"SearchAction\",\"target\":{\"@type\":\"EntryPoint\",\"urlTemplate\":\"https:\/\/betoff.eu\/?s={search_term_string}\"},\"query-input\":{\"@type\":\"PropertyValueSpecification\",\"valueRequired\":true,\"valueName\":\"search_term_string\"}}],\"inLanguage\":\"de\"},{\"@type\":[\"Person\",\"Organization\"],\"@id\":\"https:\/\/betoff.eu\/#\/schema\/person\/cded67f1acad0c68af8dcc171137512c\",\"name\":\"admin\",\"image\":{\"@type\":\"ImageObject\",\"inLanguage\":\"de\",\"@id\":\"https:\/\/betoff.eu\/#\/schema\/person\/image\/\",\"url\":\"https:\/\/betoff.eu\/wp-content\/uploads\/2021\/02\/betoff-logo.png\",\"contentUrl\":\"https:\/\/betoff.eu\/wp-content\/uploads\/2021\/02\/betoff-logo.png\",\"width\":1024,\"height\":258,\"caption\":\"admin\"},\"logo\":{\"@id\":\"https:\/\/betoff.eu\/#\/schema\/person\/image\/\"}}]}<\/script>\n<!-- \/ Yoast SEO plugin. -->","yoast_head_json":{"title":"R\u00fccksendungen und Reklamationen - BETOFF-Produkte f\u00fcr die Welt des Betons und dar\u00fcber hinaus!","robots":{"index":"index","follow":"follow","max-snippet":"max-snippet:-1","max-image-preview":"max-image-preview:large","max-video-preview":"max-video-preview:-1"},"canonical":"https:\/\/betoff.eu\/de\/rucksendungen-und-reklamationen\/","og_locale":"de_DE","og_type":"article","og_title":"R\u00fccksendungen und Reklamationen - BETOFF-Produkte f\u00fcr die Welt des Betons und dar\u00fcber hinaus!","og_description":"R\u00fccksendungen und Reklamationen:Beschwerden \u00fcber Fl\u00fcssigkeiten, die im Online-Shop betoff.eu gekauft wurden, k\u00f6nnen nur per E-Mail an die folgende Adresse gerichtet werden: betoff@betoff.eu Bitte geben Sie die beim Kauf generierte Bestellnummer sowie den Grund Ihrer Wahl an das Produkt zur\u00fcckzugeben. Das Produkt muss werkseitig versiegelt sein. Nachdem wir das Produkt an uns zur\u00fcckgesendet haben, wird es [...]","og_url":"https:\/\/betoff.eu\/de\/rucksendungen-und-reklamationen\/","og_site_name":"BETOFF-Produkte f\u00fcr die Welt des Betons und dar\u00fcber hinaus!","article_modified_time":"2024-06-22T06:30:12+00:00","twitter_card":"summary_large_image","twitter_misc":{"Gesch\u00e4tzte Lesezeit":"1\u00a0Minute"},"schema":{"@context":"https:\/\/schema.org","@graph":[{"@type":"WebPage","@id":"https:\/\/betoff.eu\/de\/rucksendungen-und-reklamationen\/","url":"https:\/\/betoff.eu\/de\/rucksendungen-und-reklamationen\/","name":"R\u00fccksendungen und Reklamationen - BETOFF-Produkte f\u00fcr die Welt des Betons und dar\u00fcber hinaus!","isPartOf":{"@id":"https:\/\/betoff.eu\/#website"},"datePublished":"2024-06-21T18:28:06+00:00","dateModified":"2024-06-22T06:30:12+00:00","breadcrumb":{"@id":"https:\/\/betoff.eu\/de\/rucksendungen-und-reklamationen\/#breadcrumb"},"inLanguage":"de","potentialAction":[{"@type":"ReadAction","target":["https:\/\/betoff.eu\/de\/rucksendungen-und-reklamationen\/"]}]},{"@type":"BreadcrumbList","@id":"https:\/\/betoff.eu\/de\/rucksendungen-und-reklamationen\/#breadcrumb","itemListElement":[{"@type":"ListItem","position":1,"name":"Hem","item":"https:\/\/betoff.eu\/de\/"},{"@type":"ListItem","position":2,"name":"R\u00fccksendungen und Reklamationen"}]},{"@type":"WebSite","@id":"https:\/\/betoff.eu\/#website","url":"https:\/\/betoff.eu\/","name":"BETOFF-Products for the world of concrete and beyond!","description":"Betoff - Betonentfernungsfl\u00fcssigkeit","publisher":{"@id":"https:\/\/betoff.eu\/#\/schema\/person\/cded67f1acad0c68af8dcc171137512c"},"potentialAction":[{"@type":"SearchAction","target":{"@type":"EntryPoint","urlTemplate":"https:\/\/betoff.eu\/?s={search_term_string}"},"query-input":{"@type":"PropertyValueSpecification","valueRequired":true,"valueName":"search_term_string"}}],"inLanguage":"de"},{"@type":["Person","Organization"],"@id":"https:\/\/betoff.eu\/#\/schema\/person\/cded67f1acad0c68af8dcc171137512c","name":"admin","image":{"@type":"ImageObject","inLanguage":"de","@id":"https:\/\/betoff.eu\/#\/schema\/person\/image\/","url":"https:\/\/betoff.eu\/wp-content\/uploads\/2021\/02\/betoff-logo.png","contentUrl":"https:\/\/betoff.eu\/wp-content\/uploads\/2021\/02\/betoff-logo.png","width":1024,"height":258,"caption":"admin"},"logo":{"@id":"https:\/\/betoff.eu\/#\/schema\/person\/image\/"}}]}},"_links":{"self":[{"href":"https:\/\/betoff.eu\/de\/wp-json\/wp\/v2\/pages\/14122","targetHints":{"allow":["GET"]}}],"collection":[{"href":"https:\/\/betoff.eu\/de\/wp-json\/wp\/v2\/pages"}],"about":[{"href":"https:\/\/betoff.eu\/de\/wp-json\/wp\/v2\/types\/page"}],"author":[{"embeddable":true,"href":"https:\/\/betoff.eu\/de\/wp-json\/wp\/v2\/users\/1"}],"replies":[{"embeddable":true,"href":"https:\/\/betoff.eu\/de\/wp-json\/wp\/v2\/comments?post=14122"}],"version-history":[{"count":0,"href":"https:\/\/betoff.eu\/de\/wp-json\/wp\/v2\/pages\/14122\/revisions"}],"wp:attachment":[{"href":"https:\/\/betoff.eu\/de\/wp-json\/wp\/v2\/media?parent=14122"}],"curies":[{"name":"wp","href":"https:\/\/api.w.org\/{rel}","templated":true}]}}