{"id":14047,"date":"2024-06-21T20:21:51","date_gmt":"2024-06-21T18:21:51","guid":{"rendered":"https:\/\/betoff.eu\/?page_id=14047"},"modified":"2024-06-21T20:21:53","modified_gmt":"2024-06-21T18:21:53","slug":"online-shopping-regeln","status":"publish","type":"page","link":"https:\/\/betoff.eu\/de\/online-shopping-regeln\/","title":{"rendered":"Online-Shopping-Regeln"},"content":{"rendered":"\n\n\n<p>In dieser Verordnung werden die Voraussetzungen daf\u00fcr festgelegt<br>Einkaufen im betoff.eu Online-Shop<\/p>\n\n\n\n<p>Verk\u00e4ufer ist Innovachem Krystian Grzyb z<br>mit Sitz in Warschau, ul. Sarmacka 21\/8<br>(NIP 762-176-43-06).<\/p>\n\n\n\n<p>Bestellungen k\u00f6nnen im Online-Shop betoix.pl aufgegeben werden<br>24 Stunden am Tag einreichen und hier registrieren<br>Der Shop ist v\u00f6llig kostenlos und freiwillig. Im Laden<br>Bestellungen k\u00f6nnen online unter betoix.pl get\u00e4tigt werden<br>nur von Erwachsenen, die satt haben<br>Rechtsf\u00e4higkeit, Vertr\u00e4ge abzuschlie\u00dfen<br>Vereinbarung \u00fcber den Kauf von Waren und Dienstleistungen.<\/p>\n\n\n\n<p>Die auf der Website des Gesch\u00e4fts bereitgestellten Informationen sind nicht der Fall<br>stellen Angebote im Sinne des B\u00fcrgerlichen Gesetzbuches dar.<br>Das Aufgeben einer Bestellung gilt als Kaufangebot<br>ausgew\u00e4hlte Waren zu den in aufgef\u00fchrten Bedingungen<br>Produktbeschreibung.<\/p>\n\n\n\n<p>Die Bestellung wird per E-Mail best\u00e4tigt<br>Verk\u00e4ufer durch Senden einer Nachricht per E-Mail<br>elektronisch. Die Bestellung wird anschlie\u00dfend bearbeitet<br>Erfassen Sie die Zahlung f\u00fcr die in angegebene Ware<br>Befehl.<\/p>\n\n\n\n<p>Der Versand der Ware erfolgt an die in der Bestellung angegebene Adresse<br>K\u00e4ufer innerhalb von 2-3 Werktagen ab Datum<br>Senden Sie die Zahlung auf das Konto des Verk\u00e4ufers.<\/p>\n\n\n\n<p>Die im Online-Shop angebotenen Produkte sind legal<br>auf dem polnischen Markt eingef\u00fchrt, v\u00f6llig neu und<br>frei von Rechts- und Sachm\u00e4ngeln<\/p>\n","protected":false},"excerpt":{"rendered":"<p>In dieser Verordnung werden die Voraussetzungen daf\u00fcr festgelegtEinkaufen im betoff.eu Online-Shop Verk\u00e4ufer ist Innovachem Krystian Grzyb zmit Sitz in Warschau, ul. Sarmacka 21\/8(NIP 762-176-43-06). Bestellungen k\u00f6nnen im Online-Shop betoix.pl aufgegeben werden24 Stunden am Tag einreichen und hier registrierenDer Shop ist v\u00f6llig kostenlos und freiwillig. Im LadenBestellungen k\u00f6nnen online unter betoix.pl get\u00e4tigt werdennur von Erwachsenen, die [&#8230;]\n","protected":false},"author":1,"featured_media":0,"parent":0,"menu_order":0,"comment_status":"closed","ping_status":"closed","template":"","meta":{"om_disable_all_campaigns":false,"footnotes":""},"class_list":["post-14047","page","type-page","status-publish","hentry"],"yoast_head":"<!-- This site is optimized with the Yoast SEO plugin v25.9 - https:\/\/yoast.com\/wordpress\/plugins\/seo\/ -->\n<title>Online-Shopping-Regeln - BETOFF-Produkte f\u00fcr die Welt des Betons und dar\u00fcber hinaus!<\/title>\n<meta name=\"robots\" content=\"index, follow, max-snippet:-1, max-image-preview:large, max-video-preview:-1\" \/>\n<link rel=\"canonical\" href=\"https:\/\/betoff.eu\/de\/online-shopping-regeln\/\" \/>\n<meta property=\"og:locale\" content=\"de_DE\" \/>\n<meta property=\"og:type\" content=\"article\" \/>\n<meta property=\"og:title\" content=\"Online-Shopping-Regeln - BETOFF-Produkte f\u00fcr die Welt des Betons und dar\u00fcber hinaus!\" \/>\n<meta property=\"og:description\" content=\"In dieser Verordnung werden die Voraussetzungen daf\u00fcr festgelegtEinkaufen im betoff.eu Online-Shop Verk\u00e4ufer ist Innovachem Krystian Grzyb zmit Sitz in Warschau, ul. Sarmacka 21\/8(NIP 762-176-43-06). Bestellungen k\u00f6nnen im Online-Shop betoix.pl aufgegeben werden24 Stunden am Tag einreichen und hier registrierenDer Shop ist v\u00f6llig kostenlos und freiwillig. Im LadenBestellungen k\u00f6nnen online unter betoix.pl get\u00e4tigt werdennur von Erwachsenen, die [...]\" \/>\n<meta property=\"og:url\" content=\"https:\/\/betoff.eu\/de\/online-shopping-regeln\/\" \/>\n<meta property=\"og:site_name\" content=\"BETOFF-Produkte f\u00fcr die Welt des Betons und dar\u00fcber hinaus!\" \/>\n<meta property=\"article:modified_time\" content=\"2024-06-21T18:21:53+00:00\" \/>\n<meta name=\"twitter:card\" content=\"summary_large_image\" \/>\n<meta name=\"twitter:label1\" content=\"Gesch\u00e4tzte Lesezeit\" \/>\n\t<meta name=\"twitter:data1\" content=\"2\u00a0Minuten\" \/>\n<script type=\"application\/ld+json\" class=\"yoast-schema-graph\">{\"@context\":\"https:\/\/schema.org\",\"@graph\":[{\"@type\":\"WebPage\",\"@id\":\"https:\/\/betoff.eu\/de\/online-shopping-regeln\/\",\"url\":\"https:\/\/betoff.eu\/de\/online-shopping-regeln\/\",\"name\":\"Online-Shopping-Regeln - BETOFF-Produkte f\u00fcr die Welt des Betons und dar\u00fcber hinaus!\",\"isPartOf\":{\"@id\":\"https:\/\/betoff.eu\/#website\"},\"datePublished\":\"2024-06-21T18:21:51+00:00\",\"dateModified\":\"2024-06-21T18:21:53+00:00\",\"breadcrumb\":{\"@id\":\"https:\/\/betoff.eu\/de\/online-shopping-regeln\/#breadcrumb\"},\"inLanguage\":\"de\",\"potentialAction\":[{\"@type\":\"ReadAction\",\"target\":[\"https:\/\/betoff.eu\/de\/online-shopping-regeln\/\"]}]},{\"@type\":\"BreadcrumbList\",\"@id\":\"https:\/\/betoff.eu\/de\/online-shopping-regeln\/#breadcrumb\",\"itemListElement\":[{\"@type\":\"ListItem\",\"position\":1,\"name\":\"Hem\",\"item\":\"https:\/\/betoff.eu\/de\/\"},{\"@type\":\"ListItem\",\"position\":2,\"name\":\"Online-Shopping-Regeln\"}]},{\"@type\":\"WebSite\",\"@id\":\"https:\/\/betoff.eu\/#website\",\"url\":\"https:\/\/betoff.eu\/\",\"name\":\"BETOFF-Products for the world of concrete and beyond!\",\"description\":\"Betoff - Betonentfernungsfl\u00fcssigkeit\",\"publisher\":{\"@id\":\"https:\/\/betoff.eu\/#\/schema\/person\/cded67f1acad0c68af8dcc171137512c\"},\"potentialAction\":[{\"@type\":\"SearchAction\",\"target\":{\"@type\":\"EntryPoint\",\"urlTemplate\":\"https:\/\/betoff.eu\/?s={search_term_string}\"},\"query-input\":{\"@type\":\"PropertyValueSpecification\",\"valueRequired\":true,\"valueName\":\"search_term_string\"}}],\"inLanguage\":\"de\"},{\"@type\":[\"Person\",\"Organization\"],\"@id\":\"https:\/\/betoff.eu\/#\/schema\/person\/cded67f1acad0c68af8dcc171137512c\",\"name\":\"admin\",\"image\":{\"@type\":\"ImageObject\",\"inLanguage\":\"de\",\"@id\":\"https:\/\/betoff.eu\/#\/schema\/person\/image\/\",\"url\":\"https:\/\/betoff.eu\/wp-content\/uploads\/2021\/02\/betoff-logo.png\",\"contentUrl\":\"https:\/\/betoff.eu\/wp-content\/uploads\/2021\/02\/betoff-logo.png\",\"width\":1024,\"height\":258,\"caption\":\"admin\"},\"logo\":{\"@id\":\"https:\/\/betoff.eu\/#\/schema\/person\/image\/\"}}]}<\/script>\n<!-- \/ Yoast SEO plugin. -->","yoast_head_json":{"title":"Online-Shopping-Regeln - BETOFF-Produkte f\u00fcr die Welt des Betons und dar\u00fcber hinaus!","robots":{"index":"index","follow":"follow","max-snippet":"max-snippet:-1","max-image-preview":"max-image-preview:large","max-video-preview":"max-video-preview:-1"},"canonical":"https:\/\/betoff.eu\/de\/online-shopping-regeln\/","og_locale":"de_DE","og_type":"article","og_title":"Online-Shopping-Regeln - BETOFF-Produkte f\u00fcr die Welt des Betons und dar\u00fcber hinaus!","og_description":"In dieser Verordnung werden die Voraussetzungen daf\u00fcr festgelegtEinkaufen im betoff.eu Online-Shop Verk\u00e4ufer ist Innovachem Krystian Grzyb zmit Sitz in Warschau, ul. Sarmacka 21\/8(NIP 762-176-43-06). Bestellungen k\u00f6nnen im Online-Shop betoix.pl aufgegeben werden24 Stunden am Tag einreichen und hier registrierenDer Shop ist v\u00f6llig kostenlos und freiwillig. Im LadenBestellungen k\u00f6nnen online unter betoix.pl get\u00e4tigt werdennur von Erwachsenen, die [...]","og_url":"https:\/\/betoff.eu\/de\/online-shopping-regeln\/","og_site_name":"BETOFF-Produkte f\u00fcr die Welt des Betons und dar\u00fcber hinaus!","article_modified_time":"2024-06-21T18:21:53+00:00","twitter_card":"summary_large_image","twitter_misc":{"Gesch\u00e4tzte Lesezeit":"2\u00a0Minuten"},"schema":{"@context":"https:\/\/schema.org","@graph":[{"@type":"WebPage","@id":"https:\/\/betoff.eu\/de\/online-shopping-regeln\/","url":"https:\/\/betoff.eu\/de\/online-shopping-regeln\/","name":"Online-Shopping-Regeln - BETOFF-Produkte f\u00fcr die Welt des Betons und dar\u00fcber hinaus!","isPartOf":{"@id":"https:\/\/betoff.eu\/#website"},"datePublished":"2024-06-21T18:21:51+00:00","dateModified":"2024-06-21T18:21:53+00:00","breadcrumb":{"@id":"https:\/\/betoff.eu\/de\/online-shopping-regeln\/#breadcrumb"},"inLanguage":"de","potentialAction":[{"@type":"ReadAction","target":["https:\/\/betoff.eu\/de\/online-shopping-regeln\/"]}]},{"@type":"BreadcrumbList","@id":"https:\/\/betoff.eu\/de\/online-shopping-regeln\/#breadcrumb","itemListElement":[{"@type":"ListItem","position":1,"name":"Hem","item":"https:\/\/betoff.eu\/de\/"},{"@type":"ListItem","position":2,"name":"Online-Shopping-Regeln"}]},{"@type":"WebSite","@id":"https:\/\/betoff.eu\/#website","url":"https:\/\/betoff.eu\/","name":"BETOFF-Products for the world of concrete and beyond!","description":"Betoff - Betonentfernungsfl\u00fcssigkeit","publisher":{"@id":"https:\/\/betoff.eu\/#\/schema\/person\/cded67f1acad0c68af8dcc171137512c"},"potentialAction":[{"@type":"SearchAction","target":{"@type":"EntryPoint","urlTemplate":"https:\/\/betoff.eu\/?s={search_term_string}"},"query-input":{"@type":"PropertyValueSpecification","valueRequired":true,"valueName":"search_term_string"}}],"inLanguage":"de"},{"@type":["Person","Organization"],"@id":"https:\/\/betoff.eu\/#\/schema\/person\/cded67f1acad0c68af8dcc171137512c","name":"admin","image":{"@type":"ImageObject","inLanguage":"de","@id":"https:\/\/betoff.eu\/#\/schema\/person\/image\/","url":"https:\/\/betoff.eu\/wp-content\/uploads\/2021\/02\/betoff-logo.png","contentUrl":"https:\/\/betoff.eu\/wp-content\/uploads\/2021\/02\/betoff-logo.png","width":1024,"height":258,"caption":"admin"},"logo":{"@id":"https:\/\/betoff.eu\/#\/schema\/person\/image\/"}}]}},"_links":{"self":[{"href":"https:\/\/betoff.eu\/de\/wp-json\/wp\/v2\/pages\/14047","targetHints":{"allow":["GET"]}}],"collection":[{"href":"https:\/\/betoff.eu\/de\/wp-json\/wp\/v2\/pages"}],"about":[{"href":"https:\/\/betoff.eu\/de\/wp-json\/wp\/v2\/types\/page"}],"author":[{"embeddable":true,"href":"https:\/\/betoff.eu\/de\/wp-json\/wp\/v2\/users\/1"}],"replies":[{"embeddable":true,"href":"https:\/\/betoff.eu\/de\/wp-json\/wp\/v2\/comments?post=14047"}],"version-history":[{"count":0,"href":"https:\/\/betoff.eu\/de\/wp-json\/wp\/v2\/pages\/14047\/revisions"}],"wp:attachment":[{"href":"https:\/\/betoff.eu\/de\/wp-json\/wp\/v2\/media?parent=14047"}],"curies":[{"name":"wp","href":"https:\/\/api.w.org\/{rel}","templated":true}]}}