{"id":13987,"date":"2024-06-21T07:44:05","date_gmt":"2024-06-21T05:44:05","guid":{"rendered":"https:\/\/betoff.eu\/?page_id=13987"},"modified":"2024-06-21T11:54:43","modified_gmt":"2024-06-21T09:54:43","slug":"datenschutzrichtlinie","status":"publish","type":"page","link":"https:\/\/betoff.eu\/de\/datenschutzrichtlinie\/","title":{"rendered":"Datenschutzrichtlinie"},"content":{"rendered":"\n<p>Datenschutzrichtlinie der Website. https:\/\/betoff.eu<\/p>\n\n\n\n<ol class=\"wp-block-list\">\n<li>Allgemeine Informationen<\/li>\n<\/ol>\n\n\n\n<p>Diese Datenschutzrichtlinie legt die Verhaltensregeln und den Schutz personenbezogener Daten fest, die Benutzer im Zusammenhang mit der Nutzung von Verkaufsdiensten \u00fcber die Website bereitstellen.<\/p>\n\n\n\n<ol class=\"wp-block-list\" start=\"2\">\n<li>Der Administrator der auf der Website enthaltenen personenbezogenen Daten ist<\/li>\n<\/ol>\n\n\n\n<p>Innovachem Krystian Grzyb basierend auf ul. Sarmacka 21\/8 Warszawa NIP PL7621764306<\/p>\n\n\n\n<p>Um die Sicherheit der uns anvertrauten Daten zu gew\u00e4hrleisten, haben wir interne Verfahren und Empfehlungen entwickelt, um zu verhindern, dass Daten an Unbefugte weitergegeben werden. Wir \u00fcberwachen ihre Umsetzung und pr\u00fcfen fortlaufend, ob sie mit den geltenden Rechtsakten \u2013 dem Gesetz zum Schutz personenbezogener Daten, dem Gesetz \u00fcber die Erbringung elektronischer Dienstleistungen sowie allen Arten von Durchf\u00fchrungsgesetzen und Akten des Gemeinschaftsrechts \u2013 vereinbar sind .<\/p>\n\n\n\n<p>Die Verarbeitung personenbezogener Daten erfolgt auf der Grundlage der vom Nutzer zum Ausdruck gebrachten Einwilligung und in F\u00e4llen, in denen das Gesetz den Administrator dazu erm\u00e4chtigt, personenbezogene Daten aufgrund gesetzlicher Bestimmungen oder zur Umsetzung des zwischen den Parteien geschlossenen Vertrags zu verarbeiten.<\/p>\n\n\n\n<p>Die Funktion, Informationen \u00fcber Benutzer und deren Verhalten zu erhalten, erf\u00fcllt die Website auf folgende Weise:<\/p>\n\n\n\n<p>a) durch freiwillige Angaben in den Formularen<\/p>\n\n\n\n<p>b) durch das Sammeln von Cookies [siehe Cookie-Richtlinie].<\/p>\n\n\n\n<p>Der Dienst sammelt Informationen, die der Benutzer freiwillig bereitstellt.<\/p>\n\n\n\n<p>Die im Formular angegebenen Daten werden zu dem Zweck verarbeitet, der sich aus der Funktion eines bestimmten Formulars ergibt, z.B. zur Abwicklung des Informationskontaktprozesses<\/p>\n\n\n\n<p>Die auf der Website bereitgestellten personenbezogenen Daten werden gem\u00e4\u00df den Bestimmungen des Datenschutzgesetzes weder verkauft noch an Dritte weitergegeben.<\/p>\n\n\n\n<p>Die im Formular enthaltenen Daten sind f\u00fcr die nat\u00fcrliche Person, die es eingegeben hat, einsehbar. Diese Person hat au\u00dferdem jederzeit das Recht, die Verarbeitung ihrer Daten zu \u00e4ndern und einzustellen.<\/p>\n\n\n\n<p>Wir behalten uns das Recht vor, die Datenschutzrichtlinien der Website zu \u00e4ndern, die durch die Entwicklung der Internettechnologie, m\u00f6gliche \u00c4nderungen im Gesetz zum Schutz personenbezogener Daten und die Entwicklung unserer Website beeinflusst werden k\u00f6nnen. Wir werden Sie \u00fcber etwaige \u00c4nderungen klar und \u00f6ffentlich informieren.<\/p>\n\n\n\n<p>Die Website kann Links zu anderen Websites enthalten. Solche Websites funktionieren unabh\u00e4ngig von der Website und werden in keiner Weise von https:\/\/betolix.pl \u00fcberwacht. Diese Websites verf\u00fcgen m\u00f6glicherweise \u00fcber eigene Datenschutzrichtlinien und -bestimmungen, deren Lekt\u00fcre wir Ihnen empfehlen.<\/p>\n\n\n\n<p>Wenn Sie Zweifel an den Bestimmungen dieser Datenschutzrichtlinie haben, stehen wir Ihnen gerne zur Verf\u00fcgung \u2013 unsere Kontaktdaten finden Sie im Reiter \u201eKontakt\u201c.<\/p>\n\n\n\n<p>Cookie-Richtlinie<\/p>\n\n\n\n<p>Cookie-Richtlinie f\u00fcr die Website https:\/\/betoff.eu<\/p>\n\n\n\n<p>Unter Cookies versteht man IT-Daten, die auf den Endger\u00e4ten der Nutzer gespeichert werden und f\u00fcr die Nutzung von Websites bestimmt sind. Hierbei handelt es sich insbesondere um Textdateien, die den Namen der Website, von der sie stammen, ihre Speicherdauer auf dem Endger\u00e4t und eine eindeutige Nummer enthalten.<\/p>\n\n\n\n<p>Die Website sammelt keine Informationen automatisch, mit Ausnahme der in Cookies enthaltenen Informationen.<\/p>\n\n\n\n<p>Cookies sind f\u00fcr die Nutzung von Websites bestimmt. Der Betreiber verwendet diese Dateien, um:<\/p>\n\n\n\n<p>a) die M\u00f6glichkeit, sich auf jeder weiteren Unterseite der Website anzumelden und eine Benutzersitzung aufrechtzuerhalten<\/p>\n\n\n\n<p>b) Anpassung des Inhalts der Website an die individuellen Vorlieben des Nutzers, insbesondere erkennen diese Dateien sein Ger\u00e4t, um die Website entsprechend seinen Pr\u00e4ferenzen anzuzeigen<\/p>\n\n\n\n<p>c) Erstellung anonymer Statistiken unter Ausschluss der M\u00f6glichkeit der Nutzeridentifizierung.<\/p>\n\n\n\n<p>Die von den Partnern des Website-Betreibers, insbesondere von Website-Benutzern, verwendeten Cookies unterliegen deren eigenen Datenschutzbestimmungen.<\/p>\n\n\n\n<p>Um die Sicherheit der uns anvertrauten Daten zu gew\u00e4hrleisten, haben wir interne Verfahren und Empfehlungen entwickelt, um zu verhindern, dass Daten an Unbefugte weitergegeben werden. Wir kontrollieren ihre Umsetzung und pr\u00fcfen fortlaufend, ob sie mit den geltenden Rechtsakten \u2013 dem Gesetz zum Schutz personenbezogener Daten, dem Gesetz \u00fcber die Erbringung elektronischer Dienstleistungen sowie allen Arten von Durchf\u00fchrungsgesetzen und Rechtsakten von \u2013 vereinbar sind Gemeinschaftsrecht.<\/p>\n\n\n\n<p>Die zum Durchsuchen von Websites verwendete Software erm\u00f6glicht standardm\u00e4\u00dfig die Platzierung von Cookies auf dem Endger\u00e4t des Benutzers. Diese Einstellungen k\u00f6nnen vom Benutzer so ge\u00e4ndert werden, dass die automatische Verarbeitung von Cookies in den Webbrowser-Einstellungen blockiert wird oder jedes Mal informiert wird, wenn sie an das Ger\u00e4t des Benutzers gesendet werden.<\/p>\n\n\n\n<p>Website-Benutzer k\u00f6nnen die Cookie-Einstellungen jederzeit \u00e4ndern. Detaillierte Informationen zu den M\u00f6glichkeiten und Methoden des Umgangs mit Cookies finden Sie in den Einstellungen der Software (Webbrowser). Beispielbearbeitungsoptionen in g\u00e4ngigen Browsern:<\/p>\n\n\n\n<p>Mozilla Firefox: www.support.mozilla.org\/pl\/kb\/ciasteczka<\/p>\n\n\n\n<p>\u2013 Internet Explorer: www.support.microsoft.com\/kb\/278835\/pl<\/p>\n\n\n\n<p>\u2013 Google Chrome: www.support.google.com\/chrome\/bin\/answer.py?hl=pl&amp;answer=95647<\/p>\n\n\n\n<p>\u2013 Safari: www.safari.helpmax.net\/sv\/spara-tid\/inneh\u00e5llsblockering\/<\/p>\n\n\n\n<p>Der Websitebetreiber weist darauf hin, dass \u00c4nderungen der Einstellungen im Browser des Benutzers zu Fehlfunktionen der Websites f\u00fchren k\u00f6nnen.<\/p>\n\n\n","protected":false},"excerpt":{"rendered":"<p>Datenschutzrichtlinie der Website. https:\/\/betoff.eu Diese Datenschutzrichtlinie legt die Verhaltensregeln und den Schutz personenbezogener Daten fest, die Benutzer im Zusammenhang mit der Nutzung von Verkaufsdiensten \u00fcber die Website bereitstellen. Innovachem Krystian Grzyb basierend auf ul. Sarmacka 21\/8 Warszawa NIP PL7621764306 Um die Sicherheit der uns anvertrauten Daten zu gew\u00e4hrleisten, haben wir interne Verfahren und Empfehlungen entwickelt, [&#8230;]\n","protected":false},"author":1,"featured_media":0,"parent":0,"menu_order":0,"comment_status":"closed","ping_status":"closed","template":"","meta":{"om_disable_all_campaigns":false,"footnotes":""},"class_list":["post-13987","page","type-page","status-publish","hentry"],"yoast_head":"<!-- This site is optimized with the Yoast SEO plugin v25.9 - https:\/\/yoast.com\/wordpress\/plugins\/seo\/ -->\n<title>Datenschutzrichtlinie - BETOFF-Produkte f\u00fcr die Welt des Betons und dar\u00fcber hinaus!<\/title>\n<meta name=\"robots\" content=\"index, follow, max-snippet:-1, max-image-preview:large, max-video-preview:-1\" \/>\n<link rel=\"canonical\" href=\"https:\/\/betoff.eu\/de\/datenschutzrichtlinie\/\" \/>\n<meta property=\"og:locale\" content=\"de_DE\" \/>\n<meta property=\"og:type\" content=\"article\" \/>\n<meta property=\"og:title\" content=\"Datenschutzrichtlinie - BETOFF-Produkte f\u00fcr die Welt des Betons und dar\u00fcber hinaus!\" \/>\n<meta property=\"og:description\" content=\"Datenschutzrichtlinie der Website. https:\/\/betoff.eu Diese Datenschutzrichtlinie legt die Verhaltensregeln und den Schutz personenbezogener Daten fest, die Benutzer im Zusammenhang mit der Nutzung von Verkaufsdiensten \u00fcber die Website bereitstellen. Innovachem Krystian Grzyb basierend auf ul. Sarmacka 21\/8 Warszawa NIP PL7621764306 Um die Sicherheit der uns anvertrauten Daten zu gew\u00e4hrleisten, haben wir interne Verfahren und Empfehlungen entwickelt, [...]\" \/>\n<meta property=\"og:url\" content=\"https:\/\/betoff.eu\/de\/datenschutzrichtlinie\/\" \/>\n<meta property=\"og:site_name\" content=\"BETOFF-Produkte f\u00fcr die Welt des Betons und dar\u00fcber hinaus!\" \/>\n<meta property=\"article:modified_time\" content=\"2024-06-21T09:54:43+00:00\" \/>\n<meta name=\"twitter:card\" content=\"summary_large_image\" \/>\n<meta name=\"twitter:label1\" content=\"Gesch\u00e4tzte Lesezeit\" \/>\n\t<meta name=\"twitter:data1\" content=\"5\u00a0Minuten\" \/>\n<script type=\"application\/ld+json\" class=\"yoast-schema-graph\">{\"@context\":\"https:\/\/schema.org\",\"@graph\":[{\"@type\":\"WebPage\",\"@id\":\"https:\/\/betoff.eu\/de\/datenschutzrichtlinie\/\",\"url\":\"https:\/\/betoff.eu\/de\/datenschutzrichtlinie\/\",\"name\":\"Datenschutzrichtlinie - BETOFF-Produkte f\u00fcr die Welt des Betons und dar\u00fcber hinaus!\",\"isPartOf\":{\"@id\":\"https:\/\/betoff.eu\/#website\"},\"datePublished\":\"2024-06-21T05:44:05+00:00\",\"dateModified\":\"2024-06-21T09:54:43+00:00\",\"breadcrumb\":{\"@id\":\"https:\/\/betoff.eu\/de\/datenschutzrichtlinie\/#breadcrumb\"},\"inLanguage\":\"de\",\"potentialAction\":[{\"@type\":\"ReadAction\",\"target\":[\"https:\/\/betoff.eu\/de\/datenschutzrichtlinie\/\"]}]},{\"@type\":\"BreadcrumbList\",\"@id\":\"https:\/\/betoff.eu\/de\/datenschutzrichtlinie\/#breadcrumb\",\"itemListElement\":[{\"@type\":\"ListItem\",\"position\":1,\"name\":\"Hem\",\"item\":\"https:\/\/betoff.eu\/de\/\"},{\"@type\":\"ListItem\",\"position\":2,\"name\":\"Datenschutzrichtlinie\"}]},{\"@type\":\"WebSite\",\"@id\":\"https:\/\/betoff.eu\/#website\",\"url\":\"https:\/\/betoff.eu\/\",\"name\":\"BETOFF-Products for the world of concrete and beyond!\",\"description\":\"Betoff - Betonentfernungsfl\u00fcssigkeit\",\"publisher\":{\"@id\":\"https:\/\/betoff.eu\/#\/schema\/person\/cded67f1acad0c68af8dcc171137512c\"},\"potentialAction\":[{\"@type\":\"SearchAction\",\"target\":{\"@type\":\"EntryPoint\",\"urlTemplate\":\"https:\/\/betoff.eu\/?s={search_term_string}\"},\"query-input\":{\"@type\":\"PropertyValueSpecification\",\"valueRequired\":true,\"valueName\":\"search_term_string\"}}],\"inLanguage\":\"de\"},{\"@type\":[\"Person\",\"Organization\"],\"@id\":\"https:\/\/betoff.eu\/#\/schema\/person\/cded67f1acad0c68af8dcc171137512c\",\"name\":\"admin\",\"image\":{\"@type\":\"ImageObject\",\"inLanguage\":\"de\",\"@id\":\"https:\/\/betoff.eu\/#\/schema\/person\/image\/\",\"url\":\"https:\/\/betoff.eu\/wp-content\/uploads\/2021\/02\/betoff-logo.png\",\"contentUrl\":\"https:\/\/betoff.eu\/wp-content\/uploads\/2021\/02\/betoff-logo.png\",\"width\":1024,\"height\":258,\"caption\":\"admin\"},\"logo\":{\"@id\":\"https:\/\/betoff.eu\/#\/schema\/person\/image\/\"}}]}<\/script>\n<!-- \/ Yoast SEO plugin. -->","yoast_head_json":{"title":"Datenschutzrichtlinie - BETOFF-Produkte f\u00fcr die Welt des Betons und dar\u00fcber hinaus!","robots":{"index":"index","follow":"follow","max-snippet":"max-snippet:-1","max-image-preview":"max-image-preview:large","max-video-preview":"max-video-preview:-1"},"canonical":"https:\/\/betoff.eu\/de\/datenschutzrichtlinie\/","og_locale":"de_DE","og_type":"article","og_title":"Datenschutzrichtlinie - BETOFF-Produkte f\u00fcr die Welt des Betons und dar\u00fcber hinaus!","og_description":"Datenschutzrichtlinie der Website. https:\/\/betoff.eu Diese Datenschutzrichtlinie legt die Verhaltensregeln und den Schutz personenbezogener Daten fest, die Benutzer im Zusammenhang mit der Nutzung von Verkaufsdiensten \u00fcber die Website bereitstellen. Innovachem Krystian Grzyb basierend auf ul. Sarmacka 21\/8 Warszawa NIP PL7621764306 Um die Sicherheit der uns anvertrauten Daten zu gew\u00e4hrleisten, haben wir interne Verfahren und Empfehlungen entwickelt, [...]","og_url":"https:\/\/betoff.eu\/de\/datenschutzrichtlinie\/","og_site_name":"BETOFF-Produkte f\u00fcr die Welt des Betons und dar\u00fcber hinaus!","article_modified_time":"2024-06-21T09:54:43+00:00","twitter_card":"summary_large_image","twitter_misc":{"Gesch\u00e4tzte Lesezeit":"5\u00a0Minuten"},"schema":{"@context":"https:\/\/schema.org","@graph":[{"@type":"WebPage","@id":"https:\/\/betoff.eu\/de\/datenschutzrichtlinie\/","url":"https:\/\/betoff.eu\/de\/datenschutzrichtlinie\/","name":"Datenschutzrichtlinie - BETOFF-Produkte f\u00fcr die Welt des Betons und dar\u00fcber hinaus!","isPartOf":{"@id":"https:\/\/betoff.eu\/#website"},"datePublished":"2024-06-21T05:44:05+00:00","dateModified":"2024-06-21T09:54:43+00:00","breadcrumb":{"@id":"https:\/\/betoff.eu\/de\/datenschutzrichtlinie\/#breadcrumb"},"inLanguage":"de","potentialAction":[{"@type":"ReadAction","target":["https:\/\/betoff.eu\/de\/datenschutzrichtlinie\/"]}]},{"@type":"BreadcrumbList","@id":"https:\/\/betoff.eu\/de\/datenschutzrichtlinie\/#breadcrumb","itemListElement":[{"@type":"ListItem","position":1,"name":"Hem","item":"https:\/\/betoff.eu\/de\/"},{"@type":"ListItem","position":2,"name":"Datenschutzrichtlinie"}]},{"@type":"WebSite","@id":"https:\/\/betoff.eu\/#website","url":"https:\/\/betoff.eu\/","name":"BETOFF-Products for the world of concrete and beyond!","description":"Betoff - Betonentfernungsfl\u00fcssigkeit","publisher":{"@id":"https:\/\/betoff.eu\/#\/schema\/person\/cded67f1acad0c68af8dcc171137512c"},"potentialAction":[{"@type":"SearchAction","target":{"@type":"EntryPoint","urlTemplate":"https:\/\/betoff.eu\/?s={search_term_string}"},"query-input":{"@type":"PropertyValueSpecification","valueRequired":true,"valueName":"search_term_string"}}],"inLanguage":"de"},{"@type":["Person","Organization"],"@id":"https:\/\/betoff.eu\/#\/schema\/person\/cded67f1acad0c68af8dcc171137512c","name":"admin","image":{"@type":"ImageObject","inLanguage":"de","@id":"https:\/\/betoff.eu\/#\/schema\/person\/image\/","url":"https:\/\/betoff.eu\/wp-content\/uploads\/2021\/02\/betoff-logo.png","contentUrl":"https:\/\/betoff.eu\/wp-content\/uploads\/2021\/02\/betoff-logo.png","width":1024,"height":258,"caption":"admin"},"logo":{"@id":"https:\/\/betoff.eu\/#\/schema\/person\/image\/"}}]}},"_links":{"self":[{"href":"https:\/\/betoff.eu\/de\/wp-json\/wp\/v2\/pages\/13987","targetHints":{"allow":["GET"]}}],"collection":[{"href":"https:\/\/betoff.eu\/de\/wp-json\/wp\/v2\/pages"}],"about":[{"href":"https:\/\/betoff.eu\/de\/wp-json\/wp\/v2\/types\/page"}],"author":[{"embeddable":true,"href":"https:\/\/betoff.eu\/de\/wp-json\/wp\/v2\/users\/1"}],"replies":[{"embeddable":true,"href":"https:\/\/betoff.eu\/de\/wp-json\/wp\/v2\/comments?post=13987"}],"version-history":[{"count":0,"href":"https:\/\/betoff.eu\/de\/wp-json\/wp\/v2\/pages\/13987\/revisions"}],"wp:attachment":[{"href":"https:\/\/betoff.eu\/de\/wp-json\/wp\/v2\/media?parent=13987"}],"curies":[{"name":"wp","href":"https:\/\/api.w.org\/{rel}","templated":true}]}}