{"id":3237,"date":"2024-04-20T09:22:49","date_gmt":"2024-04-20T07:22:49","guid":{"rendered":"https:\/\/betoff.eu\/?post_type=product&#038;p=3237"},"modified":"2024-04-20T09:22:49","modified_gmt":"2024-04-20T07:22:49","slug":"betoff-u-1l-univerzalni-kapalina-pro-cisteni","status":"publish","type":"product","link":"https:\/\/betoff.eu\/cs\/produkt\/betoff-u-1l-univerzalni-kapalina-pro-cisteni\/","title":{"rendered":"BETOFF-U &#8211; 1L &#8211; Univerz\u00e1ln\u00ed kapalina pro \u010di\u0161t\u011bn\u00ed"},"content":{"rendered":"","protected":false},"excerpt":{"rendered":"","protected":false},"featured_media":3230,"template":"","meta":{"om_disable_all_campaigns":false},"product_brand":[],"product_cat":[269],"product_tag":[],"class_list":{"0":"post-3237","1":"product","2":"type-product","3":"status-publish","4":"has-post-thumbnail","6":"product_cat-univerzalni-cistici-kapalina","8":"first","9":"instock","10":"taxable","11":"shipping-taxable","12":"purchasable","13":"product-type-simple"},"yoast_head":"<!-- This site is optimized with the Yoast SEO plugin v25.9 - https:\/\/yoast.com\/wordpress\/plugins\/seo\/ -->\n<title>BETOFF-U - 1L - Univerz\u00e1ln\u00ed kapalina pro \u010di\u0161t\u011bn\u00ed - BETOFF-Produkty pro sv\u011bt betonu i mimo n\u011bj!<\/title>\n<meta name=\"description\" content=\"Univerz\u00e1ln\u00ed kapalina pro \u010di\u0161t\u011bn\u00ed r\u016fzn\u00fdch povrch\u016f. Betoff-U vy\u010dist\u00ed koberce, l\u00e1tky, d\u0159evo, plasty a sklo! Odstra\u0148te vodn\u00ed k\u00e1men, cementov\u00e9 ml\u00e9ko a mnoho dal\u0161\u00edch ne\u010distot!\" \/>\n<meta name=\"robots\" content=\"index, follow, max-snippet:-1, max-image-preview:large, max-video-preview:-1\" \/>\n<link rel=\"canonical\" href=\"https:\/\/betoff.eu\/cs\/produkt\/betoff-u-1l-univerzalni-kapalina-pro-cisteni\/\" \/>\n<meta property=\"og:locale\" content=\"cs_CZ\" \/>\n<meta property=\"og:type\" content=\"article\" \/>\n<meta property=\"og:title\" content=\"BETOFF-U - 1L - Univerz\u00e1ln\u00ed kapalina pro \u010di\u0161t\u011bn\u00ed - BETOFF-Produkty pro sv\u011bt betonu i mimo n\u011bj!\" \/>\n<meta property=\"og:description\" content=\"Univerz\u00e1ln\u00ed kapalina pro \u010di\u0161t\u011bn\u00ed r\u016fzn\u00fdch povrch\u016f. Betoff-U vy\u010dist\u00ed koberce, l\u00e1tky, d\u0159evo, plasty a sklo! Odstra\u0148te vodn\u00ed k\u00e1men, cementov\u00e9 ml\u00e9ko a mnoho dal\u0161\u00edch ne\u010distot!\" \/>\n<meta property=\"og:url\" content=\"https:\/\/betoff.eu\/cs\/produkt\/betoff-u-1l-univerzalni-kapalina-pro-cisteni\/\" \/>\n<meta property=\"og:site_name\" content=\"BETOFF-Produkty pro sv\u011bt betonu i mimo n\u011bj!\" \/>\n<meta property=\"og:image\" content=\"https:\/\/betoff.eu\/wp-content\/uploads\/2024\/04\/Betoff-U-1L-sklep-new.png\" \/>\n\t<meta property=\"og:image:width\" content=\"1530\" \/>\n\t<meta property=\"og:image:height\" content=\"2081\" \/>\n\t<meta property=\"og:image:type\" content=\"image\/png\" \/>\n<meta name=\"twitter:card\" content=\"summary_large_image\" \/>\n<meta name=\"twitter:label1\" content=\"Odhadovan\u00e1 doba \u010dten\u00ed\" \/>\n\t<meta name=\"twitter:data1\" content=\"1 minuta\" \/>\n<script type=\"application\/ld+json\" class=\"yoast-schema-graph\">{\"@context\":\"https:\/\/schema.org\",\"@graph\":[{\"@type\":\"WebPage\",\"@id\":\"https:\/\/betoff.eu\/cs\/produkt\/betoff-u-1l-univerzalni-kapalina-pro-cisteni\/\",\"url\":\"https:\/\/betoff.eu\/cs\/produkt\/betoff-u-1l-univerzalni-kapalina-pro-cisteni\/\",\"name\":\"BETOFF-U - 1L - Univerz\u00e1ln\u00ed kapalina pro \u010di\u0161t\u011bn\u00ed - BETOFF-Produkty pro sv\u011bt betonu i mimo n\u011bj!\",\"isPartOf\":{\"@id\":\"https:\/\/betoff.eu\/#website\"},\"primaryImageOfPage\":{\"@id\":\"https:\/\/betoff.eu\/cs\/produkt\/betoff-u-1l-univerzalni-kapalina-pro-cisteni\/#primaryimage\"},\"image\":{\"@id\":\"https:\/\/betoff.eu\/cs\/produkt\/betoff-u-1l-univerzalni-kapalina-pro-cisteni\/#primaryimage\"},\"thumbnailUrl\":\"https:\/\/betoff.eu\/wp-content\/uploads\/2024\/04\/Betoff-U-1L-sklep-new.png\",\"datePublished\":\"2024-04-20T07:22:49+00:00\",\"description\":\"Univerz\u00e1ln\u00ed kapalina pro \u010di\u0161t\u011bn\u00ed r\u016fzn\u00fdch povrch\u016f. Betoff-U vy\u010dist\u00ed koberce, l\u00e1tky, d\u0159evo, plasty a sklo! Odstra\u0148te vodn\u00ed k\u00e1men, cementov\u00e9 ml\u00e9ko a mnoho dal\u0161\u00edch ne\u010distot!\",\"breadcrumb\":{\"@id\":\"https:\/\/betoff.eu\/cs\/produkt\/betoff-u-1l-univerzalni-kapalina-pro-cisteni\/#breadcrumb\"},\"inLanguage\":\"cs\",\"potentialAction\":[{\"@type\":\"ReadAction\",\"target\":[\"https:\/\/betoff.eu\/cs\/produkt\/betoff-u-1l-univerzalni-kapalina-pro-cisteni\/\"]}]},{\"@type\":\"ImageObject\",\"inLanguage\":\"cs\",\"@id\":\"https:\/\/betoff.eu\/cs\/produkt\/betoff-u-1l-univerzalni-kapalina-pro-cisteni\/#primaryimage\",\"url\":\"https:\/\/betoff.eu\/wp-content\/uploads\/2024\/04\/Betoff-U-1L-sklep-new.png\",\"contentUrl\":\"https:\/\/betoff.eu\/wp-content\/uploads\/2024\/04\/Betoff-U-1L-sklep-new.png\",\"width\":1530,\"height\":2081},{\"@type\":\"BreadcrumbList\",\"@id\":\"https:\/\/betoff.eu\/cs\/produkt\/betoff-u-1l-univerzalni-kapalina-pro-cisteni\/#breadcrumb\",\"itemListElement\":[{\"@type\":\"ListItem\",\"position\":1,\"name\":\"Hem\",\"item\":\"https:\/\/betoff.eu\/cs\/\"},{\"@type\":\"ListItem\",\"position\":2,\"name\":\"Shop\",\"item\":\"https:\/\/betoff.eu\/pl\/sklep-2\/\"},{\"@type\":\"ListItem\",\"position\":3,\"name\":\"BETOFF-U &#8211; 1L &#8211; Univerz\u00e1ln\u00ed kapalina pro \u010di\u0161t\u011bn\u00ed\"}]},{\"@type\":\"WebSite\",\"@id\":\"https:\/\/betoff.eu\/#website\",\"url\":\"https:\/\/betoff.eu\/\",\"name\":\"BETOFF-Products for the world of concrete and beyond!\",\"description\":\"Betoff - Tekutina na odstra\u0148ov\u00e1n\u00ed betonu\",\"publisher\":{\"@id\":\"https:\/\/betoff.eu\/#\/schema\/person\/cded67f1acad0c68af8dcc171137512c\"},\"potentialAction\":[{\"@type\":\"SearchAction\",\"target\":{\"@type\":\"EntryPoint\",\"urlTemplate\":\"https:\/\/betoff.eu\/?s={search_term_string}\"},\"query-input\":{\"@type\":\"PropertyValueSpecification\",\"valueRequired\":true,\"valueName\":\"search_term_string\"}}],\"inLanguage\":\"cs\"},{\"@type\":[\"Person\",\"Organization\"],\"@id\":\"https:\/\/betoff.eu\/#\/schema\/person\/cded67f1acad0c68af8dcc171137512c\",\"name\":\"admin\",\"image\":{\"@type\":\"ImageObject\",\"inLanguage\":\"cs\",\"@id\":\"https:\/\/betoff.eu\/#\/schema\/person\/image\/\",\"url\":\"https:\/\/betoff.eu\/wp-content\/uploads\/2021\/02\/betoff-logo.png\",\"contentUrl\":\"https:\/\/betoff.eu\/wp-content\/uploads\/2021\/02\/betoff-logo.png\",\"width\":1024,\"height\":258,\"caption\":\"admin\"},\"logo\":{\"@id\":\"https:\/\/betoff.eu\/#\/schema\/person\/image\/\"}}]}<\/script>\n<!-- \/ Yoast SEO plugin. -->","yoast_head_json":{"title":"BETOFF-U - 1L - Univerz\u00e1ln\u00ed kapalina pro \u010di\u0161t\u011bn\u00ed - BETOFF-Produkty pro sv\u011bt betonu i mimo n\u011bj!","description":"Univerz\u00e1ln\u00ed kapalina pro \u010di\u0161t\u011bn\u00ed r\u016fzn\u00fdch povrch\u016f. Betoff-U vy\u010dist\u00ed koberce, l\u00e1tky, d\u0159evo, plasty a sklo! Odstra\u0148te vodn\u00ed k\u00e1men, cementov\u00e9 ml\u00e9ko a mnoho dal\u0161\u00edch ne\u010distot!","robots":{"index":"index","follow":"follow","max-snippet":"max-snippet:-1","max-image-preview":"max-image-preview:large","max-video-preview":"max-video-preview:-1"},"canonical":"https:\/\/betoff.eu\/cs\/produkt\/betoff-u-1l-univerzalni-kapalina-pro-cisteni\/","og_locale":"cs_CZ","og_type":"article","og_title":"BETOFF-U - 1L - Univerz\u00e1ln\u00ed kapalina pro \u010di\u0161t\u011bn\u00ed - BETOFF-Produkty pro sv\u011bt betonu i mimo n\u011bj!","og_description":"Univerz\u00e1ln\u00ed kapalina pro \u010di\u0161t\u011bn\u00ed r\u016fzn\u00fdch povrch\u016f. Betoff-U vy\u010dist\u00ed koberce, l\u00e1tky, d\u0159evo, plasty a sklo! Odstra\u0148te vodn\u00ed k\u00e1men, cementov\u00e9 ml\u00e9ko a mnoho dal\u0161\u00edch ne\u010distot!","og_url":"https:\/\/betoff.eu\/cs\/produkt\/betoff-u-1l-univerzalni-kapalina-pro-cisteni\/","og_site_name":"BETOFF-Produkty pro sv\u011bt betonu i mimo n\u011bj!","og_image":[{"width":1530,"height":2081,"url":"https:\/\/betoff.eu\/wp-content\/uploads\/2024\/04\/Betoff-U-1L-sklep-new.png","type":"image\/png"}],"twitter_card":"summary_large_image","twitter_misc":{"Odhadovan\u00e1 doba \u010dten\u00ed":"1 minuta"},"schema":{"@context":"https:\/\/schema.org","@graph":[{"@type":"WebPage","@id":"https:\/\/betoff.eu\/cs\/produkt\/betoff-u-1l-univerzalni-kapalina-pro-cisteni\/","url":"https:\/\/betoff.eu\/cs\/produkt\/betoff-u-1l-univerzalni-kapalina-pro-cisteni\/","name":"BETOFF-U - 1L - Univerz\u00e1ln\u00ed kapalina pro \u010di\u0161t\u011bn\u00ed - BETOFF-Produkty pro sv\u011bt betonu i mimo n\u011bj!","isPartOf":{"@id":"https:\/\/betoff.eu\/#website"},"primaryImageOfPage":{"@id":"https:\/\/betoff.eu\/cs\/produkt\/betoff-u-1l-univerzalni-kapalina-pro-cisteni\/#primaryimage"},"image":{"@id":"https:\/\/betoff.eu\/cs\/produkt\/betoff-u-1l-univerzalni-kapalina-pro-cisteni\/#primaryimage"},"thumbnailUrl":"https:\/\/betoff.eu\/wp-content\/uploads\/2024\/04\/Betoff-U-1L-sklep-new.png","datePublished":"2024-04-20T07:22:49+00:00","description":"Univerz\u00e1ln\u00ed kapalina pro \u010di\u0161t\u011bn\u00ed r\u016fzn\u00fdch povrch\u016f. Betoff-U vy\u010dist\u00ed koberce, l\u00e1tky, d\u0159evo, plasty a sklo! Odstra\u0148te vodn\u00ed k\u00e1men, cementov\u00e9 ml\u00e9ko a mnoho dal\u0161\u00edch ne\u010distot!","breadcrumb":{"@id":"https:\/\/betoff.eu\/cs\/produkt\/betoff-u-1l-univerzalni-kapalina-pro-cisteni\/#breadcrumb"},"inLanguage":"cs","potentialAction":[{"@type":"ReadAction","target":["https:\/\/betoff.eu\/cs\/produkt\/betoff-u-1l-univerzalni-kapalina-pro-cisteni\/"]}]},{"@type":"ImageObject","inLanguage":"cs","@id":"https:\/\/betoff.eu\/cs\/produkt\/betoff-u-1l-univerzalni-kapalina-pro-cisteni\/#primaryimage","url":"https:\/\/betoff.eu\/wp-content\/uploads\/2024\/04\/Betoff-U-1L-sklep-new.png","contentUrl":"https:\/\/betoff.eu\/wp-content\/uploads\/2024\/04\/Betoff-U-1L-sklep-new.png","width":1530,"height":2081},{"@type":"BreadcrumbList","@id":"https:\/\/betoff.eu\/cs\/produkt\/betoff-u-1l-univerzalni-kapalina-pro-cisteni\/#breadcrumb","itemListElement":[{"@type":"ListItem","position":1,"name":"Hem","item":"https:\/\/betoff.eu\/cs\/"},{"@type":"ListItem","position":2,"name":"Shop","item":"https:\/\/betoff.eu\/pl\/sklep-2\/"},{"@type":"ListItem","position":3,"name":"BETOFF-U &#8211; 1L &#8211; Univerz\u00e1ln\u00ed kapalina pro \u010di\u0161t\u011bn\u00ed"}]},{"@type":"WebSite","@id":"https:\/\/betoff.eu\/#website","url":"https:\/\/betoff.eu\/","name":"BETOFF-Products for the world of concrete and beyond!","description":"Betoff - Tekutina na odstra\u0148ov\u00e1n\u00ed betonu","publisher":{"@id":"https:\/\/betoff.eu\/#\/schema\/person\/cded67f1acad0c68af8dcc171137512c"},"potentialAction":[{"@type":"SearchAction","target":{"@type":"EntryPoint","urlTemplate":"https:\/\/betoff.eu\/?s={search_term_string}"},"query-input":{"@type":"PropertyValueSpecification","valueRequired":true,"valueName":"search_term_string"}}],"inLanguage":"cs"},{"@type":["Person","Organization"],"@id":"https:\/\/betoff.eu\/#\/schema\/person\/cded67f1acad0c68af8dcc171137512c","name":"admin","image":{"@type":"ImageObject","inLanguage":"cs","@id":"https:\/\/betoff.eu\/#\/schema\/person\/image\/","url":"https:\/\/betoff.eu\/wp-content\/uploads\/2021\/02\/betoff-logo.png","contentUrl":"https:\/\/betoff.eu\/wp-content\/uploads\/2021\/02\/betoff-logo.png","width":1024,"height":258,"caption":"admin"},"logo":{"@id":"https:\/\/betoff.eu\/#\/schema\/person\/image\/"}}]}},"_links":{"self":[{"href":"https:\/\/betoff.eu\/cs\/wp-json\/wp\/v2\/product\/3237","targetHints":{"allow":["GET"]}}],"collection":[{"href":"https:\/\/betoff.eu\/cs\/wp-json\/wp\/v2\/product"}],"about":[{"href":"https:\/\/betoff.eu\/cs\/wp-json\/wp\/v2\/types\/product"}],"wp:featuredmedia":[{"embeddable":true,"href":"https:\/\/betoff.eu\/cs\/wp-json\/wp\/v2\/media\/3230"}],"wp:attachment":[{"href":"https:\/\/betoff.eu\/cs\/wp-json\/wp\/v2\/media?parent=3237"}],"wp:term":[{"taxonomy":"product_brand","embeddable":true,"href":"https:\/\/betoff.eu\/cs\/wp-json\/wp\/v2\/product_brand?post=3237"},{"taxonomy":"product_cat","embeddable":true,"href":"https:\/\/betoff.eu\/cs\/wp-json\/wp\/v2\/product_cat?post=3237"},{"taxonomy":"product_tag","embeddable":true,"href":"https:\/\/betoff.eu\/cs\/wp-json\/wp\/v2\/product_tag?post=3237"}],"curies":[{"name":"wp","href":"https:\/\/api.w.org\/{rel}","templated":true}]}}