{"id":3182,"date":"2024-04-18T15:01:40","date_gmt":"2024-04-18T13:01:40","guid":{"rendered":"https:\/\/betoff.eu\/?post_type=product&#038;p=3182"},"modified":"2024-04-22T07:32:23","modified_gmt":"2024-04-22T05:32:23","slug":"betoff-x-1l-kapalina-na-rozpousteni-betonu-beton-stredni-tloustky","status":"publish","type":"product","link":"https:\/\/betoff.eu\/cs\/produkt\/betoff-x-1l-kapalina-na-rozpousteni-betonu-beton-stredni-tloustky\/","title":{"rendered":"BETOFF-X &#8211; 1L &#8211; Kapalina na rozpou\u0161t\u011bn\u00ed betonu (beton st\u0159edn\u00ed tlou\u0161\u0165ky)"},"content":{"rendered":"<p>Jak odstranit st\u0159edn\u011b velk\u00fd beton ze stavebn\u00edch stroj\u016f, oken nebo n\u00e1\u0159ad\u00ed? Beton rozpus\u0165te kapalinou BETOFF-X a u\u017eijte si op\u011bt \u010dist\u00fd povrch!<\/p>\n","protected":false},"excerpt":{"rendered":"<p>Jak odstranit st\u0159edn\u011b velk\u00fd beton ze stavebn\u00edch stroj\u016f, oken nebo n\u00e1\u0159ad\u00ed? Beton rozpus\u0165te kapalinou BETOFF-X a u\u017eijte si op\u011bt \u010dist\u00fd povrch!<\/p>\n","protected":false},"featured_media":3183,"template":"","meta":{"om_disable_all_campaigns":false},"product_brand":[],"product_cat":[260],"product_tag":[],"class_list":{"0":"post-3182","1":"product","2":"type-product","3":"status-publish","4":"has-post-thumbnail","6":"product_cat-kapalina-na-rozpousteni-betonu","8":"first","9":"instock","10":"taxable","11":"shipping-taxable","12":"purchasable","13":"product-type-simple"},"yoast_head":"<!-- This site is optimized with the Yoast SEO plugin v25.9 - https:\/\/yoast.com\/wordpress\/plugins\/seo\/ -->\n<title>BETOFF-X - 1L - Kapalina na rozpou\u0161t\u011bn\u00ed betonu (beton st\u0159edn\u00ed tlou\u0161\u0165ky) - BETOFF-Produkty pro sv\u011bt betonu i mimo n\u011bj!<\/title>\n<meta name=\"description\" content=\"Ide\u00e1ln\u00ed p\u0159\u00edpravek pro rozpou\u0161t\u011bn\u00ed st\u0159edn\u011b siln\u00fdch beton\u016f. Velmi efektivn\u00ed a rychl\u00fd v akci. Sta\u010d\u00ed okam\u017eik a beton se rozpust\u00ed! Zkontrolujte jeho fungov\u00e1n\u00ed je\u0161t\u011b dnes!\" \/>\n<meta name=\"robots\" content=\"index, follow, max-snippet:-1, max-image-preview:large, max-video-preview:-1\" \/>\n<link rel=\"canonical\" href=\"https:\/\/betoff.eu\/cs\/produkt\/betoff-x-1l-kapalina-na-rozpousteni-betonu-beton-stredni-tloustky\/\" \/>\n<meta property=\"og:locale\" content=\"cs_CZ\" \/>\n<meta property=\"og:type\" content=\"article\" \/>\n<meta property=\"og:title\" content=\"BETOFF-X - 1L - Kapalina na rozpou\u0161t\u011bn\u00ed betonu (beton st\u0159edn\u00ed tlou\u0161\u0165ky) - BETOFF-Produkty pro sv\u011bt betonu i mimo n\u011bj!\" \/>\n<meta property=\"og:description\" content=\"Ide\u00e1ln\u00ed p\u0159\u00edpravek pro rozpou\u0161t\u011bn\u00ed st\u0159edn\u011b siln\u00fdch beton\u016f. Velmi efektivn\u00ed a rychl\u00fd v akci. Sta\u010d\u00ed okam\u017eik a beton se rozpust\u00ed! Zkontrolujte jeho fungov\u00e1n\u00ed je\u0161t\u011b dnes!\" \/>\n<meta property=\"og:url\" content=\"https:\/\/betoff.eu\/cs\/produkt\/betoff-x-1l-kapalina-na-rozpousteni-betonu-beton-stredni-tloustky\/\" \/>\n<meta property=\"og:site_name\" content=\"BETOFF-Produkty pro sv\u011bt betonu i mimo n\u011bj!\" \/>\n<meta property=\"article:modified_time\" content=\"2024-04-22T05:32:23+00:00\" \/>\n<meta property=\"og:image\" content=\"https:\/\/betoff.eu\/wp-content\/uploads\/2024\/04\/betoff-x-neu-ety.png\" \/>\n\t<meta property=\"og:image:width\" content=\"1597\" \/>\n\t<meta property=\"og:image:height\" content=\"2171\" \/>\n\t<meta property=\"og:image:type\" content=\"image\/png\" \/>\n<meta name=\"twitter:card\" content=\"summary_large_image\" \/>\n<meta name=\"twitter:label1\" content=\"Odhadovan\u00e1 doba \u010dten\u00ed\" \/>\n\t<meta name=\"twitter:data1\" content=\"1 minuta\" \/>\n<script type=\"application\/ld+json\" class=\"yoast-schema-graph\">{\"@context\":\"https:\/\/schema.org\",\"@graph\":[{\"@type\":\"WebPage\",\"@id\":\"https:\/\/betoff.eu\/cs\/produkt\/betoff-x-1l-kapalina-na-rozpousteni-betonu-beton-stredni-tloustky\/\",\"url\":\"https:\/\/betoff.eu\/cs\/produkt\/betoff-x-1l-kapalina-na-rozpousteni-betonu-beton-stredni-tloustky\/\",\"name\":\"BETOFF-X - 1L - Kapalina na rozpou\u0161t\u011bn\u00ed betonu (beton st\u0159edn\u00ed tlou\u0161\u0165ky) - BETOFF-Produkty pro sv\u011bt betonu i mimo n\u011bj!\",\"isPartOf\":{\"@id\":\"https:\/\/betoff.eu\/#website\"},\"primaryImageOfPage\":{\"@id\":\"https:\/\/betoff.eu\/cs\/produkt\/betoff-x-1l-kapalina-na-rozpousteni-betonu-beton-stredni-tloustky\/#primaryimage\"},\"image\":{\"@id\":\"https:\/\/betoff.eu\/cs\/produkt\/betoff-x-1l-kapalina-na-rozpousteni-betonu-beton-stredni-tloustky\/#primaryimage\"},\"thumbnailUrl\":\"https:\/\/betoff.eu\/wp-content\/uploads\/2024\/04\/betoff-x-neu-ety.png\",\"datePublished\":\"2024-04-18T13:01:40+00:00\",\"dateModified\":\"2024-04-22T05:32:23+00:00\",\"description\":\"Ide\u00e1ln\u00ed p\u0159\u00edpravek pro rozpou\u0161t\u011bn\u00ed st\u0159edn\u011b siln\u00fdch beton\u016f. Velmi efektivn\u00ed a rychl\u00fd v akci. Sta\u010d\u00ed okam\u017eik a beton se rozpust\u00ed! Zkontrolujte jeho fungov\u00e1n\u00ed je\u0161t\u011b dnes!\",\"breadcrumb\":{\"@id\":\"https:\/\/betoff.eu\/cs\/produkt\/betoff-x-1l-kapalina-na-rozpousteni-betonu-beton-stredni-tloustky\/#breadcrumb\"},\"inLanguage\":\"cs\",\"potentialAction\":[{\"@type\":\"ReadAction\",\"target\":[\"https:\/\/betoff.eu\/cs\/produkt\/betoff-x-1l-kapalina-na-rozpousteni-betonu-beton-stredni-tloustky\/\"]}]},{\"@type\":\"ImageObject\",\"inLanguage\":\"cs\",\"@id\":\"https:\/\/betoff.eu\/cs\/produkt\/betoff-x-1l-kapalina-na-rozpousteni-betonu-beton-stredni-tloustky\/#primaryimage\",\"url\":\"https:\/\/betoff.eu\/wp-content\/uploads\/2024\/04\/betoff-x-neu-ety.png\",\"contentUrl\":\"https:\/\/betoff.eu\/wp-content\/uploads\/2024\/04\/betoff-x-neu-ety.png\",\"width\":1597,\"height\":2171,\"caption\":\"Kapalina pro rozpou\u0161t\u011bn\u00ed st\u0159edn\u011b velk\u00e9ho betonu\"},{\"@type\":\"BreadcrumbList\",\"@id\":\"https:\/\/betoff.eu\/cs\/produkt\/betoff-x-1l-kapalina-na-rozpousteni-betonu-beton-stredni-tloustky\/#breadcrumb\",\"itemListElement\":[{\"@type\":\"ListItem\",\"position\":1,\"name\":\"Hem\",\"item\":\"https:\/\/betoff.eu\/cs\/\"},{\"@type\":\"ListItem\",\"position\":2,\"name\":\"Shop\",\"item\":\"https:\/\/betoff.eu\/pl\/sklep-2\/\"},{\"@type\":\"ListItem\",\"position\":3,\"name\":\"BETOFF-X &#8211; 1L &#8211; Kapalina na rozpou\u0161t\u011bn\u00ed betonu (beton st\u0159edn\u00ed tlou\u0161\u0165ky)\"}]},{\"@type\":\"WebSite\",\"@id\":\"https:\/\/betoff.eu\/#website\",\"url\":\"https:\/\/betoff.eu\/\",\"name\":\"BETOFF-Products for the world of concrete and beyond!\",\"description\":\"Betoff - Tekutina na odstra\u0148ov\u00e1n\u00ed betonu\",\"publisher\":{\"@id\":\"https:\/\/betoff.eu\/#\/schema\/person\/cded67f1acad0c68af8dcc171137512c\"},\"potentialAction\":[{\"@type\":\"SearchAction\",\"target\":{\"@type\":\"EntryPoint\",\"urlTemplate\":\"https:\/\/betoff.eu\/?s={search_term_string}\"},\"query-input\":{\"@type\":\"PropertyValueSpecification\",\"valueRequired\":true,\"valueName\":\"search_term_string\"}}],\"inLanguage\":\"cs\"},{\"@type\":[\"Person\",\"Organization\"],\"@id\":\"https:\/\/betoff.eu\/#\/schema\/person\/cded67f1acad0c68af8dcc171137512c\",\"name\":\"admin\",\"image\":{\"@type\":\"ImageObject\",\"inLanguage\":\"cs\",\"@id\":\"https:\/\/betoff.eu\/#\/schema\/person\/image\/\",\"url\":\"https:\/\/betoff.eu\/wp-content\/uploads\/2021\/02\/betoff-logo.png\",\"contentUrl\":\"https:\/\/betoff.eu\/wp-content\/uploads\/2021\/02\/betoff-logo.png\",\"width\":1024,\"height\":258,\"caption\":\"admin\"},\"logo\":{\"@id\":\"https:\/\/betoff.eu\/#\/schema\/person\/image\/\"}}]}<\/script>\n<!-- \/ Yoast SEO plugin. -->","yoast_head_json":{"title":"BETOFF-X - 1L - Kapalina na rozpou\u0161t\u011bn\u00ed betonu (beton st\u0159edn\u00ed tlou\u0161\u0165ky) - BETOFF-Produkty pro sv\u011bt betonu i mimo n\u011bj!","description":"Ide\u00e1ln\u00ed p\u0159\u00edpravek pro rozpou\u0161t\u011bn\u00ed st\u0159edn\u011b siln\u00fdch beton\u016f. Velmi efektivn\u00ed a rychl\u00fd v akci. Sta\u010d\u00ed okam\u017eik a beton se rozpust\u00ed! Zkontrolujte jeho fungov\u00e1n\u00ed je\u0161t\u011b dnes!","robots":{"index":"index","follow":"follow","max-snippet":"max-snippet:-1","max-image-preview":"max-image-preview:large","max-video-preview":"max-video-preview:-1"},"canonical":"https:\/\/betoff.eu\/cs\/produkt\/betoff-x-1l-kapalina-na-rozpousteni-betonu-beton-stredni-tloustky\/","og_locale":"cs_CZ","og_type":"article","og_title":"BETOFF-X - 1L - Kapalina na rozpou\u0161t\u011bn\u00ed betonu (beton st\u0159edn\u00ed tlou\u0161\u0165ky) - BETOFF-Produkty pro sv\u011bt betonu i mimo n\u011bj!","og_description":"Ide\u00e1ln\u00ed p\u0159\u00edpravek pro rozpou\u0161t\u011bn\u00ed st\u0159edn\u011b siln\u00fdch beton\u016f. Velmi efektivn\u00ed a rychl\u00fd v akci. Sta\u010d\u00ed okam\u017eik a beton se rozpust\u00ed! Zkontrolujte jeho fungov\u00e1n\u00ed je\u0161t\u011b dnes!","og_url":"https:\/\/betoff.eu\/cs\/produkt\/betoff-x-1l-kapalina-na-rozpousteni-betonu-beton-stredni-tloustky\/","og_site_name":"BETOFF-Produkty pro sv\u011bt betonu i mimo n\u011bj!","article_modified_time":"2024-04-22T05:32:23+00:00","og_image":[{"width":1597,"height":2171,"url":"https:\/\/betoff.eu\/wp-content\/uploads\/2024\/04\/betoff-x-neu-ety.png","type":"image\/png"}],"twitter_card":"summary_large_image","twitter_misc":{"Odhadovan\u00e1 doba \u010dten\u00ed":"1 minuta"},"schema":{"@context":"https:\/\/schema.org","@graph":[{"@type":"WebPage","@id":"https:\/\/betoff.eu\/cs\/produkt\/betoff-x-1l-kapalina-na-rozpousteni-betonu-beton-stredni-tloustky\/","url":"https:\/\/betoff.eu\/cs\/produkt\/betoff-x-1l-kapalina-na-rozpousteni-betonu-beton-stredni-tloustky\/","name":"BETOFF-X - 1L - Kapalina na rozpou\u0161t\u011bn\u00ed betonu (beton st\u0159edn\u00ed tlou\u0161\u0165ky) - BETOFF-Produkty pro sv\u011bt betonu i mimo n\u011bj!","isPartOf":{"@id":"https:\/\/betoff.eu\/#website"},"primaryImageOfPage":{"@id":"https:\/\/betoff.eu\/cs\/produkt\/betoff-x-1l-kapalina-na-rozpousteni-betonu-beton-stredni-tloustky\/#primaryimage"},"image":{"@id":"https:\/\/betoff.eu\/cs\/produkt\/betoff-x-1l-kapalina-na-rozpousteni-betonu-beton-stredni-tloustky\/#primaryimage"},"thumbnailUrl":"https:\/\/betoff.eu\/wp-content\/uploads\/2024\/04\/betoff-x-neu-ety.png","datePublished":"2024-04-18T13:01:40+00:00","dateModified":"2024-04-22T05:32:23+00:00","description":"Ide\u00e1ln\u00ed p\u0159\u00edpravek pro rozpou\u0161t\u011bn\u00ed st\u0159edn\u011b siln\u00fdch beton\u016f. Velmi efektivn\u00ed a rychl\u00fd v akci. Sta\u010d\u00ed okam\u017eik a beton se rozpust\u00ed! Zkontrolujte jeho fungov\u00e1n\u00ed je\u0161t\u011b dnes!","breadcrumb":{"@id":"https:\/\/betoff.eu\/cs\/produkt\/betoff-x-1l-kapalina-na-rozpousteni-betonu-beton-stredni-tloustky\/#breadcrumb"},"inLanguage":"cs","potentialAction":[{"@type":"ReadAction","target":["https:\/\/betoff.eu\/cs\/produkt\/betoff-x-1l-kapalina-na-rozpousteni-betonu-beton-stredni-tloustky\/"]}]},{"@type":"ImageObject","inLanguage":"cs","@id":"https:\/\/betoff.eu\/cs\/produkt\/betoff-x-1l-kapalina-na-rozpousteni-betonu-beton-stredni-tloustky\/#primaryimage","url":"https:\/\/betoff.eu\/wp-content\/uploads\/2024\/04\/betoff-x-neu-ety.png","contentUrl":"https:\/\/betoff.eu\/wp-content\/uploads\/2024\/04\/betoff-x-neu-ety.png","width":1597,"height":2171,"caption":"Kapalina pro rozpou\u0161t\u011bn\u00ed st\u0159edn\u011b velk\u00e9ho betonu"},{"@type":"BreadcrumbList","@id":"https:\/\/betoff.eu\/cs\/produkt\/betoff-x-1l-kapalina-na-rozpousteni-betonu-beton-stredni-tloustky\/#breadcrumb","itemListElement":[{"@type":"ListItem","position":1,"name":"Hem","item":"https:\/\/betoff.eu\/cs\/"},{"@type":"ListItem","position":2,"name":"Shop","item":"https:\/\/betoff.eu\/pl\/sklep-2\/"},{"@type":"ListItem","position":3,"name":"BETOFF-X &#8211; 1L &#8211; Kapalina na rozpou\u0161t\u011bn\u00ed betonu (beton st\u0159edn\u00ed tlou\u0161\u0165ky)"}]},{"@type":"WebSite","@id":"https:\/\/betoff.eu\/#website","url":"https:\/\/betoff.eu\/","name":"BETOFF-Products for the world of concrete and beyond!","description":"Betoff - Tekutina na odstra\u0148ov\u00e1n\u00ed betonu","publisher":{"@id":"https:\/\/betoff.eu\/#\/schema\/person\/cded67f1acad0c68af8dcc171137512c"},"potentialAction":[{"@type":"SearchAction","target":{"@type":"EntryPoint","urlTemplate":"https:\/\/betoff.eu\/?s={search_term_string}"},"query-input":{"@type":"PropertyValueSpecification","valueRequired":true,"valueName":"search_term_string"}}],"inLanguage":"cs"},{"@type":["Person","Organization"],"@id":"https:\/\/betoff.eu\/#\/schema\/person\/cded67f1acad0c68af8dcc171137512c","name":"admin","image":{"@type":"ImageObject","inLanguage":"cs","@id":"https:\/\/betoff.eu\/#\/schema\/person\/image\/","url":"https:\/\/betoff.eu\/wp-content\/uploads\/2021\/02\/betoff-logo.png","contentUrl":"https:\/\/betoff.eu\/wp-content\/uploads\/2021\/02\/betoff-logo.png","width":1024,"height":258,"caption":"admin"},"logo":{"@id":"https:\/\/betoff.eu\/#\/schema\/person\/image\/"}}]}},"_links":{"self":[{"href":"https:\/\/betoff.eu\/cs\/wp-json\/wp\/v2\/product\/3182","targetHints":{"allow":["GET"]}}],"collection":[{"href":"https:\/\/betoff.eu\/cs\/wp-json\/wp\/v2\/product"}],"about":[{"href":"https:\/\/betoff.eu\/cs\/wp-json\/wp\/v2\/types\/product"}],"wp:featuredmedia":[{"embeddable":true,"href":"https:\/\/betoff.eu\/cs\/wp-json\/wp\/v2\/media\/3183"}],"wp:attachment":[{"href":"https:\/\/betoff.eu\/cs\/wp-json\/wp\/v2\/media?parent=3182"}],"wp:term":[{"taxonomy":"product_brand","embeddable":true,"href":"https:\/\/betoff.eu\/cs\/wp-json\/wp\/v2\/product_brand?post=3182"},{"taxonomy":"product_cat","embeddable":true,"href":"https:\/\/betoff.eu\/cs\/wp-json\/wp\/v2\/product_cat?post=3182"},{"taxonomy":"product_tag","embeddable":true,"href":"https:\/\/betoff.eu\/cs\/wp-json\/wp\/v2\/product_tag?post=3182"}],"curies":[{"name":"wp","href":"https:\/\/api.w.org\/{rel}","templated":true}]}}