{"id":3148,"date":"2024-04-17T08:01:09","date_gmt":"2024-04-17T06:01:09","guid":{"rendered":"https:\/\/betoff.eu\/?post_type=product&#038;p=3148"},"modified":"2024-04-22T07:18:44","modified_gmt":"2024-04-22T05:18:44","slug":"betoff-1-l-kapalina-na-rozpousteni-betonu-soustred-se","status":"publish","type":"product","link":"https:\/\/betoff.eu\/cs\/produkt\/betoff-1-l-kapalina-na-rozpousteni-betonu-soustred-se\/","title":{"rendered":"BETOFF 1 L &#8211; Kapalina na rozpou\u0161t\u011bn\u00ed betonu (soust\u0159e\u010f se)"},"content":{"rendered":"<p>Betoff liquid je nejsiln\u011bj\u0161\u00ed kapalina pro rozpou\u0161t\u011bn\u00ed vysu\u0161en\u00e9ho betonu na trhu. Dok\u00e1\u017ee velmi rychle rozpustit star\u00fd beton. 1 litr rozpust\u00ed p\u0159ibli\u017en\u011b 12 m2 ne\u010distot.<\/p>\n","protected":false},"excerpt":{"rendered":"<p>Betoff liquid je nejsiln\u011bj\u0161\u00ed kapalina pro rozpou\u0161t\u011bn\u00ed vysu\u0161en\u00e9ho betonu na trhu. Dok\u00e1\u017ee velmi rychle rozpustit star\u00fd beton. 1 litr rozpust\u00ed p\u0159ibli\u017en\u011b 12 m2 ne\u010distot.<\/p>\n","protected":false},"featured_media":3149,"template":"","meta":{"om_disable_all_campaigns":false},"product_brand":[],"product_cat":[260],"product_tag":[],"class_list":{"0":"post-3148","1":"product","2":"type-product","3":"status-publish","4":"has-post-thumbnail","6":"product_cat-kapalina-na-rozpousteni-betonu","8":"first","9":"instock","10":"taxable","11":"shipping-taxable","12":"purchasable","13":"product-type-simple"},"yoast_head":"<!-- This site is optimized with the Yoast SEO plugin v25.9 - https:\/\/yoast.com\/wordpress\/plugins\/seo\/ -->\n<title>BETOFF 1 L - Kapalina na rozpou\u0161t\u011bn\u00ed betonu (soust\u0159e\u010f se) - BETOFF-Produkty pro sv\u011bt betonu i mimo n\u011bj!<\/title>\n<meta name=\"description\" content=\"Betoff je nej\u00fa\u010dinn\u011bj\u0161\u00ed kapalina pro rozpou\u0161t\u011bn\u00ed betonu. Dok\u00e1\u017ee rozpustit vysu\u0161en\u00fd beton za 3 minuty. Rychle a efektivn\u011b rozpou\u0161t\u00ed beton na stroj\u00edch a n\u00e1\u0159ad\u00ed.\" \/>\n<meta name=\"robots\" content=\"index, follow, max-snippet:-1, max-image-preview:large, max-video-preview:-1\" \/>\n<link rel=\"canonical\" href=\"https:\/\/betoff.eu\/cs\/produkt\/betoff-1-l-kapalina-na-rozpousteni-betonu-soustred-se\/\" \/>\n<meta property=\"og:locale\" content=\"cs_CZ\" \/>\n<meta property=\"og:type\" content=\"article\" \/>\n<meta property=\"og:title\" content=\"BETOFF 1 L - Kapalina na rozpou\u0161t\u011bn\u00ed betonu (soust\u0159e\u010f se) - BETOFF-Produkty pro sv\u011bt betonu i mimo n\u011bj!\" \/>\n<meta property=\"og:description\" content=\"Betoff je nej\u00fa\u010dinn\u011bj\u0161\u00ed kapalina pro rozpou\u0161t\u011bn\u00ed betonu. Dok\u00e1\u017ee rozpustit vysu\u0161en\u00fd beton za 3 minuty. Rychle a efektivn\u011b rozpou\u0161t\u00ed beton na stroj\u00edch a n\u00e1\u0159ad\u00ed.\" \/>\n<meta property=\"og:url\" content=\"https:\/\/betoff.eu\/cs\/produkt\/betoff-1-l-kapalina-na-rozpousteni-betonu-soustred-se\/\" \/>\n<meta property=\"og:site_name\" content=\"BETOFF-Produkty pro sv\u011bt betonu i mimo n\u011bj!\" \/>\n<meta property=\"article:modified_time\" content=\"2024-04-22T05:18:44+00:00\" \/>\n<meta property=\"og:image\" content=\"https:\/\/betoff.eu\/wp-content\/uploads\/2024\/04\/Betoff-foto.jpg\" \/>\n\t<meta property=\"og:image:width\" content=\"404\" \/>\n\t<meta property=\"og:image:height\" content=\"579\" \/>\n\t<meta property=\"og:image:type\" content=\"image\/jpeg\" \/>\n<meta name=\"twitter:card\" content=\"summary_large_image\" \/>\n<meta name=\"twitter:label1\" content=\"Odhadovan\u00e1 doba \u010dten\u00ed\" \/>\n\t<meta name=\"twitter:data1\" content=\"1 minuta\" \/>\n<script type=\"application\/ld+json\" class=\"yoast-schema-graph\">{\"@context\":\"https:\/\/schema.org\",\"@graph\":[{\"@type\":\"WebPage\",\"@id\":\"https:\/\/betoff.eu\/cs\/produkt\/betoff-1-l-kapalina-na-rozpousteni-betonu-soustred-se\/\",\"url\":\"https:\/\/betoff.eu\/cs\/produkt\/betoff-1-l-kapalina-na-rozpousteni-betonu-soustred-se\/\",\"name\":\"BETOFF 1 L - Kapalina na rozpou\u0161t\u011bn\u00ed betonu (soust\u0159e\u010f se) - BETOFF-Produkty pro sv\u011bt betonu i mimo n\u011bj!\",\"isPartOf\":{\"@id\":\"https:\/\/betoff.eu\/#website\"},\"primaryImageOfPage\":{\"@id\":\"https:\/\/betoff.eu\/cs\/produkt\/betoff-1-l-kapalina-na-rozpousteni-betonu-soustred-se\/#primaryimage\"},\"image\":{\"@id\":\"https:\/\/betoff.eu\/cs\/produkt\/betoff-1-l-kapalina-na-rozpousteni-betonu-soustred-se\/#primaryimage\"},\"thumbnailUrl\":\"https:\/\/betoff.eu\/wp-content\/uploads\/2024\/04\/Betoff-foto.jpg\",\"datePublished\":\"2024-04-17T06:01:09+00:00\",\"dateModified\":\"2024-04-22T05:18:44+00:00\",\"description\":\"Betoff je nej\u00fa\u010dinn\u011bj\u0161\u00ed kapalina pro rozpou\u0161t\u011bn\u00ed betonu. Dok\u00e1\u017ee rozpustit vysu\u0161en\u00fd beton za 3 minuty. Rychle a efektivn\u011b rozpou\u0161t\u00ed beton na stroj\u00edch a n\u00e1\u0159ad\u00ed.\",\"breadcrumb\":{\"@id\":\"https:\/\/betoff.eu\/cs\/produkt\/betoff-1-l-kapalina-na-rozpousteni-betonu-soustred-se\/#breadcrumb\"},\"inLanguage\":\"cs\",\"potentialAction\":[{\"@type\":\"ReadAction\",\"target\":[\"https:\/\/betoff.eu\/cs\/produkt\/betoff-1-l-kapalina-na-rozpousteni-betonu-soustred-se\/\"]}]},{\"@type\":\"ImageObject\",\"inLanguage\":\"cs\",\"@id\":\"https:\/\/betoff.eu\/cs\/produkt\/betoff-1-l-kapalina-na-rozpousteni-betonu-soustred-se\/#primaryimage\",\"url\":\"https:\/\/betoff.eu\/wp-content\/uploads\/2024\/04\/Betoff-foto.jpg\",\"contentUrl\":\"https:\/\/betoff.eu\/wp-content\/uploads\/2024\/04\/Betoff-foto.jpg\",\"width\":404,\"height\":579,\"caption\":\"Kapalina na rozpou\u0161t\u011bn\u00ed betonu\"},{\"@type\":\"BreadcrumbList\",\"@id\":\"https:\/\/betoff.eu\/cs\/produkt\/betoff-1-l-kapalina-na-rozpousteni-betonu-soustred-se\/#breadcrumb\",\"itemListElement\":[{\"@type\":\"ListItem\",\"position\":1,\"name\":\"Hem\",\"item\":\"https:\/\/betoff.eu\/cs\/\"},{\"@type\":\"ListItem\",\"position\":2,\"name\":\"Shop\",\"item\":\"https:\/\/betoff.eu\/pl\/sklep-2\/\"},{\"@type\":\"ListItem\",\"position\":3,\"name\":\"BETOFF 1 L &#8211; Kapalina na rozpou\u0161t\u011bn\u00ed betonu (soust\u0159e\u010f se)\"}]},{\"@type\":\"WebSite\",\"@id\":\"https:\/\/betoff.eu\/#website\",\"url\":\"https:\/\/betoff.eu\/\",\"name\":\"BETOFF-Products for the world of concrete and beyond!\",\"description\":\"Betoff - Tekutina na odstra\u0148ov\u00e1n\u00ed betonu\",\"publisher\":{\"@id\":\"https:\/\/betoff.eu\/#\/schema\/person\/cded67f1acad0c68af8dcc171137512c\"},\"potentialAction\":[{\"@type\":\"SearchAction\",\"target\":{\"@type\":\"EntryPoint\",\"urlTemplate\":\"https:\/\/betoff.eu\/?s={search_term_string}\"},\"query-input\":{\"@type\":\"PropertyValueSpecification\",\"valueRequired\":true,\"valueName\":\"search_term_string\"}}],\"inLanguage\":\"cs\"},{\"@type\":[\"Person\",\"Organization\"],\"@id\":\"https:\/\/betoff.eu\/#\/schema\/person\/cded67f1acad0c68af8dcc171137512c\",\"name\":\"admin\",\"image\":{\"@type\":\"ImageObject\",\"inLanguage\":\"cs\",\"@id\":\"https:\/\/betoff.eu\/#\/schema\/person\/image\/\",\"url\":\"https:\/\/betoff.eu\/wp-content\/uploads\/2021\/02\/betoff-logo.png\",\"contentUrl\":\"https:\/\/betoff.eu\/wp-content\/uploads\/2021\/02\/betoff-logo.png\",\"width\":1024,\"height\":258,\"caption\":\"admin\"},\"logo\":{\"@id\":\"https:\/\/betoff.eu\/#\/schema\/person\/image\/\"}}]}<\/script>\n<!-- \/ Yoast SEO plugin. -->","yoast_head_json":{"title":"BETOFF 1 L - Kapalina na rozpou\u0161t\u011bn\u00ed betonu (soust\u0159e\u010f se) - BETOFF-Produkty pro sv\u011bt betonu i mimo n\u011bj!","description":"Betoff je nej\u00fa\u010dinn\u011bj\u0161\u00ed kapalina pro rozpou\u0161t\u011bn\u00ed betonu. Dok\u00e1\u017ee rozpustit vysu\u0161en\u00fd beton za 3 minuty. Rychle a efektivn\u011b rozpou\u0161t\u00ed beton na stroj\u00edch a n\u00e1\u0159ad\u00ed.","robots":{"index":"index","follow":"follow","max-snippet":"max-snippet:-1","max-image-preview":"max-image-preview:large","max-video-preview":"max-video-preview:-1"},"canonical":"https:\/\/betoff.eu\/cs\/produkt\/betoff-1-l-kapalina-na-rozpousteni-betonu-soustred-se\/","og_locale":"cs_CZ","og_type":"article","og_title":"BETOFF 1 L - Kapalina na rozpou\u0161t\u011bn\u00ed betonu (soust\u0159e\u010f se) - BETOFF-Produkty pro sv\u011bt betonu i mimo n\u011bj!","og_description":"Betoff je nej\u00fa\u010dinn\u011bj\u0161\u00ed kapalina pro rozpou\u0161t\u011bn\u00ed betonu. Dok\u00e1\u017ee rozpustit vysu\u0161en\u00fd beton za 3 minuty. Rychle a efektivn\u011b rozpou\u0161t\u00ed beton na stroj\u00edch a n\u00e1\u0159ad\u00ed.","og_url":"https:\/\/betoff.eu\/cs\/produkt\/betoff-1-l-kapalina-na-rozpousteni-betonu-soustred-se\/","og_site_name":"BETOFF-Produkty pro sv\u011bt betonu i mimo n\u011bj!","article_modified_time":"2024-04-22T05:18:44+00:00","og_image":[{"width":404,"height":579,"url":"https:\/\/betoff.eu\/wp-content\/uploads\/2024\/04\/Betoff-foto.jpg","type":"image\/jpeg"}],"twitter_card":"summary_large_image","twitter_misc":{"Odhadovan\u00e1 doba \u010dten\u00ed":"1 minuta"},"schema":{"@context":"https:\/\/schema.org","@graph":[{"@type":"WebPage","@id":"https:\/\/betoff.eu\/cs\/produkt\/betoff-1-l-kapalina-na-rozpousteni-betonu-soustred-se\/","url":"https:\/\/betoff.eu\/cs\/produkt\/betoff-1-l-kapalina-na-rozpousteni-betonu-soustred-se\/","name":"BETOFF 1 L - Kapalina na rozpou\u0161t\u011bn\u00ed betonu (soust\u0159e\u010f se) - BETOFF-Produkty pro sv\u011bt betonu i mimo n\u011bj!","isPartOf":{"@id":"https:\/\/betoff.eu\/#website"},"primaryImageOfPage":{"@id":"https:\/\/betoff.eu\/cs\/produkt\/betoff-1-l-kapalina-na-rozpousteni-betonu-soustred-se\/#primaryimage"},"image":{"@id":"https:\/\/betoff.eu\/cs\/produkt\/betoff-1-l-kapalina-na-rozpousteni-betonu-soustred-se\/#primaryimage"},"thumbnailUrl":"https:\/\/betoff.eu\/wp-content\/uploads\/2024\/04\/Betoff-foto.jpg","datePublished":"2024-04-17T06:01:09+00:00","dateModified":"2024-04-22T05:18:44+00:00","description":"Betoff je nej\u00fa\u010dinn\u011bj\u0161\u00ed kapalina pro rozpou\u0161t\u011bn\u00ed betonu. Dok\u00e1\u017ee rozpustit vysu\u0161en\u00fd beton za 3 minuty. Rychle a efektivn\u011b rozpou\u0161t\u00ed beton na stroj\u00edch a n\u00e1\u0159ad\u00ed.","breadcrumb":{"@id":"https:\/\/betoff.eu\/cs\/produkt\/betoff-1-l-kapalina-na-rozpousteni-betonu-soustred-se\/#breadcrumb"},"inLanguage":"cs","potentialAction":[{"@type":"ReadAction","target":["https:\/\/betoff.eu\/cs\/produkt\/betoff-1-l-kapalina-na-rozpousteni-betonu-soustred-se\/"]}]},{"@type":"ImageObject","inLanguage":"cs","@id":"https:\/\/betoff.eu\/cs\/produkt\/betoff-1-l-kapalina-na-rozpousteni-betonu-soustred-se\/#primaryimage","url":"https:\/\/betoff.eu\/wp-content\/uploads\/2024\/04\/Betoff-foto.jpg","contentUrl":"https:\/\/betoff.eu\/wp-content\/uploads\/2024\/04\/Betoff-foto.jpg","width":404,"height":579,"caption":"Kapalina na rozpou\u0161t\u011bn\u00ed betonu"},{"@type":"BreadcrumbList","@id":"https:\/\/betoff.eu\/cs\/produkt\/betoff-1-l-kapalina-na-rozpousteni-betonu-soustred-se\/#breadcrumb","itemListElement":[{"@type":"ListItem","position":1,"name":"Hem","item":"https:\/\/betoff.eu\/cs\/"},{"@type":"ListItem","position":2,"name":"Shop","item":"https:\/\/betoff.eu\/pl\/sklep-2\/"},{"@type":"ListItem","position":3,"name":"BETOFF 1 L &#8211; Kapalina na rozpou\u0161t\u011bn\u00ed betonu (soust\u0159e\u010f se)"}]},{"@type":"WebSite","@id":"https:\/\/betoff.eu\/#website","url":"https:\/\/betoff.eu\/","name":"BETOFF-Products for the world of concrete and beyond!","description":"Betoff - Tekutina na odstra\u0148ov\u00e1n\u00ed betonu","publisher":{"@id":"https:\/\/betoff.eu\/#\/schema\/person\/cded67f1acad0c68af8dcc171137512c"},"potentialAction":[{"@type":"SearchAction","target":{"@type":"EntryPoint","urlTemplate":"https:\/\/betoff.eu\/?s={search_term_string}"},"query-input":{"@type":"PropertyValueSpecification","valueRequired":true,"valueName":"search_term_string"}}],"inLanguage":"cs"},{"@type":["Person","Organization"],"@id":"https:\/\/betoff.eu\/#\/schema\/person\/cded67f1acad0c68af8dcc171137512c","name":"admin","image":{"@type":"ImageObject","inLanguage":"cs","@id":"https:\/\/betoff.eu\/#\/schema\/person\/image\/","url":"https:\/\/betoff.eu\/wp-content\/uploads\/2021\/02\/betoff-logo.png","contentUrl":"https:\/\/betoff.eu\/wp-content\/uploads\/2021\/02\/betoff-logo.png","width":1024,"height":258,"caption":"admin"},"logo":{"@id":"https:\/\/betoff.eu\/#\/schema\/person\/image\/"}}]}},"_links":{"self":[{"href":"https:\/\/betoff.eu\/cs\/wp-json\/wp\/v2\/product\/3148","targetHints":{"allow":["GET"]}}],"collection":[{"href":"https:\/\/betoff.eu\/cs\/wp-json\/wp\/v2\/product"}],"about":[{"href":"https:\/\/betoff.eu\/cs\/wp-json\/wp\/v2\/types\/product"}],"wp:featuredmedia":[{"embeddable":true,"href":"https:\/\/betoff.eu\/cs\/wp-json\/wp\/v2\/media\/3149"}],"wp:attachment":[{"href":"https:\/\/betoff.eu\/cs\/wp-json\/wp\/v2\/media?parent=3148"}],"wp:term":[{"taxonomy":"product_brand","embeddable":true,"href":"https:\/\/betoff.eu\/cs\/wp-json\/wp\/v2\/product_brand?post=3148"},{"taxonomy":"product_cat","embeddable":true,"href":"https:\/\/betoff.eu\/cs\/wp-json\/wp\/v2\/product_cat?post=3148"},{"taxonomy":"product_tag","embeddable":true,"href":"https:\/\/betoff.eu\/cs\/wp-json\/wp\/v2\/product_tag?post=3148"}],"curies":[{"name":"wp","href":"https:\/\/api.w.org\/{rel}","templated":true}]}}