{"id":39160,"date":"2021-02-16T21:22:12","date_gmt":"2021-02-16T20:22:12","guid":{"rendered":"https:\/\/betoff.eu\/mitt-konto-2\/"},"modified":"2024-08-10T09:25:45","modified_gmt":"2024-08-10T07:25:45","slug":"mitt-konto-2","status":"publish","type":"page","link":"https:\/\/betoff.eu\/cs\/mitt-konto-2\/","title":{"rendered":"Mitt konto"},"content":{"rendered":"<div class=\"woocommerce\"><\/div>\n","protected":false},"excerpt":{"rendered":"","protected":false},"author":1,"featured_media":0,"parent":0,"menu_order":0,"comment_status":"closed","ping_status":"closed","template":"","meta":{"om_disable_all_campaigns":false,"footnotes":""},"class_list":["post-39160","page","type-page","status-publish","hentry"],"yoast_head":"<!-- This site is optimized with the Yoast SEO plugin v25.9 - https:\/\/yoast.com\/wordpress\/plugins\/seo\/ -->\n<title>Mitt konto - BETOFF-Produkty pro sv\u011bt betonu i mimo n\u011bj!<\/title>\n<meta name=\"robots\" content=\"index, follow, max-snippet:-1, max-image-preview:large, max-video-preview:-1\" \/>\n<link rel=\"canonical\" href=\"https:\/\/betoff.eu\/pl\/mitt-konto\/\" \/>\n<meta property=\"og:locale\" content=\"cs_CZ\" \/>\n<meta property=\"og:type\" content=\"article\" \/>\n<meta property=\"og:title\" content=\"Mitt konto - BETOFF-Produkty pro sv\u011bt betonu i mimo n\u011bj!\" \/>\n<meta property=\"og:url\" content=\"https:\/\/betoff.eu\/pl\/mitt-konto\/\" \/>\n<meta property=\"og:site_name\" content=\"BETOFF-Produkty pro sv\u011bt betonu i mimo n\u011bj!\" \/>\n<meta property=\"article:modified_time\" content=\"2024-08-10T07:25:45+00:00\" \/>\n<meta name=\"twitter:card\" content=\"summary_large_image\" \/>\n<script type=\"application\/ld+json\" class=\"yoast-schema-graph\">{\"@context\":\"https:\/\/schema.org\",\"@graph\":[{\"@type\":\"WebPage\",\"@id\":\"https:\/\/betoff.eu\/pl\/mitt-konto\/\",\"url\":\"https:\/\/betoff.eu\/pl\/mitt-konto\/\",\"name\":\"Mitt konto - BETOFF-Produkty pro sv\u011bt betonu i mimo n\u011bj!\",\"isPartOf\":{\"@id\":\"https:\/\/betoff.eu\/#website\"},\"datePublished\":\"2021-02-16T20:22:12+00:00\",\"dateModified\":\"2024-08-10T07:25:45+00:00\",\"breadcrumb\":{\"@id\":\"https:\/\/betoff.eu\/pl\/mitt-konto\/#breadcrumb\"},\"inLanguage\":\"cs\",\"potentialAction\":[{\"@type\":\"ReadAction\",\"target\":[\"https:\/\/betoff.eu\/pl\/mitt-konto\/\"]}]},{\"@type\":\"BreadcrumbList\",\"@id\":\"https:\/\/betoff.eu\/pl\/mitt-konto\/#breadcrumb\",\"itemListElement\":[{\"@type\":\"ListItem\",\"position\":1,\"name\":\"Hem\",\"item\":\"https:\/\/betoff.eu\/cs\/\"},{\"@type\":\"ListItem\",\"position\":2,\"name\":\"Mitt konto\"}]},{\"@type\":\"WebSite\",\"@id\":\"https:\/\/betoff.eu\/#website\",\"url\":\"https:\/\/betoff.eu\/\",\"name\":\"BETOFF-Products for the world of concrete and beyond!\",\"description\":\"Betoff - Tekutina na odstra\u0148ov\u00e1n\u00ed betonu\",\"publisher\":{\"@id\":\"https:\/\/betoff.eu\/#\/schema\/person\/cded67f1acad0c68af8dcc171137512c\"},\"potentialAction\":[{\"@type\":\"SearchAction\",\"target\":{\"@type\":\"EntryPoint\",\"urlTemplate\":\"https:\/\/betoff.eu\/?s={search_term_string}\"},\"query-input\":{\"@type\":\"PropertyValueSpecification\",\"valueRequired\":true,\"valueName\":\"search_term_string\"}}],\"inLanguage\":\"cs\"},{\"@type\":[\"Person\",\"Organization\"],\"@id\":\"https:\/\/betoff.eu\/#\/schema\/person\/cded67f1acad0c68af8dcc171137512c\",\"name\":\"admin\",\"image\":{\"@type\":\"ImageObject\",\"inLanguage\":\"cs\",\"@id\":\"https:\/\/betoff.eu\/#\/schema\/person\/image\/\",\"url\":\"https:\/\/betoff.eu\/wp-content\/uploads\/2021\/02\/betoff-logo.png\",\"contentUrl\":\"https:\/\/betoff.eu\/wp-content\/uploads\/2021\/02\/betoff-logo.png\",\"width\":1024,\"height\":258,\"caption\":\"admin\"},\"logo\":{\"@id\":\"https:\/\/betoff.eu\/#\/schema\/person\/image\/\"}}]}<\/script>\n<!-- \/ Yoast SEO plugin. -->","yoast_head_json":{"title":"Mitt konto - BETOFF-Produkty pro sv\u011bt betonu i mimo n\u011bj!","robots":{"index":"index","follow":"follow","max-snippet":"max-snippet:-1","max-image-preview":"max-image-preview:large","max-video-preview":"max-video-preview:-1"},"canonical":"https:\/\/betoff.eu\/pl\/mitt-konto\/","og_locale":"cs_CZ","og_type":"article","og_title":"Mitt konto - BETOFF-Produkty pro sv\u011bt betonu i mimo n\u011bj!","og_url":"https:\/\/betoff.eu\/pl\/mitt-konto\/","og_site_name":"BETOFF-Produkty pro sv\u011bt betonu i mimo n\u011bj!","article_modified_time":"2024-08-10T07:25:45+00:00","twitter_card":"summary_large_image","schema":{"@context":"https:\/\/schema.org","@graph":[{"@type":"WebPage","@id":"https:\/\/betoff.eu\/pl\/mitt-konto\/","url":"https:\/\/betoff.eu\/pl\/mitt-konto\/","name":"Mitt konto - BETOFF-Produkty pro sv\u011bt betonu i mimo n\u011bj!","isPartOf":{"@id":"https:\/\/betoff.eu\/#website"},"datePublished":"2021-02-16T20:22:12+00:00","dateModified":"2024-08-10T07:25:45+00:00","breadcrumb":{"@id":"https:\/\/betoff.eu\/pl\/mitt-konto\/#breadcrumb"},"inLanguage":"cs","potentialAction":[{"@type":"ReadAction","target":["https:\/\/betoff.eu\/pl\/mitt-konto\/"]}]},{"@type":"BreadcrumbList","@id":"https:\/\/betoff.eu\/pl\/mitt-konto\/#breadcrumb","itemListElement":[{"@type":"ListItem","position":1,"name":"Hem","item":"https:\/\/betoff.eu\/cs\/"},{"@type":"ListItem","position":2,"name":"Mitt konto"}]},{"@type":"WebSite","@id":"https:\/\/betoff.eu\/#website","url":"https:\/\/betoff.eu\/","name":"BETOFF-Products for the world of concrete and beyond!","description":"Betoff - Tekutina na odstra\u0148ov\u00e1n\u00ed betonu","publisher":{"@id":"https:\/\/betoff.eu\/#\/schema\/person\/cded67f1acad0c68af8dcc171137512c"},"potentialAction":[{"@type":"SearchAction","target":{"@type":"EntryPoint","urlTemplate":"https:\/\/betoff.eu\/?s={search_term_string}"},"query-input":{"@type":"PropertyValueSpecification","valueRequired":true,"valueName":"search_term_string"}}],"inLanguage":"cs"},{"@type":["Person","Organization"],"@id":"https:\/\/betoff.eu\/#\/schema\/person\/cded67f1acad0c68af8dcc171137512c","name":"admin","image":{"@type":"ImageObject","inLanguage":"cs","@id":"https:\/\/betoff.eu\/#\/schema\/person\/image\/","url":"https:\/\/betoff.eu\/wp-content\/uploads\/2021\/02\/betoff-logo.png","contentUrl":"https:\/\/betoff.eu\/wp-content\/uploads\/2021\/02\/betoff-logo.png","width":1024,"height":258,"caption":"admin"},"logo":{"@id":"https:\/\/betoff.eu\/#\/schema\/person\/image\/"}}]}},"_links":{"self":[{"href":"https:\/\/betoff.eu\/cs\/wp-json\/wp\/v2\/pages\/39160","targetHints":{"allow":["GET"]}}],"collection":[{"href":"https:\/\/betoff.eu\/cs\/wp-json\/wp\/v2\/pages"}],"about":[{"href":"https:\/\/betoff.eu\/cs\/wp-json\/wp\/v2\/types\/page"}],"author":[{"embeddable":true,"href":"https:\/\/betoff.eu\/cs\/wp-json\/wp\/v2\/users\/1"}],"replies":[{"embeddable":true,"href":"https:\/\/betoff.eu\/cs\/wp-json\/wp\/v2\/comments?post=39160"}],"version-history":[{"count":0,"href":"https:\/\/betoff.eu\/cs\/wp-json\/wp\/v2\/pages\/39160\/revisions"}],"wp:attachment":[{"href":"https:\/\/betoff.eu\/cs\/wp-json\/wp\/v2\/media?parent=39160"}],"curies":[{"name":"wp","href":"https:\/\/api.w.org\/{rel}","templated":true}]}}