{"id":14090,"date":"2024-06-21T20:28:06","date_gmt":"2024-06-21T18:28:06","guid":{"rendered":"https:\/\/betoff.eu\/?page_id=14090"},"modified":"2024-06-22T08:08:41","modified_gmt":"2024-06-22T06:08:41","slug":"vraceni-zbozi-a-reklamace","status":"publish","type":"page","link":"https:\/\/betoff.eu\/cs\/vraceni-zbozi-a-reklamace\/","title":{"rendered":"Vr\u00e1cen\u00ed zbo\u017e\u00ed a reklamace"},"content":{"rendered":"\n\n\n<p>Vr\u00e1cen\u00ed zbo\u017e\u00ed a reklamace:<br>Reklamace kapaliny zakoupen\u00e9 v internetov\u00e9m obchod\u011b betoff.eu lze uplatnit pouze e-mailem, na adresu: betoff@betoff.eu Uve\u010fte pros\u00edm \u010d\u00edslo objedn\u00e1vky vygenerovan\u00e9 p\u0159i n\u00e1kupu a tak\u00e9 d\u016fvod, pro\u010d jste si vybrali k vr\u00e1cen\u00ed produktu.<\/p>\n\n\n\n<p>V\u00fdrobek mus\u00ed b\u00fdt z v\u00fdroby zape\u010det\u011bn. Po vr\u00e1cen\u00ed produktu k n\u00e1m dojde k jeho ov\u011b\u0159en\u00ed a pot\u00e9, pokud nedo\u0161lo k poru\u0161en\u00ed uz\u00e1v\u011bru, vr\u00e1t\u00edme \u010d\u00e1stku, za kterou byl produkt zakoupen. Z\u00e1kazn\u00edk m\u00e1 pr\u00e1vo vr\u00e1tit zbo\u017e\u00ed do 14 dn\u016f od data n\u00e1kupu.<\/p>\n\n\n\n<p>Reklamace bude vy\u0159\u00edzena do 5 pracovn\u00edch dn\u016f ode dne p\u0159ijet\u00ed. Nejprve bude st\u00ed\u017enost p\u0159e\u010dtena a posouzena podle jej\u00ed podstaty. N\u00e1sledn\u011b bude seps\u00e1n formul\u00e1\u0159 obsahuj\u00edc\u00ed va\u0161e \u00fadaje a d\u016fvod reklamace, kter\u00fd uvedete v e-mailu, kter\u00fd n\u00e1m za\u0161lete. Z\u00e1kazn\u00edk obdr\u017e\u00ed zp\u011btn\u00fd e-mail s vypln\u011bn\u00fdm formul\u00e1\u0159em k podpisu a vr\u00e1cen\u00ed.<\/p>\n","protected":false},"excerpt":{"rendered":"<p>Vr\u00e1cen\u00ed zbo\u017e\u00ed a reklamace:Reklamace kapaliny zakoupen\u00e9 v internetov\u00e9m obchod\u011b betoff.eu lze uplatnit pouze e-mailem, na adresu: betoff@betoff.eu Uve\u010fte pros\u00edm \u010d\u00edslo objedn\u00e1vky vygenerovan\u00e9 p\u0159i n\u00e1kupu a tak\u00e9 d\u016fvod, pro\u010d jste si vybrali k vr\u00e1cen\u00ed produktu. V\u00fdrobek mus\u00ed b\u00fdt z v\u00fdroby zape\u010det\u011bn. Po vr\u00e1cen\u00ed produktu k n\u00e1m dojde k jeho ov\u011b\u0159en\u00ed a pot\u00e9, pokud nedo\u0161lo k poru\u0161en\u00ed [&#8230;]\n","protected":false},"author":1,"featured_media":0,"parent":0,"menu_order":0,"comment_status":"closed","ping_status":"closed","template":"","meta":{"om_disable_all_campaigns":false,"footnotes":""},"class_list":["post-14090","page","type-page","status-publish","hentry"],"yoast_head":"<!-- This site is optimized with the Yoast SEO plugin v25.9 - https:\/\/yoast.com\/wordpress\/plugins\/seo\/ -->\n<title>Vr\u00e1cen\u00ed zbo\u017e\u00ed a reklamace - BETOFF-Produkty pro sv\u011bt betonu i mimo n\u011bj!<\/title>\n<meta name=\"robots\" content=\"index, follow, max-snippet:-1, max-image-preview:large, max-video-preview:-1\" \/>\n<link rel=\"canonical\" href=\"https:\/\/betoff.eu\/cs\/vraceni-zbozi-a-reklamace\/\" \/>\n<meta property=\"og:locale\" content=\"cs_CZ\" \/>\n<meta property=\"og:type\" content=\"article\" \/>\n<meta property=\"og:title\" content=\"Vr\u00e1cen\u00ed zbo\u017e\u00ed a reklamace - BETOFF-Produkty pro sv\u011bt betonu i mimo n\u011bj!\" \/>\n<meta property=\"og:description\" content=\"Vr\u00e1cen\u00ed zbo\u017e\u00ed a reklamace:Reklamace kapaliny zakoupen\u00e9 v internetov\u00e9m obchod\u011b betoff.eu lze uplatnit pouze e-mailem, na adresu: betoff@betoff.eu Uve\u010fte pros\u00edm \u010d\u00edslo objedn\u00e1vky vygenerovan\u00e9 p\u0159i n\u00e1kupu a tak\u00e9 d\u016fvod, pro\u010d jste si vybrali k vr\u00e1cen\u00ed produktu. V\u00fdrobek mus\u00ed b\u00fdt z v\u00fdroby zape\u010det\u011bn. Po vr\u00e1cen\u00ed produktu k n\u00e1m dojde k jeho ov\u011b\u0159en\u00ed a pot\u00e9, pokud nedo\u0161lo k poru\u0161en\u00ed [...]\" \/>\n<meta property=\"og:url\" content=\"https:\/\/betoff.eu\/cs\/vraceni-zbozi-a-reklamace\/\" \/>\n<meta property=\"og:site_name\" content=\"BETOFF-Produkty pro sv\u011bt betonu i mimo n\u011bj!\" \/>\n<meta property=\"article:modified_time\" content=\"2024-06-22T06:08:41+00:00\" \/>\n<meta name=\"twitter:card\" content=\"summary_large_image\" \/>\n<meta name=\"twitter:label1\" content=\"Odhadovan\u00e1 doba \u010dten\u00ed\" \/>\n\t<meta name=\"twitter:data1\" content=\"1 minuta\" \/>\n<script type=\"application\/ld+json\" class=\"yoast-schema-graph\">{\"@context\":\"https:\/\/schema.org\",\"@graph\":[{\"@type\":\"WebPage\",\"@id\":\"https:\/\/betoff.eu\/cs\/vraceni-zbozi-a-reklamace\/\",\"url\":\"https:\/\/betoff.eu\/cs\/vraceni-zbozi-a-reklamace\/\",\"name\":\"Vr\u00e1cen\u00ed zbo\u017e\u00ed a reklamace - BETOFF-Produkty pro sv\u011bt betonu i mimo n\u011bj!\",\"isPartOf\":{\"@id\":\"https:\/\/betoff.eu\/#website\"},\"datePublished\":\"2024-06-21T18:28:06+00:00\",\"dateModified\":\"2024-06-22T06:08:41+00:00\",\"breadcrumb\":{\"@id\":\"https:\/\/betoff.eu\/cs\/vraceni-zbozi-a-reklamace\/#breadcrumb\"},\"inLanguage\":\"cs\",\"potentialAction\":[{\"@type\":\"ReadAction\",\"target\":[\"https:\/\/betoff.eu\/cs\/vraceni-zbozi-a-reklamace\/\"]}]},{\"@type\":\"BreadcrumbList\",\"@id\":\"https:\/\/betoff.eu\/cs\/vraceni-zbozi-a-reklamace\/#breadcrumb\",\"itemListElement\":[{\"@type\":\"ListItem\",\"position\":1,\"name\":\"Hem\",\"item\":\"https:\/\/betoff.eu\/cs\/\"},{\"@type\":\"ListItem\",\"position\":2,\"name\":\"Vr\u00e1cen\u00ed zbo\u017e\u00ed a reklamace\"}]},{\"@type\":\"WebSite\",\"@id\":\"https:\/\/betoff.eu\/#website\",\"url\":\"https:\/\/betoff.eu\/\",\"name\":\"BETOFF-Products for the world of concrete and beyond!\",\"description\":\"Betoff - Tekutina na odstra\u0148ov\u00e1n\u00ed betonu\",\"publisher\":{\"@id\":\"https:\/\/betoff.eu\/#\/schema\/person\/cded67f1acad0c68af8dcc171137512c\"},\"potentialAction\":[{\"@type\":\"SearchAction\",\"target\":{\"@type\":\"EntryPoint\",\"urlTemplate\":\"https:\/\/betoff.eu\/?s={search_term_string}\"},\"query-input\":{\"@type\":\"PropertyValueSpecification\",\"valueRequired\":true,\"valueName\":\"search_term_string\"}}],\"inLanguage\":\"cs\"},{\"@type\":[\"Person\",\"Organization\"],\"@id\":\"https:\/\/betoff.eu\/#\/schema\/person\/cded67f1acad0c68af8dcc171137512c\",\"name\":\"admin\",\"image\":{\"@type\":\"ImageObject\",\"inLanguage\":\"cs\",\"@id\":\"https:\/\/betoff.eu\/#\/schema\/person\/image\/\",\"url\":\"https:\/\/betoff.eu\/wp-content\/uploads\/2021\/02\/betoff-logo.png\",\"contentUrl\":\"https:\/\/betoff.eu\/wp-content\/uploads\/2021\/02\/betoff-logo.png\",\"width\":1024,\"height\":258,\"caption\":\"admin\"},\"logo\":{\"@id\":\"https:\/\/betoff.eu\/#\/schema\/person\/image\/\"}}]}<\/script>\n<!-- \/ Yoast SEO plugin. -->","yoast_head_json":{"title":"Vr\u00e1cen\u00ed zbo\u017e\u00ed a reklamace - BETOFF-Produkty pro sv\u011bt betonu i mimo n\u011bj!","robots":{"index":"index","follow":"follow","max-snippet":"max-snippet:-1","max-image-preview":"max-image-preview:large","max-video-preview":"max-video-preview:-1"},"canonical":"https:\/\/betoff.eu\/cs\/vraceni-zbozi-a-reklamace\/","og_locale":"cs_CZ","og_type":"article","og_title":"Vr\u00e1cen\u00ed zbo\u017e\u00ed a reklamace - BETOFF-Produkty pro sv\u011bt betonu i mimo n\u011bj!","og_description":"Vr\u00e1cen\u00ed zbo\u017e\u00ed a reklamace:Reklamace kapaliny zakoupen\u00e9 v internetov\u00e9m obchod\u011b betoff.eu lze uplatnit pouze e-mailem, na adresu: betoff@betoff.eu Uve\u010fte pros\u00edm \u010d\u00edslo objedn\u00e1vky vygenerovan\u00e9 p\u0159i n\u00e1kupu a tak\u00e9 d\u016fvod, pro\u010d jste si vybrali k vr\u00e1cen\u00ed produktu. V\u00fdrobek mus\u00ed b\u00fdt z v\u00fdroby zape\u010det\u011bn. Po vr\u00e1cen\u00ed produktu k n\u00e1m dojde k jeho ov\u011b\u0159en\u00ed a pot\u00e9, pokud nedo\u0161lo k poru\u0161en\u00ed [...]","og_url":"https:\/\/betoff.eu\/cs\/vraceni-zbozi-a-reklamace\/","og_site_name":"BETOFF-Produkty pro sv\u011bt betonu i mimo n\u011bj!","article_modified_time":"2024-06-22T06:08:41+00:00","twitter_card":"summary_large_image","twitter_misc":{"Odhadovan\u00e1 doba \u010dten\u00ed":"1 minuta"},"schema":{"@context":"https:\/\/schema.org","@graph":[{"@type":"WebPage","@id":"https:\/\/betoff.eu\/cs\/vraceni-zbozi-a-reklamace\/","url":"https:\/\/betoff.eu\/cs\/vraceni-zbozi-a-reklamace\/","name":"Vr\u00e1cen\u00ed zbo\u017e\u00ed a reklamace - BETOFF-Produkty pro sv\u011bt betonu i mimo n\u011bj!","isPartOf":{"@id":"https:\/\/betoff.eu\/#website"},"datePublished":"2024-06-21T18:28:06+00:00","dateModified":"2024-06-22T06:08:41+00:00","breadcrumb":{"@id":"https:\/\/betoff.eu\/cs\/vraceni-zbozi-a-reklamace\/#breadcrumb"},"inLanguage":"cs","potentialAction":[{"@type":"ReadAction","target":["https:\/\/betoff.eu\/cs\/vraceni-zbozi-a-reklamace\/"]}]},{"@type":"BreadcrumbList","@id":"https:\/\/betoff.eu\/cs\/vraceni-zbozi-a-reklamace\/#breadcrumb","itemListElement":[{"@type":"ListItem","position":1,"name":"Hem","item":"https:\/\/betoff.eu\/cs\/"},{"@type":"ListItem","position":2,"name":"Vr\u00e1cen\u00ed zbo\u017e\u00ed a reklamace"}]},{"@type":"WebSite","@id":"https:\/\/betoff.eu\/#website","url":"https:\/\/betoff.eu\/","name":"BETOFF-Products for the world of concrete and beyond!","description":"Betoff - Tekutina na odstra\u0148ov\u00e1n\u00ed betonu","publisher":{"@id":"https:\/\/betoff.eu\/#\/schema\/person\/cded67f1acad0c68af8dcc171137512c"},"potentialAction":[{"@type":"SearchAction","target":{"@type":"EntryPoint","urlTemplate":"https:\/\/betoff.eu\/?s={search_term_string}"},"query-input":{"@type":"PropertyValueSpecification","valueRequired":true,"valueName":"search_term_string"}}],"inLanguage":"cs"},{"@type":["Person","Organization"],"@id":"https:\/\/betoff.eu\/#\/schema\/person\/cded67f1acad0c68af8dcc171137512c","name":"admin","image":{"@type":"ImageObject","inLanguage":"cs","@id":"https:\/\/betoff.eu\/#\/schema\/person\/image\/","url":"https:\/\/betoff.eu\/wp-content\/uploads\/2021\/02\/betoff-logo.png","contentUrl":"https:\/\/betoff.eu\/wp-content\/uploads\/2021\/02\/betoff-logo.png","width":1024,"height":258,"caption":"admin"},"logo":{"@id":"https:\/\/betoff.eu\/#\/schema\/person\/image\/"}}]}},"_links":{"self":[{"href":"https:\/\/betoff.eu\/cs\/wp-json\/wp\/v2\/pages\/14090","targetHints":{"allow":["GET"]}}],"collection":[{"href":"https:\/\/betoff.eu\/cs\/wp-json\/wp\/v2\/pages"}],"about":[{"href":"https:\/\/betoff.eu\/cs\/wp-json\/wp\/v2\/types\/page"}],"author":[{"embeddable":true,"href":"https:\/\/betoff.eu\/cs\/wp-json\/wp\/v2\/users\/1"}],"replies":[{"embeddable":true,"href":"https:\/\/betoff.eu\/cs\/wp-json\/wp\/v2\/comments?post=14090"}],"version-history":[{"count":0,"href":"https:\/\/betoff.eu\/cs\/wp-json\/wp\/v2\/pages\/14090\/revisions"}],"wp:attachment":[{"href":"https:\/\/betoff.eu\/cs\/wp-json\/wp\/v2\/media?parent=14090"}],"curies":[{"name":"wp","href":"https:\/\/api.w.org\/{rel}","templated":true}]}}