{"id":14008,"date":"2024-06-21T12:19:38","date_gmt":"2024-06-21T10:19:38","guid":{"rendered":"https:\/\/betoff.eu\/?page_id=14008"},"modified":"2024-06-21T12:22:31","modified_gmt":"2024-06-21T10:22:31","slug":"podminky-internetoveho-obchodu","status":"publish","type":"page","link":"https:\/\/betoff.eu\/cs\/podminky-internetoveho-obchodu\/","title":{"rendered":"Podm\u00ednky pro internetov\u00fd obchod"},"content":{"rendered":"\n\n\n<p>podm\u00ednky internetov\u00e9ho obchodu betoff.eu<\/p>\n\n\n\n<p>Tato pravidla definuj\u00ed podm\u00ednky v\u00fdroby.<br>Nakupujte v internetov\u00e9m obchod\u011b betoff.eu<\/p>\n\n\n\n<p>Prod\u00e1vaj\u00edc\u00edm je Innovachem Krystian Grzyb z.<br>ve Var\u0161av\u011b, ul. Sarma\u010da 21.8<br>(NIP 762-176-43-06).<\/p>\n\n\n\n<p>Objedn\u00e1vky lze zad\u00e1vat prost\u0159ednictv\u00edm internetov\u00e9ho obchodu betoix.pl.<br>Ode\u0161lete 24 hodin denn\u011b a zaregistrujte se zde<br>Obchod je zcela zdarma a dobrovoln\u00fd. v obchod\u011b<br>Objedn\u00e1vky lze zad\u00e1vat online na betoix.pl.<br>pouze pro dosp\u011bl\u00e9<br>z\u00e1konnost uzav\u0159\u00edt smlouvu<br>kupn\u00ed smlouvy na zbo\u017e\u00ed a slu\u017eby.<\/p>\n\n\n\n<p>Informace na webu obchodu<br>Jedn\u00e1 se o nab\u00eddku ve smyslu ob\u010dansk\u00e9ho pr\u00e1va.<br>Zad\u00e1n\u00ed objedn\u00e1vky je pova\u017eov\u00e1no za nab\u00eddku ke koupi<br>Produkty jsou vyb\u00edr\u00e1ny podle podm\u00ednek uveden\u00fdch v \u010dl\u00e1nku<br>Popis p\u0159\u00edpadu.<\/p>\n\n\n\n<p>Objedn\u00e1vka je potvrzena e-mailem<br>Prod\u00e1vaj\u00edc\u00ed ode\u0161le zpr\u00e1vu na e-mail<br>elektronicky. Objedn\u00e1vka bude zpracov\u00e1na pozd\u011bji<br>\u00da\u010dtov\u00e1n\u00ed plateb za zbo\u017e\u00ed uveden\u00e9 v \u010dl\u00e1nku<br>objednat.<\/p>\n\n\n\n<p>Zbo\u017e\u00ed je zas\u00edl\u00e1no na adresu uvedenou v objedn\u00e1vce<br>P\u0159\u00edjemce do 2-3 pracovn\u00edch dn\u016f od data<br>zaslat platbu na \u00fa\u010det prod\u00e1vaj\u00edc\u00edho.<\/p>\n\n\n\n<p>Produkty nab\u00edzen\u00e9 v internetov\u00e9m obchod\u011b jsou leg\u00e1ln\u00ed<br>Zcela nov\u00e9 a dodan\u00e9 na polsk\u00fd trh<br>bez pr\u00e1vn\u00edho nebo fyzick\u00e9ho zavin\u011bn\u00ed<\/p>\n","protected":false},"excerpt":{"rendered":"<p>podm\u00ednky internetov\u00e9ho obchodu betoff.eu Tato pravidla definuj\u00ed podm\u00ednky v\u00fdroby.Nakupujte v internetov\u00e9m obchod\u011b betoff.eu Prod\u00e1vaj\u00edc\u00edm je Innovachem Krystian Grzyb z.ve Var\u0161av\u011b, ul. Sarma\u010da 21.8(NIP 762-176-43-06). Objedn\u00e1vky lze zad\u00e1vat prost\u0159ednictv\u00edm internetov\u00e9ho obchodu betoix.pl.Ode\u0161lete 24 hodin denn\u011b a zaregistrujte se zdeObchod je zcela zdarma a dobrovoln\u00fd. v obchod\u011bObjedn\u00e1vky lze zad\u00e1vat online na betoix.pl.pouze pro dosp\u011bl\u00e9z\u00e1konnost uzav\u0159\u00edt smlouvukupn\u00ed smlouvy [&#8230;]\n","protected":false},"author":1,"featured_media":0,"parent":0,"menu_order":0,"comment_status":"closed","ping_status":"closed","template":"","meta":{"om_disable_all_campaigns":false,"footnotes":""},"class_list":["post-14008","page","type-page","status-publish","hentry"],"yoast_head":"<!-- This site is optimized with the Yoast SEO plugin v25.9 - https:\/\/yoast.com\/wordpress\/plugins\/seo\/ -->\n<title>Podm\u00ednky pro internetov\u00fd obchod - BETOFF-Produkty pro sv\u011bt betonu i mimo n\u011bj!<\/title>\n<meta name=\"robots\" content=\"index, follow, max-snippet:-1, max-image-preview:large, max-video-preview:-1\" \/>\n<link rel=\"canonical\" href=\"https:\/\/betoff.eu\/cs\/podminky-internetoveho-obchodu\/\" \/>\n<meta property=\"og:locale\" content=\"cs_CZ\" \/>\n<meta property=\"og:type\" content=\"article\" \/>\n<meta property=\"og:title\" content=\"Podm\u00ednky pro internetov\u00fd obchod - BETOFF-Produkty pro sv\u011bt betonu i mimo n\u011bj!\" \/>\n<meta property=\"og:description\" content=\"podm\u00ednky internetov\u00e9ho obchodu betoff.eu Tato pravidla definuj\u00ed podm\u00ednky v\u00fdroby.Nakupujte v internetov\u00e9m obchod\u011b betoff.eu Prod\u00e1vaj\u00edc\u00edm je Innovachem Krystian Grzyb z.ve Var\u0161av\u011b, ul. Sarma\u010da 21.8(NIP 762-176-43-06). Objedn\u00e1vky lze zad\u00e1vat prost\u0159ednictv\u00edm internetov\u00e9ho obchodu betoix.pl.Ode\u0161lete 24 hodin denn\u011b a zaregistrujte se zdeObchod je zcela zdarma a dobrovoln\u00fd. v obchod\u011bObjedn\u00e1vky lze zad\u00e1vat online na betoix.pl.pouze pro dosp\u011bl\u00e9z\u00e1konnost uzav\u0159\u00edt smlouvukupn\u00ed smlouvy [...]\" \/>\n<meta property=\"og:url\" content=\"https:\/\/betoff.eu\/cs\/podminky-internetoveho-obchodu\/\" \/>\n<meta property=\"og:site_name\" content=\"BETOFF-Produkty pro sv\u011bt betonu i mimo n\u011bj!\" \/>\n<meta property=\"article:modified_time\" content=\"2024-06-21T10:22:31+00:00\" \/>\n<meta name=\"twitter:card\" content=\"summary_large_image\" \/>\n<meta name=\"twitter:label1\" content=\"Odhadovan\u00e1 doba \u010dten\u00ed\" \/>\n\t<meta name=\"twitter:data1\" content=\"1 minuta\" \/>\n<script type=\"application\/ld+json\" class=\"yoast-schema-graph\">{\"@context\":\"https:\/\/schema.org\",\"@graph\":[{\"@type\":\"WebPage\",\"@id\":\"https:\/\/betoff.eu\/cs\/podminky-internetoveho-obchodu\/\",\"url\":\"https:\/\/betoff.eu\/cs\/podminky-internetoveho-obchodu\/\",\"name\":\"Podm\u00ednky pro internetov\u00fd obchod - BETOFF-Produkty pro sv\u011bt betonu i mimo n\u011bj!\",\"isPartOf\":{\"@id\":\"https:\/\/betoff.eu\/#website\"},\"datePublished\":\"2024-06-21T10:19:38+00:00\",\"dateModified\":\"2024-06-21T10:22:31+00:00\",\"breadcrumb\":{\"@id\":\"https:\/\/betoff.eu\/cs\/podminky-internetoveho-obchodu\/#breadcrumb\"},\"inLanguage\":\"cs\",\"potentialAction\":[{\"@type\":\"ReadAction\",\"target\":[\"https:\/\/betoff.eu\/cs\/podminky-internetoveho-obchodu\/\"]}]},{\"@type\":\"BreadcrumbList\",\"@id\":\"https:\/\/betoff.eu\/cs\/podminky-internetoveho-obchodu\/#breadcrumb\",\"itemListElement\":[{\"@type\":\"ListItem\",\"position\":1,\"name\":\"Hem\",\"item\":\"https:\/\/betoff.eu\/cs\/\"},{\"@type\":\"ListItem\",\"position\":2,\"name\":\"Podm\u00ednky pro internetov\u00fd obchod\"}]},{\"@type\":\"WebSite\",\"@id\":\"https:\/\/betoff.eu\/#website\",\"url\":\"https:\/\/betoff.eu\/\",\"name\":\"BETOFF-Products for the world of concrete and beyond!\",\"description\":\"Betoff - Tekutina na odstra\u0148ov\u00e1n\u00ed betonu\",\"publisher\":{\"@id\":\"https:\/\/betoff.eu\/#\/schema\/person\/cded67f1acad0c68af8dcc171137512c\"},\"potentialAction\":[{\"@type\":\"SearchAction\",\"target\":{\"@type\":\"EntryPoint\",\"urlTemplate\":\"https:\/\/betoff.eu\/?s={search_term_string}\"},\"query-input\":{\"@type\":\"PropertyValueSpecification\",\"valueRequired\":true,\"valueName\":\"search_term_string\"}}],\"inLanguage\":\"cs\"},{\"@type\":[\"Person\",\"Organization\"],\"@id\":\"https:\/\/betoff.eu\/#\/schema\/person\/cded67f1acad0c68af8dcc171137512c\",\"name\":\"admin\",\"image\":{\"@type\":\"ImageObject\",\"inLanguage\":\"cs\",\"@id\":\"https:\/\/betoff.eu\/#\/schema\/person\/image\/\",\"url\":\"https:\/\/betoff.eu\/wp-content\/uploads\/2021\/02\/betoff-logo.png\",\"contentUrl\":\"https:\/\/betoff.eu\/wp-content\/uploads\/2021\/02\/betoff-logo.png\",\"width\":1024,\"height\":258,\"caption\":\"admin\"},\"logo\":{\"@id\":\"https:\/\/betoff.eu\/#\/schema\/person\/image\/\"}}]}<\/script>\n<!-- \/ Yoast SEO plugin. -->","yoast_head_json":{"title":"Podm\u00ednky pro internetov\u00fd obchod - BETOFF-Produkty pro sv\u011bt betonu i mimo n\u011bj!","robots":{"index":"index","follow":"follow","max-snippet":"max-snippet:-1","max-image-preview":"max-image-preview:large","max-video-preview":"max-video-preview:-1"},"canonical":"https:\/\/betoff.eu\/cs\/podminky-internetoveho-obchodu\/","og_locale":"cs_CZ","og_type":"article","og_title":"Podm\u00ednky pro internetov\u00fd obchod - BETOFF-Produkty pro sv\u011bt betonu i mimo n\u011bj!","og_description":"podm\u00ednky internetov\u00e9ho obchodu betoff.eu Tato pravidla definuj\u00ed podm\u00ednky v\u00fdroby.Nakupujte v internetov\u00e9m obchod\u011b betoff.eu Prod\u00e1vaj\u00edc\u00edm je Innovachem Krystian Grzyb z.ve Var\u0161av\u011b, ul. Sarma\u010da 21.8(NIP 762-176-43-06). Objedn\u00e1vky lze zad\u00e1vat prost\u0159ednictv\u00edm internetov\u00e9ho obchodu betoix.pl.Ode\u0161lete 24 hodin denn\u011b a zaregistrujte se zdeObchod je zcela zdarma a dobrovoln\u00fd. v obchod\u011bObjedn\u00e1vky lze zad\u00e1vat online na betoix.pl.pouze pro dosp\u011bl\u00e9z\u00e1konnost uzav\u0159\u00edt smlouvukupn\u00ed smlouvy [...]","og_url":"https:\/\/betoff.eu\/cs\/podminky-internetoveho-obchodu\/","og_site_name":"BETOFF-Produkty pro sv\u011bt betonu i mimo n\u011bj!","article_modified_time":"2024-06-21T10:22:31+00:00","twitter_card":"summary_large_image","twitter_misc":{"Odhadovan\u00e1 doba \u010dten\u00ed":"1 minuta"},"schema":{"@context":"https:\/\/schema.org","@graph":[{"@type":"WebPage","@id":"https:\/\/betoff.eu\/cs\/podminky-internetoveho-obchodu\/","url":"https:\/\/betoff.eu\/cs\/podminky-internetoveho-obchodu\/","name":"Podm\u00ednky pro internetov\u00fd obchod - BETOFF-Produkty pro sv\u011bt betonu i mimo n\u011bj!","isPartOf":{"@id":"https:\/\/betoff.eu\/#website"},"datePublished":"2024-06-21T10:19:38+00:00","dateModified":"2024-06-21T10:22:31+00:00","breadcrumb":{"@id":"https:\/\/betoff.eu\/cs\/podminky-internetoveho-obchodu\/#breadcrumb"},"inLanguage":"cs","potentialAction":[{"@type":"ReadAction","target":["https:\/\/betoff.eu\/cs\/podminky-internetoveho-obchodu\/"]}]},{"@type":"BreadcrumbList","@id":"https:\/\/betoff.eu\/cs\/podminky-internetoveho-obchodu\/#breadcrumb","itemListElement":[{"@type":"ListItem","position":1,"name":"Hem","item":"https:\/\/betoff.eu\/cs\/"},{"@type":"ListItem","position":2,"name":"Podm\u00ednky pro internetov\u00fd obchod"}]},{"@type":"WebSite","@id":"https:\/\/betoff.eu\/#website","url":"https:\/\/betoff.eu\/","name":"BETOFF-Products for the world of concrete and beyond!","description":"Betoff - Tekutina na odstra\u0148ov\u00e1n\u00ed betonu","publisher":{"@id":"https:\/\/betoff.eu\/#\/schema\/person\/cded67f1acad0c68af8dcc171137512c"},"potentialAction":[{"@type":"SearchAction","target":{"@type":"EntryPoint","urlTemplate":"https:\/\/betoff.eu\/?s={search_term_string}"},"query-input":{"@type":"PropertyValueSpecification","valueRequired":true,"valueName":"search_term_string"}}],"inLanguage":"cs"},{"@type":["Person","Organization"],"@id":"https:\/\/betoff.eu\/#\/schema\/person\/cded67f1acad0c68af8dcc171137512c","name":"admin","image":{"@type":"ImageObject","inLanguage":"cs","@id":"https:\/\/betoff.eu\/#\/schema\/person\/image\/","url":"https:\/\/betoff.eu\/wp-content\/uploads\/2021\/02\/betoff-logo.png","contentUrl":"https:\/\/betoff.eu\/wp-content\/uploads\/2021\/02\/betoff-logo.png","width":1024,"height":258,"caption":"admin"},"logo":{"@id":"https:\/\/betoff.eu\/#\/schema\/person\/image\/"}}]}},"_links":{"self":[{"href":"https:\/\/betoff.eu\/cs\/wp-json\/wp\/v2\/pages\/14008","targetHints":{"allow":["GET"]}}],"collection":[{"href":"https:\/\/betoff.eu\/cs\/wp-json\/wp\/v2\/pages"}],"about":[{"href":"https:\/\/betoff.eu\/cs\/wp-json\/wp\/v2\/types\/page"}],"author":[{"embeddable":true,"href":"https:\/\/betoff.eu\/cs\/wp-json\/wp\/v2\/users\/1"}],"replies":[{"embeddable":true,"href":"https:\/\/betoff.eu\/cs\/wp-json\/wp\/v2\/comments?post=14008"}],"version-history":[{"count":0,"href":"https:\/\/betoff.eu\/cs\/wp-json\/wp\/v2\/pages\/14008\/revisions"}],"wp:attachment":[{"href":"https:\/\/betoff.eu\/cs\/wp-json\/wp\/v2\/media?parent=14008"}],"curies":[{"name":"wp","href":"https:\/\/api.w.org\/{rel}","templated":true}]}}