{"id":13950,"date":"2024-06-21T07:44:05","date_gmt":"2024-06-21T05:44:05","guid":{"rendered":"https:\/\/betoff.eu\/?page_id=13950"},"modified":"2024-06-21T08:22:43","modified_gmt":"2024-06-21T06:22:43","slug":"soukroma-politika","status":"publish","type":"page","link":"https:\/\/betoff.eu\/cs\/soukroma-politika\/","title":{"rendered":"Z\u00e1sady ochrany osobn\u00edch \u00fadaj\u016f"},"content":{"rendered":"\n<p>Z\u00e1sady ochrany osobn\u00edch \u00fadaj\u016f str\u00e1nek. https:\/\/betoff.eu<\/p>\n\n\n\n<ol class=\"wp-block-list\">\n<li>Hlavn\u00ed informace<\/li>\n<\/ol>\n\n\n\n<p>Tyto z\u00e1sady ochrany osobn\u00edch \u00fadaj\u016f stanov\u00ed pravidla pro zpracov\u00e1n\u00ed a ochranu osobn\u00edch \u00fadaj\u016f poskytnut\u00fdch U\u017eivateli v souvislosti s vyu\u017e\u00edv\u00e1n\u00edm prodejn\u00edch slu\u017eeb prost\u0159ednictv\u00edm webov\u00fdch str\u00e1nek.<\/p>\n\n\n\n<ol class=\"wp-block-list\" start=\"2\">\n<li>Spr\u00e1vcem osobn\u00edch \u00fadaj\u016f obsa\u017een\u00fdch na webu je<\/li>\n<\/ol>\n\n\n\n<p>Innovachem Krystian Grzyb se sedadlem ul. Sarmacka 21\/8 Varssavi evropsk\u00e9 da\u0148ov\u00e9 \u010d\u00edslo PL7621764306<\/p>\n\n\n\n<p>Abychom zajistili bezpe\u010dnost n\u00e1m sv\u011b\u0159en\u00fdch \u00fadaj\u016f, vypracovali jsme intern\u00ed firemn\u00ed postupy a doporu\u010den\u00ed, abychom zabr\u00e1nili neopr\u00e1vn\u011bn\u00e9mu p\u0159\u00edstupu k \u00fadaj\u016fm. Kontrolujeme jejich pln\u011bn\u00ed a neust\u00e1le kontrolujeme jejich soulad s p\u0159\u00edslu\u0161nou legislativou &#8211; z\u00e1konem o ochran\u011b osobn\u00edch \u00fadaj\u016f, z\u00e1konem o elektronick\u00fdch slu\u017eb\u00e1ch, jako\u017e i v\u0161emi druhy prov\u00e1d\u011bc\u00edch akt\u016f a komunit\u00e1rn\u00ed legislativou.<\/p>\n\n\n\n<p>Osobn\u00ed \u00fadaje jsou zpracov\u00e1v\u00e1ny na z\u00e1klad\u011b v\u00fdslovn\u00e9ho souhlasu U\u017eivatele a v p\u0159\u00edpadech, kdy z\u00e1kon zmoc\u0148uje spr\u00e1vce ke zpracov\u00e1n\u00ed osobn\u00edch \u00fadaj\u016f na z\u00e1klad\u011b pr\u00e1vn\u00edch p\u0159edpis\u016f nebo k pln\u011bn\u00ed smlouvy uzav\u0159en\u00e9 mezi smluvn\u00edmi stranami.<\/p>\n\n\n\n<p>Webov\u00e9 str\u00e1nky pln\u00ed funkce z\u00edsk\u00e1v\u00e1n\u00ed informac\u00ed o u\u017eivatel\u00edch a jejich chov\u00e1n\u00ed n\u00e1sleduj\u00edc\u00edm zp\u016fsobem:<\/p>\n\n\n\n<p>Pro zaji\u0161t\u011bn\u00ed bezpe\u010dnosti \u00fadaj\u016f, kter\u00e9 n\u00e1m byly sv\u011b\u0159eny, jsme vypracovali intern\u00ed postupy a doporu\u010den\u00ed, abychom zabr\u00e1nili neopr\u00e1vn\u011bn\u00e9mu p\u0159\u00edstupu k \u00fadaj\u016fm. Kontrolujeme jejich pln\u011bn\u00ed a neust\u00e1le kontrolujeme, zda jsou v souladu s p\u0159\u00edslu\u0161nou legislativou &#8211; z\u00e1konem o ochran\u011b osobn\u00edch \u00fadaj\u016f, z\u00e1konem o poskytov\u00e1n\u00ed slu\u017eeb elektronicky, jako\u017e i v\u0161emi druhy prov\u00e1d\u011bc\u00edch akt\u016f a komunit\u00e1rn\u00ed legislativou.<\/p>\n\n\n\n<p>Osobn\u00ed \u00fadaje jsou zpracov\u00e1v\u00e1ny na z\u00e1klad\u011b v\u00fdslovn\u00e9ho souhlasu U\u017eivatele a v p\u0159\u00edpadech, kdy z\u00e1kon zmoc\u0148uje spr\u00e1vce ke zpracov\u00e1n\u00ed osobn\u00edch \u00fadaj\u016f na z\u00e1klad\u011b pr\u00e1vn\u00edch p\u0159edpis\u016f nebo k pln\u011bn\u00ed smlouvy uzav\u0159en\u00e9 mezi stranami.<\/p>\n\n\n\n<p>Webov\u00e9 str\u00e1nky pln\u00ed funkce z\u00edsk\u00e1v\u00e1n\u00ed informac\u00ed o u\u017eivatel\u00edch a jejich chov\u00e1n\u00ed n\u00e1sleduj\u00edc\u00edm zp\u016fsobem:<\/p>\n\n\n\n<p>a) pomoc\u00ed informac\u00ed dobrovoln\u011b vlo\u017een\u00fdch do formul\u00e1\u0159\u016f<\/p>\n\n\n\n<p>b) shroma\u017e\u010fov\u00e1n\u00ed soubor\u016f cookie [viz z\u00e1sady soubor\u016f cookie]\n\n\n\n<h3 class=\"wp-block-heading\">Z\u00e1sady pou\u017e\u00edv\u00e1n\u00ed soubor\u016f cookie<\/h3>\n\n\n\n<p>Z\u00e1sady pou\u017e\u00edv\u00e1n\u00ed soubor\u016f cookie webu https:\/\/betoff.eu<\/p>\n\n\n\n<p>\u201eCookies\u201c jsou data IT ulo\u017een\u00e1 na koncov\u00fdch za\u0159\u00edzen\u00edch u\u017eivatel\u016f za \u00fa\u010delem pou\u017e\u00edv\u00e1n\u00ed webov\u00fdch str\u00e1nek. Jedn\u00e1 se zejm\u00e9na o textov\u00e9 soubory, kter\u00e9 obsahuj\u00ed n\u00e1zev webu, ze kter\u00e9ho byly vytvo\u0159eny, dobu jejich ulo\u017een\u00ed na koncov\u00e9m za\u0159\u00edzen\u00ed a unik\u00e1tn\u00ed \u010d\u00edslo.<\/p>\n\n\n\n<p>Str\u00e1nka automaticky neshroma\u017e\u010fuje jin\u00e9 informace ne\u017e informace obsa\u017een\u00e9 v souborech cookie.<\/p>\n\n\n\n<p>Cookies jsou ur\u010deny pro pou\u017e\u00edv\u00e1n\u00ed webov\u00fdch str\u00e1nek. Provozovatel pou\u017e\u00edv\u00e1 tyto soubory k:<\/p>\n\n\n\n<p>a) mo\u017enost p\u0159ihl\u00e1sit se a udr\u017eovat u\u017eivatelskou relaci na ka\u017ed\u00e9 n\u00e1sleduj\u00edc\u00ed str\u00e1nce webu<\/p>\n\n\n\n<p>b) p\u0159izp\u016fsobovat obsah webu podle individu\u00e1ln\u00edch preferenc\u00ed u\u017eivatele, nebo\u0165 zejm\u00e9na tyto soubory rozpozn\u00e1vaj\u00ed jeho za\u0159\u00edzen\u00ed za \u00fa\u010delem zobrazen\u00ed webu podle jeho preferenc\u00ed<\/p>\n\n\n\n<p>c) vytv\u00e1\u0159et anonymn\u00ed statistiky, kter\u00e9 vylu\u010duj\u00ed mo\u017enost identifikace u\u017eivatele.<\/p>\n\n\n\n<p>Cookies pou\u017e\u00edvan\u00e9 partnery provozovatele webov\u00fdch str\u00e1nek, v\u010detn\u011b zejm\u00e9na u\u017eivatel\u016f webov\u00fdch str\u00e1nek, podl\u00e9haj\u00ed jejich z\u00e1sad\u00e1m ochrany osobn\u00edch \u00fadaj\u016f.<\/p>\n\n\n\n<p>Abychom zajistili bezpe\u010dnost n\u00e1m sv\u011b\u0159en\u00fdch \u00fadaj\u016f, vypracovali jsme intern\u00ed firemn\u00ed postupy a doporu\u010den\u00ed, abychom zabr\u00e1nili neopr\u00e1vn\u011bn\u00e9mu p\u0159\u00edstupu k \u00fadaj\u016fm. Kontrolujeme jejich pln\u011bn\u00ed a neust\u00e1le kontrolujeme jejich soulad s p\u0159\u00edslu\u0161nou legislativou &#8211; z\u00e1konem o ochran\u011b osobn\u00edch \u00fadaj\u016f, z\u00e1konem o elektronick\u00fdch slu\u017eb\u00e1ch, jako\u017e i v\u0161emi druhy prov\u00e1d\u011bc\u00edch akt\u016f a komunit\u00e1rn\u00ed legislativou.<\/p>\n\n\n\n<p>Software pou\u017e\u00edvan\u00fd k proch\u00e1zen\u00ed webov\u00fdch str\u00e1nek ve v\u00fdchoz\u00edm nastaven\u00ed umo\u017e\u0148uje um\u00edst\u011bn\u00ed soubor\u016f cookie na koncov\u00e9 za\u0159\u00edzen\u00ed u\u017eivatele. Tato nastaven\u00ed m\u016f\u017ee U\u017eivatel zm\u011bnit tak, \u017ee automatick\u00e9 zpracov\u00e1n\u00ed cookies je zablokov\u00e1no v nastaven\u00ed prohl\u00ed\u017ee\u010de nebo upozorn\u011bno p\u0159i ka\u017ed\u00e9m jejich odesl\u00e1n\u00ed do za\u0159\u00edzen\u00ed U\u017eivatele.<\/p>\n\n\n\n<p>U\u017eivatel\u00e9 webov\u00fdch str\u00e1nek mohou kdykoli zm\u011bnit nastaven\u00ed soubor\u016f cookie. Podrobn\u00e9 informace o mo\u017enostech a metod\u00e1ch zpracov\u00e1n\u00ed soubor\u016f cookie naleznete v nastaven\u00ed softwaru (prohl\u00ed\u017ee\u010de). P\u0159\u00edklady mo\u017enost\u00ed \u00faprav pro obl\u00edben\u00e9 prohl\u00ed\u017ee\u010de:<\/p>\n\n\n\n<p>Mozilla Firefox: www.support.mozilla.org\/pl\/kb\/ciasteczka<\/p>\n\n\n\n<p>\u2013 Internet Explorer: www.support.microsoft.com\/kb\/278835\/pl<\/p>\n\n\n\n<p>\u2013 Google Chrome: www.support.google.com\/chrome\/bin\/answer.py?hl=pl&amp;answer=95647<\/p>\n\n\n\n<p>\u2013 Safari: www.safari.helpmax.net\/sv\/spara-tid\/inneh\u00e5llsblockering\/<\/p>\n\n\n\n<p>Provozovatel webu informuje, \u017ee v p\u0159\u00edpad\u011b zm\u011bny nastaven\u00ed prohl\u00ed\u017ee\u010de u\u017eivatele nemus\u00ed web spr\u00e1vn\u011b fungovat.<\/p>\n\n\n","protected":false},"excerpt":{"rendered":"<p>Z\u00e1sady ochrany osobn\u00edch \u00fadaj\u016f str\u00e1nek. https:\/\/betoff.eu Tyto z\u00e1sady ochrany osobn\u00edch \u00fadaj\u016f stanov\u00ed pravidla pro zpracov\u00e1n\u00ed a ochranu osobn\u00edch \u00fadaj\u016f poskytnut\u00fdch U\u017eivateli v souvislosti s vyu\u017e\u00edv\u00e1n\u00edm prodejn\u00edch slu\u017eeb prost\u0159ednictv\u00edm webov\u00fdch str\u00e1nek. Innovachem Krystian Grzyb se sedadlem ul. Sarmacka 21\/8 Varssavi evropsk\u00e9 da\u0148ov\u00e9 \u010d\u00edslo PL7621764306 Abychom zajistili bezpe\u010dnost n\u00e1m sv\u011b\u0159en\u00fdch \u00fadaj\u016f, vypracovali jsme intern\u00ed firemn\u00ed postupy a [&#8230;]\n","protected":false},"author":1,"featured_media":0,"parent":0,"menu_order":0,"comment_status":"closed","ping_status":"closed","template":"","meta":{"om_disable_all_campaigns":false,"footnotes":""},"class_list":["post-13950","page","type-page","status-publish","hentry"],"yoast_head":"<!-- This site is optimized with the Yoast SEO plugin v25.9 - https:\/\/yoast.com\/wordpress\/plugins\/seo\/ -->\n<title>Z\u00e1sady ochrany osobn\u00edch \u00fadaj\u016f - BETOFF-Produkty pro sv\u011bt betonu i mimo n\u011bj!<\/title>\n<meta name=\"robots\" content=\"index, follow, max-snippet:-1, max-image-preview:large, max-video-preview:-1\" \/>\n<link rel=\"canonical\" href=\"https:\/\/betoff.eu\/cs\/soukroma-politika\/\" \/>\n<meta property=\"og:locale\" content=\"cs_CZ\" \/>\n<meta property=\"og:type\" content=\"article\" \/>\n<meta property=\"og:title\" content=\"Z\u00e1sady ochrany osobn\u00edch \u00fadaj\u016f - BETOFF-Produkty pro sv\u011bt betonu i mimo n\u011bj!\" \/>\n<meta property=\"og:description\" content=\"Z\u00e1sady ochrany osobn\u00edch \u00fadaj\u016f str\u00e1nek. https:\/\/betoff.eu Tyto z\u00e1sady ochrany osobn\u00edch \u00fadaj\u016f stanov\u00ed pravidla pro zpracov\u00e1n\u00ed a ochranu osobn\u00edch \u00fadaj\u016f poskytnut\u00fdch U\u017eivateli v souvislosti s vyu\u017e\u00edv\u00e1n\u00edm prodejn\u00edch slu\u017eeb prost\u0159ednictv\u00edm webov\u00fdch str\u00e1nek. Innovachem Krystian Grzyb se sedadlem ul. Sarmacka 21\/8 Varssavi evropsk\u00e9 da\u0148ov\u00e9 \u010d\u00edslo PL7621764306 Abychom zajistili bezpe\u010dnost n\u00e1m sv\u011b\u0159en\u00fdch \u00fadaj\u016f, vypracovali jsme intern\u00ed firemn\u00ed postupy a [...]\" \/>\n<meta property=\"og:url\" content=\"https:\/\/betoff.eu\/cs\/soukroma-politika\/\" \/>\n<meta property=\"og:site_name\" content=\"BETOFF-Produkty pro sv\u011bt betonu i mimo n\u011bj!\" \/>\n<meta property=\"article:modified_time\" content=\"2024-06-21T06:22:43+00:00\" \/>\n<meta name=\"twitter:card\" content=\"summary_large_image\" \/>\n<meta name=\"twitter:label1\" content=\"Odhadovan\u00e1 doba \u010dten\u00ed\" \/>\n\t<meta name=\"twitter:data1\" content=\"4 minuty\" \/>\n<script type=\"application\/ld+json\" class=\"yoast-schema-graph\">{\"@context\":\"https:\/\/schema.org\",\"@graph\":[{\"@type\":\"WebPage\",\"@id\":\"https:\/\/betoff.eu\/cs\/soukroma-politika\/\",\"url\":\"https:\/\/betoff.eu\/cs\/soukroma-politika\/\",\"name\":\"Z\u00e1sady ochrany osobn\u00edch \u00fadaj\u016f - BETOFF-Produkty pro sv\u011bt betonu i mimo n\u011bj!\",\"isPartOf\":{\"@id\":\"https:\/\/betoff.eu\/#website\"},\"datePublished\":\"2024-06-21T05:44:05+00:00\",\"dateModified\":\"2024-06-21T06:22:43+00:00\",\"breadcrumb\":{\"@id\":\"https:\/\/betoff.eu\/cs\/soukroma-politika\/#breadcrumb\"},\"inLanguage\":\"cs\",\"potentialAction\":[{\"@type\":\"ReadAction\",\"target\":[\"https:\/\/betoff.eu\/cs\/soukroma-politika\/\"]}]},{\"@type\":\"BreadcrumbList\",\"@id\":\"https:\/\/betoff.eu\/cs\/soukroma-politika\/#breadcrumb\",\"itemListElement\":[{\"@type\":\"ListItem\",\"position\":1,\"name\":\"Hem\",\"item\":\"https:\/\/betoff.eu\/cs\/\"},{\"@type\":\"ListItem\",\"position\":2,\"name\":\"Z\u00e1sady ochrany osobn\u00edch \u00fadaj\u016f\"}]},{\"@type\":\"WebSite\",\"@id\":\"https:\/\/betoff.eu\/#website\",\"url\":\"https:\/\/betoff.eu\/\",\"name\":\"BETOFF-Products for the world of concrete and beyond!\",\"description\":\"Betoff - Tekutina na odstra\u0148ov\u00e1n\u00ed betonu\",\"publisher\":{\"@id\":\"https:\/\/betoff.eu\/#\/schema\/person\/cded67f1acad0c68af8dcc171137512c\"},\"potentialAction\":[{\"@type\":\"SearchAction\",\"target\":{\"@type\":\"EntryPoint\",\"urlTemplate\":\"https:\/\/betoff.eu\/?s={search_term_string}\"},\"query-input\":{\"@type\":\"PropertyValueSpecification\",\"valueRequired\":true,\"valueName\":\"search_term_string\"}}],\"inLanguage\":\"cs\"},{\"@type\":[\"Person\",\"Organization\"],\"@id\":\"https:\/\/betoff.eu\/#\/schema\/person\/cded67f1acad0c68af8dcc171137512c\",\"name\":\"admin\",\"image\":{\"@type\":\"ImageObject\",\"inLanguage\":\"cs\",\"@id\":\"https:\/\/betoff.eu\/#\/schema\/person\/image\/\",\"url\":\"https:\/\/betoff.eu\/wp-content\/uploads\/2021\/02\/betoff-logo.png\",\"contentUrl\":\"https:\/\/betoff.eu\/wp-content\/uploads\/2021\/02\/betoff-logo.png\",\"width\":1024,\"height\":258,\"caption\":\"admin\"},\"logo\":{\"@id\":\"https:\/\/betoff.eu\/#\/schema\/person\/image\/\"}}]}<\/script>\n<!-- \/ Yoast SEO plugin. -->","yoast_head_json":{"title":"Z\u00e1sady ochrany osobn\u00edch \u00fadaj\u016f - BETOFF-Produkty pro sv\u011bt betonu i mimo n\u011bj!","robots":{"index":"index","follow":"follow","max-snippet":"max-snippet:-1","max-image-preview":"max-image-preview:large","max-video-preview":"max-video-preview:-1"},"canonical":"https:\/\/betoff.eu\/cs\/soukroma-politika\/","og_locale":"cs_CZ","og_type":"article","og_title":"Z\u00e1sady ochrany osobn\u00edch \u00fadaj\u016f - BETOFF-Produkty pro sv\u011bt betonu i mimo n\u011bj!","og_description":"Z\u00e1sady ochrany osobn\u00edch \u00fadaj\u016f str\u00e1nek. https:\/\/betoff.eu Tyto z\u00e1sady ochrany osobn\u00edch \u00fadaj\u016f stanov\u00ed pravidla pro zpracov\u00e1n\u00ed a ochranu osobn\u00edch \u00fadaj\u016f poskytnut\u00fdch U\u017eivateli v souvislosti s vyu\u017e\u00edv\u00e1n\u00edm prodejn\u00edch slu\u017eeb prost\u0159ednictv\u00edm webov\u00fdch str\u00e1nek. Innovachem Krystian Grzyb se sedadlem ul. Sarmacka 21\/8 Varssavi evropsk\u00e9 da\u0148ov\u00e9 \u010d\u00edslo PL7621764306 Abychom zajistili bezpe\u010dnost n\u00e1m sv\u011b\u0159en\u00fdch \u00fadaj\u016f, vypracovali jsme intern\u00ed firemn\u00ed postupy a [...]","og_url":"https:\/\/betoff.eu\/cs\/soukroma-politika\/","og_site_name":"BETOFF-Produkty pro sv\u011bt betonu i mimo n\u011bj!","article_modified_time":"2024-06-21T06:22:43+00:00","twitter_card":"summary_large_image","twitter_misc":{"Odhadovan\u00e1 doba \u010dten\u00ed":"4 minuty"},"schema":{"@context":"https:\/\/schema.org","@graph":[{"@type":"WebPage","@id":"https:\/\/betoff.eu\/cs\/soukroma-politika\/","url":"https:\/\/betoff.eu\/cs\/soukroma-politika\/","name":"Z\u00e1sady ochrany osobn\u00edch \u00fadaj\u016f - BETOFF-Produkty pro sv\u011bt betonu i mimo n\u011bj!","isPartOf":{"@id":"https:\/\/betoff.eu\/#website"},"datePublished":"2024-06-21T05:44:05+00:00","dateModified":"2024-06-21T06:22:43+00:00","breadcrumb":{"@id":"https:\/\/betoff.eu\/cs\/soukroma-politika\/#breadcrumb"},"inLanguage":"cs","potentialAction":[{"@type":"ReadAction","target":["https:\/\/betoff.eu\/cs\/soukroma-politika\/"]}]},{"@type":"BreadcrumbList","@id":"https:\/\/betoff.eu\/cs\/soukroma-politika\/#breadcrumb","itemListElement":[{"@type":"ListItem","position":1,"name":"Hem","item":"https:\/\/betoff.eu\/cs\/"},{"@type":"ListItem","position":2,"name":"Z\u00e1sady ochrany osobn\u00edch \u00fadaj\u016f"}]},{"@type":"WebSite","@id":"https:\/\/betoff.eu\/#website","url":"https:\/\/betoff.eu\/","name":"BETOFF-Products for the world of concrete and beyond!","description":"Betoff - Tekutina na odstra\u0148ov\u00e1n\u00ed betonu","publisher":{"@id":"https:\/\/betoff.eu\/#\/schema\/person\/cded67f1acad0c68af8dcc171137512c"},"potentialAction":[{"@type":"SearchAction","target":{"@type":"EntryPoint","urlTemplate":"https:\/\/betoff.eu\/?s={search_term_string}"},"query-input":{"@type":"PropertyValueSpecification","valueRequired":true,"valueName":"search_term_string"}}],"inLanguage":"cs"},{"@type":["Person","Organization"],"@id":"https:\/\/betoff.eu\/#\/schema\/person\/cded67f1acad0c68af8dcc171137512c","name":"admin","image":{"@type":"ImageObject","inLanguage":"cs","@id":"https:\/\/betoff.eu\/#\/schema\/person\/image\/","url":"https:\/\/betoff.eu\/wp-content\/uploads\/2021\/02\/betoff-logo.png","contentUrl":"https:\/\/betoff.eu\/wp-content\/uploads\/2021\/02\/betoff-logo.png","width":1024,"height":258,"caption":"admin"},"logo":{"@id":"https:\/\/betoff.eu\/#\/schema\/person\/image\/"}}]}},"_links":{"self":[{"href":"https:\/\/betoff.eu\/cs\/wp-json\/wp\/v2\/pages\/13950","targetHints":{"allow":["GET"]}}],"collection":[{"href":"https:\/\/betoff.eu\/cs\/wp-json\/wp\/v2\/pages"}],"about":[{"href":"https:\/\/betoff.eu\/cs\/wp-json\/wp\/v2\/types\/page"}],"author":[{"embeddable":true,"href":"https:\/\/betoff.eu\/cs\/wp-json\/wp\/v2\/users\/1"}],"replies":[{"embeddable":true,"href":"https:\/\/betoff.eu\/cs\/wp-json\/wp\/v2\/comments?post=13950"}],"version-history":[{"count":0,"href":"https:\/\/betoff.eu\/cs\/wp-json\/wp\/v2\/pages\/13950\/revisions"}],"wp:attachment":[{"href":"https:\/\/betoff.eu\/cs\/wp-json\/wp\/v2\/media?parent=13950"}],"curies":[{"name":"wp","href":"https:\/\/api.w.org\/{rel}","templated":true}]}}